{"id":21855,"date":"2021-11-16T09:54:03","date_gmt":"2021-11-16T09:54:03","guid":{"rendered":"https:\/\/test.floatplus.com\/float-plus-compact-2\/"},"modified":"2021-11-25T22:51:32","modified_gmt":"2021-11-25T22:51:32","slug":"float-plus-compact-2","status":"publish","type":"page","link":"https:\/\/floatplus.com\/de\/float-plus-compact-2\/","title":{"rendered":"Float Plus Compact 2"},"content":{"rendered":"<section class=\"wpb-content-wrapper\"><p>[vc_row wrap_container=&#8220;yes&#8220;][vc_column][vc_empty_space height=&#8220;2rem&#8220;][vc_custom_heading text=&#8220;Float Plus Compact 2&#8243; font_container=&#8220;tag:h3|text_align:left&#8220; use_theme_fonts=&#8220;yes&#8220; el_class=&#8220;shorter&#8220;][vc_empty_space height=&#8220;2rem&#8220;][vc_column_text]WDie Float Plus Systeme haben gemeinsam, dass sie ultraleicht und kompakt sind. Der gr\u00f6\u00dfte Vorteil des Compact 2 Systems ist die geringe Gr\u00f6\u00dfe des Geh\u00e4uses, in dem die Kommunikation zwischen Motor, Fernbedienung und Batterie organisiert ist. Dadurch passt es problemlos hinter die Taschen auf die Kammern Ihres Bellybootes.<\/p>\n<p>Das System l\u00e4sst sich mit einem universellen Montageset sehr einfach an den meisten vorhandenen Bellybooten mit PVC-Boden montieren.[\/vc_column_text][\/vc_column][\/vc_row][vc_row equal_height=&#8220;yes&#8220; wrap_container=&#8220;yes&#8220; css=&#8220;.vc_custom_1637675386107{padding-top: 2rem !important;}&#8220; el_class=&#8220;swap-on-mobile&#8220;][vc_column width=&#8220;1\/2&#8243; css=&#8220;.vc_custom_1637675809364{padding-top: 5% !important;padding-right: 5% !important;padding-bottom: 5% !important;padding-left: 5% !important;}&#8220; offset=&#8220;vc_hidden-sm vc_hidden-xs&#8220;][vc_custom_heading text=&#8220;Compact 2: kompatibel mit anderen Batterien&#8220; font_container=&#8220;tag:h3|text_align:left&#8220; use_theme_fonts=&#8220;yes&#8220; el_class=&#8220;shorter&#8220;][vc_empty_space height=&#8220;2rem&#8220;][vc_column_text]Das Compact 2 System ist mit jeder anderen, beliebigen Batterie kompatibel, z. B. mit einer Bleis\u00e4urebatterie\/Lithium-Ionen-Batterie\/LiFePo4 mit maximal 16 V.<\/p>\n<p>Das Compact 2 System bietet auch die M\u00f6glichkeit, die Batterien zu wechseln, w\u00e4hrend Sie sich auf dem Wasser befinden. Dies geschieht in Windeseile, ohne dass Sie extra an Land gehen m\u00fcssen.[\/vc_column_text][\/vc_column][vc_column width=&#8220;1\/2&#8243; offset=&#8220;vc_hidden-sm vc_hidden-xs&#8220;][vc_single_image image=&#8220;22356&#8243; img_size=&#8220;full&#8220; alignment=&#8220;center&#8220; style=&#8220;vc_box_rounded&#8220;][\/vc_column][\/vc_row][vc_row equal_height=&#8220;yes&#8220; wrap_container=&#8220;yes&#8220; css=&#8220;.vc_custom_1637675386107{padding-top: 2rem !important;}&#8220; el_class=&#8220;swap-on-mobile&#8220;][vc_column width=&#8220;1\/2&#8243; css=&#8220;.vc_custom_1637675796131{padding-top: 5% !important;padding-right: 5% !important;padding-bottom: 5% !important;padding-left: 5% !important;}&#8220; offset=&#8220;vc_hidden-lg vc_hidden-md&#8220;][vc_single_image image=&#8220;22356&#8243; img_size=&#8220;full&#8220; alignment=&#8220;center&#8220; style=&#8220;vc_box_rounded&#8220;][\/vc_column][vc_column width=&#8220;1\/2&#8243; offset=&#8220;vc_hidden-lg vc_hidden-md&#8220;][vc_custom_heading text=&#8220;Compact 2: kompatibel mit anderen Batterien&#8220; font_container=&#8220;tag:h3|text_align:left&#8220; use_theme_fonts=&#8220;yes&#8220; el_class=&#8220;shorter&#8220;][vc_column_text]Das Compact 2 System ist mit jeder anderen, beliebigen Batterie kompatibel, z. B. mit einer Bleis\u00e4urebatterie\/Lithium-Ionen-Batterie\/LiFePo4 mit maximal 16 V.<\/p>\n<p>Das Compact 2 System bietet auch die M\u00f6glichkeit, die Batterien zu wechseln, w\u00e4hrend Sie sich auf dem Wasser befinden. Dies geschieht in Windeseile, ohne dass Sie extra an Land gehen m\u00fcssen.[\/vc_column_text][vc_empty_space height=&#8220;2rem&#8220;][\/vc_column][\/vc_row][vc_row equal_height=&#8220;yes&#8220; wrap_container=&#8220;yes&#8220; css=&#8220;.vc_custom_1637675392242{padding-top: 2rem !important;}&#8220;][vc_column width=&#8220;1\/2&#8243;][vc_single_image image=&#8220;22344&#8243; img_size=&#8220;full&#8220; alignment=&#8220;center&#8220; style=&#8220;vc_box_rounded&#8220;][\/vc_column][vc_column width=&#8220;1\/2&#8243; css=&#8220;.vc_custom_1635608137006{padding-top: 5% !important;padding-right: 5% !important;padding-bottom: 5% !important;padding-left: 5% !important;}&#8220;][vc_custom_heading text=&#8220;Fernsteuerung: Funktionen&#8220; font_container=&#8220;tag:h3|text_align:left&#8220; use_theme_fonts=&#8220;yes&#8220; el_class=&#8220;shorter&#8220;][vc_empty_space height=&#8220;2rem&#8220;][vc_column_text]Vollfarbiger LCD-Bildschirm, Speicherfunktion f\u00fcr die zuletzt gefahrene Geschwindigkeit, Schwimmer, funktioniert \u00fcber Bluetooth.<\/p>\n<p>Die Batterieanzeige bezieht sich sowohl auf den Motor als auch auf die Batterie der Fernbedienung selbst. Die Lichtintensit\u00e4t des Bildschirms ist ebenfalls einstellbar.[\/vc_column_text][\/vc_column][\/vc_row][vc_row equal_height=&#8220;yes&#8220; wrap_container=&#8220;yes&#8220; css=&#8220;.vc_custom_1637675399999{padding-top: 2rem !important;}&#8220; el_class=&#8220;swap-on-mobile&#8220;][vc_column width=&#8220;1\/2&#8243; css=&#8220;.vc_custom_1637675871103{padding-top: 5% !important;padding-right: 5% !important;padding-bottom: 5% !important;padding-left: 5% !important;}&#8220; offset=&#8220;vc_hidden-sm vc_hidden-xs&#8220;][vc_custom_heading text=&#8220;Robustes Geh\u00e4use des Elektromotors&#8220; font_container=&#8220;tag:h3|text_align:left&#8220; use_theme_fonts=&#8220;yes&#8220; el_class=&#8220;shorter&#8220;][vc_empty_space height=&#8220;2rem&#8220;][vc_column_text]Das Geh\u00e4use des Float Plus-Elektromotors besteht aus sehr starkem und speziell entwickeltem, mit Glasfasern gef\u00fclltem Polycarbonat. Dank dieses hochwertigen Materials und der Kompaktheit des Systems hat der Compact 2 ein Gesamtgewicht von nur 3 kg.<\/p>\n<p>Das Motorgeh\u00e4use wurde mit einem integrierten Antikollisionsring entwickelt, so dass kein Spalt zwischen der Schraube und dem Motor entsteht. Dadurch wird das Problem, dass sich Wasserpflanzen im Propeller festsetzen, minimiert.[\/vc_column_text][vc_empty_space height=&#8220;2rem&#8220;][\/vc_column][vc_column width=&#8220;1\/2&#8243; offset=&#8220;vc_hidden-sm vc_hidden-xs&#8220;][vc_single_image image=&#8220;22350&#8243; img_size=&#8220;full&#8220; alignment=&#8220;center&#8220; style=&#8220;vc_box_rounded&#8220;][\/vc_column][\/vc_row][vc_row equal_height=&#8220;yes&#8220; wrap_container=&#8220;yes&#8220; css=&#8220;.vc_custom_1637675399999{padding-top: 2rem !important;}&#8220; el_class=&#8220;swap-on-mobile&#8220;][vc_column width=&#8220;1\/2&#8243; css=&#8220;.vc_custom_1637675856760{padding-top: 5% !important;padding-right: 5% !important;padding-bottom: 5% !important;padding-left: 5% !important;}&#8220; offset=&#8220;vc_hidden-lg vc_hidden-md&#8220;][vc_single_image image=&#8220;22350&#8243; img_size=&#8220;full&#8220; alignment=&#8220;center&#8220; style=&#8220;vc_box_rounded&#8220;][\/vc_column][vc_column width=&#8220;1\/2&#8243; offset=&#8220;vc_hidden-lg vc_hidden-md&#8220;][vc_custom_heading text=&#8220;Robustes Geh\u00e4use des Elektromotors&#8220; font_container=&#8220;tag:h3|text_align:left&#8220; use_theme_fonts=&#8220;yes&#8220; el_class=&#8220;shorter&#8220;][vc_empty_space height=&#8220;2rem&#8220;][vc_column_text]Das Geh\u00e4use des Float Plus-Elektromotors besteht aus sehr starkem und speziell entwickeltem, mit Glasfasern gef\u00fclltem Polycarbonat. Dank dieses hochwertigen Materials und der Kompaktheit des Systems hat der Compact 2 ein Gesamtgewicht von nur 3 kg.<\/p>\n<p>Das Motorgeh\u00e4use wurde mit einem integrierten Antikollisionsring entwickelt, so dass kein Spalt zwischen der Schraube und dem Motor entsteht. Dadurch wird das Problem, dass sich Wasserpflanzen im Propeller festsetzen, minimiert.[\/vc_column_text][vc_empty_space height=&#8220;2rem&#8220;][\/vc_column][\/vc_row][vc_row equal_height=&#8220;yes&#8220; wrap_container=&#8220;yes&#8220; css=&#8220;.vc_custom_1637675405872{padding-top: 2rem !important;}&#8220;][vc_column width=&#8220;1\/2&#8243;][vc_single_image image=&#8220;22361&#8243; img_size=&#8220;full&#8220; alignment=&#8220;center&#8220; style=&#8220;vc_box_rounded&#8220;][\/vc_column][vc_column width=&#8220;1\/2&#8243; css=&#8220;.vc_custom_1635608137006{padding-top: 5% !important;padding-right: 5% !important;padding-bottom: 5% !important;padding-left: 5% !important;}&#8220;][vc_custom_heading text=&#8220;Vorw\u00e4rts- und R\u00fcckw\u00e4rtsfunktion&#8220; font_container=&#8220;tag:h3|text_align:left&#8220; use_theme_fonts=&#8220;yes&#8220; el_class=&#8220;shorter&#8220;][vc_empty_space height=&#8220;2rem&#8220;][vc_column_text]Das Compact 2 System verf\u00fcgt auch \u00fcber eine Vorw\u00e4rts- und R\u00fcckw\u00e4rtsfunktion. Au\u00dferdem gibt es einen \u00dcberladungsschutz. Dar\u00fcber hinaus verf\u00fcgt die Fernbedienung des Compact 2 Systems \u00fcber eine stufenlose Steuerung mit einer Speichertaste f\u00fcr die Geschwindigkeit.<\/p>\n<p>M\u00f6chten Sie mehr \u00fcber das System Float Plus Compact 2 erfahren? Nehmen Sie <a href=\"https:\/\/floatplus.com\/de\/kontakt\/\">Kontakt<\/a> mit uns auf. Hier k\u00f6nnen Sie Ihr System <a href=\"https:\/\/floatplus.com\/de\/produkt-de\/float-plus-compact-2-de\/\">direkt bestellen<\/a>.[\/vc_column_text][\/vc_column][\/vc_row]<\/p>\n<\/section>","protected":false},"excerpt":{"rendered":"<p>[vc_row wrap_container=&#8220;yes&#8220;][vc_column][vc_empty_space height=&#8220;2rem&#8220;][vc_custom_heading text=&#8220;Float Plus Compact 2&#8243; font_container=&#8220;tag:h3|text_align:left&#8220; use_theme_fonts=&#8220;yes&#8220; el_class=&#8220;shorter&#8220;][vc_empty_space height=&#8220;2rem&#8220;][vc_column_text]WDie Float Plus Systeme haben gemeinsam, dass sie ultraleicht und kompakt sind. Der gr\u00f6\u00dfte Vorteil des Compact 2 Systems ist die geringe Gr\u00f6\u00dfe des Geh\u00e4uses, in dem die Kommunikation zwischen Motor, Fernbedienung und Batterie organisiert ist. Dadurch passt es problemlos hinter die Taschen auf die [&hellip;]<\/p>\n","protected":false},"author":1,"featured_media":0,"parent":0,"menu_order":0,"comment_status":"closed","ping_status":"closed","template":"","meta":{"footnotes":""},"class_list":["post-21855","page","type-page","status-publish","hentry"],"yoast_head":"<!-- This site is optimized with the Yoast SEO Premium plugin v23.1 (Yoast SEO v27.4) - https:\/\/yoast.com\/product\/yoast-seo-premium-wordpress\/ -->\n<title>Float Plus Compact 2 - Worldleader in Bellyboats and Bellyboat Motors<\/title>\n<meta name=\"description\" content=\"WDie Float Plus Systeme haben gemeinsam, dass sie ultraleicht und kompakt sind. Der gr\u00f6\u00dfte Vorteil des Compact 2 Systems ist die geringe Gr\u00f6\u00dfe des\" \/>\n<meta name=\"robots\" content=\"index, follow, max-snippet:-1, max-image-preview:large, max-video-preview:-1\" \/>\n<link rel=\"canonical\" href=\"https:\/\/floatplus.com\/de\/float-plus-compact-2\/\" \/>\n<meta property=\"og:locale\" content=\"de_DE\" \/>\n<meta property=\"og:type\" content=\"article\" \/>\n<meta property=\"og:title\" content=\"Float Plus Compact 2\" \/>\n<meta property=\"og:description\" content=\"WDie Float Plus Systeme haben gemeinsam, dass sie ultraleicht und kompakt sind. Der gr\u00f6\u00dfte Vorteil des Compact 2 Systems ist die geringe Gr\u00f6\u00dfe des\" \/>\n<meta property=\"og:url\" content=\"https:\/\/floatplus.com\/de\/float-plus-compact-2\/\" \/>\n<meta property=\"og:site_name\" content=\"Float Plus\" \/>\n<meta property=\"article:publisher\" content=\"https:\/\/www.facebook.com\/floatpluspro\/\" \/>\n<meta property=\"article:modified_time\" content=\"2021-11-25T22:51:32+00:00\" \/>\n<meta property=\"og:image\" content=\"https:\/\/i0.wp.com\/floatplus.com\/wp-content\/uploads\/2023\/06\/floatplus_catfish_.jpg?fit=700%2C570&ssl=1\" \/>\n\t<meta property=\"og:image:width\" content=\"700\" \/>\n\t<meta property=\"og:image:height\" content=\"570\" \/>\n\t<meta property=\"og:image:type\" content=\"image\/jpeg\" \/>\n<meta name=\"twitter:card\" content=\"summary_large_image\" \/>\n<meta name=\"twitter:label1\" content=\"Gesch\u00e4tzte Lesezeit\" \/>\n\t<meta name=\"twitter:data1\" content=\"5\u00a0Minuten\" \/>\n<script type=\"application\/ld+json\" class=\"yoast-schema-graph\">{\"@context\":\"https:\\\/\\\/schema.org\",\"@graph\":[{\"@type\":\"WebPage\",\"@id\":\"https:\\\/\\\/floatplus.com\\\/de\\\/float-plus-compact-2\\\/\",\"url\":\"https:\\\/\\\/floatplus.com\\\/de\\\/float-plus-compact-2\\\/\",\"name\":\"Float Plus Compact 2 - Worldleader in Bellyboats and Bellyboat Motors\",\"isPartOf\":{\"@id\":\"https:\\\/\\\/floatplus.com\\\/de\\\/#website\"},\"datePublished\":\"2021-11-16T09:54:03+00:00\",\"dateModified\":\"2021-11-25T22:51:32+00:00\",\"description\":\"WDie Float Plus Systeme haben gemeinsam, dass sie ultraleicht und kompakt sind. Der gr\u00f6\u00dfte Vorteil des Compact 2 Systems ist die geringe Gr\u00f6\u00dfe des\",\"breadcrumb\":{\"@id\":\"https:\\\/\\\/floatplus.com\\\/de\\\/float-plus-compact-2\\\/#breadcrumb\"},\"inLanguage\":\"de\",\"potentialAction\":[{\"@type\":\"ReadAction\",\"target\":[\"https:\\\/\\\/floatplus.com\\\/de\\\/float-plus-compact-2\\\/\"]}]},{\"@type\":\"BreadcrumbList\",\"@id\":\"https:\\\/\\\/floatplus.com\\\/de\\\/float-plus-compact-2\\\/#breadcrumb\",\"itemListElement\":[{\"@type\":\"ListItem\",\"position\":1,\"name\":\"Home\",\"item\":\"https:\\\/\\\/floatplus.com\\\/de\\\/\"},{\"@type\":\"ListItem\",\"position\":2,\"name\":\"Float Plus Compact 2\"}]},{\"@type\":\"WebSite\",\"@id\":\"https:\\\/\\\/floatplus.com\\\/de\\\/#website\",\"url\":\"https:\\\/\\\/floatplus.com\\\/de\\\/\",\"name\":\"Float Plus\",\"description\":\"Worldleader in Bellyboats and Bellyboat Motors\",\"publisher\":{\"@id\":\"https:\\\/\\\/floatplus.com\\\/de\\\/#organization\"},\"potentialAction\":[{\"@type\":\"SearchAction\",\"target\":{\"@type\":\"EntryPoint\",\"urlTemplate\":\"https:\\\/\\\/floatplus.com\\\/de\\\/?s={search_term_string}\"},\"query-input\":{\"@type\":\"PropertyValueSpecification\",\"valueRequired\":true,\"valueName\":\"search_term_string\"}}],\"inLanguage\":\"de\"},{\"@type\":\"Organization\",\"@id\":\"https:\\\/\\\/floatplus.com\\\/de\\\/#organization\",\"name\":\"Float Plus Bellyboat & Bellyboat Motor\",\"url\":\"https:\\\/\\\/floatplus.com\\\/de\\\/\",\"logo\":{\"@type\":\"ImageObject\",\"inLanguage\":\"de\",\"@id\":\"https:\\\/\\\/floatplus.com\\\/de\\\/#\\\/schema\\\/logo\\\/image\\\/\",\"url\":\"https:\\\/\\\/i0.wp.com\\\/floatplus.com\\\/wp-content\\\/uploads\\\/2021\\\/01\\\/logo-floatplus_icon.png?fit=135%2C135&ssl=1\",\"contentUrl\":\"https:\\\/\\\/i0.wp.com\\\/floatplus.com\\\/wp-content\\\/uploads\\\/2021\\\/01\\\/logo-floatplus_icon.png?fit=135%2C135&ssl=1\",\"width\":135,\"height\":135,\"caption\":\"Float Plus Bellyboat & Bellyboat Motor\"},\"image\":{\"@id\":\"https:\\\/\\\/floatplus.com\\\/de\\\/#\\\/schema\\\/logo\\\/image\\\/\"},\"sameAs\":[\"https:\\\/\\\/www.facebook.com\\\/floatpluspro\\\/\",\"https:\\\/\\\/www.instagram.com\\\/floatplus\\\/\",\"https:\\\/\\\/www.youtube.com\\\/channel\\\/UCOawieW3u0T3mWwNTVFOVMQ\"]}]}<\/script>\n<!-- \/ Yoast SEO Premium plugin. -->","yoast_head_json":{"title":"Float Plus Compact 2 - Worldleader in Bellyboats and Bellyboat Motors","description":"WDie Float Plus Systeme haben gemeinsam, dass sie ultraleicht und kompakt sind. Der gr\u00f6\u00dfte Vorteil des Compact 2 Systems ist die geringe Gr\u00f6\u00dfe des","robots":{"index":"index","follow":"follow","max-snippet":"max-snippet:-1","max-image-preview":"max-image-preview:large","max-video-preview":"max-video-preview:-1"},"canonical":"https:\/\/floatplus.com\/de\/float-plus-compact-2\/","og_locale":"de_DE","og_type":"article","og_title":"Float Plus Compact 2","og_description":"WDie Float Plus Systeme haben gemeinsam, dass sie ultraleicht und kompakt sind. Der gr\u00f6\u00dfte Vorteil des Compact 2 Systems ist die geringe Gr\u00f6\u00dfe des","og_url":"https:\/\/floatplus.com\/de\/float-plus-compact-2\/","og_site_name":"Float Plus","article_publisher":"https:\/\/www.facebook.com\/floatpluspro\/","article_modified_time":"2021-11-25T22:51:32+00:00","og_image":[{"width":700,"height":570,"url":"https:\/\/i0.wp.com\/floatplus.com\/wp-content\/uploads\/2023\/06\/floatplus_catfish_.jpg?fit=700%2C570&ssl=1","type":"image\/jpeg"}],"twitter_card":"summary_large_image","twitter_misc":{"Gesch\u00e4tzte Lesezeit":"5\u00a0Minuten"},"schema":{"@context":"https:\/\/schema.org","@graph":[{"@type":"WebPage","@id":"https:\/\/floatplus.com\/de\/float-plus-compact-2\/","url":"https:\/\/floatplus.com\/de\/float-plus-compact-2\/","name":"Float Plus Compact 2 - Worldleader in Bellyboats and Bellyboat Motors","isPartOf":{"@id":"https:\/\/floatplus.com\/de\/#website"},"datePublished":"2021-11-16T09:54:03+00:00","dateModified":"2021-11-25T22:51:32+00:00","description":"WDie Float Plus Systeme haben gemeinsam, dass sie ultraleicht und kompakt sind. Der gr\u00f6\u00dfte Vorteil des Compact 2 Systems ist die geringe Gr\u00f6\u00dfe des","breadcrumb":{"@id":"https:\/\/floatplus.com\/de\/float-plus-compact-2\/#breadcrumb"},"inLanguage":"de","potentialAction":[{"@type":"ReadAction","target":["https:\/\/floatplus.com\/de\/float-plus-compact-2\/"]}]},{"@type":"BreadcrumbList","@id":"https:\/\/floatplus.com\/de\/float-plus-compact-2\/#breadcrumb","itemListElement":[{"@type":"ListItem","position":1,"name":"Home","item":"https:\/\/floatplus.com\/de\/"},{"@type":"ListItem","position":2,"name":"Float Plus Compact 2"}]},{"@type":"WebSite","@id":"https:\/\/floatplus.com\/de\/#website","url":"https:\/\/floatplus.com\/de\/","name":"Float Plus","description":"Worldleader in Bellyboats and Bellyboat Motors","publisher":{"@id":"https:\/\/floatplus.com\/de\/#organization"},"potentialAction":[{"@type":"SearchAction","target":{"@type":"EntryPoint","urlTemplate":"https:\/\/floatplus.com\/de\/?s={search_term_string}"},"query-input":{"@type":"PropertyValueSpecification","valueRequired":true,"valueName":"search_term_string"}}],"inLanguage":"de"},{"@type":"Organization","@id":"https:\/\/floatplus.com\/de\/#organization","name":"Float Plus Bellyboat & Bellyboat Motor","url":"https:\/\/floatplus.com\/de\/","logo":{"@type":"ImageObject","inLanguage":"de","@id":"https:\/\/floatplus.com\/de\/#\/schema\/logo\/image\/","url":"https:\/\/i0.wp.com\/floatplus.com\/wp-content\/uploads\/2021\/01\/logo-floatplus_icon.png?fit=135%2C135&ssl=1","contentUrl":"https:\/\/i0.wp.com\/floatplus.com\/wp-content\/uploads\/2021\/01\/logo-floatplus_icon.png?fit=135%2C135&ssl=1","width":135,"height":135,"caption":"Float Plus Bellyboat & Bellyboat Motor"},"image":{"@id":"https:\/\/floatplus.com\/de\/#\/schema\/logo\/image\/"},"sameAs":["https:\/\/www.facebook.com\/floatpluspro\/","https:\/\/www.instagram.com\/floatplus\/","https:\/\/www.youtube.com\/channel\/UCOawieW3u0T3mWwNTVFOVMQ"]}]}},"_links":{"self":[{"href":"https:\/\/floatplus.com\/de\/wp-json\/wp\/v2\/pages\/21855","targetHints":{"allow":["GET"]}}],"collection":[{"href":"https:\/\/floatplus.com\/de\/wp-json\/wp\/v2\/pages"}],"about":[{"href":"https:\/\/floatplus.com\/de\/wp-json\/wp\/v2\/types\/page"}],"author":[{"embeddable":true,"href":"https:\/\/floatplus.com\/de\/wp-json\/wp\/v2\/users\/1"}],"replies":[{"embeddable":true,"href":"https:\/\/floatplus.com\/de\/wp-json\/wp\/v2\/comments?post=21855"}],"version-history":[{"count":18,"href":"https:\/\/floatplus.com\/de\/wp-json\/wp\/v2\/pages\/21855\/revisions"}],"predecessor-version":[{"id":23130,"href":"https:\/\/floatplus.com\/de\/wp-json\/wp\/v2\/pages\/21855\/revisions\/23130"}],"wp:attachment":[{"href":"https:\/\/floatplus.com\/de\/wp-json\/wp\/v2\/media?parent=21855"}],"curies":[{"name":"wp","href":"https:\/\/api.w.org\/{rel}","templated":true}]}}