{"id":21898,"date":"2021-11-16T10:57:57","date_gmt":"2021-11-16T10:57:57","guid":{"rendered":"https:\/\/test.floatplus.com\/garantie\/"},"modified":"2024-08-23T08:27:03","modified_gmt":"2024-08-23T08:27:03","slug":"garantie","status":"publish","type":"page","link":"https:\/\/floatplus.com\/de\/garantie\/","title":{"rendered":"Garantie"},"content":{"rendered":"<section class=\"wpb-content-wrapper\"><p>[vc_row wrap_container=&#8220;yes&#8220; css=&#8220;.vc_custom_1636980951273{padding-top: 20px !important;}&#8220;][vc_column offset=&#8220;vc_col-sm-offset-0&#8243;][vc_empty_space height=&#8220;1rem&#8220;][vc_custom_heading text=&#8220;Garantie &amp; Beschwerden&#8220; use_theme_fonts=&#8220;yes&#8220;][vc_empty_space height=&#8220;3rem&#8220;][vc_custom_heading text=&#8220;Beschr\u00e4nkte garantie&#8220; font_container=&#8220;tag:h3|text_align:left&#8220; use_theme_fonts=&#8220;yes&#8220;][vc_column_text]Float Plus garantiert, dass seine Produkte, wenn diese korrekt installiert und verwendet werden, f\u00fcr eine Dauer von zwei Jahren frei von Material- und Funktionsfehlern sind, mit Ausnahme des Akkus, dessen Garantiefrist ein Jahr ab dem Datum des ersten Kaufs ist (die Garantiefrist).<\/p>\n<p>F\u00fcr die Anwendung dieser Garantie bedeutet \u201eDatum des ersten Kaufs\u201c das Datum, an dem das Produkt von dem ersten Einzelh\u00e4ndler gekauft wurde, oder, falls ein Produkt im Netzladen gekauft wurde, das Datum, an dem das Produkt an den ersten Verbraucher ausgeliefert worden ist.<\/p>\n<p>Float Plus wird erwiesenerma\u00dfen mangelhafte Produkte oder Komponenten, die w\u00e4hrend der Garantiefrist, gem\u00e4\u00df den Bedingungen, an Float Plus oder seinen autorisierten Vertreter zur\u00fcckgesandt wurden, nach eigenem Gutd\u00fcnken reparieren oder durch neue oder wiederwendbare Teile oder gleichwertige Produkte ersetzen, wie in den Float Plus Garantiebestimmungen dargelegt. Diese Reparaturen oder Auswechslungen sind die einzige L\u00f6sung f\u00fcr den Kunden unter dieser Garantie.[\/vc_column_text][vc_empty_space height=&#8220;3rem&#8220;][vc_custom_heading text=&#8220;Garantieformular&#8220; font_container=&#8220;tag:h3|text_align:left&#8220; use_theme_fonts=&#8220;yes&#8220;][vc_column_text]F\u00fcllen Sie das Garantieformular <a href=\"https:\/\/floatplus.com\/de\/garantieformular\/\">HIER<\/a> aus.[\/vc_column_text][vc_empty_space height=&#8220;3rem&#8220;][vc_custom_heading text=&#8220;Erhalt von garantie-support&#8220; font_container=&#8220;tag:h3|text_align:left&#8220; use_theme_fonts=&#8220;yes&#8220;][vc_column_text]Kunden k\u00f6nnen Garantieunterst\u00fctzung bekommen, indem Sie sich wenden an:<br \/>\nihren lokalen zertifizierten\/autorisierten H\u00e4ndler.<\/p>\n<p>Float Plus : <a href=\"tel:0031486763944\">+31 486 763 944<\/a><br \/>\nE-mail :\u00a0<a href=\"mailto:service@floatplus.com\">service@floatplus.com<\/a>[\/vc_column_text][vc_empty_space height=&#8220;3rem&#8220;][vc_custom_heading text=&#8220;Produktregistrierung&#8220; font_container=&#8220;tag:h3|text_align:left&#8220; use_theme_fonts=&#8220;yes&#8220;][vc_column_text]Kunden m\u00fcssen das Produkt von einem lokalen autorisierten Float Plus-H\u00e4ndler kaufen. Dies sorgt daf\u00fcr, dass sie Produkte erhalten, die ihren Anforderungen gen\u00fcgen. Au\u00dferdem k\u00f6nnen Kunden, die ein Problem haben, schnell lokalen Service und Unterst\u00fctzung erhalten. Wenden Sie sich an Float Plus f\u00fcr weitere Ausk\u00fcnfte.<\/p>\n<p>Float Plus haftet nicht f\u00fcr Probleme oder Sch\u00e4den aufgrund unsachgem\u00e4\u00dfer Nutzung oder Missbrauch des Systems.[\/vc_column_text][vc_empty_space height=&#8220;3rem&#8220;][vc_custom_heading text=&#8220;Beschwerden&#8220; font_container=&#8220;tag:h3|text_align:left&#8220; use_theme_fonts=&#8220;yes&#8220;][vc_column_text]Es kann immer mal passieren, dass etwas nicht ganz so l\u00e4uft wie geplant. Wir empfehlen, dass Sie uns zun\u00e4chst alle Beschwerden per E-Mail an <a href=\"mailto:service@floatplus.com\">service@floatplus.com<\/a> mitteilen.<\/p>\n<p>Wenn dies nicht zu einer L\u00f6sung f\u00fchrt, ist es m\u00f6glich, Ihren Streitfall zur Schlichtung \u00fcber die Stichting WebwinkelKeur \u00fcber https:\/\/www.webwinkelkeur.nl\/kennisbank\/consumenten\/geschil anzumelden.<\/p>\n<p>Ab dem 15. Februar 2016 ist es auch f\u00fcr Verbraucher in der EU m\u00f6glich, Beschwerden \u00fcber die ODR-Plattform der Europ\u00e4ischen Kommission einzureichen. Diese OS-Plattform finden Sie unter http:\/\/ec.europa.eu\/odr. Wenn Ihre Beschwerde noch nicht anderweitig bearbeitet wird, steht es Ihnen frei, Ihre Beschwerde \u00fcber die Plattform der Europ\u00e4ischen Union einzureichen.[\/vc_column_text][\/vc_column][\/vc_row]<\/p>\n<\/section>","protected":false},"excerpt":{"rendered":"<p>[vc_row wrap_container=&#8220;yes&#8220; css=&#8220;.vc_custom_1636980951273{padding-top: 20px !important;}&#8220;][vc_column offset=&#8220;vc_col-sm-offset-0&#8243;][vc_empty_space height=&#8220;1rem&#8220;][vc_custom_heading text=&#8220;Garantie &amp; Beschwerden&#8220; use_theme_fonts=&#8220;yes&#8220;][vc_empty_space height=&#8220;3rem&#8220;][vc_custom_heading text=&#8220;Beschr\u00e4nkte garantie&#8220; font_container=&#8220;tag:h3|text_align:left&#8220; use_theme_fonts=&#8220;yes&#8220;][vc_column_text]Float Plus garantiert, dass seine Produkte, wenn diese korrekt installiert und verwendet werden, f\u00fcr eine Dauer von zwei Jahren frei von Material- und Funktionsfehlern sind, mit Ausnahme des Akkus, dessen Garantiefrist ein Jahr ab dem Datum des ersten Kaufs ist [&hellip;]<\/p>\n","protected":false},"author":1,"featured_media":0,"parent":0,"menu_order":0,"comment_status":"closed","ping_status":"closed","template":"","meta":{"footnotes":""},"class_list":["post-21898","page","type-page","status-publish","hentry"],"yoast_head":"<!-- This site is optimized with the Yoast SEO Premium plugin v23.1 (Yoast SEO v27.4) - https:\/\/yoast.com\/product\/yoast-seo-premium-wordpress\/ -->\n<title>Garantie - Worldleader in Bellyboats and Bellyboat Motors<\/title>\n<meta name=\"description\" content=\"Float Plus garantiert, dass seine Produkte, wenn diese korrekt installiert und verwendet werden, f\u00fcr eine Dauer von zwei Jahren frei von Material- und\" \/>\n<meta name=\"robots\" content=\"index, follow, max-snippet:-1, max-image-preview:large, max-video-preview:-1\" \/>\n<link rel=\"canonical\" href=\"https:\/\/floatplus.com\/de\/garantie\/\" \/>\n<meta property=\"og:locale\" content=\"de_DE\" \/>\n<meta property=\"og:type\" content=\"article\" \/>\n<meta property=\"og:title\" content=\"Garantie\" \/>\n<meta property=\"og:description\" content=\"Float Plus garantiert, dass seine Produkte, wenn diese korrekt installiert und verwendet werden, f\u00fcr eine Dauer von zwei Jahren frei von Material- und\" \/>\n<meta property=\"og:url\" content=\"https:\/\/floatplus.com\/de\/garantie\/\" \/>\n<meta property=\"og:site_name\" content=\"Float Plus\" \/>\n<meta property=\"article:publisher\" content=\"https:\/\/www.facebook.com\/floatpluspro\/\" \/>\n<meta property=\"article:modified_time\" content=\"2024-08-23T08:27:03+00:00\" \/>\n<meta property=\"og:image\" content=\"https:\/\/i0.wp.com\/floatplus.com\/wp-content\/uploads\/2023\/06\/floatplus_catfish_.jpg?fit=700%2C570&ssl=1\" \/>\n\t<meta property=\"og:image:width\" content=\"700\" \/>\n\t<meta property=\"og:image:height\" content=\"570\" \/>\n\t<meta property=\"og:image:type\" content=\"image\/jpeg\" \/>\n<meta name=\"twitter:card\" content=\"summary_large_image\" \/>\n<meta name=\"twitter:label1\" content=\"Gesch\u00e4tzte Lesezeit\" \/>\n\t<meta name=\"twitter:data1\" content=\"3\u00a0Minuten\" \/>\n<script type=\"application\/ld+json\" class=\"yoast-schema-graph\">{\"@context\":\"https:\\\/\\\/schema.org\",\"@graph\":[{\"@type\":\"WebPage\",\"@id\":\"https:\\\/\\\/floatplus.com\\\/de\\\/garantie\\\/\",\"url\":\"https:\\\/\\\/floatplus.com\\\/de\\\/garantie\\\/\",\"name\":\"Garantie - Worldleader in Bellyboats and Bellyboat Motors\",\"isPartOf\":{\"@id\":\"https:\\\/\\\/floatplus.com\\\/de\\\/#website\"},\"datePublished\":\"2021-11-16T10:57:57+00:00\",\"dateModified\":\"2024-08-23T08:27:03+00:00\",\"description\":\"Float Plus garantiert, dass seine Produkte, wenn diese korrekt installiert und verwendet werden, f\u00fcr eine Dauer von zwei Jahren frei von Material- und\",\"breadcrumb\":{\"@id\":\"https:\\\/\\\/floatplus.com\\\/de\\\/garantie\\\/#breadcrumb\"},\"inLanguage\":\"de\",\"potentialAction\":[{\"@type\":\"ReadAction\",\"target\":[\"https:\\\/\\\/floatplus.com\\\/de\\\/garantie\\\/\"]}]},{\"@type\":\"BreadcrumbList\",\"@id\":\"https:\\\/\\\/floatplus.com\\\/de\\\/garantie\\\/#breadcrumb\",\"itemListElement\":[{\"@type\":\"ListItem\",\"position\":1,\"name\":\"Home\",\"item\":\"https:\\\/\\\/floatplus.com\\\/de\\\/\"},{\"@type\":\"ListItem\",\"position\":2,\"name\":\"Garantie\"}]},{\"@type\":\"WebSite\",\"@id\":\"https:\\\/\\\/floatplus.com\\\/de\\\/#website\",\"url\":\"https:\\\/\\\/floatplus.com\\\/de\\\/\",\"name\":\"Float Plus\",\"description\":\"Worldleader in Bellyboats and Bellyboat Motors\",\"publisher\":{\"@id\":\"https:\\\/\\\/floatplus.com\\\/de\\\/#organization\"},\"potentialAction\":[{\"@type\":\"SearchAction\",\"target\":{\"@type\":\"EntryPoint\",\"urlTemplate\":\"https:\\\/\\\/floatplus.com\\\/de\\\/?s={search_term_string}\"},\"query-input\":{\"@type\":\"PropertyValueSpecification\",\"valueRequired\":true,\"valueName\":\"search_term_string\"}}],\"inLanguage\":\"de\"},{\"@type\":\"Organization\",\"@id\":\"https:\\\/\\\/floatplus.com\\\/de\\\/#organization\",\"name\":\"Float Plus Bellyboat & Bellyboat Motor\",\"url\":\"https:\\\/\\\/floatplus.com\\\/de\\\/\",\"logo\":{\"@type\":\"ImageObject\",\"inLanguage\":\"de\",\"@id\":\"https:\\\/\\\/floatplus.com\\\/de\\\/#\\\/schema\\\/logo\\\/image\\\/\",\"url\":\"https:\\\/\\\/i0.wp.com\\\/floatplus.com\\\/wp-content\\\/uploads\\\/2021\\\/01\\\/logo-floatplus_icon.png?fit=135%2C135&ssl=1\",\"contentUrl\":\"https:\\\/\\\/i0.wp.com\\\/floatplus.com\\\/wp-content\\\/uploads\\\/2021\\\/01\\\/logo-floatplus_icon.png?fit=135%2C135&ssl=1\",\"width\":135,\"height\":135,\"caption\":\"Float Plus Bellyboat & Bellyboat Motor\"},\"image\":{\"@id\":\"https:\\\/\\\/floatplus.com\\\/de\\\/#\\\/schema\\\/logo\\\/image\\\/\"},\"sameAs\":[\"https:\\\/\\\/www.facebook.com\\\/floatpluspro\\\/\",\"https:\\\/\\\/www.instagram.com\\\/floatplus\\\/\",\"https:\\\/\\\/www.youtube.com\\\/channel\\\/UCOawieW3u0T3mWwNTVFOVMQ\"]}]}<\/script>\n<!-- \/ Yoast SEO Premium plugin. -->","yoast_head_json":{"title":"Garantie - Worldleader in Bellyboats and Bellyboat Motors","description":"Float Plus garantiert, dass seine Produkte, wenn diese korrekt installiert und verwendet werden, f\u00fcr eine Dauer von zwei Jahren frei von Material- und","robots":{"index":"index","follow":"follow","max-snippet":"max-snippet:-1","max-image-preview":"max-image-preview:large","max-video-preview":"max-video-preview:-1"},"canonical":"https:\/\/floatplus.com\/de\/garantie\/","og_locale":"de_DE","og_type":"article","og_title":"Garantie","og_description":"Float Plus garantiert, dass seine Produkte, wenn diese korrekt installiert und verwendet werden, f\u00fcr eine Dauer von zwei Jahren frei von Material- und","og_url":"https:\/\/floatplus.com\/de\/garantie\/","og_site_name":"Float Plus","article_publisher":"https:\/\/www.facebook.com\/floatpluspro\/","article_modified_time":"2024-08-23T08:27:03+00:00","og_image":[{"width":700,"height":570,"url":"https:\/\/i0.wp.com\/floatplus.com\/wp-content\/uploads\/2023\/06\/floatplus_catfish_.jpg?fit=700%2C570&ssl=1","type":"image\/jpeg"}],"twitter_card":"summary_large_image","twitter_misc":{"Gesch\u00e4tzte Lesezeit":"3\u00a0Minuten"},"schema":{"@context":"https:\/\/schema.org","@graph":[{"@type":"WebPage","@id":"https:\/\/floatplus.com\/de\/garantie\/","url":"https:\/\/floatplus.com\/de\/garantie\/","name":"Garantie - Worldleader in Bellyboats and Bellyboat Motors","isPartOf":{"@id":"https:\/\/floatplus.com\/de\/#website"},"datePublished":"2021-11-16T10:57:57+00:00","dateModified":"2024-08-23T08:27:03+00:00","description":"Float Plus garantiert, dass seine Produkte, wenn diese korrekt installiert und verwendet werden, f\u00fcr eine Dauer von zwei Jahren frei von Material- und","breadcrumb":{"@id":"https:\/\/floatplus.com\/de\/garantie\/#breadcrumb"},"inLanguage":"de","potentialAction":[{"@type":"ReadAction","target":["https:\/\/floatplus.com\/de\/garantie\/"]}]},{"@type":"BreadcrumbList","@id":"https:\/\/floatplus.com\/de\/garantie\/#breadcrumb","itemListElement":[{"@type":"ListItem","position":1,"name":"Home","item":"https:\/\/floatplus.com\/de\/"},{"@type":"ListItem","position":2,"name":"Garantie"}]},{"@type":"WebSite","@id":"https:\/\/floatplus.com\/de\/#website","url":"https:\/\/floatplus.com\/de\/","name":"Float Plus","description":"Worldleader in Bellyboats and Bellyboat Motors","publisher":{"@id":"https:\/\/floatplus.com\/de\/#organization"},"potentialAction":[{"@type":"SearchAction","target":{"@type":"EntryPoint","urlTemplate":"https:\/\/floatplus.com\/de\/?s={search_term_string}"},"query-input":{"@type":"PropertyValueSpecification","valueRequired":true,"valueName":"search_term_string"}}],"inLanguage":"de"},{"@type":"Organization","@id":"https:\/\/floatplus.com\/de\/#organization","name":"Float Plus Bellyboat & Bellyboat Motor","url":"https:\/\/floatplus.com\/de\/","logo":{"@type":"ImageObject","inLanguage":"de","@id":"https:\/\/floatplus.com\/de\/#\/schema\/logo\/image\/","url":"https:\/\/i0.wp.com\/floatplus.com\/wp-content\/uploads\/2021\/01\/logo-floatplus_icon.png?fit=135%2C135&ssl=1","contentUrl":"https:\/\/i0.wp.com\/floatplus.com\/wp-content\/uploads\/2021\/01\/logo-floatplus_icon.png?fit=135%2C135&ssl=1","width":135,"height":135,"caption":"Float Plus Bellyboat & Bellyboat Motor"},"image":{"@id":"https:\/\/floatplus.com\/de\/#\/schema\/logo\/image\/"},"sameAs":["https:\/\/www.facebook.com\/floatpluspro\/","https:\/\/www.instagram.com\/floatplus\/","https:\/\/www.youtube.com\/channel\/UCOawieW3u0T3mWwNTVFOVMQ"]}]}},"_links":{"self":[{"href":"https:\/\/floatplus.com\/de\/wp-json\/wp\/v2\/pages\/21898","targetHints":{"allow":["GET"]}}],"collection":[{"href":"https:\/\/floatplus.com\/de\/wp-json\/wp\/v2\/pages"}],"about":[{"href":"https:\/\/floatplus.com\/de\/wp-json\/wp\/v2\/types\/page"}],"author":[{"embeddable":true,"href":"https:\/\/floatplus.com\/de\/wp-json\/wp\/v2\/users\/1"}],"replies":[{"embeddable":true,"href":"https:\/\/floatplus.com\/de\/wp-json\/wp\/v2\/comments?post=21898"}],"version-history":[{"count":6,"href":"https:\/\/floatplus.com\/de\/wp-json\/wp\/v2\/pages\/21898\/revisions"}],"predecessor-version":[{"id":31604,"href":"https:\/\/floatplus.com\/de\/wp-json\/wp\/v2\/pages\/21898\/revisions\/31604"}],"wp:attachment":[{"href":"https:\/\/floatplus.com\/de\/wp-json\/wp\/v2\/media?parent=21898"}],"curies":[{"name":"wp","href":"https:\/\/api.w.org\/{rel}","templated":true}]}}