{"id":33687,"date":"2025-05-15T07:29:12","date_gmt":"2025-05-15T07:29:12","guid":{"rendered":"https:\/\/floatplus.com\/?page_id=33687"},"modified":"2025-05-15T07:39:23","modified_gmt":"2025-05-15T07:39:23","slug":"float-plus-on-tour-verpasst","status":"publish","type":"page","link":"https:\/\/floatplus.com\/de\/float-plus-on-tour-verpasst\/","title":{"rendered":"Float Plus On Tour verpasst"},"content":{"rendered":"<section class=\"wpb-content-wrapper\"><p>[vc_row wrap_container=&#8220;yes&#8220; remove_margin_top=&#8220;yes&#8220; remove_margin_bottom=&#8220;yes&#8220; remove_padding_top=&#8220;yes&#8220; remove_padding_bottom=&#8220;yes&#8220; conditional_render=&#8220;%5B%7B%22value_role%22%3A%22administrator%22%7D%5D&#8220;][vc_column][vc_empty_space height=&#8220;3rem&#8220;][vc_custom_heading text=&#8220;Float Plus On Tour verpasst? Kein Problem \u2013 deine Chance kommt noch!&#8220; use_theme_fonts=&#8220;yes&#8220;][vc_empty_space height=&#8220;1rem&#8220;][vc_column_text]Die Tour ist vorbei, aber du kannst trotzdem mitmachen. Melde dich jetzt an \u2013 wir kontaktieren dich pers\u00f6nlich.[\/vc_column_text][vc_empty_space height=&#8220;1rem&#8220;][\/vc_column][\/vc_row][vc_row wrap_container=&#8220;yes&#8220; el_class=&#8220;m-b-xl&#8220; css=&#8220;.vc_custom_1614291686111{padding-top: 20px !important;}&#8220;][vc_column width=&#8220;1\/2&#8243;][vc_custom_heading text=&#8220;Bitte gib unten deine Daten ein:&#8220; font_container=&#8220;tag:h3|text_align:left|color:%23ffffff&#8220; use_theme_fonts=&#8220;yes&#8220; skin=&#8220;light&#8220;]\n<div class=\"wpcf7 no-js\" id=\"wpcf7-f33730-o1\" lang=\"nl-NL\" dir=\"ltr\" data-wpcf7-id=\"33730\">\n<div class=\"screen-reader-response\"><p role=\"status\" aria-live=\"polite\" aria-atomic=\"true\"><\/p> <ul><\/ul><\/div>\n<form action=\"\/de\/wp-json\/wp\/v2\/pages\/33687#wpcf7-f33730-o1\" method=\"post\" class=\"wpcf7-form init\" aria-label=\"Contactformulier\" novalidate=\"novalidate\" data-status=\"init\">\n<fieldset class=\"hidden-fields-container\"><input type=\"hidden\" name=\"_wpcf7\" value=\"33730\" \/><input type=\"hidden\" name=\"_wpcf7_version\" value=\"6.1.5\" \/><input type=\"hidden\" name=\"_wpcf7_locale\" value=\"nl_NL\" \/><input type=\"hidden\" name=\"_wpcf7_unit_tag\" value=\"wpcf7-f33730-o1\" \/><input type=\"hidden\" name=\"_wpcf7_container_post\" value=\"0\" \/><input type=\"hidden\" name=\"_wpcf7_posted_data_hash\" value=\"\" \/><input type=\"hidden\" name=\"_wpcf7_recaptcha_response\" value=\"\" \/>\n<\/fieldset>\n<p><label><span class=\"wpcf7-form-control-wrap\" data-name=\"your-contact\"><input size=\"40\" maxlength=\"400\" class=\"wpcf7-form-control wpcf7-text wpcf7-validates-as-required\" aria-required=\"true\" aria-invalid=\"false\" placeholder=\"Name...\" value=\"\" type=\"text\" name=\"your-contact\" \/><\/span> <\/label>\n<\/p>\n<p><label> <span class=\"wpcf7-form-control-wrap\" data-name=\"your-email\"><input size=\"40\" maxlength=\"400\" class=\"wpcf7-form-control wpcf7-email wpcf7-validates-as-required wpcf7-text wpcf7-validates-as-email\" aria-required=\"true\" aria-invalid=\"false\" placeholder=\"E-Mail...\" value=\"\" type=\"email\" name=\"your-email\" \/><\/span> <\/label>\n<\/p>\n<p><label> <span class=\"wpcf7-form-control-wrap\" data-name=\"tel-629\"><input size=\"40\" maxlength=\"400\" class=\"wpcf7-form-control wpcf7-tel wpcf7-validates-as-required wpcf7-text wpcf7-validates-as-tel\" aria-required=\"true\" aria-invalid=\"false\" placeholder=\"Telefonnummer...\" value=\"\" type=\"tel\" name=\"tel-629\" \/><\/span> <\/label>\n<\/p>\n<p><label><span class=\"wpcf7-form-control-wrap\" data-name=\"your-plaats\"><input size=\"40\" maxlength=\"400\" class=\"wpcf7-form-control wpcf7-text wpcf7-validates-as-required\" aria-required=\"true\" aria-invalid=\"false\" placeholder=\"Ort...\" value=\"\" type=\"text\" name=\"your-plaats\" \/><\/span> <\/label>\n<\/p>\n<p><span style=\"color: #ffffff;\">&nbsp;<\/span>\n<\/p>\n<p><span style=\"color: #ffffff;\"><b>Bitte kreuzen Sie an, was Sie testen m\u00f6chten, damit wir Ihnen bestm\u00f6glich helfen k\u00f6nnen:<\/b><\/span><br \/>\n<b>Bellyboat:<\/b><br \/>\n<span class=\"wpcf7-form-control-wrap\" data-name=\"checkbox-414\"><span class=\"wpcf7-form-control wpcf7-checkbox\"><span class=\"wpcf7-list-item first\"><label><input type=\"checkbox\" name=\"checkbox-414[]\" value=\"Float Plus ARc\" \/><span class=\"wpcf7-list-item-label\">Float Plus ARc<\/span><\/label><\/span><span class=\"wpcf7-list-item\"><label><input type=\"checkbox\" name=\"checkbox-414[]\" value=\"Float Plus 1\" \/><span class=\"wpcf7-list-item-label\">Float Plus 1<\/span><\/label><\/span><span class=\"wpcf7-list-item\"><label><input type=\"checkbox\" name=\"checkbox-414[]\" value=\"Float Plus 2\" \/><span class=\"wpcf7-list-item-label\">Float Plus 2<\/span><\/label><\/span><span class=\"wpcf7-list-item\"><label><input type=\"checkbox\" name=\"checkbox-414[]\" value=\"E-Drifter S\" \/><span class=\"wpcf7-list-item-label\">E-Drifter S<\/span><\/label><\/span><span class=\"wpcf7-list-item last\"><label><input type=\"checkbox\" name=\"checkbox-414[]\" value=\"E-Drifter L\" \/><span class=\"wpcf7-list-item-label\">E-Drifter L<\/span><\/label><\/span><\/span><\/span>\n<\/p>\n<p><span style=\"color: #ffffff;\">&nbsp;<\/span><br \/>\n<b>Motorsystem:<\/b><br \/>\n<span class=\"wpcf7-form-control-wrap\" data-name=\"checkbox-415\"><span class=\"wpcf7-form-control wpcf7-checkbox\"><span class=\"wpcf7-list-item first\"><label><input type=\"checkbox\" name=\"checkbox-415[]\" value=\"Twin Force\" \/><span class=\"wpcf7-list-item-label\">Twin Force<\/span><\/label><\/span><span class=\"wpcf7-list-item\"><label><input type=\"checkbox\" name=\"checkbox-415[]\" value=\"Pro 2 system\" \/><span class=\"wpcf7-list-item-label\">Pro 2 system<\/span><\/label><\/span><span class=\"wpcf7-list-item\"><label><input type=\"checkbox\" name=\"checkbox-415[]\" value=\"Kompakt-2-Anlage\" \/><span class=\"wpcf7-list-item-label\">Kompakt-2-Anlage<\/span><\/label><\/span><span class=\"wpcf7-list-item\"><label><input type=\"checkbox\" name=\"checkbox-415[]\" value=\"Smart Trolling Controller mit Haswing\" \/><span class=\"wpcf7-list-item-label\">Smart Trolling Controller mit Haswing<\/span><\/label><\/span><span class=\"wpcf7-list-item last\"><label><input type=\"checkbox\" name=\"checkbox-415[]\" value=\"Alles!\" \/><span class=\"wpcf7-list-item-label\">Alles!<\/span><\/label><\/span><\/span><\/span>\n<\/p>\n<p><span style=\"color: #ffffff;\">&nbsp;<\/span>\n<\/p>\n<p><input class=\"wpcf7-form-control wpcf7-submit has-spinner button\" type=\"submit\" value=\"Anmelden\" \/>\n<\/p><div class=\"wpcf7-response-output\" aria-hidden=\"true\"><\/div>\n<\/form>\n<\/div>\n[\/vc_column][vc_column width=&#8220;1\/2&#8243;][vc_column_text]<span style=\"color: #ffffff;\"><br \/>\nNutze die Gelegenheit, alle Belly-Boote und Systeme von Float Plus an einem vereinbarten Ort und Termin im Land selbst zu testen \u2013 begleitet von erfahrenen Belly-Boat-Anglern.<\/span><br \/>\n<span style=\"color: #ffffff;\"><br \/>\nNeben unseren bekannten Modellen FP1 und FP2 bringen wir auch die drei neuen Belly-Boote mit: den Float Plus ARc, den E-Drifter S und den E-Drifter L. Wir sind gespannt auf dein Feedback!<\/span><br \/>\n<span style=\"color: #ffffff;\"><br \/>\nUnsere erfahrenen Markenbotschafter begleiten dich und erkl\u00e4ren alles ausf\u00fchrlich. Melde dich bitte vorher an, damit du gen\u00fcgend Zeit hast, alles in Ruhe auszuprobieren. Wathosen (Gr\u00f6\u00dfe 42 bis 47) und Flossen sind vorhanden!<\/span>[\/vc_column_text][vc_empty_space height=&#8220;3rem&#8220;][vc_single_image image=&#8220;33054&#8243; img_size=&#8220;full&#8220; alignment=&#8220;center&#8220;][\/vc_column][\/vc_row][vc_row wrap_container=&#8220;yes&#8220; remove_margin_top=&#8220;yes&#8220; remove_margin_bottom=&#8220;yes&#8220; remove_padding_top=&#8220;yes&#8220; remove_padding_bottom=&#8220;yes&#8220; conditional_render=&#8220;%5B%7B%22value_role%22%3A%22administrator%22%7D%5D&#8220;][vc_column][vc_empty_space height=&#8220;3rem&#8220;][\/vc_column][\/vc_row]<\/p>\n<\/section>","protected":false},"excerpt":{"rendered":"<p>[vc_row wrap_container=&#8220;yes&#8220; remove_margin_top=&#8220;yes&#8220; remove_margin_bottom=&#8220;yes&#8220; remove_padding_top=&#8220;yes&#8220; remove_padding_bottom=&#8220;yes&#8220; conditional_render=&#8220;%5B%7B%22value_role%22%3A%22administrator%22%7D%5D&#8220;][vc_column][vc_empty_space height=&#8220;3rem&#8220;][vc_custom_heading text=&#8220;Float Plus On Tour verpasst? Kein Problem \u2013 deine Chance kommt noch!&#8220; use_theme_fonts=&#8220;yes&#8220;][vc_empty_space height=&#8220;1rem&#8220;][vc_column_text]Die Tour ist vorbei, aber du kannst trotzdem mitmachen. Melde dich jetzt an \u2013 wir kontaktieren dich pers\u00f6nlich.[\/vc_column_text][vc_empty_space height=&#8220;1rem&#8220;][\/vc_column][\/vc_row][vc_row wrap_container=&#8220;yes&#8220; el_class=&#8220;m-b-xl&#8220; css=&#8220;.vc_custom_1614291686111{padding-top: 20px !important;}&#8220;][vc_column width=&#8220;1\/2&#8243;][vc_custom_heading text=&#8220;Bitte gib unten deine Daten ein:&#8220; font_container=&#8220;tag:h3|text_align:left|color:%23ffffff&#8220; use_theme_fonts=&#8220;yes&#8220; skin=&#8220;light&#8220;][\/vc_column][vc_column [&hellip;]<\/p>\n","protected":false},"author":1,"featured_media":0,"parent":0,"menu_order":0,"comment_status":"closed","ping_status":"closed","template":"","meta":{"footnotes":""},"class_list":["post-33687","page","type-page","status-publish","hentry"],"yoast_head":"<!-- This site is optimized with the Yoast SEO Premium plugin v23.1 (Yoast SEO v27.4) - https:\/\/yoast.com\/product\/yoast-seo-premium-wordpress\/ -->\n<title>Float Plus On Tour verpasst - Worldleader in Bellyboats and Bellyboat Motors<\/title>\n<meta name=\"description\" content=\"Kontaktieren Sie uns\" \/>\n<meta name=\"robots\" content=\"index, follow, max-snippet:-1, max-image-preview:large, max-video-preview:-1\" \/>\n<link rel=\"canonical\" href=\"https:\/\/floatplus.com\/de\/float-plus-on-tour-verpasst\/\" \/>\n<meta property=\"og:locale\" content=\"de_DE\" \/>\n<meta property=\"og:type\" content=\"article\" \/>\n<meta property=\"og:title\" content=\"Float Plus On Tour verpasst\" \/>\n<meta property=\"og:description\" content=\"Kontaktieren Sie uns\" \/>\n<meta property=\"og:url\" content=\"https:\/\/floatplus.com\/de\/float-plus-on-tour-verpasst\/\" \/>\n<meta property=\"og:site_name\" content=\"Float Plus\" \/>\n<meta property=\"article:publisher\" content=\"https:\/\/www.facebook.com\/floatpluspro\/\" \/>\n<meta property=\"article:modified_time\" content=\"2025-05-15T07:39:23+00:00\" \/>\n<meta property=\"og:image\" content=\"https:\/\/i0.wp.com\/floatplus.com\/wp-content\/uploads\/2023\/06\/floatplus_catfish_.jpg?fit=700%2C570&ssl=1\" \/>\n\t<meta property=\"og:image:width\" content=\"700\" \/>\n\t<meta property=\"og:image:height\" content=\"570\" \/>\n\t<meta property=\"og:image:type\" content=\"image\/jpeg\" \/>\n<meta name=\"twitter:card\" content=\"summary_large_image\" \/>\n<meta name=\"twitter:label1\" content=\"Gesch\u00e4tzte Lesezeit\" \/>\n\t<meta name=\"twitter:data1\" content=\"1\u00a0Minute\" \/>\n<script type=\"application\/ld+json\" class=\"yoast-schema-graph\">{\"@context\":\"https:\\\/\\\/schema.org\",\"@graph\":[{\"@type\":\"WebPage\",\"@id\":\"https:\\\/\\\/floatplus.com\\\/de\\\/float-plus-on-tour-verpasst\\\/\",\"url\":\"https:\\\/\\\/floatplus.com\\\/de\\\/float-plus-on-tour-verpasst\\\/\",\"name\":\"Float Plus On Tour verpasst - Worldleader in Bellyboats and Bellyboat Motors\",\"isPartOf\":{\"@id\":\"https:\\\/\\\/floatplus.com\\\/de\\\/#website\"},\"datePublished\":\"2025-05-15T07:29:12+00:00\",\"dateModified\":\"2025-05-15T07:39:23+00:00\",\"description\":\"Kontaktieren Sie uns\",\"breadcrumb\":{\"@id\":\"https:\\\/\\\/floatplus.com\\\/de\\\/float-plus-on-tour-verpasst\\\/#breadcrumb\"},\"inLanguage\":\"de\",\"potentialAction\":[{\"@type\":\"ReadAction\",\"target\":[\"https:\\\/\\\/floatplus.com\\\/de\\\/float-plus-on-tour-verpasst\\\/\"]}]},{\"@type\":\"BreadcrumbList\",\"@id\":\"https:\\\/\\\/floatplus.com\\\/de\\\/float-plus-on-tour-verpasst\\\/#breadcrumb\",\"itemListElement\":[{\"@type\":\"ListItem\",\"position\":1,\"name\":\"Home\",\"item\":\"https:\\\/\\\/floatplus.com\\\/de\\\/\"},{\"@type\":\"ListItem\",\"position\":2,\"name\":\"Float Plus On Tour verpasst\"}]},{\"@type\":\"WebSite\",\"@id\":\"https:\\\/\\\/floatplus.com\\\/de\\\/#website\",\"url\":\"https:\\\/\\\/floatplus.com\\\/de\\\/\",\"name\":\"Float Plus\",\"description\":\"Worldleader in Bellyboats and Bellyboat Motors\",\"publisher\":{\"@id\":\"https:\\\/\\\/floatplus.com\\\/de\\\/#organization\"},\"potentialAction\":[{\"@type\":\"SearchAction\",\"target\":{\"@type\":\"EntryPoint\",\"urlTemplate\":\"https:\\\/\\\/floatplus.com\\\/de\\\/?s={search_term_string}\"},\"query-input\":{\"@type\":\"PropertyValueSpecification\",\"valueRequired\":true,\"valueName\":\"search_term_string\"}}],\"inLanguage\":\"de\"},{\"@type\":\"Organization\",\"@id\":\"https:\\\/\\\/floatplus.com\\\/de\\\/#organization\",\"name\":\"Float Plus Bellyboat & Bellyboat Motor\",\"url\":\"https:\\\/\\\/floatplus.com\\\/de\\\/\",\"logo\":{\"@type\":\"ImageObject\",\"inLanguage\":\"de\",\"@id\":\"https:\\\/\\\/floatplus.com\\\/de\\\/#\\\/schema\\\/logo\\\/image\\\/\",\"url\":\"https:\\\/\\\/i0.wp.com\\\/floatplus.com\\\/wp-content\\\/uploads\\\/2021\\\/01\\\/logo-floatplus_icon.png?fit=135%2C135&ssl=1\",\"contentUrl\":\"https:\\\/\\\/i0.wp.com\\\/floatplus.com\\\/wp-content\\\/uploads\\\/2021\\\/01\\\/logo-floatplus_icon.png?fit=135%2C135&ssl=1\",\"width\":135,\"height\":135,\"caption\":\"Float Plus Bellyboat & Bellyboat Motor\"},\"image\":{\"@id\":\"https:\\\/\\\/floatplus.com\\\/de\\\/#\\\/schema\\\/logo\\\/image\\\/\"},\"sameAs\":[\"https:\\\/\\\/www.facebook.com\\\/floatpluspro\\\/\",\"https:\\\/\\\/www.instagram.com\\\/floatplus\\\/\",\"https:\\\/\\\/www.youtube.com\\\/channel\\\/UCOawieW3u0T3mWwNTVFOVMQ\"]}]}<\/script>\n<!-- \/ Yoast SEO Premium plugin. -->","yoast_head_json":{"title":"Float Plus On Tour verpasst - Worldleader in Bellyboats and Bellyboat Motors","description":"Kontaktieren Sie uns","robots":{"index":"index","follow":"follow","max-snippet":"max-snippet:-1","max-image-preview":"max-image-preview:large","max-video-preview":"max-video-preview:-1"},"canonical":"https:\/\/floatplus.com\/de\/float-plus-on-tour-verpasst\/","og_locale":"de_DE","og_type":"article","og_title":"Float Plus On Tour verpasst","og_description":"Kontaktieren Sie uns","og_url":"https:\/\/floatplus.com\/de\/float-plus-on-tour-verpasst\/","og_site_name":"Float Plus","article_publisher":"https:\/\/www.facebook.com\/floatpluspro\/","article_modified_time":"2025-05-15T07:39:23+00:00","og_image":[{"width":700,"height":570,"url":"https:\/\/i0.wp.com\/floatplus.com\/wp-content\/uploads\/2023\/06\/floatplus_catfish_.jpg?fit=700%2C570&ssl=1","type":"image\/jpeg"}],"twitter_card":"summary_large_image","twitter_misc":{"Gesch\u00e4tzte Lesezeit":"1\u00a0Minute"},"schema":{"@context":"https:\/\/schema.org","@graph":[{"@type":"WebPage","@id":"https:\/\/floatplus.com\/de\/float-plus-on-tour-verpasst\/","url":"https:\/\/floatplus.com\/de\/float-plus-on-tour-verpasst\/","name":"Float Plus On Tour verpasst - Worldleader in Bellyboats and Bellyboat Motors","isPartOf":{"@id":"https:\/\/floatplus.com\/de\/#website"},"datePublished":"2025-05-15T07:29:12+00:00","dateModified":"2025-05-15T07:39:23+00:00","description":"Kontaktieren Sie uns","breadcrumb":{"@id":"https:\/\/floatplus.com\/de\/float-plus-on-tour-verpasst\/#breadcrumb"},"inLanguage":"de","potentialAction":[{"@type":"ReadAction","target":["https:\/\/floatplus.com\/de\/float-plus-on-tour-verpasst\/"]}]},{"@type":"BreadcrumbList","@id":"https:\/\/floatplus.com\/de\/float-plus-on-tour-verpasst\/#breadcrumb","itemListElement":[{"@type":"ListItem","position":1,"name":"Home","item":"https:\/\/floatplus.com\/de\/"},{"@type":"ListItem","position":2,"name":"Float Plus On Tour verpasst"}]},{"@type":"WebSite","@id":"https:\/\/floatplus.com\/de\/#website","url":"https:\/\/floatplus.com\/de\/","name":"Float Plus","description":"Worldleader in Bellyboats and Bellyboat Motors","publisher":{"@id":"https:\/\/floatplus.com\/de\/#organization"},"potentialAction":[{"@type":"SearchAction","target":{"@type":"EntryPoint","urlTemplate":"https:\/\/floatplus.com\/de\/?s={search_term_string}"},"query-input":{"@type":"PropertyValueSpecification","valueRequired":true,"valueName":"search_term_string"}}],"inLanguage":"de"},{"@type":"Organization","@id":"https:\/\/floatplus.com\/de\/#organization","name":"Float Plus Bellyboat & Bellyboat Motor","url":"https:\/\/floatplus.com\/de\/","logo":{"@type":"ImageObject","inLanguage":"de","@id":"https:\/\/floatplus.com\/de\/#\/schema\/logo\/image\/","url":"https:\/\/i0.wp.com\/floatplus.com\/wp-content\/uploads\/2021\/01\/logo-floatplus_icon.png?fit=135%2C135&ssl=1","contentUrl":"https:\/\/i0.wp.com\/floatplus.com\/wp-content\/uploads\/2021\/01\/logo-floatplus_icon.png?fit=135%2C135&ssl=1","width":135,"height":135,"caption":"Float Plus Bellyboat & Bellyboat Motor"},"image":{"@id":"https:\/\/floatplus.com\/de\/#\/schema\/logo\/image\/"},"sameAs":["https:\/\/www.facebook.com\/floatpluspro\/","https:\/\/www.instagram.com\/floatplus\/","https:\/\/www.youtube.com\/channel\/UCOawieW3u0T3mWwNTVFOVMQ"]}]}},"_links":{"self":[{"href":"https:\/\/floatplus.com\/de\/wp-json\/wp\/v2\/pages\/33687","targetHints":{"allow":["GET"]}}],"collection":[{"href":"https:\/\/floatplus.com\/de\/wp-json\/wp\/v2\/pages"}],"about":[{"href":"https:\/\/floatplus.com\/de\/wp-json\/wp\/v2\/types\/page"}],"author":[{"embeddable":true,"href":"https:\/\/floatplus.com\/de\/wp-json\/wp\/v2\/users\/1"}],"replies":[{"embeddable":true,"href":"https:\/\/floatplus.com\/de\/wp-json\/wp\/v2\/comments?post=33687"}],"version-history":[{"count":8,"href":"https:\/\/floatplus.com\/de\/wp-json\/wp\/v2\/pages\/33687\/revisions"}],"predecessor-version":[{"id":33731,"href":"https:\/\/floatplus.com\/de\/wp-json\/wp\/v2\/pages\/33687\/revisions\/33731"}],"wp:attachment":[{"href":"https:\/\/floatplus.com\/de\/wp-json\/wp\/v2\/media?parent=33687"}],"curies":[{"name":"wp","href":"https:\/\/api.w.org\/{rel}","templated":true}]}}