{"id":26418,"date":"2022-09-20T15:01:25","date_gmt":"2022-09-20T15:01:25","guid":{"rendered":"https:\/\/floatplus.com\/product\/stormcase-lithium-ionen-akku-494ah-168v\/"},"modified":"2026-05-11T17:23:05","modified_gmt":"2026-05-11T17:23:05","slug":"stormcase-lithium-ionen-akku-494ah-168v","status":"publish","type":"product","link":"https:\/\/floatplus.com\/de\/produkt-de\/stormcase-lithium-ionen-akku-494ah-168v\/","title":{"rendered":"Stormcase Lithium-Ionen-Akku 49,4Ah 16,8V"},"content":{"rendered":"","protected":false},"excerpt":{"rendered":"<p><span style=\"color: #ffffff;\">Der schwerste Akku im Float Plus Sortiment, geeignet f\u00fcr sehr lange Angeltage, bevorzugt f\u00fcr das pelagische Fischen. Auch die leistungsst\u00e4rkste Batterie aufgrund der 16,8 V, es gibt dem Motor mehr Schub, von 32 lbs bis 41 lbs.<\/span><\/p>\n<p><span style=\"color: #ffffff;\">Um diesen Akku an das Float Plus Compact 2 System anzuschlie\u00dfen, <a href=\"https:\/\/floatplus.com\/de\/produkt-de\/anschlusskabel-stormcase-lithium-ionen-akku-494ah-168v\/\">ist dieses spezielle Kabel erforderlich<\/a>. <\/span><\/p>\n","protected":false},"featured_media":26394,"comment_status":"open","ping_status":"closed","template":"","meta":[],"product_brand":[],"product_cat":[154],"product_tag":[440],"giftcard-category":[],"class_list":{"0":"post-26418","1":"product","2":"type-product","3":"status-publish","4":"has-post-thumbnail","6":"product_cat-batterien-compact-2-de","7":"product_tag-productfeed","9":"first","10":"instock","11":"featured","12":"taxable","13":"shipping-taxable","14":"purchasable","15":"product-type-simple"},"yoast_head":"<!-- This site is optimized with the Yoast SEO Premium plugin v23.1 (Yoast SEO v27.6) - https:\/\/yoast.com\/product\/yoast-seo-premium-wordpress\/ -->\n<title>Stormcase Lithium-Ionen-Akku 49,4Ah 16,8V - Float Plus<\/title>\n<meta name=\"description\" content=\"Der schwerste Akku im Float Plus Sortiment, geeignet f\u00fcr sehr lange Angeltage, bevorzugt f\u00fcr das pelagische Fischen. Auch die leistungsst\u00e4rkste Batterie aufgrund der 16,8 V, es gibt dem Motor mehr Schub, von 32 lbs bis 41 lbs.  Um diesen Akku an das Float Plus Compact 2 System anzuschlie\u00dfen, ist dieses spezielle Kabel erforderlich.\" \/>\n<meta name=\"robots\" content=\"index, follow, max-snippet:-1, max-image-preview:large, max-video-preview:-1\" \/>\n<link rel=\"canonical\" href=\"https:\/\/floatplus.com\/de\/produkt-de\/stormcase-lithium-ionen-akku-494ah-168v\/\" \/>\n<meta property=\"og:locale\" content=\"de_DE\" \/>\n<meta property=\"og:type\" content=\"article\" \/>\n<meta property=\"og:title\" content=\"Stormcase Lithium-Ionen-Akku 49,4Ah 16,8V - Float Plus\" \/>\n<meta property=\"og:description\" content=\"Der schwerste Akku im Float Plus Sortiment, geeignet f\u00fcr sehr lange Angeltage, bevorzugt f\u00fcr das pelagische Fischen. Auch die leistungsst\u00e4rkste Batterie aufgrund der 16,8 V, es gibt dem Motor mehr Schub, von 32 lbs bis 41 lbs.  Um diesen Akku an das Float Plus Compact 2 System anzuschlie\u00dfen, ist dieses spezielle Kabel erforderlich.\" \/>\n<meta property=\"og:url\" content=\"https:\/\/floatplus.com\/de\/produkt-de\/stormcase-lithium-ionen-akku-494ah-168v\/\" \/>\n<meta property=\"og:site_name\" content=\"Float Plus\" \/>\n<meta property=\"article:publisher\" content=\"https:\/\/www.facebook.com\/floatpluspro\/\" \/>\n<meta property=\"article:modified_time\" content=\"2026-05-11T17:23:05+00:00\" \/>\n<meta property=\"og:image\" content=\"https:\/\/floatplus.com\/wp-content\/uploads\/2022\/09\/49400-ah-16V.jpg\" \/>\n\t<meta property=\"og:image:width\" content=\"1600\" \/>\n\t<meta property=\"og:image:height\" content=\"1200\" \/>\n\t<meta property=\"og:image:type\" content=\"image\/jpeg\" \/>\n<meta name=\"twitter:card\" content=\"summary_large_image\" \/>\n<meta name=\"twitter:label1\" content=\"Gesch\u00e4tzte Lesezeit\" \/>\n\t<meta name=\"twitter:data1\" content=\"1\u00a0Minute\" \/>\n<script type=\"application\/ld+json\" class=\"yoast-schema-graph\">{\"@context\":\"https:\\\/\\\/schema.org\",\"@graph\":[{\"@type\":\"WebPage\",\"@id\":\"https:\\\/\\\/floatplus.com\\\/de\\\/produkt-de\\\/stormcase-lithium-ionen-akku-494ah-168v\\\/\",\"url\":\"https:\\\/\\\/floatplus.com\\\/de\\\/produkt-de\\\/stormcase-lithium-ionen-akku-494ah-168v\\\/\",\"name\":\"Stormcase Lithium-Ionen-Akku 49,4Ah 16,8V - Float Plus\",\"isPartOf\":{\"@id\":\"https:\\\/\\\/floatplus.com\\\/de\\\/#website\"},\"primaryImageOfPage\":{\"@id\":\"https:\\\/\\\/floatplus.com\\\/de\\\/produkt-de\\\/stormcase-lithium-ionen-akku-494ah-168v\\\/#primaryimage\"},\"image\":{\"@id\":\"https:\\\/\\\/floatplus.com\\\/de\\\/produkt-de\\\/stormcase-lithium-ionen-akku-494ah-168v\\\/#primaryimage\"},\"thumbnailUrl\":\"https:\\\/\\\/i0.wp.com\\\/floatplus.com\\\/wp-content\\\/uploads\\\/2022\\\/09\\\/49400-ah-16V.jpg?fit=1600%2C1200&ssl=1\",\"datePublished\":\"2022-09-20T15:01:25+00:00\",\"dateModified\":\"2026-05-11T17:23:05+00:00\",\"description\":\"Der schwerste Akku im Float Plus Sortiment, geeignet f\u00fcr sehr lange Angeltage, bevorzugt f\u00fcr das pelagische Fischen. Auch die leistungsst\u00e4rkste Batterie aufgrund der 16,8 V, es gibt dem Motor mehr Schub, von 32 lbs bis 41 lbs. Um diesen Akku an das Float Plus Compact 2 System anzuschlie\u00dfen, ist dieses spezielle Kabel erforderlich.\",\"breadcrumb\":{\"@id\":\"https:\\\/\\\/floatplus.com\\\/de\\\/produkt-de\\\/stormcase-lithium-ionen-akku-494ah-168v\\\/#breadcrumb\"},\"inLanguage\":\"de\",\"potentialAction\":[{\"@type\":\"ReadAction\",\"target\":[\"https:\\\/\\\/floatplus.com\\\/de\\\/produkt-de\\\/stormcase-lithium-ionen-akku-494ah-168v\\\/\"]}]},{\"@type\":\"ImageObject\",\"inLanguage\":\"de\",\"@id\":\"https:\\\/\\\/floatplus.com\\\/de\\\/produkt-de\\\/stormcase-lithium-ionen-akku-494ah-168v\\\/#primaryimage\",\"url\":\"https:\\\/\\\/i0.wp.com\\\/floatplus.com\\\/wp-content\\\/uploads\\\/2022\\\/09\\\/49400-ah-16V.jpg?fit=1600%2C1200&ssl=1\",\"contentUrl\":\"https:\\\/\\\/i0.wp.com\\\/floatplus.com\\\/wp-content\\\/uploads\\\/2022\\\/09\\\/49400-ah-16V.jpg?fit=1600%2C1200&ssl=1\",\"width\":1600,\"height\":1200},{\"@type\":\"BreadcrumbList\",\"@id\":\"https:\\\/\\\/floatplus.com\\\/de\\\/produkt-de\\\/stormcase-lithium-ionen-akku-494ah-168v\\\/#breadcrumb\",\"itemListElement\":[{\"@type\":\"ListItem\",\"position\":1,\"name\":\"Home\",\"item\":\"https:\\\/\\\/floatplus.com\\\/de\\\/\"},{\"@type\":\"ListItem\",\"position\":2,\"name\":\"Shop\",\"item\":\"https:\\\/\\\/floatplus.com\\\/de\\\/shop-de\\\/\"},{\"@type\":\"ListItem\",\"position\":3,\"name\":\"Stormcase Lithium-Ionen-Akku 49,4Ah 16,8V\"}]},{\"@type\":\"WebSite\",\"@id\":\"https:\\\/\\\/floatplus.com\\\/de\\\/#website\",\"url\":\"https:\\\/\\\/floatplus.com\\\/de\\\/\",\"name\":\"Float Plus\",\"description\":\"Worldleader in Bellyboats and Bellyboat Motors\",\"publisher\":{\"@id\":\"https:\\\/\\\/floatplus.com\\\/de\\\/#organization\"},\"potentialAction\":[{\"@type\":\"SearchAction\",\"target\":{\"@type\":\"EntryPoint\",\"urlTemplate\":\"https:\\\/\\\/floatplus.com\\\/de\\\/?s={search_term_string}\"},\"query-input\":{\"@type\":\"PropertyValueSpecification\",\"valueRequired\":true,\"valueName\":\"search_term_string\"}}],\"inLanguage\":\"de\"},{\"@type\":\"Organization\",\"@id\":\"https:\\\/\\\/floatplus.com\\\/de\\\/#organization\",\"name\":\"Float Plus Bellyboat & Bellyboat Motor\",\"url\":\"https:\\\/\\\/floatplus.com\\\/de\\\/\",\"logo\":{\"@type\":\"ImageObject\",\"inLanguage\":\"de\",\"@id\":\"https:\\\/\\\/floatplus.com\\\/de\\\/#\\\/schema\\\/logo\\\/image\\\/\",\"url\":\"https:\\\/\\\/i0.wp.com\\\/floatplus.com\\\/wp-content\\\/uploads\\\/2021\\\/01\\\/logo-floatplus_icon.png?fit=135%2C135&ssl=1\",\"contentUrl\":\"https:\\\/\\\/i0.wp.com\\\/floatplus.com\\\/wp-content\\\/uploads\\\/2021\\\/01\\\/logo-floatplus_icon.png?fit=135%2C135&ssl=1\",\"width\":135,\"height\":135,\"caption\":\"Float Plus Bellyboat & Bellyboat Motor\"},\"image\":{\"@id\":\"https:\\\/\\\/floatplus.com\\\/de\\\/#\\\/schema\\\/logo\\\/image\\\/\"},\"sameAs\":[\"https:\\\/\\\/www.facebook.com\\\/floatpluspro\\\/\",\"https:\\\/\\\/www.instagram.com\\\/floatplus\\\/\",\"https:\\\/\\\/www.youtube.com\\\/channel\\\/UCOawieW3u0T3mWwNTVFOVMQ\"]}]}<\/script>\n<!-- \/ Yoast SEO Premium plugin. -->","yoast_head_json":{"title":"Stormcase Lithium-Ionen-Akku 49,4Ah 16,8V - Float Plus","description":"Der schwerste Akku im Float Plus Sortiment, geeignet f\u00fcr sehr lange Angeltage, bevorzugt f\u00fcr das pelagische Fischen. Auch die leistungsst\u00e4rkste Batterie aufgrund der 16,8 V, es gibt dem Motor mehr Schub, von 32 lbs bis 41 lbs.  Um diesen Akku an das Float Plus Compact 2 System anzuschlie\u00dfen, ist dieses spezielle Kabel erforderlich.","robots":{"index":"index","follow":"follow","max-snippet":"max-snippet:-1","max-image-preview":"max-image-preview:large","max-video-preview":"max-video-preview:-1"},"canonical":"https:\/\/floatplus.com\/de\/produkt-de\/stormcase-lithium-ionen-akku-494ah-168v\/","og_locale":"de_DE","og_type":"article","og_title":"Stormcase Lithium-Ionen-Akku 49,4Ah 16,8V - Float Plus","og_description":"Der schwerste Akku im Float Plus Sortiment, geeignet f\u00fcr sehr lange Angeltage, bevorzugt f\u00fcr das pelagische Fischen. Auch die leistungsst\u00e4rkste Batterie aufgrund der 16,8 V, es gibt dem Motor mehr Schub, von 32 lbs bis 41 lbs.  Um diesen Akku an das Float Plus Compact 2 System anzuschlie\u00dfen, ist dieses spezielle Kabel erforderlich.","og_url":"https:\/\/floatplus.com\/de\/produkt-de\/stormcase-lithium-ionen-akku-494ah-168v\/","og_site_name":"Float Plus","article_publisher":"https:\/\/www.facebook.com\/floatpluspro\/","article_modified_time":"2026-05-11T17:23:05+00:00","og_image":[{"width":1600,"height":1200,"url":"https:\/\/floatplus.com\/wp-content\/uploads\/2022\/09\/49400-ah-16V.jpg","type":"image\/jpeg"}],"twitter_card":"summary_large_image","twitter_misc":{"Gesch\u00e4tzte Lesezeit":"1\u00a0Minute"},"schema":{"@context":"https:\/\/schema.org","@graph":[{"@type":"WebPage","@id":"https:\/\/floatplus.com\/de\/produkt-de\/stormcase-lithium-ionen-akku-494ah-168v\/","url":"https:\/\/floatplus.com\/de\/produkt-de\/stormcase-lithium-ionen-akku-494ah-168v\/","name":"Stormcase Lithium-Ionen-Akku 49,4Ah 16,8V - Float Plus","isPartOf":{"@id":"https:\/\/floatplus.com\/de\/#website"},"primaryImageOfPage":{"@id":"https:\/\/floatplus.com\/de\/produkt-de\/stormcase-lithium-ionen-akku-494ah-168v\/#primaryimage"},"image":{"@id":"https:\/\/floatplus.com\/de\/produkt-de\/stormcase-lithium-ionen-akku-494ah-168v\/#primaryimage"},"thumbnailUrl":"https:\/\/i0.wp.com\/floatplus.com\/wp-content\/uploads\/2022\/09\/49400-ah-16V.jpg?fit=1600%2C1200&ssl=1","datePublished":"2022-09-20T15:01:25+00:00","dateModified":"2026-05-11T17:23:05+00:00","description":"Der schwerste Akku im Float Plus Sortiment, geeignet f\u00fcr sehr lange Angeltage, bevorzugt f\u00fcr das pelagische Fischen. Auch die leistungsst\u00e4rkste Batterie aufgrund der 16,8 V, es gibt dem Motor mehr Schub, von 32 lbs bis 41 lbs. Um diesen Akku an das Float Plus Compact 2 System anzuschlie\u00dfen, ist dieses spezielle Kabel erforderlich.","breadcrumb":{"@id":"https:\/\/floatplus.com\/de\/produkt-de\/stormcase-lithium-ionen-akku-494ah-168v\/#breadcrumb"},"inLanguage":"de","potentialAction":[{"@type":"ReadAction","target":["https:\/\/floatplus.com\/de\/produkt-de\/stormcase-lithium-ionen-akku-494ah-168v\/"]}]},{"@type":"ImageObject","inLanguage":"de","@id":"https:\/\/floatplus.com\/de\/produkt-de\/stormcase-lithium-ionen-akku-494ah-168v\/#primaryimage","url":"https:\/\/i0.wp.com\/floatplus.com\/wp-content\/uploads\/2022\/09\/49400-ah-16V.jpg?fit=1600%2C1200&ssl=1","contentUrl":"https:\/\/i0.wp.com\/floatplus.com\/wp-content\/uploads\/2022\/09\/49400-ah-16V.jpg?fit=1600%2C1200&ssl=1","width":1600,"height":1200},{"@type":"BreadcrumbList","@id":"https:\/\/floatplus.com\/de\/produkt-de\/stormcase-lithium-ionen-akku-494ah-168v\/#breadcrumb","itemListElement":[{"@type":"ListItem","position":1,"name":"Home","item":"https:\/\/floatplus.com\/de\/"},{"@type":"ListItem","position":2,"name":"Shop","item":"https:\/\/floatplus.com\/de\/shop-de\/"},{"@type":"ListItem","position":3,"name":"Stormcase Lithium-Ionen-Akku 49,4Ah 16,8V"}]},{"@type":"WebSite","@id":"https:\/\/floatplus.com\/de\/#website","url":"https:\/\/floatplus.com\/de\/","name":"Float Plus","description":"Worldleader in Bellyboats and Bellyboat Motors","publisher":{"@id":"https:\/\/floatplus.com\/de\/#organization"},"potentialAction":[{"@type":"SearchAction","target":{"@type":"EntryPoint","urlTemplate":"https:\/\/floatplus.com\/de\/?s={search_term_string}"},"query-input":{"@type":"PropertyValueSpecification","valueRequired":true,"valueName":"search_term_string"}}],"inLanguage":"de"},{"@type":"Organization","@id":"https:\/\/floatplus.com\/de\/#organization","name":"Float Plus Bellyboat & Bellyboat Motor","url":"https:\/\/floatplus.com\/de\/","logo":{"@type":"ImageObject","inLanguage":"de","@id":"https:\/\/floatplus.com\/de\/#\/schema\/logo\/image\/","url":"https:\/\/i0.wp.com\/floatplus.com\/wp-content\/uploads\/2021\/01\/logo-floatplus_icon.png?fit=135%2C135&ssl=1","contentUrl":"https:\/\/i0.wp.com\/floatplus.com\/wp-content\/uploads\/2021\/01\/logo-floatplus_icon.png?fit=135%2C135&ssl=1","width":135,"height":135,"caption":"Float Plus Bellyboat & Bellyboat Motor"},"image":{"@id":"https:\/\/floatplus.com\/de\/#\/schema\/logo\/image\/"},"sameAs":["https:\/\/www.facebook.com\/floatpluspro\/","https:\/\/www.instagram.com\/floatplus\/","https:\/\/www.youtube.com\/channel\/UCOawieW3u0T3mWwNTVFOVMQ"]}]}},"_links":{"self":[{"href":"https:\/\/floatplus.com\/de\/wp-json\/wp\/v2\/product\/26418","targetHints":{"allow":["GET"]}}],"collection":[{"href":"https:\/\/floatplus.com\/de\/wp-json\/wp\/v2\/product"}],"about":[{"href":"https:\/\/floatplus.com\/de\/wp-json\/wp\/v2\/types\/product"}],"replies":[{"embeddable":true,"href":"https:\/\/floatplus.com\/de\/wp-json\/wp\/v2\/comments?post=26418"}],"wp:featuredmedia":[{"embeddable":true,"href":"https:\/\/floatplus.com\/de\/wp-json\/wp\/v2\/media\/26394"}],"wp:attachment":[{"href":"https:\/\/floatplus.com\/de\/wp-json\/wp\/v2\/media?parent=26418"}],"wp:term":[{"taxonomy":"product_brand","embeddable":true,"href":"https:\/\/floatplus.com\/de\/wp-json\/wp\/v2\/product_brand?post=26418"},{"taxonomy":"product_cat","embeddable":true,"href":"https:\/\/floatplus.com\/de\/wp-json\/wp\/v2\/product_cat?post=26418"},{"taxonomy":"product_tag","embeddable":true,"href":"https:\/\/floatplus.com\/de\/wp-json\/wp\/v2\/product_tag?post=26418"},{"taxonomy":"giftcard-category","embeddable":true,"href":"https:\/\/floatplus.com\/de\/wp-json\/wp\/v2\/giftcard-category?post=26418"}],"curies":[{"name":"wp","href":"https:\/\/api.w.org\/{rel}","templated":true}]}}