{"id":26877,"date":"2022-12-16T15:56:06","date_gmt":"2022-12-16T15:56:06","guid":{"rendered":"https:\/\/floatplus.com\/product\/float-plus-abnehmbarer-bellyboat-radsatz\/"},"modified":"2025-11-14T09:23:25","modified_gmt":"2025-11-14T09:23:25","slug":"float-plus-abnehmbarer-bellyboat-radsatz","status":"publish","type":"product","link":"https:\/\/floatplus.com\/de\/produkt-de\/float-plus-abnehmbarer-bellyboat-radsatz\/","title":{"rendered":"Float Plus abnehmbarer Bellyboot Radsatz"},"content":{"rendered":"<h2><span style=\"font-size: 18px;\">Bellyboot Radset in Aktion:<\/span><\/h2>\n<p><iframe title=\"Float Plus Removable Wheelset for the Bellyboat \/ Float Tube\" width=\"1140\" height=\"641\" src=\"https:\/\/www.youtube.com\/embed\/PnCRXe_Yc14?feature=oembed\" frameborder=\"0\" allow=\"accelerometer; autoplay; clipboard-write; encrypted-media; gyroscope; picture-in-picture; web-share\" referrerpolicy=\"strict-origin-when-cross-origin\" allowfullscreen><\/iframe><\/p>\n<h2><span style=\"font-size: 18px;\">Float Plus elektrische Bellyboot-Motorsysteme:<\/span><\/h2>\n<p>Float Plus bietet drei elektrische Bellyboot-Motorsysteme an: Das Float Plus <a href=\"https:\/\/floatplus.com\/product-en\/float-plus-twin-force-electric-bellyboat-motor-system-en1\/\">Twin Force<\/a>, das Float Plus <a href=\"https:\/\/floatplus.com\/product-en\/float-plus-pro-2-belly-boat-motor\/\">Pro 2<\/a> und das Float Plus <a href=\"https:\/\/floatplus.com\/product-en\/bellyboat-motor-float-tube-motor-compact-222\/\">Compact 2<\/a> elektrische Bellyboot-Motorsystem. Die Twin Force bietet eine \u00fcberlegene Schubkraft, Beschleunigung und H\u00f6chstgeschwindigkeit. Dies macht es zu einer ausgezeichneten Wahl f\u00fcr die pelagische Fischerei. Insbesondere die Twin Force ist selbst bei durchschnittlichen Geschwindigkeiten bemerkenswert kraftstoffeffizient. Sie k\u00f6nnen alle unsere elektrischen Bellyboot-Systeme <a href=\"https:\/\/floatplus.com\/bellyboat-motor-system-differences\/\">hier<\/a> vergleichen.<\/p>\n<h2><span style=\"font-size: 18px;\">Welches Bellyboot soll ich w\u00e4hlen?<\/span><\/h2>\n<p>M\u00f6chten Sie das Beste aus dem Float Plus elektrischen Bellyboot-Motorsystem herausholen? Entdecken Sie die innovativen <a href=\"https:\/\/floatplus.com\/product-en\/belly-boat-float-plus-1-bellyboat-en\/\">Float Plus 1<\/a> und <a href=\"https:\/\/floatplus.com\/product-en\/float-plus-2-bellyboat\/\">Float Plus 2<\/a> Bellyboots. Diese Modelle sind sorgf\u00e4ltig darauf ausgelegt, sich mit den Float Plus Motorsystemen zu harmonisieren und bieten verbesserte Geschwindigkeit und Effizienz auf dem Wasser! Sie k\u00f6nnen die Unterschiede in den Bellyboots <a href=\"https:\/\/floatplus.com\/buy-bellyboat-differences\/\">hier<\/a> vergleichen.<\/p>\n<h2><span style=\"font-size: 18px;\">Garantie f\u00fcr Float Plus-Produkte<\/span><\/h2>\n<p>Bei Float Plus stehen wir fest hinter der Qualit\u00e4t und Leistung unserer Produkte und bieten Ihnen Sicherheit f\u00fcr Ihre Bellyboot-Abenteuer. Float Plus bietet eine 2-j\u00e4hrige Garantie f\u00fcr seine Produkte, die sicherstellt, dass sie frei von Material- und Verarbeitungsfehlern sind, wenn sie ordnungsgem\u00e4\u00df installiert und verwendet werden. Dieser Schutz beginnt ab dem Datum des ersten Kaufs.<\/p>\n<h2><span style=\"font-size: 18px;\">Was unsere Kunden sagen<\/span><\/h2>\n<p>Verlassen Sie sich nicht nur auf unser Wort \u2013 h\u00f6ren Sie, was unsere zufriedenen Kunden \u00fcber ihre Erfahrungen mit Float Plus-Produkten zu sagen haben. Lesen Sie aus erster Hand, wie der Float Plus Elektro-Bellyboot-Motor und unsere Bellyboots ihr Bootsabenteuer auf <a href=\"https:\/\/www.google.com\/maps\/place\/Float+Plus+B.V.+Bellyboot+elektro+motor\/@51.7093446,5.6715718,17z\/data=!4m8!3m7!1s0x47c6e53fbbc401a9:0xa16461cfb91c1240!8m2!3d51.7093446!4d5.6741467!9m1!1b1!16s%2Fg%2F11ffl_0wxr?entry=ttu\">Google<\/a>, <a href=\"https:\/\/www.trustpilot.com\/review\/floatplus.com\">Trustpilot<\/a> oder unten.<\/p>\n<p><img data-recalc-dims=\"1\" decoding=\"async\" class=\" wp-image-28146 aligncenter\" src=\"https:\/\/i0.wp.com\/floatplus.com\/wp-content\/uploads\/2023\/06\/rating-white.png?resize=288%2C46&#038;ssl=1\" alt=\"\" width=\"288\" height=\"46\" \/><\/p>\n","protected":false},"excerpt":{"rendered":"<p><span style=\"color: #ffffff;\">Die Bequemlichkeit dient dem Menschen! Mit diesem Radsatz bringen Sie Ihr aufgebautes Bellyboot in einem Zug an die Wasserkante.<\/span><\/p>\n<p><span style=\"color: #ffffff;\">Dort schieben Sie die R\u00e4der ab oder klicken sie hoch.<\/span><\/p>\n<p><span style=\"color: #ffffff;\">Die Halterung kann mit den superflexiblen Float Plus Universal-Klebepads befestigt werden.<br \/>\n<span style=\"color: #ffffff;\"><br \/>\nDieser komplette Float Plus-Radsatz f\u00fcr abnehmbare Bellyboots besteht aus:<\/span><\/span><\/p>\n<ul>\n<li><span style=\"color: #ffffff;\"><span style=\"color: #ffffff;\">1 x Radsatz inkl. Halterung<\/span><\/span><\/li>\n<li><span style=\"color: #ffffff;\"><span style=\"color: #ffffff;\">2 S\u00e4tze Universal Float Plus Klebepads<\/span><\/span><\/li>\n<li><span style=\"color: #ffffff;\"><span style=\"color: #ffffff;\">2 S\u00e4tze lange Schrauben <\/span><\/span><\/li>\n<\/ul>\n<p><img decoding=\"async\" src=\"https:\/\/floatplus.com\/wp-content\/uploads\/2025\/03\/manual-300x300.png\" alt=\"\" width=\"30\" height=\"30\" class=\"alignnone size-medium wp-image-32936\" \/> <a href=\"https:\/\/floatplus.com\/wp-content\/uploads\/2025\/03\/Anleitung-Radsatz.pdf\" target=\"_blank\">Anleitung<\/a><\/p>\n<p><iframe width=\"315\" height=\"560\" src=\"https:\/\/www.youtube.com\/embed\/aeFugE6GQWA\" title=\"YouTube video player\" frameborder=\"0\" allow=\"accelerometer; autoplay; clipboard-write; encrypted-media; gyroscope; picture-in-picture; web-share\" allowfullscreen><\/iframe><\/p>\n","protected":false},"featured_media":27018,"comment_status":"open","ping_status":"closed","template":"","meta":[],"product_brand":[],"product_cat":[155],"product_tag":[440],"giftcard-category":[],"class_list":{"0":"post-26877","1":"product","2":"type-product","3":"status-publish","4":"has-post-thumbnail","6":"product_cat-zubehor-de","7":"product_tag-productfeed","9":"first","10":"onbackorder","11":"featured","12":"taxable","13":"shipping-taxable","14":"purchasable","15":"product-type-simple"},"yoast_head":"<!-- This site is optimized with the Yoast SEO Premium plugin v23.1 (Yoast SEO v27.5) - https:\/\/yoast.com\/product\/yoast-seo-premium-wordpress\/ -->\n<title>Float Plus abnehmbarer Bellyboot Radsatz - Float Plus<\/title>\n<meta name=\"description\" content=\"Die Bequemlichkeit dient dem Menschen! Mit diesem Radsatz bringen Sie Ihr aufgebautes Bellyboot in einem Zug an die Wasserkante.  Dort schieben Sie die R\u00e4der ab oder klicken sie hoch.  Die Halterung kann mit den superflexiblen Float Plus Universal-Klebepads befestigt werden.  Dieser komplette Float Plus-Radsatz f\u00fcr abnehmbare Bellyboots besteht aus:   1 x Radsatz inkl. Halterung  2 S\u00e4tze Universal Float Plus Klebepads  2 S\u00e4tze lange Schrauben    Anleitung\" \/>\n<meta name=\"robots\" content=\"index, follow, max-snippet:-1, max-image-preview:large, max-video-preview:-1\" \/>\n<link rel=\"canonical\" href=\"https:\/\/floatplus.com\/de\/produkt-de\/float-plus-abnehmbarer-bellyboat-radsatz\/\" \/>\n<meta property=\"og:locale\" content=\"de_DE\" \/>\n<meta property=\"og:type\" content=\"article\" \/>\n<meta property=\"og:title\" content=\"Float Plus abnehmbarer Bellyboot Radsatz - Float Plus\" \/>\n<meta property=\"og:description\" content=\"Die Bequemlichkeit dient dem Menschen! Mit diesem Radsatz bringen Sie Ihr aufgebautes Bellyboot in einem Zug an die Wasserkante.  Dort schieben Sie die R\u00e4der ab oder klicken sie hoch.  Die Halterung kann mit den superflexiblen Float Plus Universal-Klebepads befestigt werden.  Dieser komplette Float Plus-Radsatz f\u00fcr abnehmbare Bellyboots besteht aus:   1 x Radsatz inkl. Halterung  2 S\u00e4tze Universal Float Plus Klebepads  2 S\u00e4tze lange Schrauben    Anleitung\" \/>\n<meta property=\"og:url\" content=\"https:\/\/floatplus.com\/de\/produkt-de\/float-plus-abnehmbarer-bellyboat-radsatz\/\" \/>\n<meta property=\"og:site_name\" content=\"Float Plus\" \/>\n<meta property=\"article:publisher\" content=\"https:\/\/www.facebook.com\/floatpluspro\/\" \/>\n<meta property=\"article:modified_time\" content=\"2025-11-14T09:23:25+00:00\" \/>\n<meta property=\"og:image\" content=\"https:\/\/floatplus.com\/wp-content\/uploads\/2022\/12\/float-plus-wheels2.jpg\" \/>\n\t<meta property=\"og:image:width\" content=\"1600\" \/>\n\t<meta property=\"og:image:height\" content=\"1200\" \/>\n\t<meta property=\"og:image:type\" content=\"image\/jpeg\" \/>\n<meta name=\"twitter:card\" content=\"summary_large_image\" \/>\n<meta name=\"twitter:label1\" content=\"Gesch\u00e4tzte Lesezeit\" \/>\n\t<meta name=\"twitter:data1\" content=\"2\u00a0Minuten\" \/>\n<script type=\"application\/ld+json\" class=\"yoast-schema-graph\">{\"@context\":\"https:\\\/\\\/schema.org\",\"@graph\":[{\"@type\":\"WebPage\",\"@id\":\"https:\\\/\\\/floatplus.com\\\/de\\\/produkt-de\\\/float-plus-abnehmbarer-bellyboat-radsatz\\\/\",\"url\":\"https:\\\/\\\/floatplus.com\\\/de\\\/produkt-de\\\/float-plus-abnehmbarer-bellyboat-radsatz\\\/\",\"name\":\"Float Plus abnehmbarer Bellyboot Radsatz - Float Plus\",\"isPartOf\":{\"@id\":\"https:\\\/\\\/floatplus.com\\\/de\\\/#website\"},\"primaryImageOfPage\":{\"@id\":\"https:\\\/\\\/floatplus.com\\\/de\\\/produkt-de\\\/float-plus-abnehmbarer-bellyboat-radsatz\\\/#primaryimage\"},\"image\":{\"@id\":\"https:\\\/\\\/floatplus.com\\\/de\\\/produkt-de\\\/float-plus-abnehmbarer-bellyboat-radsatz\\\/#primaryimage\"},\"thumbnailUrl\":\"https:\\\/\\\/i0.wp.com\\\/floatplus.com\\\/wp-content\\\/uploads\\\/2022\\\/12\\\/float-plus-wheels2.jpg?fit=1600%2C1200&ssl=1\",\"datePublished\":\"2022-12-16T15:56:06+00:00\",\"dateModified\":\"2025-11-14T09:23:25+00:00\",\"description\":\"Die Bequemlichkeit dient dem Menschen! Mit diesem Radsatz bringen Sie Ihr aufgebautes Bellyboot in einem Zug an die Wasserkante. Dort schieben Sie die R\u00e4der ab oder klicken sie hoch. Die Halterung kann mit den superflexiblen Float Plus Universal-Klebepads befestigt werden. Dieser komplette Float Plus-Radsatz f\u00fcr abnehmbare Bellyboots besteht aus: 1 x Radsatz inkl. Halterung 2 S\u00e4tze Universal Float Plus Klebepads 2 S\u00e4tze lange Schrauben Anleitung\",\"breadcrumb\":{\"@id\":\"https:\\\/\\\/floatplus.com\\\/de\\\/produkt-de\\\/float-plus-abnehmbarer-bellyboat-radsatz\\\/#breadcrumb\"},\"inLanguage\":\"de\",\"potentialAction\":[{\"@type\":\"ReadAction\",\"target\":[\"https:\\\/\\\/floatplus.com\\\/de\\\/produkt-de\\\/float-plus-abnehmbarer-bellyboat-radsatz\\\/\"]}]},{\"@type\":\"ImageObject\",\"inLanguage\":\"de\",\"@id\":\"https:\\\/\\\/floatplus.com\\\/de\\\/produkt-de\\\/float-plus-abnehmbarer-bellyboat-radsatz\\\/#primaryimage\",\"url\":\"https:\\\/\\\/i0.wp.com\\\/floatplus.com\\\/wp-content\\\/uploads\\\/2022\\\/12\\\/float-plus-wheels2.jpg?fit=1600%2C1200&ssl=1\",\"contentUrl\":\"https:\\\/\\\/i0.wp.com\\\/floatplus.com\\\/wp-content\\\/uploads\\\/2022\\\/12\\\/float-plus-wheels2.jpg?fit=1600%2C1200&ssl=1\",\"width\":1600,\"height\":1200},{\"@type\":\"BreadcrumbList\",\"@id\":\"https:\\\/\\\/floatplus.com\\\/de\\\/produkt-de\\\/float-plus-abnehmbarer-bellyboat-radsatz\\\/#breadcrumb\",\"itemListElement\":[{\"@type\":\"ListItem\",\"position\":1,\"name\":\"Home\",\"item\":\"https:\\\/\\\/floatplus.com\\\/de\\\/\"},{\"@type\":\"ListItem\",\"position\":2,\"name\":\"Shop\",\"item\":\"https:\\\/\\\/floatplus.com\\\/de\\\/shop-de\\\/\"},{\"@type\":\"ListItem\",\"position\":3,\"name\":\"Float Plus abnehmbarer Bellyboot Radsatz\"}]},{\"@type\":\"WebSite\",\"@id\":\"https:\\\/\\\/floatplus.com\\\/de\\\/#website\",\"url\":\"https:\\\/\\\/floatplus.com\\\/de\\\/\",\"name\":\"Float Plus\",\"description\":\"Worldleader in Bellyboats and Bellyboat Motors\",\"publisher\":{\"@id\":\"https:\\\/\\\/floatplus.com\\\/de\\\/#organization\"},\"potentialAction\":[{\"@type\":\"SearchAction\",\"target\":{\"@type\":\"EntryPoint\",\"urlTemplate\":\"https:\\\/\\\/floatplus.com\\\/de\\\/?s={search_term_string}\"},\"query-input\":{\"@type\":\"PropertyValueSpecification\",\"valueRequired\":true,\"valueName\":\"search_term_string\"}}],\"inLanguage\":\"de\"},{\"@type\":\"Organization\",\"@id\":\"https:\\\/\\\/floatplus.com\\\/de\\\/#organization\",\"name\":\"Float Plus Bellyboat & Bellyboat Motor\",\"url\":\"https:\\\/\\\/floatplus.com\\\/de\\\/\",\"logo\":{\"@type\":\"ImageObject\",\"inLanguage\":\"de\",\"@id\":\"https:\\\/\\\/floatplus.com\\\/de\\\/#\\\/schema\\\/logo\\\/image\\\/\",\"url\":\"https:\\\/\\\/i0.wp.com\\\/floatplus.com\\\/wp-content\\\/uploads\\\/2021\\\/01\\\/logo-floatplus_icon.png?fit=135%2C135&ssl=1\",\"contentUrl\":\"https:\\\/\\\/i0.wp.com\\\/floatplus.com\\\/wp-content\\\/uploads\\\/2021\\\/01\\\/logo-floatplus_icon.png?fit=135%2C135&ssl=1\",\"width\":135,\"height\":135,\"caption\":\"Float Plus Bellyboat & Bellyboat Motor\"},\"image\":{\"@id\":\"https:\\\/\\\/floatplus.com\\\/de\\\/#\\\/schema\\\/logo\\\/image\\\/\"},\"sameAs\":[\"https:\\\/\\\/www.facebook.com\\\/floatpluspro\\\/\",\"https:\\\/\\\/www.instagram.com\\\/floatplus\\\/\",\"https:\\\/\\\/www.youtube.com\\\/channel\\\/UCOawieW3u0T3mWwNTVFOVMQ\"]}]}<\/script>\n<!-- \/ Yoast SEO Premium plugin. -->","yoast_head_json":{"title":"Float Plus abnehmbarer Bellyboot Radsatz - Float Plus","description":"Die Bequemlichkeit dient dem Menschen! Mit diesem Radsatz bringen Sie Ihr aufgebautes Bellyboot in einem Zug an die Wasserkante.  Dort schieben Sie die R\u00e4der ab oder klicken sie hoch.  Die Halterung kann mit den superflexiblen Float Plus Universal-Klebepads befestigt werden.  Dieser komplette Float Plus-Radsatz f\u00fcr abnehmbare Bellyboots besteht aus:   1 x Radsatz inkl. Halterung  2 S\u00e4tze Universal Float Plus Klebepads  2 S\u00e4tze lange Schrauben    Anleitung","robots":{"index":"index","follow":"follow","max-snippet":"max-snippet:-1","max-image-preview":"max-image-preview:large","max-video-preview":"max-video-preview:-1"},"canonical":"https:\/\/floatplus.com\/de\/produkt-de\/float-plus-abnehmbarer-bellyboat-radsatz\/","og_locale":"de_DE","og_type":"article","og_title":"Float Plus abnehmbarer Bellyboot Radsatz - Float Plus","og_description":"Die Bequemlichkeit dient dem Menschen! Mit diesem Radsatz bringen Sie Ihr aufgebautes Bellyboot in einem Zug an die Wasserkante.  Dort schieben Sie die R\u00e4der ab oder klicken sie hoch.  Die Halterung kann mit den superflexiblen Float Plus Universal-Klebepads befestigt werden.  Dieser komplette Float Plus-Radsatz f\u00fcr abnehmbare Bellyboots besteht aus:   1 x Radsatz inkl. Halterung  2 S\u00e4tze Universal Float Plus Klebepads  2 S\u00e4tze lange Schrauben    Anleitung","og_url":"https:\/\/floatplus.com\/de\/produkt-de\/float-plus-abnehmbarer-bellyboat-radsatz\/","og_site_name":"Float Plus","article_publisher":"https:\/\/www.facebook.com\/floatpluspro\/","article_modified_time":"2025-11-14T09:23:25+00:00","og_image":[{"width":1600,"height":1200,"url":"https:\/\/floatplus.com\/wp-content\/uploads\/2022\/12\/float-plus-wheels2.jpg","type":"image\/jpeg"}],"twitter_card":"summary_large_image","twitter_misc":{"Gesch\u00e4tzte Lesezeit":"2\u00a0Minuten"},"schema":{"@context":"https:\/\/schema.org","@graph":[{"@type":"WebPage","@id":"https:\/\/floatplus.com\/de\/produkt-de\/float-plus-abnehmbarer-bellyboat-radsatz\/","url":"https:\/\/floatplus.com\/de\/produkt-de\/float-plus-abnehmbarer-bellyboat-radsatz\/","name":"Float Plus abnehmbarer Bellyboot Radsatz - Float Plus","isPartOf":{"@id":"https:\/\/floatplus.com\/de\/#website"},"primaryImageOfPage":{"@id":"https:\/\/floatplus.com\/de\/produkt-de\/float-plus-abnehmbarer-bellyboat-radsatz\/#primaryimage"},"image":{"@id":"https:\/\/floatplus.com\/de\/produkt-de\/float-plus-abnehmbarer-bellyboat-radsatz\/#primaryimage"},"thumbnailUrl":"https:\/\/i0.wp.com\/floatplus.com\/wp-content\/uploads\/2022\/12\/float-plus-wheels2.jpg?fit=1600%2C1200&ssl=1","datePublished":"2022-12-16T15:56:06+00:00","dateModified":"2025-11-14T09:23:25+00:00","description":"Die Bequemlichkeit dient dem Menschen! Mit diesem Radsatz bringen Sie Ihr aufgebautes Bellyboot in einem Zug an die Wasserkante. Dort schieben Sie die R\u00e4der ab oder klicken sie hoch. Die Halterung kann mit den superflexiblen Float Plus Universal-Klebepads befestigt werden. Dieser komplette Float Plus-Radsatz f\u00fcr abnehmbare Bellyboots besteht aus: 1 x Radsatz inkl. Halterung 2 S\u00e4tze Universal Float Plus Klebepads 2 S\u00e4tze lange Schrauben Anleitung","breadcrumb":{"@id":"https:\/\/floatplus.com\/de\/produkt-de\/float-plus-abnehmbarer-bellyboat-radsatz\/#breadcrumb"},"inLanguage":"de","potentialAction":[{"@type":"ReadAction","target":["https:\/\/floatplus.com\/de\/produkt-de\/float-plus-abnehmbarer-bellyboat-radsatz\/"]}]},{"@type":"ImageObject","inLanguage":"de","@id":"https:\/\/floatplus.com\/de\/produkt-de\/float-plus-abnehmbarer-bellyboat-radsatz\/#primaryimage","url":"https:\/\/i0.wp.com\/floatplus.com\/wp-content\/uploads\/2022\/12\/float-plus-wheels2.jpg?fit=1600%2C1200&ssl=1","contentUrl":"https:\/\/i0.wp.com\/floatplus.com\/wp-content\/uploads\/2022\/12\/float-plus-wheels2.jpg?fit=1600%2C1200&ssl=1","width":1600,"height":1200},{"@type":"BreadcrumbList","@id":"https:\/\/floatplus.com\/de\/produkt-de\/float-plus-abnehmbarer-bellyboat-radsatz\/#breadcrumb","itemListElement":[{"@type":"ListItem","position":1,"name":"Home","item":"https:\/\/floatplus.com\/de\/"},{"@type":"ListItem","position":2,"name":"Shop","item":"https:\/\/floatplus.com\/de\/shop-de\/"},{"@type":"ListItem","position":3,"name":"Float Plus abnehmbarer Bellyboot Radsatz"}]},{"@type":"WebSite","@id":"https:\/\/floatplus.com\/de\/#website","url":"https:\/\/floatplus.com\/de\/","name":"Float Plus","description":"Worldleader in Bellyboats and Bellyboat Motors","publisher":{"@id":"https:\/\/floatplus.com\/de\/#organization"},"potentialAction":[{"@type":"SearchAction","target":{"@type":"EntryPoint","urlTemplate":"https:\/\/floatplus.com\/de\/?s={search_term_string}"},"query-input":{"@type":"PropertyValueSpecification","valueRequired":true,"valueName":"search_term_string"}}],"inLanguage":"de"},{"@type":"Organization","@id":"https:\/\/floatplus.com\/de\/#organization","name":"Float Plus Bellyboat & Bellyboat Motor","url":"https:\/\/floatplus.com\/de\/","logo":{"@type":"ImageObject","inLanguage":"de","@id":"https:\/\/floatplus.com\/de\/#\/schema\/logo\/image\/","url":"https:\/\/i0.wp.com\/floatplus.com\/wp-content\/uploads\/2021\/01\/logo-floatplus_icon.png?fit=135%2C135&ssl=1","contentUrl":"https:\/\/i0.wp.com\/floatplus.com\/wp-content\/uploads\/2021\/01\/logo-floatplus_icon.png?fit=135%2C135&ssl=1","width":135,"height":135,"caption":"Float Plus Bellyboat & Bellyboat Motor"},"image":{"@id":"https:\/\/floatplus.com\/de\/#\/schema\/logo\/image\/"},"sameAs":["https:\/\/www.facebook.com\/floatpluspro\/","https:\/\/www.instagram.com\/floatplus\/","https:\/\/www.youtube.com\/channel\/UCOawieW3u0T3mWwNTVFOVMQ"]}]}},"_links":{"self":[{"href":"https:\/\/floatplus.com\/de\/wp-json\/wp\/v2\/product\/26877","targetHints":{"allow":["GET"]}}],"collection":[{"href":"https:\/\/floatplus.com\/de\/wp-json\/wp\/v2\/product"}],"about":[{"href":"https:\/\/floatplus.com\/de\/wp-json\/wp\/v2\/types\/product"}],"replies":[{"embeddable":true,"href":"https:\/\/floatplus.com\/de\/wp-json\/wp\/v2\/comments?post=26877"}],"wp:featuredmedia":[{"embeddable":true,"href":"https:\/\/floatplus.com\/de\/wp-json\/wp\/v2\/media\/27018"}],"wp:attachment":[{"href":"https:\/\/floatplus.com\/de\/wp-json\/wp\/v2\/media?parent=26877"}],"wp:term":[{"taxonomy":"product_brand","embeddable":true,"href":"https:\/\/floatplus.com\/de\/wp-json\/wp\/v2\/product_brand?post=26877"},{"taxonomy":"product_cat","embeddable":true,"href":"https:\/\/floatplus.com\/de\/wp-json\/wp\/v2\/product_cat?post=26877"},{"taxonomy":"product_tag","embeddable":true,"href":"https:\/\/floatplus.com\/de\/wp-json\/wp\/v2\/product_tag?post=26877"},{"taxonomy":"giftcard-category","embeddable":true,"href":"https:\/\/floatplus.com\/de\/wp-json\/wp\/v2\/giftcard-category?post=26877"}],"curies":[{"name":"wp","href":"https:\/\/api.w.org\/{rel}","templated":true}]}}