{"id":27053,"date":"2023-02-27T12:43:22","date_gmt":"2023-02-27T12:43:22","guid":{"rendered":"https:\/\/floatplus.com\/product\/float-plus-tragegurte\/"},"modified":"2025-11-14T09:13:21","modified_gmt":"2025-11-14T09:13:21","slug":"float-plus-tragegurte","status":"publish","type":"product","link":"https:\/\/floatplus.com\/de\/produkt-de\/float-plus-tragegurte\/","title":{"rendered":"Float Plus Bellyboot Tragegurte"},"content":{"rendered":"<section class=\"wpb-content-wrapper\"><p>[vc_row][vc_column][\/vc_column][\/vc_row]<\/p>\n<\/section>","protected":false},"excerpt":{"rendered":"<p><span style=\"color: #ffffff;\">Praktischer Gurt zum Tragen deines Float Plus Bellyboots!<\/span><\/p>\n<p><span style=\"color: #ffffff;\">Float Plus Bellyboot Tragegurte Inkl. Klebepads und D-Ring<\/span><\/p>\n<ul>\n<li><span style=\"color: #ffffff;\">Praktische Tragegurte f\u00fcr dein Bellyboot!<\/span><\/li>\n<li><span style=\"color: #ffffff;\">Mit Klebepads geliefert<\/span><\/li>\n<li><span style=\"color: #ffffff;\">Robuste D-Ringe<\/span><\/li>\n<li><span style=\"color: #ffffff;\">Einfach zu befestigen<\/span><\/li>\n<li><span style=\"color: #ffffff;\">Verstellbarer Gurt<\/span><\/li>\n<li><span style=\"color: #ffffff;\">Einfacher Transport deines Bellyboots!<\/span><\/li>\n<\/ul>\n<p><span style=\"color: #ffffff;\">Diese praktischen Tragegurte erleichtern den Transport deines Bellyboots erheblich! Mit den Gurten kannst du das Bellyboot auf deinem R\u00fccken tragen. Befestige einfach die vier Klebepads an der Unterseite deines Bellyboots. Anschlie\u00dfend klickst du die Tragegurte an den D-Ringen auf den Klebepads fest. Das System verf\u00fcgt \u00fcber einen verstellbaren Gurt, sodass die Tragegurte beim Gehen gut sitzen bleiben.<br \/>\n<\/span><\/p>\n<p><iframe width=\"315\" height=\"560\" src=\"https:\/\/www.youtube.com\/embed\/Eyjn2pIJn90\" title=\"YouTube video player\" frameborder=\"0\" allow=\"accelerometer; autoplay; clipboard-write; encrypted-media; gyroscope; picture-in-picture; web-share\" allowfullscreen><\/iframe><\/p>\n","protected":false},"featured_media":27049,"comment_status":"open","ping_status":"closed","template":"","meta":[],"product_brand":[],"product_cat":[155],"product_tag":[],"giftcard-category":[],"class_list":{"0":"post-27053","1":"product","2":"type-product","3":"status-publish","4":"has-post-thumbnail","6":"product_cat-zubehor-de","8":"first","9":"instock","10":"featured","11":"taxable","12":"shipping-taxable","13":"purchasable","14":"product-type-simple"},"yoast_head":"<!-- This site is optimized with the Yoast SEO Premium plugin v23.1 (Yoast SEO v27.5) - https:\/\/yoast.com\/product\/yoast-seo-premium-wordpress\/ -->\n<title>Float Plus Bellyboot Tragegurte - Float Plus<\/title>\n<meta name=\"description\" content=\"Praktischer Gurt zum Tragen deines Float Plus Bellyboots!  Float Plus Bellyboot Tragegurte Inkl. Klebepads und D-Ring   Praktische Tragegurte f\u00fcr dein Bellyboot!  Mit Klebepads geliefert  Robuste D-Ringe  Einfach zu befestigen  Verstellbarer Gurt  Einfacher Transport deines Bellyboots!  Diese praktischen Tragegurte erleichtern den Transport deines Bellyboots erheblich! Mit den Gurten kannst du das Bellyboot auf deinem R\u00fccken tragen. Befestige einfach die vier Klebepads an der Unterseite deines Bellyboots. Anschlie\u00dfend klickst du die Tragegurte an den D-Ringen auf den Klebepads fest. Das System verf\u00fcgt \u00fcber einen verstellbaren Gurt, sodass die Tragegurte beim Gehen gut sitzen bleiben.\" \/>\n<meta name=\"robots\" content=\"index, follow, max-snippet:-1, max-image-preview:large, max-video-preview:-1\" \/>\n<link rel=\"canonical\" href=\"https:\/\/floatplus.com\/de\/produkt-de\/float-plus-tragegurte\/\" \/>\n<meta property=\"og:locale\" content=\"de_DE\" \/>\n<meta property=\"og:type\" content=\"article\" \/>\n<meta property=\"og:title\" content=\"Float Plus Bellyboot Tragegurte - Float Plus\" \/>\n<meta property=\"og:description\" content=\"Praktischer Gurt zum Tragen deines Float Plus Bellyboots!  Float Plus Bellyboot Tragegurte Inkl. Klebepads und D-Ring   Praktische Tragegurte f\u00fcr dein Bellyboot!  Mit Klebepads geliefert  Robuste D-Ringe  Einfach zu befestigen  Verstellbarer Gurt  Einfacher Transport deines Bellyboots!  Diese praktischen Tragegurte erleichtern den Transport deines Bellyboots erheblich! Mit den Gurten kannst du das Bellyboot auf deinem R\u00fccken tragen. Befestige einfach die vier Klebepads an der Unterseite deines Bellyboots. Anschlie\u00dfend klickst du die Tragegurte an den D-Ringen auf den Klebepads fest. Das System verf\u00fcgt \u00fcber einen verstellbaren Gurt, sodass die Tragegurte beim Gehen gut sitzen bleiben.\" \/>\n<meta property=\"og:url\" content=\"https:\/\/floatplus.com\/de\/produkt-de\/float-plus-tragegurte\/\" \/>\n<meta property=\"og:site_name\" content=\"Float Plus\" \/>\n<meta property=\"article:publisher\" content=\"https:\/\/www.facebook.com\/floatpluspro\/\" \/>\n<meta property=\"article:modified_time\" content=\"2025-11-14T09:13:21+00:00\" \/>\n<meta property=\"og:image\" content=\"https:\/\/floatplus.com\/wp-content\/uploads\/2023\/02\/float-plus-draagriem.jpg\" \/>\n\t<meta property=\"og:image:width\" content=\"1600\" \/>\n\t<meta property=\"og:image:height\" content=\"1200\" \/>\n\t<meta property=\"og:image:type\" content=\"image\/jpeg\" \/>\n<meta name=\"twitter:card\" content=\"summary_large_image\" \/>\n<meta name=\"twitter:label1\" content=\"Gesch\u00e4tzte Lesezeit\" \/>\n\t<meta name=\"twitter:data1\" content=\"1\u00a0Minute\" \/>\n<script type=\"application\/ld+json\" class=\"yoast-schema-graph\">{\"@context\":\"https:\\\/\\\/schema.org\",\"@graph\":[{\"@type\":\"WebPage\",\"@id\":\"https:\\\/\\\/floatplus.com\\\/de\\\/produkt-de\\\/float-plus-tragegurte\\\/\",\"url\":\"https:\\\/\\\/floatplus.com\\\/de\\\/produkt-de\\\/float-plus-tragegurte\\\/\",\"name\":\"Float Plus Bellyboot Tragegurte - Float Plus\",\"isPartOf\":{\"@id\":\"https:\\\/\\\/floatplus.com\\\/de\\\/#website\"},\"primaryImageOfPage\":{\"@id\":\"https:\\\/\\\/floatplus.com\\\/de\\\/produkt-de\\\/float-plus-tragegurte\\\/#primaryimage\"},\"image\":{\"@id\":\"https:\\\/\\\/floatplus.com\\\/de\\\/produkt-de\\\/float-plus-tragegurte\\\/#primaryimage\"},\"thumbnailUrl\":\"https:\\\/\\\/i0.wp.com\\\/floatplus.com\\\/wp-content\\\/uploads\\\/2023\\\/02\\\/float-plus-draagriem.jpg?fit=1600%2C1200&ssl=1\",\"datePublished\":\"2023-02-27T12:43:22+00:00\",\"dateModified\":\"2025-11-14T09:13:21+00:00\",\"description\":\"Praktischer Gurt zum Tragen deines Float Plus Bellyboots! Float Plus Bellyboot Tragegurte Inkl. Klebepads und D-Ring Praktische Tragegurte f\u00fcr dein Bellyboot! Mit Klebepads geliefert Robuste D-Ringe Einfach zu befestigen Verstellbarer Gurt Einfacher Transport deines Bellyboots! Diese praktischen Tragegurte erleichtern den Transport deines Bellyboots erheblich! Mit den Gurten kannst du das Bellyboot auf deinem R\u00fccken tragen. Befestige einfach die vier Klebepads an der Unterseite deines Bellyboots. Anschlie\u00dfend klickst du die Tragegurte an den D-Ringen auf den Klebepads fest. Das System verf\u00fcgt \u00fcber einen verstellbaren Gurt, sodass die Tragegurte beim Gehen gut sitzen bleiben.\",\"breadcrumb\":{\"@id\":\"https:\\\/\\\/floatplus.com\\\/de\\\/produkt-de\\\/float-plus-tragegurte\\\/#breadcrumb\"},\"inLanguage\":\"de\",\"potentialAction\":[{\"@type\":\"ReadAction\",\"target\":[\"https:\\\/\\\/floatplus.com\\\/de\\\/produkt-de\\\/float-plus-tragegurte\\\/\"]}]},{\"@type\":\"ImageObject\",\"inLanguage\":\"de\",\"@id\":\"https:\\\/\\\/floatplus.com\\\/de\\\/produkt-de\\\/float-plus-tragegurte\\\/#primaryimage\",\"url\":\"https:\\\/\\\/i0.wp.com\\\/floatplus.com\\\/wp-content\\\/uploads\\\/2023\\\/02\\\/float-plus-draagriem.jpg?fit=1600%2C1200&ssl=1\",\"contentUrl\":\"https:\\\/\\\/i0.wp.com\\\/floatplus.com\\\/wp-content\\\/uploads\\\/2023\\\/02\\\/float-plus-draagriem.jpg?fit=1600%2C1200&ssl=1\",\"width\":1600,\"height\":1200},{\"@type\":\"BreadcrumbList\",\"@id\":\"https:\\\/\\\/floatplus.com\\\/de\\\/produkt-de\\\/float-plus-tragegurte\\\/#breadcrumb\",\"itemListElement\":[{\"@type\":\"ListItem\",\"position\":1,\"name\":\"Home\",\"item\":\"https:\\\/\\\/floatplus.com\\\/de\\\/\"},{\"@type\":\"ListItem\",\"position\":2,\"name\":\"Shop\",\"item\":\"https:\\\/\\\/floatplus.com\\\/de\\\/shop-de\\\/\"},{\"@type\":\"ListItem\",\"position\":3,\"name\":\"Float Plus Bellyboot Tragegurte\"}]},{\"@type\":\"WebSite\",\"@id\":\"https:\\\/\\\/floatplus.com\\\/de\\\/#website\",\"url\":\"https:\\\/\\\/floatplus.com\\\/de\\\/\",\"name\":\"Float Plus\",\"description\":\"Worldleader in Bellyboats and Bellyboat Motors\",\"publisher\":{\"@id\":\"https:\\\/\\\/floatplus.com\\\/de\\\/#organization\"},\"potentialAction\":[{\"@type\":\"SearchAction\",\"target\":{\"@type\":\"EntryPoint\",\"urlTemplate\":\"https:\\\/\\\/floatplus.com\\\/de\\\/?s={search_term_string}\"},\"query-input\":{\"@type\":\"PropertyValueSpecification\",\"valueRequired\":true,\"valueName\":\"search_term_string\"}}],\"inLanguage\":\"de\"},{\"@type\":\"Organization\",\"@id\":\"https:\\\/\\\/floatplus.com\\\/de\\\/#organization\",\"name\":\"Float Plus Bellyboat & Bellyboat Motor\",\"url\":\"https:\\\/\\\/floatplus.com\\\/de\\\/\",\"logo\":{\"@type\":\"ImageObject\",\"inLanguage\":\"de\",\"@id\":\"https:\\\/\\\/floatplus.com\\\/de\\\/#\\\/schema\\\/logo\\\/image\\\/\",\"url\":\"https:\\\/\\\/i0.wp.com\\\/floatplus.com\\\/wp-content\\\/uploads\\\/2021\\\/01\\\/logo-floatplus_icon.png?fit=135%2C135&ssl=1\",\"contentUrl\":\"https:\\\/\\\/i0.wp.com\\\/floatplus.com\\\/wp-content\\\/uploads\\\/2021\\\/01\\\/logo-floatplus_icon.png?fit=135%2C135&ssl=1\",\"width\":135,\"height\":135,\"caption\":\"Float Plus Bellyboat & Bellyboat Motor\"},\"image\":{\"@id\":\"https:\\\/\\\/floatplus.com\\\/de\\\/#\\\/schema\\\/logo\\\/image\\\/\"},\"sameAs\":[\"https:\\\/\\\/www.facebook.com\\\/floatpluspro\\\/\",\"https:\\\/\\\/www.instagram.com\\\/floatplus\\\/\",\"https:\\\/\\\/www.youtube.com\\\/channel\\\/UCOawieW3u0T3mWwNTVFOVMQ\"]}]}<\/script>\n<!-- \/ Yoast SEO Premium plugin. -->","yoast_head_json":{"title":"Float Plus Bellyboot Tragegurte - Float Plus","description":"Praktischer Gurt zum Tragen deines Float Plus Bellyboots!  Float Plus Bellyboot Tragegurte Inkl. Klebepads und D-Ring   Praktische Tragegurte f\u00fcr dein Bellyboot!  Mit Klebepads geliefert  Robuste D-Ringe  Einfach zu befestigen  Verstellbarer Gurt  Einfacher Transport deines Bellyboots!  Diese praktischen Tragegurte erleichtern den Transport deines Bellyboots erheblich! Mit den Gurten kannst du das Bellyboot auf deinem R\u00fccken tragen. Befestige einfach die vier Klebepads an der Unterseite deines Bellyboots. Anschlie\u00dfend klickst du die Tragegurte an den D-Ringen auf den Klebepads fest. Das System verf\u00fcgt \u00fcber einen verstellbaren Gurt, sodass die Tragegurte beim Gehen gut sitzen bleiben.","robots":{"index":"index","follow":"follow","max-snippet":"max-snippet:-1","max-image-preview":"max-image-preview:large","max-video-preview":"max-video-preview:-1"},"canonical":"https:\/\/floatplus.com\/de\/produkt-de\/float-plus-tragegurte\/","og_locale":"de_DE","og_type":"article","og_title":"Float Plus Bellyboot Tragegurte - Float Plus","og_description":"Praktischer Gurt zum Tragen deines Float Plus Bellyboots!  Float Plus Bellyboot Tragegurte Inkl. Klebepads und D-Ring   Praktische Tragegurte f\u00fcr dein Bellyboot!  Mit Klebepads geliefert  Robuste D-Ringe  Einfach zu befestigen  Verstellbarer Gurt  Einfacher Transport deines Bellyboots!  Diese praktischen Tragegurte erleichtern den Transport deines Bellyboots erheblich! Mit den Gurten kannst du das Bellyboot auf deinem R\u00fccken tragen. Befestige einfach die vier Klebepads an der Unterseite deines Bellyboots. Anschlie\u00dfend klickst du die Tragegurte an den D-Ringen auf den Klebepads fest. Das System verf\u00fcgt \u00fcber einen verstellbaren Gurt, sodass die Tragegurte beim Gehen gut sitzen bleiben.","og_url":"https:\/\/floatplus.com\/de\/produkt-de\/float-plus-tragegurte\/","og_site_name":"Float Plus","article_publisher":"https:\/\/www.facebook.com\/floatpluspro\/","article_modified_time":"2025-11-14T09:13:21+00:00","og_image":[{"width":1600,"height":1200,"url":"https:\/\/floatplus.com\/wp-content\/uploads\/2023\/02\/float-plus-draagriem.jpg","type":"image\/jpeg"}],"twitter_card":"summary_large_image","twitter_misc":{"Gesch\u00e4tzte Lesezeit":"1\u00a0Minute"},"schema":{"@context":"https:\/\/schema.org","@graph":[{"@type":"WebPage","@id":"https:\/\/floatplus.com\/de\/produkt-de\/float-plus-tragegurte\/","url":"https:\/\/floatplus.com\/de\/produkt-de\/float-plus-tragegurte\/","name":"Float Plus Bellyboot Tragegurte - Float Plus","isPartOf":{"@id":"https:\/\/floatplus.com\/de\/#website"},"primaryImageOfPage":{"@id":"https:\/\/floatplus.com\/de\/produkt-de\/float-plus-tragegurte\/#primaryimage"},"image":{"@id":"https:\/\/floatplus.com\/de\/produkt-de\/float-plus-tragegurte\/#primaryimage"},"thumbnailUrl":"https:\/\/i0.wp.com\/floatplus.com\/wp-content\/uploads\/2023\/02\/float-plus-draagriem.jpg?fit=1600%2C1200&ssl=1","datePublished":"2023-02-27T12:43:22+00:00","dateModified":"2025-11-14T09:13:21+00:00","description":"Praktischer Gurt zum Tragen deines Float Plus Bellyboots! Float Plus Bellyboot Tragegurte Inkl. Klebepads und D-Ring Praktische Tragegurte f\u00fcr dein Bellyboot! Mit Klebepads geliefert Robuste D-Ringe Einfach zu befestigen Verstellbarer Gurt Einfacher Transport deines Bellyboots! Diese praktischen Tragegurte erleichtern den Transport deines Bellyboots erheblich! Mit den Gurten kannst du das Bellyboot auf deinem R\u00fccken tragen. Befestige einfach die vier Klebepads an der Unterseite deines Bellyboots. Anschlie\u00dfend klickst du die Tragegurte an den D-Ringen auf den Klebepads fest. Das System verf\u00fcgt \u00fcber einen verstellbaren Gurt, sodass die Tragegurte beim Gehen gut sitzen bleiben.","breadcrumb":{"@id":"https:\/\/floatplus.com\/de\/produkt-de\/float-plus-tragegurte\/#breadcrumb"},"inLanguage":"de","potentialAction":[{"@type":"ReadAction","target":["https:\/\/floatplus.com\/de\/produkt-de\/float-plus-tragegurte\/"]}]},{"@type":"ImageObject","inLanguage":"de","@id":"https:\/\/floatplus.com\/de\/produkt-de\/float-plus-tragegurte\/#primaryimage","url":"https:\/\/i0.wp.com\/floatplus.com\/wp-content\/uploads\/2023\/02\/float-plus-draagriem.jpg?fit=1600%2C1200&ssl=1","contentUrl":"https:\/\/i0.wp.com\/floatplus.com\/wp-content\/uploads\/2023\/02\/float-plus-draagriem.jpg?fit=1600%2C1200&ssl=1","width":1600,"height":1200},{"@type":"BreadcrumbList","@id":"https:\/\/floatplus.com\/de\/produkt-de\/float-plus-tragegurte\/#breadcrumb","itemListElement":[{"@type":"ListItem","position":1,"name":"Home","item":"https:\/\/floatplus.com\/de\/"},{"@type":"ListItem","position":2,"name":"Shop","item":"https:\/\/floatplus.com\/de\/shop-de\/"},{"@type":"ListItem","position":3,"name":"Float Plus Bellyboot Tragegurte"}]},{"@type":"WebSite","@id":"https:\/\/floatplus.com\/de\/#website","url":"https:\/\/floatplus.com\/de\/","name":"Float Plus","description":"Worldleader in Bellyboats and Bellyboat Motors","publisher":{"@id":"https:\/\/floatplus.com\/de\/#organization"},"potentialAction":[{"@type":"SearchAction","target":{"@type":"EntryPoint","urlTemplate":"https:\/\/floatplus.com\/de\/?s={search_term_string}"},"query-input":{"@type":"PropertyValueSpecification","valueRequired":true,"valueName":"search_term_string"}}],"inLanguage":"de"},{"@type":"Organization","@id":"https:\/\/floatplus.com\/de\/#organization","name":"Float Plus Bellyboat & Bellyboat Motor","url":"https:\/\/floatplus.com\/de\/","logo":{"@type":"ImageObject","inLanguage":"de","@id":"https:\/\/floatplus.com\/de\/#\/schema\/logo\/image\/","url":"https:\/\/i0.wp.com\/floatplus.com\/wp-content\/uploads\/2021\/01\/logo-floatplus_icon.png?fit=135%2C135&ssl=1","contentUrl":"https:\/\/i0.wp.com\/floatplus.com\/wp-content\/uploads\/2021\/01\/logo-floatplus_icon.png?fit=135%2C135&ssl=1","width":135,"height":135,"caption":"Float Plus Bellyboat & Bellyboat Motor"},"image":{"@id":"https:\/\/floatplus.com\/de\/#\/schema\/logo\/image\/"},"sameAs":["https:\/\/www.facebook.com\/floatpluspro\/","https:\/\/www.instagram.com\/floatplus\/","https:\/\/www.youtube.com\/channel\/UCOawieW3u0T3mWwNTVFOVMQ"]}]}},"_links":{"self":[{"href":"https:\/\/floatplus.com\/de\/wp-json\/wp\/v2\/product\/27053","targetHints":{"allow":["GET"]}}],"collection":[{"href":"https:\/\/floatplus.com\/de\/wp-json\/wp\/v2\/product"}],"about":[{"href":"https:\/\/floatplus.com\/de\/wp-json\/wp\/v2\/types\/product"}],"replies":[{"embeddable":true,"href":"https:\/\/floatplus.com\/de\/wp-json\/wp\/v2\/comments?post=27053"}],"wp:featuredmedia":[{"embeddable":true,"href":"https:\/\/floatplus.com\/de\/wp-json\/wp\/v2\/media\/27049"}],"wp:attachment":[{"href":"https:\/\/floatplus.com\/de\/wp-json\/wp\/v2\/media?parent=27053"}],"wp:term":[{"taxonomy":"product_brand","embeddable":true,"href":"https:\/\/floatplus.com\/de\/wp-json\/wp\/v2\/product_brand?post=27053"},{"taxonomy":"product_cat","embeddable":true,"href":"https:\/\/floatplus.com\/de\/wp-json\/wp\/v2\/product_cat?post=27053"},{"taxonomy":"product_tag","embeddable":true,"href":"https:\/\/floatplus.com\/de\/wp-json\/wp\/v2\/product_tag?post=27053"},{"taxonomy":"giftcard-category","embeddable":true,"href":"https:\/\/floatplus.com\/de\/wp-json\/wp\/v2\/giftcard-category?post=27053"}],"curies":[{"name":"wp","href":"https:\/\/api.w.org\/{rel}","templated":true}]}}