{"id":29166,"date":"2023-11-28T14:45:11","date_gmt":"2023-11-28T14:45:11","guid":{"rendered":"https:\/\/floatplus.com\/product\/float-plus-compact-2\/"},"modified":"2026-01-29T16:03:59","modified_gmt":"2026-01-29T16:03:59","slug":"float-plus-compact-2","status":"publish","type":"product","link":"https:\/\/floatplus.com\/de\/produkt-de\/float-plus-compact-2\/","title":{"rendered":"Float Plus Compact 2"},"content":{"rendered":"<section class=\"wpb-content-wrapper\"><h2><span style=\"font-size: 18px;\">Unterschiede zwischen den Float Plus Bellyboot Motor Systemen:<\/span><\/h2>\n<p>Der Vorteil des Float Plus Compact 2 Bellyboot Motor gegen\u00fcber dem <a href=\"https:\/\/floatplus.com\/de\/product-en\/float-plus-pro-2-belly-boot-motor\/\">Pro 2<\/a> &amp; <a href=\"https:\/\/floatplus.com\/product-en\/float-plus-twin-force-en\/\">Twin Force<\/a> Modell liegt darin, dass das Compact in einem kleinen kompakten Geh\u00e4use untergebracht ist, federleicht ist und leicht hinter der Tasche platziert werden kann. Das System wird mit einem Motor und einer Fernbedienung geliefert. Dieses praktische Modell h\u00e4lt den Raum hinter dem Sitz frei f\u00fcr andere Notwendigkeiten. Sie k\u00f6nnen alle unsere elektrischen Bellyboot Motor Systemen <a href=\"https:\/\/floatplus.com\/de\/verschiedene-systeme\/\">hier<\/a> vergleichen.<\/p>\n<h2><span style=\"font-size: 18px;\">Welches Bellyboot soll man w\u00e4hlen?<\/span><\/h2>\n<p>M\u00f6chten Sie das Maximum aus dem Float Plus Compact 2 Bellyboot Motor System herausholen? Erkunden Sie die innovativen <a href=\"https:\/\/floatplus.com\/de\/product-en\/float-plus-1-bellyboat-de\/\">Float Plus 1<\/a> und <a href=\"https:\/\/floatplus.com\/de\/product-en\/float-plus-2-bellyboat-de\/\">Float Plus 2<\/a> Bellyboots. Diese Modelle sind sorgf\u00e4ltig darauf ausgelegt, mit den Float Plus Motorsystemen zu harmonieren und bieten verbesserte Geschwindigkeit und Effizienz auf dem Wasser! Sie k\u00f6nnen die Unterschiede bei den Bellyboots <a href=\"https:\/\/floatplus.com\/de\/unterschiede-bellyboat\/\">hier<\/a> vergleichen.<\/p>\n<h2><span style=\"font-size: 18px;\">Garantie Float Plus Compact 2 Bellyboot Motor<\/span><\/h2>\n<p>Bei Float Plus stehen wir fest hinter der Qualit\u00e4t und Leistung unserer Produkte (Bellyboot und Bellyboot Motor Systemen). Float Plus bietet eine 2-j\u00e4hrige Garantie auf seine Produkte (ausgenommen Batterie), um sicherzustellen, dass sie bei ordnungsgem\u00e4\u00dfer Installation und Verwendung frei von Material- und Verarbeitungsfehlern sind. Die Batteriegarantie betr\u00e4gt 1 Jahr. Diese Deckung beginnt mit dem Datum des ersten Kaufs.<\/p>\n<h2><span style=\"font-size: 18px;\">Was unsere Kunden sagen<\/span><\/h2>\n<p>Nehmen Sie nicht nur unser Wort daf\u00fcr \u2014 h\u00f6ren Sie, was unsere zufriedenen Kunden \u00fcber ihre Erfahrungen mit den Float Plus-Produkten zu sagen haben. Lesen Sie aus erster Hand, wie die Float Plus Twin Force und unsere Bellyboots und Bellyboot Motor ihr Angelerlebnis auf <a href=\"https:\/\/www.google.com\/maps\/place\/Float+Plus+B.V.+Bellyboat+elektro+motor\/@51.7093446,5.6715718,17z\/data=!4m8!3m7!1s0x47c6e53fbbc401a9:0xa16461cfb91c1240!8m2!3d51.7093446!4d5.6741467!9m1!1b1!16s%2Fg%2F11ffl_0wxr?entry=ttu\">Google<\/a>, <a href=\"https:\/\/www.trustpilot.com\/review\/floatplus.com\">Trustpilot<\/a> oder unten verwandelt haben.<img data-recalc-dims=\"1\" decoding=\"async\" class=\" wp-image-28146 aligncenter\" src=\"https:\/\/i0.wp.com\/floatplus.com\/wp-content\/uploads\/2023\/06\/rating-white.png?resize=288%2C46&#038;ssl=1\" alt=\"\" width=\"288\" height=\"46\" \/><\/p>\n<p>[vc_row wrap_container=&#8220;yes&#8220;][vc_column css=&#8220;.vc_custom_1612965709829{padding-top: 20px !important;}&#8220;] <div class=\"porto-u-heading  wpb_custom_95aa9a11c17ad45cfabaf210d84ee7cc porto-u-ad87e2eaf3f9c495180fe0156ddf3eb0 \"><div class=\"porto-u-sub-heading\" style=\"\">\n<h2><span style=\"font-size: 18px;\">Spezifikationen Float Plus Compact 2<\/span><\/h2>\n<\/div><style>.porto-u-ad87e2eaf3f9c495180fe0156ddf3eb0.porto-u-heading{text-align:left}<\/style><\/div>\n<style>.porto-info-listeab0963d344c1362ccca459650c3467e i { color: #ffffff;font-size: 20px; }<\/style><ul class=\"porto-info-list  porto-info-listeab0963d344c1362ccca459650c3467e wpb_custom_eadeacc378cef61235846b9a1c07512b\">\n<li class=\"porto-info-list-item tabel_lichtgrijs wpb_custom_eade0171093a7591372ccf9372738e3d\"><i class=\"porto-info-icon porto-icon-company\"><\/i><div class=\"porto-info-list-item-desc\">Professioneller wasserdichter Sturmkoffer mit Steuereinheit und Notstopp<\/div><\/li>\n<li class=\"porto-info-list-item tabel_donkergrijs wpb_custom_eade0171093a7591372ccf9372738e3d\"><i class=\"porto-info-icon fas fa-shield-alt\"><\/i><div class=\"porto-info-list-item-desc\">\u00dcberlastungsschutz<\/div><\/li>\n<li class=\"porto-info-list-item tabel_lichtgrijs wpb_custom_eade0171093a7591372ccf9372738e3d\"><i class=\"porto-info-icon fas fa-wifi\"><\/i><div class=\"porto-info-list-item-desc\">Wasserdichte drahtlose Fernbedienung mit Farb-LCD-Display und Batterieanzeige<\/div><\/li>\n<li class=\"porto-info-list-item tabel_donkergrijs wpb_custom_eade0171093a7591372ccf9372738e3d\"><i class=\"porto-info-icon fas fa-tachometer-alt\"><\/i><div class=\"porto-info-list-item-desc\">Stufenlose Steuerung mit Speichertaste f\u00fcr Geschwindigkeit<\/div><\/li>\n<li class=\"porto-info-list-item tabel_lichtgrijs wpb_custom_eade0171093a7591372ccf9372738e3d\"><i class=\"porto-info-icon fas fa-plug\"><\/i><div class=\"porto-info-list-item-desc\">Elektromotor, speziell entwickelt f\u00fcr Bellyboat-Angeln, Schubkraft von 32 lbs bis 41 lbs<\/div><\/li>\n<li class=\"porto-info-list-item tabel_donkergrijs wpb_custom_eade0171093a7591372ccf9372738e3d\"><i class=\"porto-info-icon fas fa-check-circle\"><\/i><div class=\"porto-info-list-item-desc\">Integrierter Anti-Algen-Ring<\/div><\/li>\n<\/ul>\n<\/section>","protected":false},"excerpt":{"rendered":"<p><span style=\"color: #ffffff;\">Der Float Plus Compact 2 Bellyboot Motor ist ein Muss f\u00fcr jeden leidenschaftlichen Bellyboot-Angler!<\/span><\/p>\n<p><span style=\"color: #ffffff;\">Erleben Sie den Vorteil dieses kleinen kompakten Geh\u00e4uses, das federleicht ist und leicht hinter der Tasche auf dem Bellyboot platziert werden kann. Das System wird mit einem Motor und einer Fernbedienung geliefert.<\/span><\/p>\n<p><span style=\"color: #ffffff;\">Dieses praktische Modell h\u00e4lt den Raum hinter dem Stuhl frei f\u00fcr andere Notwendigkeiten. Die Vorw\u00e4rts- und R\u00fcckw\u00e4rtsfahrfunktion macht das System f\u00fcr alle Arten von Fischerei geeignet; der Motor ist mit einem integrierten Anti-Unkraut-Ring ausgestattet.<\/span><\/p>\n<p><strong><span style=\"font-size: 18px; color: #ffffff;\">W\u00e4hlen Sie den richtigen Akku:<\/span><\/strong><\/p>\n<ul>\n<li><span style=\"color: #ffffff;\"><a style=\"color: #ffffff;\" href=\"https:\/\/floatplus.com\/product-en\/stormcase-lithium-ion-battery-416ah-126v\/\"><span style=\"color: #70bd00;\">Stormcase 41.6AH 12.6V:<\/span><\/a>\u00a0Geeignet f\u00fcr kurze Trips bis zu langen Angeltagen auf Flusst\u00fcmpfen. Weniger geeignet f\u00fcr starke Str\u00f6mungen und gro\u00dfe Gew\u00e4sser.<\/span><\/li>\n<li><span style=\"color: #ffffff;\"><span style=\"color: #70bd00;\"><a style=\"color: #70bd00;\" href=\"https:\/\/floatplus.com\/product-en\/stormcase-lithium-ion-accu-31200-mah-168v\/\">Stormcase 31.2AH 16.8V:<\/a>\u00a0<\/span>Mehr Leistung (41 lbs), aber k\u00fcrzere Lebensdauer. Geeignet f\u00fcr lange Strecken auf gro\u00dfen Seen und (schnell) flie\u00dfenden Fl\u00fcssen.<\/span><\/li>\n<li><span style=\"color: #ffffff;\"><a style=\"color: #ffffff;\" href=\"https:\/\/floatplus.com\/product-en\/stormcase-lithium-ion-battery-494ah-168v\/\"><span style=\"color: #70bd00;\">Stormcase 49.4 AH 16.8V:<\/span><\/a> Beste Wahl f\u00fcr Leistung und Ausdauer. Geeignet f\u00fcr lange Kreuzfahrten, auch bei starken Str\u00f6mungen,<\/span><\/li>\n<\/ul>\n","protected":false},"featured_media":22311,"comment_status":"open","ping_status":"closed","template":"","meta":[],"product_brand":[],"product_cat":[427,158],"product_tag":[440],"giftcard-category":[],"class_list":{"0":"post-29166","1":"product","2":"type-product","3":"status-publish","4":"has-post-thumbnail","6":"product_cat-motorsysteme","7":"product_cat-compact-2-de","8":"product_tag-productfeed","10":"first","11":"instock","12":"featured","13":"taxable","14":"shipping-taxable","15":"purchasable","16":"product-type-simple"},"yoast_head":"<!-- This site is optimized with the Yoast SEO Premium plugin v23.1 (Yoast SEO v27.5) - https:\/\/yoast.com\/product\/yoast-seo-premium-wordpress\/ -->\n<title>Float Plus Compact 2 - Float Plus<\/title>\n<meta name=\"description\" content=\"Float Plus Compact 2 ellyboot Motor- Elektromotor f\u00fcr Bellyboot Angeln. Steigern Sie Ihre Bellyboat-Abenteuer mit dem Float Plus Compact 2 bellyboot motor.\" \/>\n<meta name=\"robots\" content=\"index, follow, max-snippet:-1, max-image-preview:large, max-video-preview:-1\" \/>\n<link rel=\"canonical\" href=\"https:\/\/floatplus.com\/de\/produkt-de\/float-plus-compact-2\/\" \/>\n<meta property=\"og:locale\" content=\"de_DE\" \/>\n<meta property=\"og:type\" content=\"article\" \/>\n<meta property=\"og:title\" content=\"Float Plus Compact 2 - Float Plus\" \/>\n<meta property=\"og:description\" content=\"Float Plus Compact 2 ellyboot Motor- Elektromotor f\u00fcr Bellyboot Angeln. Steigern Sie Ihre Bellyboat-Abenteuer mit dem Float Plus Compact 2 bellyboot motor.\" \/>\n<meta property=\"og:url\" content=\"https:\/\/floatplus.com\/de\/produkt-de\/float-plus-compact-2\/\" \/>\n<meta property=\"og:site_name\" content=\"Float Plus\" \/>\n<meta property=\"article:publisher\" content=\"https:\/\/www.facebook.com\/floatpluspro\/\" \/>\n<meta property=\"article:modified_time\" content=\"2026-01-29T16:03:59+00:00\" \/>\n<meta property=\"og:image\" content=\"https:\/\/floatplus.com\/wp-content\/uploads\/2021\/01\/24-Compact-2-zwarte-motor-zonder-accu.jpg\" \/>\n\t<meta property=\"og:image:width\" content=\"800\" \/>\n\t<meta property=\"og:image:height\" content=\"533\" \/>\n\t<meta property=\"og:image:type\" content=\"image\/jpeg\" \/>\n<meta name=\"twitter:card\" content=\"summary_large_image\" \/>\n<meta name=\"twitter:label1\" content=\"Gesch\u00e4tzte Lesezeit\" \/>\n\t<meta name=\"twitter:data1\" content=\"2\u00a0Minuten\" \/>\n<script type=\"application\/ld+json\" class=\"yoast-schema-graph\">{\"@context\":\"https:\\\/\\\/schema.org\",\"@graph\":[{\"@type\":\"WebPage\",\"@id\":\"https:\\\/\\\/floatplus.com\\\/de\\\/produkt-de\\\/float-plus-compact-2\\\/\",\"url\":\"https:\\\/\\\/floatplus.com\\\/de\\\/produkt-de\\\/float-plus-compact-2\\\/\",\"name\":\"Float Plus Compact 2 - Float Plus\",\"isPartOf\":{\"@id\":\"https:\\\/\\\/floatplus.com\\\/de\\\/#website\"},\"primaryImageOfPage\":{\"@id\":\"https:\\\/\\\/floatplus.com\\\/de\\\/produkt-de\\\/float-plus-compact-2\\\/#primaryimage\"},\"image\":{\"@id\":\"https:\\\/\\\/floatplus.com\\\/de\\\/produkt-de\\\/float-plus-compact-2\\\/#primaryimage\"},\"thumbnailUrl\":\"https:\\\/\\\/i0.wp.com\\\/floatplus.com\\\/wp-content\\\/uploads\\\/2021\\\/01\\\/24-Compact-2-zwarte-motor-zonder-accu.jpg?fit=800%2C533&ssl=1\",\"datePublished\":\"2023-11-28T14:45:11+00:00\",\"dateModified\":\"2026-01-29T16:03:59+00:00\",\"description\":\"Float Plus Compact 2 ellyboot Motor- Elektromotor f\u00fcr Bellyboot Angeln. Steigern Sie Ihre Bellyboat-Abenteuer mit dem Float Plus Compact 2 bellyboot motor.\",\"breadcrumb\":{\"@id\":\"https:\\\/\\\/floatplus.com\\\/de\\\/produkt-de\\\/float-plus-compact-2\\\/#breadcrumb\"},\"inLanguage\":\"de\",\"potentialAction\":[{\"@type\":\"ReadAction\",\"target\":[\"https:\\\/\\\/floatplus.com\\\/de\\\/produkt-de\\\/float-plus-compact-2\\\/\"]}]},{\"@type\":\"ImageObject\",\"inLanguage\":\"de\",\"@id\":\"https:\\\/\\\/floatplus.com\\\/de\\\/produkt-de\\\/float-plus-compact-2\\\/#primaryimage\",\"url\":\"https:\\\/\\\/i0.wp.com\\\/floatplus.com\\\/wp-content\\\/uploads\\\/2021\\\/01\\\/24-Compact-2-zwarte-motor-zonder-accu.jpg?fit=800%2C533&ssl=1\",\"contentUrl\":\"https:\\\/\\\/i0.wp.com\\\/floatplus.com\\\/wp-content\\\/uploads\\\/2021\\\/01\\\/24-Compact-2-zwarte-motor-zonder-accu.jpg?fit=800%2C533&ssl=1\",\"width\":800,\"height\":533,\"caption\":\"Float Plus Bellyboat Steigern Sie Ihre Bellyboat-Abenteuer mit dem Float Plus Compact 2 - dem perfekten Elektromotor f\u00fcr ultimative Kontrolle und Leistung beim Bellyboot-Angeln.: Compact 2: Compact en veelzijdig. Geschikt voor Float Plus en andere merken accu's. Ontdek de handige koffer nu!\"},{\"@type\":\"BreadcrumbList\",\"@id\":\"https:\\\/\\\/floatplus.com\\\/de\\\/produkt-de\\\/float-plus-compact-2\\\/#breadcrumb\",\"itemListElement\":[{\"@type\":\"ListItem\",\"position\":1,\"name\":\"Home\",\"item\":\"https:\\\/\\\/floatplus.com\\\/de\\\/\"},{\"@type\":\"ListItem\",\"position\":2,\"name\":\"Shop\",\"item\":\"https:\\\/\\\/floatplus.com\\\/de\\\/shop-de\\\/\"},{\"@type\":\"ListItem\",\"position\":3,\"name\":\"Float Plus Compact 2\"}]},{\"@type\":\"WebSite\",\"@id\":\"https:\\\/\\\/floatplus.com\\\/de\\\/#website\",\"url\":\"https:\\\/\\\/floatplus.com\\\/de\\\/\",\"name\":\"Float Plus\",\"description\":\"Worldleader in Bellyboats and Bellyboat Motors\",\"publisher\":{\"@id\":\"https:\\\/\\\/floatplus.com\\\/de\\\/#organization\"},\"potentialAction\":[{\"@type\":\"SearchAction\",\"target\":{\"@type\":\"EntryPoint\",\"urlTemplate\":\"https:\\\/\\\/floatplus.com\\\/de\\\/?s={search_term_string}\"},\"query-input\":{\"@type\":\"PropertyValueSpecification\",\"valueRequired\":true,\"valueName\":\"search_term_string\"}}],\"inLanguage\":\"de\"},{\"@type\":\"Organization\",\"@id\":\"https:\\\/\\\/floatplus.com\\\/de\\\/#organization\",\"name\":\"Float Plus Bellyboat & Bellyboat Motor\",\"url\":\"https:\\\/\\\/floatplus.com\\\/de\\\/\",\"logo\":{\"@type\":\"ImageObject\",\"inLanguage\":\"de\",\"@id\":\"https:\\\/\\\/floatplus.com\\\/de\\\/#\\\/schema\\\/logo\\\/image\\\/\",\"url\":\"https:\\\/\\\/i0.wp.com\\\/floatplus.com\\\/wp-content\\\/uploads\\\/2021\\\/01\\\/logo-floatplus_icon.png?fit=135%2C135&ssl=1\",\"contentUrl\":\"https:\\\/\\\/i0.wp.com\\\/floatplus.com\\\/wp-content\\\/uploads\\\/2021\\\/01\\\/logo-floatplus_icon.png?fit=135%2C135&ssl=1\",\"width\":135,\"height\":135,\"caption\":\"Float Plus Bellyboat & Bellyboat Motor\"},\"image\":{\"@id\":\"https:\\\/\\\/floatplus.com\\\/de\\\/#\\\/schema\\\/logo\\\/image\\\/\"},\"sameAs\":[\"https:\\\/\\\/www.facebook.com\\\/floatpluspro\\\/\",\"https:\\\/\\\/www.instagram.com\\\/floatplus\\\/\",\"https:\\\/\\\/www.youtube.com\\\/channel\\\/UCOawieW3u0T3mWwNTVFOVMQ\"]}]}<\/script>\n<!-- \/ Yoast SEO Premium plugin. -->","yoast_head_json":{"title":"Float Plus Compact 2 - Float Plus","description":"Float Plus Compact 2 ellyboot Motor- Elektromotor f\u00fcr Bellyboot Angeln. Steigern Sie Ihre Bellyboat-Abenteuer mit dem Float Plus Compact 2 bellyboot motor.","robots":{"index":"index","follow":"follow","max-snippet":"max-snippet:-1","max-image-preview":"max-image-preview:large","max-video-preview":"max-video-preview:-1"},"canonical":"https:\/\/floatplus.com\/de\/produkt-de\/float-plus-compact-2\/","og_locale":"de_DE","og_type":"article","og_title":"Float Plus Compact 2 - Float Plus","og_description":"Float Plus Compact 2 ellyboot Motor- Elektromotor f\u00fcr Bellyboot Angeln. Steigern Sie Ihre Bellyboat-Abenteuer mit dem Float Plus Compact 2 bellyboot motor.","og_url":"https:\/\/floatplus.com\/de\/produkt-de\/float-plus-compact-2\/","og_site_name":"Float Plus","article_publisher":"https:\/\/www.facebook.com\/floatpluspro\/","article_modified_time":"2026-01-29T16:03:59+00:00","og_image":[{"width":800,"height":533,"url":"https:\/\/floatplus.com\/wp-content\/uploads\/2021\/01\/24-Compact-2-zwarte-motor-zonder-accu.jpg","type":"image\/jpeg"}],"twitter_card":"summary_large_image","twitter_misc":{"Gesch\u00e4tzte Lesezeit":"2\u00a0Minuten"},"schema":{"@context":"https:\/\/schema.org","@graph":[{"@type":"WebPage","@id":"https:\/\/floatplus.com\/de\/produkt-de\/float-plus-compact-2\/","url":"https:\/\/floatplus.com\/de\/produkt-de\/float-plus-compact-2\/","name":"Float Plus Compact 2 - Float Plus","isPartOf":{"@id":"https:\/\/floatplus.com\/de\/#website"},"primaryImageOfPage":{"@id":"https:\/\/floatplus.com\/de\/produkt-de\/float-plus-compact-2\/#primaryimage"},"image":{"@id":"https:\/\/floatplus.com\/de\/produkt-de\/float-plus-compact-2\/#primaryimage"},"thumbnailUrl":"https:\/\/i0.wp.com\/floatplus.com\/wp-content\/uploads\/2021\/01\/24-Compact-2-zwarte-motor-zonder-accu.jpg?fit=800%2C533&ssl=1","datePublished":"2023-11-28T14:45:11+00:00","dateModified":"2026-01-29T16:03:59+00:00","description":"Float Plus Compact 2 ellyboot Motor- Elektromotor f\u00fcr Bellyboot Angeln. Steigern Sie Ihre Bellyboat-Abenteuer mit dem Float Plus Compact 2 bellyboot motor.","breadcrumb":{"@id":"https:\/\/floatplus.com\/de\/produkt-de\/float-plus-compact-2\/#breadcrumb"},"inLanguage":"de","potentialAction":[{"@type":"ReadAction","target":["https:\/\/floatplus.com\/de\/produkt-de\/float-plus-compact-2\/"]}]},{"@type":"ImageObject","inLanguage":"de","@id":"https:\/\/floatplus.com\/de\/produkt-de\/float-plus-compact-2\/#primaryimage","url":"https:\/\/i0.wp.com\/floatplus.com\/wp-content\/uploads\/2021\/01\/24-Compact-2-zwarte-motor-zonder-accu.jpg?fit=800%2C533&ssl=1","contentUrl":"https:\/\/i0.wp.com\/floatplus.com\/wp-content\/uploads\/2021\/01\/24-Compact-2-zwarte-motor-zonder-accu.jpg?fit=800%2C533&ssl=1","width":800,"height":533,"caption":"Float Plus Bellyboat Steigern Sie Ihre Bellyboat-Abenteuer mit dem Float Plus Compact 2 - dem perfekten Elektromotor f\u00fcr ultimative Kontrolle und Leistung beim Bellyboot-Angeln.: Compact 2: Compact en veelzijdig. Geschikt voor Float Plus en andere merken accu's. Ontdek de handige koffer nu!"},{"@type":"BreadcrumbList","@id":"https:\/\/floatplus.com\/de\/produkt-de\/float-plus-compact-2\/#breadcrumb","itemListElement":[{"@type":"ListItem","position":1,"name":"Home","item":"https:\/\/floatplus.com\/de\/"},{"@type":"ListItem","position":2,"name":"Shop","item":"https:\/\/floatplus.com\/de\/shop-de\/"},{"@type":"ListItem","position":3,"name":"Float Plus Compact 2"}]},{"@type":"WebSite","@id":"https:\/\/floatplus.com\/de\/#website","url":"https:\/\/floatplus.com\/de\/","name":"Float Plus","description":"Worldleader in Bellyboats and Bellyboat Motors","publisher":{"@id":"https:\/\/floatplus.com\/de\/#organization"},"potentialAction":[{"@type":"SearchAction","target":{"@type":"EntryPoint","urlTemplate":"https:\/\/floatplus.com\/de\/?s={search_term_string}"},"query-input":{"@type":"PropertyValueSpecification","valueRequired":true,"valueName":"search_term_string"}}],"inLanguage":"de"},{"@type":"Organization","@id":"https:\/\/floatplus.com\/de\/#organization","name":"Float Plus Bellyboat & Bellyboat Motor","url":"https:\/\/floatplus.com\/de\/","logo":{"@type":"ImageObject","inLanguage":"de","@id":"https:\/\/floatplus.com\/de\/#\/schema\/logo\/image\/","url":"https:\/\/i0.wp.com\/floatplus.com\/wp-content\/uploads\/2021\/01\/logo-floatplus_icon.png?fit=135%2C135&ssl=1","contentUrl":"https:\/\/i0.wp.com\/floatplus.com\/wp-content\/uploads\/2021\/01\/logo-floatplus_icon.png?fit=135%2C135&ssl=1","width":135,"height":135,"caption":"Float Plus Bellyboat & Bellyboat Motor"},"image":{"@id":"https:\/\/floatplus.com\/de\/#\/schema\/logo\/image\/"},"sameAs":["https:\/\/www.facebook.com\/floatpluspro\/","https:\/\/www.instagram.com\/floatplus\/","https:\/\/www.youtube.com\/channel\/UCOawieW3u0T3mWwNTVFOVMQ"]}]}},"_links":{"self":[{"href":"https:\/\/floatplus.com\/de\/wp-json\/wp\/v2\/product\/29166","targetHints":{"allow":["GET"]}}],"collection":[{"href":"https:\/\/floatplus.com\/de\/wp-json\/wp\/v2\/product"}],"about":[{"href":"https:\/\/floatplus.com\/de\/wp-json\/wp\/v2\/types\/product"}],"replies":[{"embeddable":true,"href":"https:\/\/floatplus.com\/de\/wp-json\/wp\/v2\/comments?post=29166"}],"wp:featuredmedia":[{"embeddable":true,"href":"https:\/\/floatplus.com\/de\/wp-json\/wp\/v2\/media\/22311"}],"wp:attachment":[{"href":"https:\/\/floatplus.com\/de\/wp-json\/wp\/v2\/media?parent=29166"}],"wp:term":[{"taxonomy":"product_brand","embeddable":true,"href":"https:\/\/floatplus.com\/de\/wp-json\/wp\/v2\/product_brand?post=29166"},{"taxonomy":"product_cat","embeddable":true,"href":"https:\/\/floatplus.com\/de\/wp-json\/wp\/v2\/product_cat?post=29166"},{"taxonomy":"product_tag","embeddable":true,"href":"https:\/\/floatplus.com\/de\/wp-json\/wp\/v2\/product_tag?post=29166"},{"taxonomy":"giftcard-category","embeddable":true,"href":"https:\/\/floatplus.com\/de\/wp-json\/wp\/v2\/giftcard-category?post=29166"}],"curies":[{"name":"wp","href":"https:\/\/api.w.org\/{rel}","templated":true}]}}