{"id":29799,"date":"2023-12-27T15:40:11","date_gmt":"2023-12-27T15:40:11","guid":{"rendered":"https:\/\/floatplus.com\/product\/navisafe-polelight-paket\/"},"modified":"2023-12-27T15:40:11","modified_gmt":"2023-12-27T15:40:11","slug":"navisafe-polelight-paket","status":"publish","type":"product","link":"https:\/\/floatplus.com\/de\/produkt-de\/navisafe-polelight-paket\/","title":{"rendered":"Navisafe Polelight-Paket"},"content":{"rendered":"<h2><span style=\"font-size: 18px;\">Float Plus Bellyboot<\/span><\/h2>\n<p>Mit dem Float Plus Bellyboot holen Sie sich das innovativste Bellyboot derzeit nach Hause. Sehen Sie sich hier das <a href=\"https:\/\/floatplus.com\/nl\/product\/float-plus-bellyboat-belly-boat-1\/\">Float Plus 1<\/a> und <a href=\"https:\/\/floatplus.com\/product-en\/float-plus-2-bellyboat\/\">Float Plus 2<\/a> Bellyboot an. Diese Modelle sind sorgf\u00e4ltig darauf ausgelegt, harmonisch mit den Float Plus Motorsystemen zu funktionieren und bieten verbesserte Geschwindigkeit und Effizienz auf dem Wasser! Vergleichen Sie die Unterschiede in den Bellybooten <a href=\"https:\/\/floatplus.com\/nl\/verschillen-bellyboat-kopen\/\">hier<\/a>.<\/p>\n<h1><span style=\"font-size: 18px;\">Float Plus Motorsysteme<\/span><\/h1>\n<p>Float Plus bietet drei verschiedene Systeme an: das <a href=\"https:\/\/floatplus.com\/nl\/product\/compact-2-bellyboat-motor-2\/\">Pro 2<\/a>, das <a href=\"https:\/\/floatplus.com\/nl\/product\/compact-2-bellyboat-motor-2\/\">Compact 2<\/a> und das <a href=\"https:\/\/floatplus.com\/product-en\/float-plus-twin-force-electric-bellyboat-motor-system-en\/\">Twin Force<\/a>. Jedes System umfasst eine Steuereinheit, eine Fernbedienung und ein oder zwei Motoren, unterscheidet sich jedoch in den Akkuoptionen. Klicken Sie <a href=\"https:\/\/floatplus.com\/nl\/bellyboat-motor-verschillen-systemen\/\">hier<\/a> f\u00fcr einen \u00dcberblick \u00fcber die Bellyboot-Motorsysteme und ihre Funktionen, damit Sie das System ausw\u00e4hlen k\u00f6nnen, das am besten zu Ihrem Float Plus Bellyboot passt.<\/p>\n<h2><span style=\"font-size: 18px;\">Garantie Float Plus Bellyboot<\/span><\/h2>\n<p>Bei Float Plus verstehen wir, wie wichtig ein zuverl\u00e4ssiges Bellyboot f\u00fcr unsere Kunden ist. Daher bieten wir mit Stolz eine 2-j\u00e4hrige Vollgarantie f\u00fcr das Float Plus Bellyboot an. Die Zufriedenheit der Kunden steht bei uns im Vordergrund, und Ihr Vertrauen in unsere Marke und unsere Produkte ist unser Antrieb. Mit dieser robusten Garantie m\u00f6chten wir Ihnen absolute Sicherheit und Gewissheit beim Kauf eines Float Plus Bellyboots bieten.<\/p>\n<h2><span style=\"font-size: 18px;\">Was unsere Kunden sagen<\/span><\/h2>\n<p>Bei Float Plus sch\u00e4tzen wir das Feedback unserer Kunden sehr. Es geht nicht nur darum, was wir \u00fcber unsere Bellyboot-Produkte behaupten, sondern was unsere Kunden \u00fcber ihre realen Erfahrungen teilen, macht den Unterschied aus. Glauben Sie nicht nur unserem Wort, sondern h\u00f6ren Sie sich die begeisterten Bewertungen unserer zufriedenen Kunden \u00fcber ihre Erfahrungen mit Float Plus Bellyboots und anderen Produkten an. Lesen Sie die Bewertungen dar\u00fcber, wie unsere Bellyboots &amp; Motorsysteme ihre Angelerlebnisse auf <a href=\"https:\/\/www.google.com\/maps\/place\/Float+Plus+B.V.+Bellyboat+elektro+motor\/@51.7093446,5.6715718,17z\/data=!4m8!3m7!1s0x47c6e53fbbc401a9:0xa16461cfb91c1240!8m2!3d51.7093446!4d5.6741467!9m1!1b1!16s%2Fg%2F11ffl_0wxr?entry=ttu\">Google<\/a>, <a href=\"https:\/\/www.trustpilot.com\/review\/floatplus.com\">Trustpilot<\/a> oder unten auf unserer Website an.<br \/>\n<img data-recalc-dims=\"1\" decoding=\"async\" class=\"wp-image-28146 aligncenter\" src=\"https:\/\/i0.wp.com\/floatplus.com\/wp-content\/uploads\/2023\/06\/rating-white.png?resize=288%2C46&#038;ssl=1\" alt=\"\" width=\"288\" height=\"46\"\/><\/p>\n","protected":false},"excerpt":{"rendered":"<p><span style=\"color: #ffffff;\">Dieses tragbare Top-Licht-Set von Navisafe ist ideal f\u00fcr den Einsatz vom Bellyboat aus und f\u00fcr alle, die auf dem Wasser gut gesehen werden m\u00f6chten. Das Navisafe Oberlicht-Set besteht aus einem Rundum-Oberlicht, einer 3-teiligen Verl\u00e4ngerungsstange, einem Navimount-Adapter und einer Navimount-Vertikalhalterung. Das Top Light ist, genau wie die Verl\u00e4ngerungsstangen, 250 mm lang. Sie k\u00f6nnten daher die L\u00e4nge des Oberlichts auf eine maximale L\u00e4nge von 1 Meter verl\u00e4ngern. Es liefert ein 360\u00b0 wei\u00dfes Licht bis zu 2 Nm.<\/span><\/p>\n<p><span style=\"color: #ffffff;\">Das Oberlicht ist tragbar und wird mit 4x AA-Batterien betrieben. Ideal, wenn das Boot keinen Strom hat. Die Brenndauer betr\u00e4gt etwa 48 bis 56 Stunden. Batterien sind nicht im Lieferumfang enthalten.<\/span><\/p>\n<p><span style=\"color: #ffffff;\">Dieses tragbare Navisafe-Oberlichtset wird mit einer praktischen Neopren-Aufbewahrungstasche geliefert.<\/span><br \/>\n<span style=\"color: #ffffff;\">\u200b<\/span><\/p>\n","protected":false},"featured_media":29474,"comment_status":"open","ping_status":"closed","template":"","meta":[],"product_brand":[],"product_cat":[278],"product_tag":[],"giftcard-category":[],"class_list":{"0":"post-29799","1":"product","2":"type-product","3":"status-publish","4":"has-post-thumbnail","6":"product_cat-railblaza-de","8":"first","9":"instock","10":"taxable","11":"shipping-taxable","12":"purchasable","13":"product-type-simple"},"yoast_head":"<!-- This site is optimized with the Yoast SEO Premium plugin v23.1 (Yoast SEO v27.4) - https:\/\/yoast.com\/product\/yoast-seo-premium-wordpress\/ -->\n<title>Navisafe Polelight-Paket - Float Plus<\/title>\n<meta name=\"description\" content=\"Dieses tragbare Top-Licht-Set von Navisafe ist ideal f\u00fcr den Einsatz vom Bellyboat aus und f\u00fcr alle, die auf dem Wasser gut gesehen werden m\u00f6chten. Das Navisafe Oberlicht-Set besteht aus einem Rundum-Oberlicht, einer 3-teiligen Verl\u00e4ngerungsstange, einem Navimount-Adapter und einer Navimount-Vertikalhalterung. Das Top Light ist, genau wie die Verl\u00e4ngerungsstangen, 250 mm lang. Sie k\u00f6nnten daher die L\u00e4nge des Oberlichts auf eine maximale L\u00e4nge von 1 Meter verl\u00e4ngern. Es liefert ein 360\u00b0 wei\u00dfes Licht bis zu 2 Nm.  Das Oberlicht ist tragbar und wird mit 4x AA-Batterien betrieben. Ideal, wenn das Boot keinen Strom hat. Die Brenndauer betr\u00e4gt etwa 48 bis 56 Stunden. Batterien sind nicht im Lieferumfang enthalten.  Dieses tragbare Navisafe-Oberlichtset wird mit einer praktischen Neopren-Aufbewahrungstasche geliefert. \u200b\" \/>\n<meta name=\"robots\" content=\"index, follow, max-snippet:-1, max-image-preview:large, max-video-preview:-1\" \/>\n<link rel=\"canonical\" href=\"https:\/\/floatplus.com\/de\/produkt-de\/navisafe-polelight-paket\/\" \/>\n<meta property=\"og:locale\" content=\"de_DE\" \/>\n<meta property=\"og:type\" content=\"article\" \/>\n<meta property=\"og:title\" content=\"Navisafe Polelight-Paket - Float Plus\" \/>\n<meta property=\"og:description\" content=\"Dieses tragbare Top-Licht-Set von Navisafe ist ideal f\u00fcr den Einsatz vom Bellyboat aus und f\u00fcr alle, die auf dem Wasser gut gesehen werden m\u00f6chten. Das Navisafe Oberlicht-Set besteht aus einem Rundum-Oberlicht, einer 3-teiligen Verl\u00e4ngerungsstange, einem Navimount-Adapter und einer Navimount-Vertikalhalterung. Das Top Light ist, genau wie die Verl\u00e4ngerungsstangen, 250 mm lang. Sie k\u00f6nnten daher die L\u00e4nge des Oberlichts auf eine maximale L\u00e4nge von 1 Meter verl\u00e4ngern. Es liefert ein 360\u00b0 wei\u00dfes Licht bis zu 2 Nm.  Das Oberlicht ist tragbar und wird mit 4x AA-Batterien betrieben. Ideal, wenn das Boot keinen Strom hat. Die Brenndauer betr\u00e4gt etwa 48 bis 56 Stunden. Batterien sind nicht im Lieferumfang enthalten.  Dieses tragbare Navisafe-Oberlichtset wird mit einer praktischen Neopren-Aufbewahrungstasche geliefert. \u200b\" \/>\n<meta property=\"og:url\" content=\"https:\/\/floatplus.com\/de\/produkt-de\/navisafe-polelight-paket\/\" \/>\n<meta property=\"og:site_name\" content=\"Float Plus\" \/>\n<meta property=\"article:publisher\" content=\"https:\/\/www.facebook.com\/floatpluspro\/\" \/>\n<meta property=\"og:image\" content=\"https:\/\/floatplus.com\/wp-content\/uploads\/2023\/12\/63.png\" \/>\n\t<meta property=\"og:image:width\" content=\"900\" \/>\n\t<meta property=\"og:image:height\" content=\"600\" \/>\n\t<meta property=\"og:image:type\" content=\"image\/png\" \/>\n<meta name=\"twitter:card\" content=\"summary_large_image\" \/>\n<meta name=\"twitter:label1\" content=\"Gesch\u00e4tzte Lesezeit\" \/>\n\t<meta name=\"twitter:data1\" content=\"1\u00a0Minute\" \/>\n<script type=\"application\/ld+json\" class=\"yoast-schema-graph\">{\"@context\":\"https:\\\/\\\/schema.org\",\"@graph\":[{\"@type\":\"WebPage\",\"@id\":\"https:\\\/\\\/floatplus.com\\\/de\\\/produkt-de\\\/navisafe-polelight-paket\\\/\",\"url\":\"https:\\\/\\\/floatplus.com\\\/de\\\/produkt-de\\\/navisafe-polelight-paket\\\/\",\"name\":\"Navisafe Polelight-Paket - Float Plus\",\"isPartOf\":{\"@id\":\"https:\\\/\\\/floatplus.com\\\/de\\\/#website\"},\"primaryImageOfPage\":{\"@id\":\"https:\\\/\\\/floatplus.com\\\/de\\\/produkt-de\\\/navisafe-polelight-paket\\\/#primaryimage\"},\"image\":{\"@id\":\"https:\\\/\\\/floatplus.com\\\/de\\\/produkt-de\\\/navisafe-polelight-paket\\\/#primaryimage\"},\"thumbnailUrl\":\"https:\\\/\\\/i0.wp.com\\\/floatplus.com\\\/wp-content\\\/uploads\\\/2023\\\/12\\\/63.png?fit=900%2C600&ssl=1\",\"datePublished\":\"2023-12-27T15:40:11+00:00\",\"description\":\"Dieses tragbare Top-Licht-Set von Navisafe ist ideal f\u00fcr den Einsatz vom Bellyboat aus und f\u00fcr alle, die auf dem Wasser gut gesehen werden m\u00f6chten. Das Navisafe Oberlicht-Set besteht aus einem Rundum-Oberlicht, einer 3-teiligen Verl\u00e4ngerungsstange, einem Navimount-Adapter und einer Navimount-Vertikalhalterung. Das Top Light ist, genau wie die Verl\u00e4ngerungsstangen, 250 mm lang. Sie k\u00f6nnten daher die L\u00e4nge des Oberlichts auf eine maximale L\u00e4nge von 1 Meter verl\u00e4ngern. Es liefert ein 360\u00b0 wei\u00dfes Licht bis zu 2 Nm. Das Oberlicht ist tragbar und wird mit 4x AA-Batterien betrieben. Ideal, wenn das Boot keinen Strom hat. Die Brenndauer betr\u00e4gt etwa 48 bis 56 Stunden. Batterien sind nicht im Lieferumfang enthalten. Dieses tragbare Navisafe-Oberlichtset wird mit einer praktischen Neopren-Aufbewahrungstasche geliefert. \u200b\",\"breadcrumb\":{\"@id\":\"https:\\\/\\\/floatplus.com\\\/de\\\/produkt-de\\\/navisafe-polelight-paket\\\/#breadcrumb\"},\"inLanguage\":\"de\",\"potentialAction\":[{\"@type\":\"ReadAction\",\"target\":[\"https:\\\/\\\/floatplus.com\\\/de\\\/produkt-de\\\/navisafe-polelight-paket\\\/\"]}]},{\"@type\":\"ImageObject\",\"inLanguage\":\"de\",\"@id\":\"https:\\\/\\\/floatplus.com\\\/de\\\/produkt-de\\\/navisafe-polelight-paket\\\/#primaryimage\",\"url\":\"https:\\\/\\\/i0.wp.com\\\/floatplus.com\\\/wp-content\\\/uploads\\\/2023\\\/12\\\/63.png?fit=900%2C600&ssl=1\",\"contentUrl\":\"https:\\\/\\\/i0.wp.com\\\/floatplus.com\\\/wp-content\\\/uploads\\\/2023\\\/12\\\/63.png?fit=900%2C600&ssl=1\",\"width\":900,\"height\":600},{\"@type\":\"BreadcrumbList\",\"@id\":\"https:\\\/\\\/floatplus.com\\\/de\\\/produkt-de\\\/navisafe-polelight-paket\\\/#breadcrumb\",\"itemListElement\":[{\"@type\":\"ListItem\",\"position\":1,\"name\":\"Home\",\"item\":\"https:\\\/\\\/floatplus.com\\\/de\\\/\"},{\"@type\":\"ListItem\",\"position\":2,\"name\":\"Shop\",\"item\":\"https:\\\/\\\/floatplus.com\\\/de\\\/shop-de\\\/\"},{\"@type\":\"ListItem\",\"position\":3,\"name\":\"Navisafe Polelight-Paket\"}]},{\"@type\":\"WebSite\",\"@id\":\"https:\\\/\\\/floatplus.com\\\/de\\\/#website\",\"url\":\"https:\\\/\\\/floatplus.com\\\/de\\\/\",\"name\":\"Float Plus\",\"description\":\"Worldleader in Bellyboats and Bellyboat Motors\",\"publisher\":{\"@id\":\"https:\\\/\\\/floatplus.com\\\/de\\\/#organization\"},\"potentialAction\":[{\"@type\":\"SearchAction\",\"target\":{\"@type\":\"EntryPoint\",\"urlTemplate\":\"https:\\\/\\\/floatplus.com\\\/de\\\/?s={search_term_string}\"},\"query-input\":{\"@type\":\"PropertyValueSpecification\",\"valueRequired\":true,\"valueName\":\"search_term_string\"}}],\"inLanguage\":\"de\"},{\"@type\":\"Organization\",\"@id\":\"https:\\\/\\\/floatplus.com\\\/de\\\/#organization\",\"name\":\"Float Plus Bellyboat & Bellyboat Motor\",\"url\":\"https:\\\/\\\/floatplus.com\\\/de\\\/\",\"logo\":{\"@type\":\"ImageObject\",\"inLanguage\":\"de\",\"@id\":\"https:\\\/\\\/floatplus.com\\\/de\\\/#\\\/schema\\\/logo\\\/image\\\/\",\"url\":\"https:\\\/\\\/i0.wp.com\\\/floatplus.com\\\/wp-content\\\/uploads\\\/2021\\\/01\\\/logo-floatplus_icon.png?fit=135%2C135&ssl=1\",\"contentUrl\":\"https:\\\/\\\/i0.wp.com\\\/floatplus.com\\\/wp-content\\\/uploads\\\/2021\\\/01\\\/logo-floatplus_icon.png?fit=135%2C135&ssl=1\",\"width\":135,\"height\":135,\"caption\":\"Float Plus Bellyboat & Bellyboat Motor\"},\"image\":{\"@id\":\"https:\\\/\\\/floatplus.com\\\/de\\\/#\\\/schema\\\/logo\\\/image\\\/\"},\"sameAs\":[\"https:\\\/\\\/www.facebook.com\\\/floatpluspro\\\/\",\"https:\\\/\\\/www.instagram.com\\\/floatplus\\\/\",\"https:\\\/\\\/www.youtube.com\\\/channel\\\/UCOawieW3u0T3mWwNTVFOVMQ\"]}]}<\/script>\n<!-- \/ Yoast SEO Premium plugin. -->","yoast_head_json":{"title":"Navisafe Polelight-Paket - Float Plus","description":"Dieses tragbare Top-Licht-Set von Navisafe ist ideal f\u00fcr den Einsatz vom Bellyboat aus und f\u00fcr alle, die auf dem Wasser gut gesehen werden m\u00f6chten. Das Navisafe Oberlicht-Set besteht aus einem Rundum-Oberlicht, einer 3-teiligen Verl\u00e4ngerungsstange, einem Navimount-Adapter und einer Navimount-Vertikalhalterung. Das Top Light ist, genau wie die Verl\u00e4ngerungsstangen, 250 mm lang. Sie k\u00f6nnten daher die L\u00e4nge des Oberlichts auf eine maximale L\u00e4nge von 1 Meter verl\u00e4ngern. Es liefert ein 360\u00b0 wei\u00dfes Licht bis zu 2 Nm.  Das Oberlicht ist tragbar und wird mit 4x AA-Batterien betrieben. Ideal, wenn das Boot keinen Strom hat. Die Brenndauer betr\u00e4gt etwa 48 bis 56 Stunden. Batterien sind nicht im Lieferumfang enthalten.  Dieses tragbare Navisafe-Oberlichtset wird mit einer praktischen Neopren-Aufbewahrungstasche geliefert. \u200b","robots":{"index":"index","follow":"follow","max-snippet":"max-snippet:-1","max-image-preview":"max-image-preview:large","max-video-preview":"max-video-preview:-1"},"canonical":"https:\/\/floatplus.com\/de\/produkt-de\/navisafe-polelight-paket\/","og_locale":"de_DE","og_type":"article","og_title":"Navisafe Polelight-Paket - Float Plus","og_description":"Dieses tragbare Top-Licht-Set von Navisafe ist ideal f\u00fcr den Einsatz vom Bellyboat aus und f\u00fcr alle, die auf dem Wasser gut gesehen werden m\u00f6chten. Das Navisafe Oberlicht-Set besteht aus einem Rundum-Oberlicht, einer 3-teiligen Verl\u00e4ngerungsstange, einem Navimount-Adapter und einer Navimount-Vertikalhalterung. Das Top Light ist, genau wie die Verl\u00e4ngerungsstangen, 250 mm lang. Sie k\u00f6nnten daher die L\u00e4nge des Oberlichts auf eine maximale L\u00e4nge von 1 Meter verl\u00e4ngern. Es liefert ein 360\u00b0 wei\u00dfes Licht bis zu 2 Nm.  Das Oberlicht ist tragbar und wird mit 4x AA-Batterien betrieben. Ideal, wenn das Boot keinen Strom hat. Die Brenndauer betr\u00e4gt etwa 48 bis 56 Stunden. Batterien sind nicht im Lieferumfang enthalten.  Dieses tragbare Navisafe-Oberlichtset wird mit einer praktischen Neopren-Aufbewahrungstasche geliefert. \u200b","og_url":"https:\/\/floatplus.com\/de\/produkt-de\/navisafe-polelight-paket\/","og_site_name":"Float Plus","article_publisher":"https:\/\/www.facebook.com\/floatpluspro\/","og_image":[{"width":900,"height":600,"url":"https:\/\/floatplus.com\/wp-content\/uploads\/2023\/12\/63.png","type":"image\/png"}],"twitter_card":"summary_large_image","twitter_misc":{"Gesch\u00e4tzte Lesezeit":"1\u00a0Minute"},"schema":{"@context":"https:\/\/schema.org","@graph":[{"@type":"WebPage","@id":"https:\/\/floatplus.com\/de\/produkt-de\/navisafe-polelight-paket\/","url":"https:\/\/floatplus.com\/de\/produkt-de\/navisafe-polelight-paket\/","name":"Navisafe Polelight-Paket - Float Plus","isPartOf":{"@id":"https:\/\/floatplus.com\/de\/#website"},"primaryImageOfPage":{"@id":"https:\/\/floatplus.com\/de\/produkt-de\/navisafe-polelight-paket\/#primaryimage"},"image":{"@id":"https:\/\/floatplus.com\/de\/produkt-de\/navisafe-polelight-paket\/#primaryimage"},"thumbnailUrl":"https:\/\/i0.wp.com\/floatplus.com\/wp-content\/uploads\/2023\/12\/63.png?fit=900%2C600&ssl=1","datePublished":"2023-12-27T15:40:11+00:00","description":"Dieses tragbare Top-Licht-Set von Navisafe ist ideal f\u00fcr den Einsatz vom Bellyboat aus und f\u00fcr alle, die auf dem Wasser gut gesehen werden m\u00f6chten. Das Navisafe Oberlicht-Set besteht aus einem Rundum-Oberlicht, einer 3-teiligen Verl\u00e4ngerungsstange, einem Navimount-Adapter und einer Navimount-Vertikalhalterung. Das Top Light ist, genau wie die Verl\u00e4ngerungsstangen, 250 mm lang. Sie k\u00f6nnten daher die L\u00e4nge des Oberlichts auf eine maximale L\u00e4nge von 1 Meter verl\u00e4ngern. Es liefert ein 360\u00b0 wei\u00dfes Licht bis zu 2 Nm. Das Oberlicht ist tragbar und wird mit 4x AA-Batterien betrieben. Ideal, wenn das Boot keinen Strom hat. Die Brenndauer betr\u00e4gt etwa 48 bis 56 Stunden. Batterien sind nicht im Lieferumfang enthalten. Dieses tragbare Navisafe-Oberlichtset wird mit einer praktischen Neopren-Aufbewahrungstasche geliefert. \u200b","breadcrumb":{"@id":"https:\/\/floatplus.com\/de\/produkt-de\/navisafe-polelight-paket\/#breadcrumb"},"inLanguage":"de","potentialAction":[{"@type":"ReadAction","target":["https:\/\/floatplus.com\/de\/produkt-de\/navisafe-polelight-paket\/"]}]},{"@type":"ImageObject","inLanguage":"de","@id":"https:\/\/floatplus.com\/de\/produkt-de\/navisafe-polelight-paket\/#primaryimage","url":"https:\/\/i0.wp.com\/floatplus.com\/wp-content\/uploads\/2023\/12\/63.png?fit=900%2C600&ssl=1","contentUrl":"https:\/\/i0.wp.com\/floatplus.com\/wp-content\/uploads\/2023\/12\/63.png?fit=900%2C600&ssl=1","width":900,"height":600},{"@type":"BreadcrumbList","@id":"https:\/\/floatplus.com\/de\/produkt-de\/navisafe-polelight-paket\/#breadcrumb","itemListElement":[{"@type":"ListItem","position":1,"name":"Home","item":"https:\/\/floatplus.com\/de\/"},{"@type":"ListItem","position":2,"name":"Shop","item":"https:\/\/floatplus.com\/de\/shop-de\/"},{"@type":"ListItem","position":3,"name":"Navisafe Polelight-Paket"}]},{"@type":"WebSite","@id":"https:\/\/floatplus.com\/de\/#website","url":"https:\/\/floatplus.com\/de\/","name":"Float Plus","description":"Worldleader in Bellyboats and Bellyboat Motors","publisher":{"@id":"https:\/\/floatplus.com\/de\/#organization"},"potentialAction":[{"@type":"SearchAction","target":{"@type":"EntryPoint","urlTemplate":"https:\/\/floatplus.com\/de\/?s={search_term_string}"},"query-input":{"@type":"PropertyValueSpecification","valueRequired":true,"valueName":"search_term_string"}}],"inLanguage":"de"},{"@type":"Organization","@id":"https:\/\/floatplus.com\/de\/#organization","name":"Float Plus Bellyboat & Bellyboat Motor","url":"https:\/\/floatplus.com\/de\/","logo":{"@type":"ImageObject","inLanguage":"de","@id":"https:\/\/floatplus.com\/de\/#\/schema\/logo\/image\/","url":"https:\/\/i0.wp.com\/floatplus.com\/wp-content\/uploads\/2021\/01\/logo-floatplus_icon.png?fit=135%2C135&ssl=1","contentUrl":"https:\/\/i0.wp.com\/floatplus.com\/wp-content\/uploads\/2021\/01\/logo-floatplus_icon.png?fit=135%2C135&ssl=1","width":135,"height":135,"caption":"Float Plus Bellyboat & Bellyboat Motor"},"image":{"@id":"https:\/\/floatplus.com\/de\/#\/schema\/logo\/image\/"},"sameAs":["https:\/\/www.facebook.com\/floatpluspro\/","https:\/\/www.instagram.com\/floatplus\/","https:\/\/www.youtube.com\/channel\/UCOawieW3u0T3mWwNTVFOVMQ"]}]}},"_links":{"self":[{"href":"https:\/\/floatplus.com\/de\/wp-json\/wp\/v2\/product\/29799","targetHints":{"allow":["GET"]}}],"collection":[{"href":"https:\/\/floatplus.com\/de\/wp-json\/wp\/v2\/product"}],"about":[{"href":"https:\/\/floatplus.com\/de\/wp-json\/wp\/v2\/types\/product"}],"replies":[{"embeddable":true,"href":"https:\/\/floatplus.com\/de\/wp-json\/wp\/v2\/comments?post=29799"}],"wp:featuredmedia":[{"embeddable":true,"href":"https:\/\/floatplus.com\/de\/wp-json\/wp\/v2\/media\/29474"}],"wp:attachment":[{"href":"https:\/\/floatplus.com\/de\/wp-json\/wp\/v2\/media?parent=29799"}],"wp:term":[{"taxonomy":"product_brand","embeddable":true,"href":"https:\/\/floatplus.com\/de\/wp-json\/wp\/v2\/product_brand?post=29799"},{"taxonomy":"product_cat","embeddable":true,"href":"https:\/\/floatplus.com\/de\/wp-json\/wp\/v2\/product_cat?post=29799"},{"taxonomy":"product_tag","embeddable":true,"href":"https:\/\/floatplus.com\/de\/wp-json\/wp\/v2\/product_tag?post=29799"},{"taxonomy":"giftcard-category","embeddable":true,"href":"https:\/\/floatplus.com\/de\/wp-json\/wp\/v2\/giftcard-category?post=29799"}],"curies":[{"name":"wp","href":"https:\/\/api.w.org\/{rel}","templated":true}]}}