{"id":32654,"date":"2024-08-27T07:33:34","date_gmt":"2024-08-27T07:33:34","guid":{"rendered":"https:\/\/floatplus.com\/product\/limited-edition-float-plus-1-bellyboat-limitierte-auflage\/"},"modified":"2025-05-13T06:02:43","modified_gmt":"2025-05-13T06:02:43","slug":"limited-edition-float-plus-1-bellyboat-limitierte-auflage","status":"publish","type":"product","link":"https:\/\/floatplus.com\/de\/produkt-de\/limited-edition-float-plus-1-bellyboat-limitierte-auflage\/","title":{"rendered":"Limited Edition Float Plus 1 Bellyboat Limitierte Auflage"},"content":{"rendered":"<section class=\"wpb-content-wrapper\"><h2>Float Plus 1 Bellyboot<\/h2>\n<p>Der Float Plus 1 Bellyboot ist mit konisch zulaufenden Tubes ausgestattet, die f\u00fcr minimalen Wasserwiderstand sorgen. Dies wirkt sich nicht nur positiv auf die Lebensdauer der Batterie aus, sondern auch auf Beschleunigung und H\u00f6chstgeschwindigkeit! Die Tubes sind vollst\u00e4ndig frei von Verdickungen, sodass Sie \u00fcberall die gew\u00fcnschten Halterungen f\u00fcr Zubeh\u00f6r anbringen k\u00f6nnen.<\/p>\n<p>Mit einem Auftrieb von mehr als 220 kg und sechs Luftkammern mit zentralen Ventilen, bei denen der richtige Druck f\u00fcr das Aufpumpen angegeben ist, bietet dieses Bellyboot ein au\u00dfergew\u00f6hnlich hohes Sicherheitsniveau. Sowohl der Sitz als auch die R\u00fcckenlehne des Stuhls haben separate Luftkammern f\u00fcr ein anpassbares Sitzerlebnis.<\/p>\n<p>Zudem tr\u00e4gt der schr\u00e4g gestellte Boden zu optimaler Stabilit\u00e4t und einer perfekten Sitzhaltung bei. Dank dieser Eigenschaften wird Ihr R\u00fccken auch nach einem vollen Tag Angeln minimal belastet. Abgesehen vom hervorragenden Design und den f\u00fchrenden Sicherheitsmerkmalen ist dieser Bellyboot auch noch eine Augenweide!<\/p>\n<h2><span style=\"font-size: 18px;\">Motorsysteme<\/span><\/h2>\n<p>Float Plus bietet drei verschiedene Systeme: den <a href=\"https:\/\/floatplus.com\/product-en\/float-plus-pro-2\/\">Pro 2<\/a>, den <a href=\"https:\/\/floatplus.com\/product-en\/bellyboat-motor-float-tube-motor-compact-2\/\">Compact 2<\/a> und den <a href=\"https:\/\/floatplus.com\/product-en\/float-plus-twin-force-electric-bellyboat-motor-system-en\/\">Twin Force<\/a>. Jedes System besteht aus einem Steuerungsteil, einer Fernbedienung und einem oder zwei Motoren, unterscheidet sich jedoch in den Akku-Optionen. Klicken Sie <a href=\"https:\/\/floatplus.com\/de\/verschiedene-systeme\/\">hier<\/a> f\u00fcr einen \u00dcberblick \u00fcber die Systeme und ihre Merkmale, damit Sie das System ausw\u00e4hlen k\u00f6nnen, das am besten zu Ihrem Float Plus 1 Bellyboot passt.<\/p>\n<h2><span style=\"font-size: 18px;\">Garantie Bellyboot<\/span><\/h2>\n<p>Float Plus gew\u00e4hrleistet die Zuverl\u00e4ssigkeit des Float Plus 1 Bellyboot f\u00fcr einen vollen Zeitraum von 2 Jahren. Ihre Zufriedenheit und Ihr Vertrauen sind unsere Priorit\u00e4t, und mit dieser soliden Garantie bieten wir Ihnen Ruhe und Sicherheit bei Ihrem Kauf.<\/p>\n<h2><span style=\"font-size: 18px;\">Was unsere Kunden sagen<\/span><\/h2>\n<p>Nehmen Sie nicht nur unser Wort daf\u00fcr\u2014h\u00f6ren Sie, was unsere zufriedenen Kunden \u00fcber ihre Erfahrungen mit Float Plus Produkten zu sagen haben. Lesen Sie aus erster Hand Geschichten dar\u00fcber, wie unsere Bellyboots &amp; Motorsysteme ihre Angelausfl\u00fcge auf <a href=\"https:\/\/www.google.com\/maps\/place\/Float+Plus+B.V.+Bellyboat+elektro+motor\/@51.7093446,5.6715718,17z\/data=!4m8!3m7!1s0x47c6e53fbbc401a9:0xa16461cfb91c1240!8m2!3d51.7093446!4d5.6741467!9m1!1b1!16s%2Fg%2F11ffl_0wxr?entry=ttu\">Google<\/a>, <a href=\"https:\/\/www.trustpilot.com\/review\/floatplus.com\">Trustpilot<\/a> oder unten transformiert haben.<\/p>\n<p><img data-recalc-dims=\"1\" decoding=\"async\" class=\"wp-image-28146 aligncenter\" src=\"https:\/\/i0.wp.com\/floatplus.com\/wp-content\/uploads\/2023\/06\/rating-white.png?resize=288%2C46&#038;ssl=1\" alt=\"\" width=\"288\" height=\"46\" \/>[vc_row wrap_container=&#8220;yes&#8220;][vc_column css=&#8220;.vc_custom_1612965709829{padding-top: 5px !important;}&#8220;]<\/p>\n<h2><span style=\"font-size: 18px;\">Spezifikationen Float Plus 1 Bellyboot<\/span><\/h2>\n<style>.porto-info-listeab0963d344c1362ccca459650c3467e i { color: #ffffff;font-size: 20px; }<\/style><ul class=\"porto-info-list  porto-info-listeab0963d344c1362ccca459650c3467e wpb_custom_eadeacc378cef61235846b9a1c07512b\"><li class=\"porto-info-list-item tabel_lichtgrijs wpb_custom_eade0171093a7591372ccf9372738e3d\"><i class=\"porto-info-icon fas fa-grip-lines\"><\/i><div class=\"porto-info-list-item-desc\">Verschlei\u00dfstreifen unten &amp; vorne am Sitz<\/div><\/li><li class=\"porto-info-list-item tabel_donkergrijs wpb_custom_eade0171093a7591372ccf9372738e3d\"><i class=\"porto-info-icon fas fa-water\"><\/i><div class=\"porto-info-list-item-desc\">Tiefgang, Auftrieb, Man\u00f6vrierf\u00e4higkeit<\/div><\/li><li class=\"porto-info-list-item tabel_lichtgrijs wpb_custom_eade0171093a7591372ccf9372738e3d\"><i class=\"porto-info-icon fas fa-shapes\"><\/i><div class=\"porto-info-list-item-desc\">Konische Schl\u00e4uche<\/div><\/li><li class=\"porto-info-list-item tabel_donkergrijs wpb_custom_eade0171093a7591372ccf9372738e3d\"><i class=\"porto-info-icon far fa-hand-rock\"><\/i><div class=\"porto-info-list-item-desc\">Griffe an den Enden der Schl\u00e4uche<\/div><\/li><li class=\"porto-info-list-item tabel_lichtgrijs wpb_custom_eade0171093a7591372ccf9372738e3d\"><i class=\"porto-info-icon fas fa-chair\"><\/i><div class=\"porto-info-list-item-desc\">Schr\u00e4g gestellter Boden f\u00fcr aufrechtes Sitzen<\/div><\/li><li class=\"porto-info-list-item tabel_donkergrijs wpb_custom_eade0171093a7591372ccf9372738e3d\"><i class=\"porto-info-icon fas fa-wind\"><\/i><div class=\"porto-info-list-item-desc\">Zentrale Ventile &amp; Angabe des erforderlichen Drucks an den Ventilen<\/div><\/li><li class=\"porto-info-list-item tabel_lichtgrijs wpb_custom_eade0171093a7591372ccf9372738e3d\"><i class=\"porto-info-icon fas fa-life-ring\"><\/i><div class=\"porto-info-list-item-desc\">Fester aufblasbarer Boden<\/div><\/li><li class=\"porto-info-list-item tabel_donkergrijs wpb_custom_eade0171093a7591372ccf9372738e3d\"><i class=\"porto-info-icon fas fa-car-battery\"><\/i><div class=\"porto-info-list-item-desc\">Loch im aufblasbaren Boden f\u00fcr Kabeldurchf\u00fchrung des Motors<\/div><\/li><li class=\"porto-info-list-item tabel_lichtgrijs wpb_custom_eade0171093a7591372ccf9372738e3d\"><i class=\"porto-info-icon fas fa-feather-alt\"><\/i><div class=\"porto-info-list-item-desc\">Nur 12 kg<\/div><\/li><li class=\"porto-info-list-item tabel_donkergrijs wpb_custom_eade0171093a7591372ccf9372738e3d\"><i class=\"porto-info-icon fas fa-ruler-combined\"><\/i><div class=\"porto-info-list-item-desc\">L\u00e4nge 185 cm, Breite 122 cm<\/div><\/li><li class=\"porto-info-list-item tabel_lichtgrijs wpb_custom_eade0171093a7591372ccf9372738e3d\"><i class=\"porto-info-icon fas fa-arrows-alt\"><\/i><div class=\"porto-info-list-item-desc\">PVC-St\u00e4rke 0,9 mm<\/div><\/li><\/ul>[\/vc_column][\/vc_row]<\/p>\n<\/section>","protected":false},"excerpt":{"rendered":"<p><span style=\"color: #ffffff;\"><strong>Float Plus 1 mit Charakter &#8211; 50% Rabatt<\/strong><\/span><\/p>\n<p>Manchmal ist Perfektion nicht notwendig, um gro\u00dfartig zu sein.<br \/>\nDiese Charge des Float Plus 1 hat einen kleinen Sch\u00f6nheitsfehler: leichte Flecken auf dem PVC, als ob Wasser darauf getrocknet w\u00e4re. Nicht polierbar, aber 100% funktionsf\u00e4hig.<\/p>\n<p>&#8211; gleiche Spitzenqualit\u00e4t<br \/>\n&#8211; dieselbe Man\u00f6vrierf\u00e4higkeit und Stabilit\u00e4t<br \/>\n&#8211; dieselben einzigartigen Segeleigenschaften<\/p>\n<p>Aber zum halben Preis.<\/p>\n<p>F\u00fcr Angler, die Leistung einem makellosen \u00c4u\u00dferen vorziehen.<br \/>\n\u26a0\ufe0f Begrenzter Vorrat &#8211; weg = weg<br \/>\n\ud83d\udc49 Sehen Sie sich das Angebot an und nutzen Sie Ihren Vorteil.<\/p>\n<p><iframe src=\"https:\/\/www.youtube.com\/embed\/K3L-bE9tCQ0?si=m_dmwUgQaDR0QBZG\" width=\"560\" height=\"315\" frameborder=\"0\" allowfullscreen=\"allowfullscreen\" data-mce-fragment=\"1\"><br \/>\n<\/iframe><\/p>\n","protected":false},"featured_media":31625,"comment_status":"open","ping_status":"closed","template":"","meta":[],"product_brand":[],"product_cat":[423],"product_tag":[],"giftcard-category":[],"class_list":{"0":"post-32654","1":"product","2":"type-product","3":"status-publish","4":"has-post-thumbnail","6":"product_cat-tolle-angebote","8":"first","9":"outofstock","10":"sale","11":"taxable","12":"shipping-taxable","13":"purchasable","14":"product-type-simple"},"yoast_head":"<!-- This site is optimized with the Yoast SEO Premium plugin v23.1 (Yoast SEO v27.4) - https:\/\/yoast.com\/product\/yoast-seo-premium-wordpress\/ -->\n<title>Limited Edition Float Plus 1 Bellyboat Limitierte Auflage - Float Plus<\/title>\n<meta name=\"description\" content=\"Limited Edition Float Plus 2 Bellyboat Limitierte Auflage\" \/>\n<meta name=\"robots\" content=\"index, follow, max-snippet:-1, max-image-preview:large, max-video-preview:-1\" \/>\n<link rel=\"canonical\" href=\"https:\/\/floatplus.com\/de\/produkt-de\/limited-edition-float-plus-1-bellyboat-limitierte-auflage\/\" \/>\n<meta property=\"og:locale\" content=\"de_DE\" \/>\n<meta property=\"og:type\" content=\"article\" \/>\n<meta property=\"og:title\" content=\"Limited Edition Float Plus 1 Bellyboat Limitierte Auflage - Float Plus\" \/>\n<meta property=\"og:description\" content=\"Limited Edition Float Plus 2 Bellyboat Limitierte Auflage\" \/>\n<meta property=\"og:url\" content=\"https:\/\/floatplus.com\/de\/produkt-de\/limited-edition-float-plus-1-bellyboat-limitierte-auflage\/\" \/>\n<meta property=\"og:site_name\" content=\"Float Plus\" \/>\n<meta property=\"article:publisher\" content=\"https:\/\/www.facebook.com\/floatpluspro\/\" \/>\n<meta property=\"article:modified_time\" content=\"2025-05-13T06:02:43+00:00\" \/>\n<meta property=\"og:image\" content=\"https:\/\/floatplus.com\/wp-content\/uploads\/2021\/11\/FP1-bellyboot1.jpg\" \/>\n\t<meta property=\"og:image:width\" content=\"1600\" \/>\n\t<meta property=\"og:image:height\" content=\"1066\" \/>\n\t<meta property=\"og:image:type\" content=\"image\/jpeg\" \/>\n<meta name=\"twitter:card\" content=\"summary_large_image\" \/>\n<meta name=\"twitter:label1\" content=\"Gesch\u00e4tzte Lesezeit\" \/>\n\t<meta name=\"twitter:data1\" content=\"3\u00a0Minuten\" \/>\n<script type=\"application\/ld+json\" class=\"yoast-schema-graph\">{\"@context\":\"https:\\\/\\\/schema.org\",\"@graph\":[{\"@type\":\"WebPage\",\"@id\":\"https:\\\/\\\/floatplus.com\\\/de\\\/produkt-de\\\/limited-edition-float-plus-1-bellyboat-limitierte-auflage\\\/\",\"url\":\"https:\\\/\\\/floatplus.com\\\/de\\\/produkt-de\\\/limited-edition-float-plus-1-bellyboat-limitierte-auflage\\\/\",\"name\":\"Limited Edition Float Plus 1 Bellyboat Limitierte Auflage - Float Plus\",\"isPartOf\":{\"@id\":\"https:\\\/\\\/floatplus.com\\\/de\\\/#website\"},\"primaryImageOfPage\":{\"@id\":\"https:\\\/\\\/floatplus.com\\\/de\\\/produkt-de\\\/limited-edition-float-plus-1-bellyboat-limitierte-auflage\\\/#primaryimage\"},\"image\":{\"@id\":\"https:\\\/\\\/floatplus.com\\\/de\\\/produkt-de\\\/limited-edition-float-plus-1-bellyboat-limitierte-auflage\\\/#primaryimage\"},\"thumbnailUrl\":\"https:\\\/\\\/i0.wp.com\\\/floatplus.com\\\/wp-content\\\/uploads\\\/2021\\\/11\\\/FP1-bellyboot1.jpg?fit=1600%2C1066&ssl=1\",\"datePublished\":\"2024-08-27T07:33:34+00:00\",\"dateModified\":\"2025-05-13T06:02:43+00:00\",\"description\":\"Limited Edition Float Plus 2 Bellyboat Limitierte Auflage\",\"breadcrumb\":{\"@id\":\"https:\\\/\\\/floatplus.com\\\/de\\\/produkt-de\\\/limited-edition-float-plus-1-bellyboat-limitierte-auflage\\\/#breadcrumb\"},\"inLanguage\":\"de\",\"potentialAction\":[{\"@type\":\"ReadAction\",\"target\":[\"https:\\\/\\\/floatplus.com\\\/de\\\/produkt-de\\\/limited-edition-float-plus-1-bellyboat-limitierte-auflage\\\/\"]}]},{\"@type\":\"ImageObject\",\"inLanguage\":\"de\",\"@id\":\"https:\\\/\\\/floatplus.com\\\/de\\\/produkt-de\\\/limited-edition-float-plus-1-bellyboat-limitierte-auflage\\\/#primaryimage\",\"url\":\"https:\\\/\\\/i0.wp.com\\\/floatplus.com\\\/wp-content\\\/uploads\\\/2021\\\/11\\\/FP1-bellyboot1.jpg?fit=1600%2C1066&ssl=1\",\"contentUrl\":\"https:\\\/\\\/i0.wp.com\\\/floatplus.com\\\/wp-content\\\/uploads\\\/2021\\\/11\\\/FP1-bellyboot1.jpg?fit=1600%2C1066&ssl=1\",\"width\":1600,\"height\":1066},{\"@type\":\"BreadcrumbList\",\"@id\":\"https:\\\/\\\/floatplus.com\\\/de\\\/produkt-de\\\/limited-edition-float-plus-1-bellyboat-limitierte-auflage\\\/#breadcrumb\",\"itemListElement\":[{\"@type\":\"ListItem\",\"position\":1,\"name\":\"Home\",\"item\":\"https:\\\/\\\/floatplus.com\\\/de\\\/\"},{\"@type\":\"ListItem\",\"position\":2,\"name\":\"Shop\",\"item\":\"https:\\\/\\\/floatplus.com\\\/de\\\/shop-de\\\/\"},{\"@type\":\"ListItem\",\"position\":3,\"name\":\"Limited Edition Float Plus 1 Bellyboat Limitierte Auflage\"}]},{\"@type\":\"WebSite\",\"@id\":\"https:\\\/\\\/floatplus.com\\\/de\\\/#website\",\"url\":\"https:\\\/\\\/floatplus.com\\\/de\\\/\",\"name\":\"Float Plus\",\"description\":\"Worldleader in Bellyboats and Bellyboat Motors\",\"publisher\":{\"@id\":\"https:\\\/\\\/floatplus.com\\\/de\\\/#organization\"},\"potentialAction\":[{\"@type\":\"SearchAction\",\"target\":{\"@type\":\"EntryPoint\",\"urlTemplate\":\"https:\\\/\\\/floatplus.com\\\/de\\\/?s={search_term_string}\"},\"query-input\":{\"@type\":\"PropertyValueSpecification\",\"valueRequired\":true,\"valueName\":\"search_term_string\"}}],\"inLanguage\":\"de\"},{\"@type\":\"Organization\",\"@id\":\"https:\\\/\\\/floatplus.com\\\/de\\\/#organization\",\"name\":\"Float Plus Bellyboat & Bellyboat Motor\",\"url\":\"https:\\\/\\\/floatplus.com\\\/de\\\/\",\"logo\":{\"@type\":\"ImageObject\",\"inLanguage\":\"de\",\"@id\":\"https:\\\/\\\/floatplus.com\\\/de\\\/#\\\/schema\\\/logo\\\/image\\\/\",\"url\":\"https:\\\/\\\/i0.wp.com\\\/floatplus.com\\\/wp-content\\\/uploads\\\/2021\\\/01\\\/logo-floatplus_icon.png?fit=135%2C135&ssl=1\",\"contentUrl\":\"https:\\\/\\\/i0.wp.com\\\/floatplus.com\\\/wp-content\\\/uploads\\\/2021\\\/01\\\/logo-floatplus_icon.png?fit=135%2C135&ssl=1\",\"width\":135,\"height\":135,\"caption\":\"Float Plus Bellyboat & Bellyboat Motor\"},\"image\":{\"@id\":\"https:\\\/\\\/floatplus.com\\\/de\\\/#\\\/schema\\\/logo\\\/image\\\/\"},\"sameAs\":[\"https:\\\/\\\/www.facebook.com\\\/floatpluspro\\\/\",\"https:\\\/\\\/www.instagram.com\\\/floatplus\\\/\",\"https:\\\/\\\/www.youtube.com\\\/channel\\\/UCOawieW3u0T3mWwNTVFOVMQ\"]}]}<\/script>\n<!-- \/ Yoast SEO Premium plugin. -->","yoast_head_json":{"title":"Limited Edition Float Plus 1 Bellyboat Limitierte Auflage - Float Plus","description":"Limited Edition Float Plus 2 Bellyboat Limitierte Auflage","robots":{"index":"index","follow":"follow","max-snippet":"max-snippet:-1","max-image-preview":"max-image-preview:large","max-video-preview":"max-video-preview:-1"},"canonical":"https:\/\/floatplus.com\/de\/produkt-de\/limited-edition-float-plus-1-bellyboat-limitierte-auflage\/","og_locale":"de_DE","og_type":"article","og_title":"Limited Edition Float Plus 1 Bellyboat Limitierte Auflage - Float Plus","og_description":"Limited Edition Float Plus 2 Bellyboat Limitierte Auflage","og_url":"https:\/\/floatplus.com\/de\/produkt-de\/limited-edition-float-plus-1-bellyboat-limitierte-auflage\/","og_site_name":"Float Plus","article_publisher":"https:\/\/www.facebook.com\/floatpluspro\/","article_modified_time":"2025-05-13T06:02:43+00:00","og_image":[{"width":1600,"height":1066,"url":"https:\/\/floatplus.com\/wp-content\/uploads\/2021\/11\/FP1-bellyboot1.jpg","type":"image\/jpeg"}],"twitter_card":"summary_large_image","twitter_misc":{"Gesch\u00e4tzte Lesezeit":"3\u00a0Minuten"},"schema":{"@context":"https:\/\/schema.org","@graph":[{"@type":"WebPage","@id":"https:\/\/floatplus.com\/de\/produkt-de\/limited-edition-float-plus-1-bellyboat-limitierte-auflage\/","url":"https:\/\/floatplus.com\/de\/produkt-de\/limited-edition-float-plus-1-bellyboat-limitierte-auflage\/","name":"Limited Edition Float Plus 1 Bellyboat Limitierte Auflage - Float Plus","isPartOf":{"@id":"https:\/\/floatplus.com\/de\/#website"},"primaryImageOfPage":{"@id":"https:\/\/floatplus.com\/de\/produkt-de\/limited-edition-float-plus-1-bellyboat-limitierte-auflage\/#primaryimage"},"image":{"@id":"https:\/\/floatplus.com\/de\/produkt-de\/limited-edition-float-plus-1-bellyboat-limitierte-auflage\/#primaryimage"},"thumbnailUrl":"https:\/\/i0.wp.com\/floatplus.com\/wp-content\/uploads\/2021\/11\/FP1-bellyboot1.jpg?fit=1600%2C1066&ssl=1","datePublished":"2024-08-27T07:33:34+00:00","dateModified":"2025-05-13T06:02:43+00:00","description":"Limited Edition Float Plus 2 Bellyboat Limitierte Auflage","breadcrumb":{"@id":"https:\/\/floatplus.com\/de\/produkt-de\/limited-edition-float-plus-1-bellyboat-limitierte-auflage\/#breadcrumb"},"inLanguage":"de","potentialAction":[{"@type":"ReadAction","target":["https:\/\/floatplus.com\/de\/produkt-de\/limited-edition-float-plus-1-bellyboat-limitierte-auflage\/"]}]},{"@type":"ImageObject","inLanguage":"de","@id":"https:\/\/floatplus.com\/de\/produkt-de\/limited-edition-float-plus-1-bellyboat-limitierte-auflage\/#primaryimage","url":"https:\/\/i0.wp.com\/floatplus.com\/wp-content\/uploads\/2021\/11\/FP1-bellyboot1.jpg?fit=1600%2C1066&ssl=1","contentUrl":"https:\/\/i0.wp.com\/floatplus.com\/wp-content\/uploads\/2021\/11\/FP1-bellyboot1.jpg?fit=1600%2C1066&ssl=1","width":1600,"height":1066},{"@type":"BreadcrumbList","@id":"https:\/\/floatplus.com\/de\/produkt-de\/limited-edition-float-plus-1-bellyboat-limitierte-auflage\/#breadcrumb","itemListElement":[{"@type":"ListItem","position":1,"name":"Home","item":"https:\/\/floatplus.com\/de\/"},{"@type":"ListItem","position":2,"name":"Shop","item":"https:\/\/floatplus.com\/de\/shop-de\/"},{"@type":"ListItem","position":3,"name":"Limited Edition Float Plus 1 Bellyboat Limitierte Auflage"}]},{"@type":"WebSite","@id":"https:\/\/floatplus.com\/de\/#website","url":"https:\/\/floatplus.com\/de\/","name":"Float Plus","description":"Worldleader in Bellyboats and Bellyboat Motors","publisher":{"@id":"https:\/\/floatplus.com\/de\/#organization"},"potentialAction":[{"@type":"SearchAction","target":{"@type":"EntryPoint","urlTemplate":"https:\/\/floatplus.com\/de\/?s={search_term_string}"},"query-input":{"@type":"PropertyValueSpecification","valueRequired":true,"valueName":"search_term_string"}}],"inLanguage":"de"},{"@type":"Organization","@id":"https:\/\/floatplus.com\/de\/#organization","name":"Float Plus Bellyboat & Bellyboat Motor","url":"https:\/\/floatplus.com\/de\/","logo":{"@type":"ImageObject","inLanguage":"de","@id":"https:\/\/floatplus.com\/de\/#\/schema\/logo\/image\/","url":"https:\/\/i0.wp.com\/floatplus.com\/wp-content\/uploads\/2021\/01\/logo-floatplus_icon.png?fit=135%2C135&ssl=1","contentUrl":"https:\/\/i0.wp.com\/floatplus.com\/wp-content\/uploads\/2021\/01\/logo-floatplus_icon.png?fit=135%2C135&ssl=1","width":135,"height":135,"caption":"Float Plus Bellyboat & Bellyboat Motor"},"image":{"@id":"https:\/\/floatplus.com\/de\/#\/schema\/logo\/image\/"},"sameAs":["https:\/\/www.facebook.com\/floatpluspro\/","https:\/\/www.instagram.com\/floatplus\/","https:\/\/www.youtube.com\/channel\/UCOawieW3u0T3mWwNTVFOVMQ"]}]}},"_links":{"self":[{"href":"https:\/\/floatplus.com\/de\/wp-json\/wp\/v2\/product\/32654","targetHints":{"allow":["GET"]}}],"collection":[{"href":"https:\/\/floatplus.com\/de\/wp-json\/wp\/v2\/product"}],"about":[{"href":"https:\/\/floatplus.com\/de\/wp-json\/wp\/v2\/types\/product"}],"replies":[{"embeddable":true,"href":"https:\/\/floatplus.com\/de\/wp-json\/wp\/v2\/comments?post=32654"}],"wp:featuredmedia":[{"embeddable":true,"href":"https:\/\/floatplus.com\/de\/wp-json\/wp\/v2\/media\/31625"}],"wp:attachment":[{"href":"https:\/\/floatplus.com\/de\/wp-json\/wp\/v2\/media?parent=32654"}],"wp:term":[{"taxonomy":"product_brand","embeddable":true,"href":"https:\/\/floatplus.com\/de\/wp-json\/wp\/v2\/product_brand?post=32654"},{"taxonomy":"product_cat","embeddable":true,"href":"https:\/\/floatplus.com\/de\/wp-json\/wp\/v2\/product_cat?post=32654"},{"taxonomy":"product_tag","embeddable":true,"href":"https:\/\/floatplus.com\/de\/wp-json\/wp\/v2\/product_tag?post=32654"},{"taxonomy":"giftcard-category","embeddable":true,"href":"https:\/\/floatplus.com\/de\/wp-json\/wp\/v2\/giftcard-category?post=32654"}],"curies":[{"name":"wp","href":"https:\/\/api.w.org\/{rel}","templated":true}]}}