{"id":33307,"date":"2025-04-04T13:34:43","date_gmt":"2025-04-04T13:34:43","guid":{"rendered":"https:\/\/floatplus.com\/product\/motorhalterung-l-fuer-elektromotor\/"},"modified":"2025-04-09T08:48:54","modified_gmt":"2025-04-09T08:48:54","slug":"motorhalterung-l-fuer-elektromotor","status":"publish","type":"product","link":"https:\/\/floatplus.com\/de\/produkt-de\/motorhalterung-l-fuer-elektromotor\/","title":{"rendered":"Motorhalterung L f\u00fcr Elektromotor"},"content":{"rendered":"","protected":false},"excerpt":{"rendered":"<p><span style=\"color: #ffffff;\">Mit dieser Motorhalterung aus beschichtetem Stahl befestigst du deinen Elektromotor sicher an deinem Bellyboot.<br \/>\n<span style=\"color: #ffffff;\">Gr\u00f6\u00dfe L ist geeignet f\u00fcr den E-Drifter L und Bellyboote mit einem Schlauchdurchmesser von 35 bis 40 cm.<br \/>\n<span style=\"color: #ffffff;\">Die Halterung kann sowohl an einer geraden als auch an einer V-f\u00f6rmigen Bugform montiert werden.<\/p>\n<p><span style=\"color: #ffffff;\">Die Halterung wird inklusive Klebepads geliefert.<br \/>\n<span style=\"color: #ffffff;\"><a href=\"https:\/\/floatplus.com\/de\/produkt-de\/bengar-pvc-kleber\/\">Ein T\u00f6pfchen Bengar-Kleber<\/a> reicht aus, um die Pads zu verkleben.<br \/>\n<span style=\"color: #ffffff;\">Der Kleber ist nicht im Preis enthalten, kann aber ganz einfach zu deiner Bestellung hinzugef\u00fcgt werden.<\/p>\n","protected":false},"featured_media":33218,"comment_status":"open","ping_status":"closed","template":"","meta":[],"product_brand":[],"product_cat":[155],"product_tag":[440],"giftcard-category":[],"class_list":{"0":"post-33307","1":"product","2":"type-product","3":"status-publish","4":"has-post-thumbnail","6":"product_cat-zubehor-de","7":"product_tag-productfeed","9":"first","10":"instock","11":"taxable","12":"shipping-taxable","13":"purchasable","14":"product-type-simple"},"yoast_head":"<!-- This site is optimized with the Yoast SEO Premium plugin v23.1 (Yoast SEO v27.4) - https:\/\/yoast.com\/product\/yoast-seo-premium-wordpress\/ -->\n<title>Motorhalterung L f\u00fcr Elektromotor - Float Plus<\/title>\n<meta name=\"description\" content=\"Mit dieser Motorhalterung aus beschichtetem Stahl befestigst du deinen Elektromotor sicher an deinem Bellyboot.\" \/>\n<meta name=\"robots\" content=\"index, follow, max-snippet:-1, max-image-preview:large, max-video-preview:-1\" \/>\n<link rel=\"canonical\" href=\"https:\/\/floatplus.com\/de\/produkt-de\/motorhalterung-l-fuer-elektromotor\/\" \/>\n<meta property=\"og:locale\" content=\"de_DE\" \/>\n<meta property=\"og:type\" content=\"article\" \/>\n<meta property=\"og:title\" content=\"Motorhalterung L f\u00fcr Elektromotor - Float Plus\" \/>\n<meta property=\"og:description\" content=\"Mit dieser Motorhalterung aus beschichtetem Stahl befestigst du deinen Elektromotor sicher an deinem Bellyboot.\" \/>\n<meta property=\"og:url\" content=\"https:\/\/floatplus.com\/de\/produkt-de\/motorhalterung-l-fuer-elektromotor\/\" \/>\n<meta property=\"og:site_name\" content=\"Float Plus\" \/>\n<meta property=\"article:publisher\" content=\"https:\/\/www.facebook.com\/floatpluspro\/\" \/>\n<meta property=\"article:modified_time\" content=\"2025-04-09T08:48:54+00:00\" \/>\n<meta property=\"og:image\" content=\"https:\/\/floatplus.com\/wp-content\/uploads\/2025\/04\/motorsteun-L.jpg\" \/>\n\t<meta property=\"og:image:width\" content=\"2000\" \/>\n\t<meta property=\"og:image:height\" content=\"1500\" \/>\n\t<meta property=\"og:image:type\" content=\"image\/jpeg\" \/>\n<meta name=\"twitter:card\" content=\"summary_large_image\" \/>\n<meta name=\"twitter:label1\" content=\"Gesch\u00e4tzte Lesezeit\" \/>\n\t<meta name=\"twitter:data1\" content=\"1\u00a0Minute\" \/>\n<script type=\"application\/ld+json\" class=\"yoast-schema-graph\">{\"@context\":\"https:\\\/\\\/schema.org\",\"@graph\":[{\"@type\":\"WebPage\",\"@id\":\"https:\\\/\\\/floatplus.com\\\/de\\\/produkt-de\\\/motorhalterung-l-fuer-elektromotor\\\/\",\"url\":\"https:\\\/\\\/floatplus.com\\\/de\\\/produkt-de\\\/motorhalterung-l-fuer-elektromotor\\\/\",\"name\":\"Motorhalterung L f\u00fcr Elektromotor - Float Plus\",\"isPartOf\":{\"@id\":\"https:\\\/\\\/floatplus.com\\\/de\\\/#website\"},\"primaryImageOfPage\":{\"@id\":\"https:\\\/\\\/floatplus.com\\\/de\\\/produkt-de\\\/motorhalterung-l-fuer-elektromotor\\\/#primaryimage\"},\"image\":{\"@id\":\"https:\\\/\\\/floatplus.com\\\/de\\\/produkt-de\\\/motorhalterung-l-fuer-elektromotor\\\/#primaryimage\"},\"thumbnailUrl\":\"https:\\\/\\\/i0.wp.com\\\/floatplus.com\\\/wp-content\\\/uploads\\\/2025\\\/04\\\/motorsteun-L.jpg?fit=2000%2C1500&ssl=1\",\"datePublished\":\"2025-04-04T13:34:43+00:00\",\"dateModified\":\"2025-04-09T08:48:54+00:00\",\"description\":\"Mit dieser Motorhalterung aus beschichtetem Stahl befestigst du deinen Elektromotor sicher an deinem Bellyboot.\",\"breadcrumb\":{\"@id\":\"https:\\\/\\\/floatplus.com\\\/de\\\/produkt-de\\\/motorhalterung-l-fuer-elektromotor\\\/#breadcrumb\"},\"inLanguage\":\"de\",\"potentialAction\":[{\"@type\":\"ReadAction\",\"target\":[\"https:\\\/\\\/floatplus.com\\\/de\\\/produkt-de\\\/motorhalterung-l-fuer-elektromotor\\\/\"]}]},{\"@type\":\"ImageObject\",\"inLanguage\":\"de\",\"@id\":\"https:\\\/\\\/floatplus.com\\\/de\\\/produkt-de\\\/motorhalterung-l-fuer-elektromotor\\\/#primaryimage\",\"url\":\"https:\\\/\\\/i0.wp.com\\\/floatplus.com\\\/wp-content\\\/uploads\\\/2025\\\/04\\\/motorsteun-L.jpg?fit=2000%2C1500&ssl=1\",\"contentUrl\":\"https:\\\/\\\/i0.wp.com\\\/floatplus.com\\\/wp-content\\\/uploads\\\/2025\\\/04\\\/motorsteun-L.jpg?fit=2000%2C1500&ssl=1\",\"width\":2000,\"height\":1500},{\"@type\":\"BreadcrumbList\",\"@id\":\"https:\\\/\\\/floatplus.com\\\/de\\\/produkt-de\\\/motorhalterung-l-fuer-elektromotor\\\/#breadcrumb\",\"itemListElement\":[{\"@type\":\"ListItem\",\"position\":1,\"name\":\"Home\",\"item\":\"https:\\\/\\\/floatplus.com\\\/de\\\/\"},{\"@type\":\"ListItem\",\"position\":2,\"name\":\"Shop\",\"item\":\"https:\\\/\\\/floatplus.com\\\/de\\\/shop-de\\\/\"},{\"@type\":\"ListItem\",\"position\":3,\"name\":\"Motorhalterung L f\u00fcr Elektromotor\"}]},{\"@type\":\"WebSite\",\"@id\":\"https:\\\/\\\/floatplus.com\\\/de\\\/#website\",\"url\":\"https:\\\/\\\/floatplus.com\\\/de\\\/\",\"name\":\"Float Plus\",\"description\":\"Worldleader in Bellyboats and Bellyboat Motors\",\"publisher\":{\"@id\":\"https:\\\/\\\/floatplus.com\\\/de\\\/#organization\"},\"potentialAction\":[{\"@type\":\"SearchAction\",\"target\":{\"@type\":\"EntryPoint\",\"urlTemplate\":\"https:\\\/\\\/floatplus.com\\\/de\\\/?s={search_term_string}\"},\"query-input\":{\"@type\":\"PropertyValueSpecification\",\"valueRequired\":true,\"valueName\":\"search_term_string\"}}],\"inLanguage\":\"de\"},{\"@type\":\"Organization\",\"@id\":\"https:\\\/\\\/floatplus.com\\\/de\\\/#organization\",\"name\":\"Float Plus Bellyboat & Bellyboat Motor\",\"url\":\"https:\\\/\\\/floatplus.com\\\/de\\\/\",\"logo\":{\"@type\":\"ImageObject\",\"inLanguage\":\"de\",\"@id\":\"https:\\\/\\\/floatplus.com\\\/de\\\/#\\\/schema\\\/logo\\\/image\\\/\",\"url\":\"https:\\\/\\\/i0.wp.com\\\/floatplus.com\\\/wp-content\\\/uploads\\\/2021\\\/01\\\/logo-floatplus_icon.png?fit=135%2C135&ssl=1\",\"contentUrl\":\"https:\\\/\\\/i0.wp.com\\\/floatplus.com\\\/wp-content\\\/uploads\\\/2021\\\/01\\\/logo-floatplus_icon.png?fit=135%2C135&ssl=1\",\"width\":135,\"height\":135,\"caption\":\"Float Plus Bellyboat & Bellyboat Motor\"},\"image\":{\"@id\":\"https:\\\/\\\/floatplus.com\\\/de\\\/#\\\/schema\\\/logo\\\/image\\\/\"},\"sameAs\":[\"https:\\\/\\\/www.facebook.com\\\/floatpluspro\\\/\",\"https:\\\/\\\/www.instagram.com\\\/floatplus\\\/\",\"https:\\\/\\\/www.youtube.com\\\/channel\\\/UCOawieW3u0T3mWwNTVFOVMQ\"]}]}<\/script>\n<!-- \/ Yoast SEO Premium plugin. -->","yoast_head_json":{"title":"Motorhalterung L f\u00fcr Elektromotor - Float Plus","description":"Mit dieser Motorhalterung aus beschichtetem Stahl befestigst du deinen Elektromotor sicher an deinem Bellyboot.","robots":{"index":"index","follow":"follow","max-snippet":"max-snippet:-1","max-image-preview":"max-image-preview:large","max-video-preview":"max-video-preview:-1"},"canonical":"https:\/\/floatplus.com\/de\/produkt-de\/motorhalterung-l-fuer-elektromotor\/","og_locale":"de_DE","og_type":"article","og_title":"Motorhalterung L f\u00fcr Elektromotor - Float Plus","og_description":"Mit dieser Motorhalterung aus beschichtetem Stahl befestigst du deinen Elektromotor sicher an deinem Bellyboot.","og_url":"https:\/\/floatplus.com\/de\/produkt-de\/motorhalterung-l-fuer-elektromotor\/","og_site_name":"Float Plus","article_publisher":"https:\/\/www.facebook.com\/floatpluspro\/","article_modified_time":"2025-04-09T08:48:54+00:00","og_image":[{"width":2000,"height":1500,"url":"https:\/\/floatplus.com\/wp-content\/uploads\/2025\/04\/motorsteun-L.jpg","type":"image\/jpeg"}],"twitter_card":"summary_large_image","twitter_misc":{"Gesch\u00e4tzte Lesezeit":"1\u00a0Minute"},"schema":{"@context":"https:\/\/schema.org","@graph":[{"@type":"WebPage","@id":"https:\/\/floatplus.com\/de\/produkt-de\/motorhalterung-l-fuer-elektromotor\/","url":"https:\/\/floatplus.com\/de\/produkt-de\/motorhalterung-l-fuer-elektromotor\/","name":"Motorhalterung L f\u00fcr Elektromotor - Float Plus","isPartOf":{"@id":"https:\/\/floatplus.com\/de\/#website"},"primaryImageOfPage":{"@id":"https:\/\/floatplus.com\/de\/produkt-de\/motorhalterung-l-fuer-elektromotor\/#primaryimage"},"image":{"@id":"https:\/\/floatplus.com\/de\/produkt-de\/motorhalterung-l-fuer-elektromotor\/#primaryimage"},"thumbnailUrl":"https:\/\/i0.wp.com\/floatplus.com\/wp-content\/uploads\/2025\/04\/motorsteun-L.jpg?fit=2000%2C1500&ssl=1","datePublished":"2025-04-04T13:34:43+00:00","dateModified":"2025-04-09T08:48:54+00:00","description":"Mit dieser Motorhalterung aus beschichtetem Stahl befestigst du deinen Elektromotor sicher an deinem Bellyboot.","breadcrumb":{"@id":"https:\/\/floatplus.com\/de\/produkt-de\/motorhalterung-l-fuer-elektromotor\/#breadcrumb"},"inLanguage":"de","potentialAction":[{"@type":"ReadAction","target":["https:\/\/floatplus.com\/de\/produkt-de\/motorhalterung-l-fuer-elektromotor\/"]}]},{"@type":"ImageObject","inLanguage":"de","@id":"https:\/\/floatplus.com\/de\/produkt-de\/motorhalterung-l-fuer-elektromotor\/#primaryimage","url":"https:\/\/i0.wp.com\/floatplus.com\/wp-content\/uploads\/2025\/04\/motorsteun-L.jpg?fit=2000%2C1500&ssl=1","contentUrl":"https:\/\/i0.wp.com\/floatplus.com\/wp-content\/uploads\/2025\/04\/motorsteun-L.jpg?fit=2000%2C1500&ssl=1","width":2000,"height":1500},{"@type":"BreadcrumbList","@id":"https:\/\/floatplus.com\/de\/produkt-de\/motorhalterung-l-fuer-elektromotor\/#breadcrumb","itemListElement":[{"@type":"ListItem","position":1,"name":"Home","item":"https:\/\/floatplus.com\/de\/"},{"@type":"ListItem","position":2,"name":"Shop","item":"https:\/\/floatplus.com\/de\/shop-de\/"},{"@type":"ListItem","position":3,"name":"Motorhalterung L f\u00fcr Elektromotor"}]},{"@type":"WebSite","@id":"https:\/\/floatplus.com\/de\/#website","url":"https:\/\/floatplus.com\/de\/","name":"Float Plus","description":"Worldleader in Bellyboats and Bellyboat Motors","publisher":{"@id":"https:\/\/floatplus.com\/de\/#organization"},"potentialAction":[{"@type":"SearchAction","target":{"@type":"EntryPoint","urlTemplate":"https:\/\/floatplus.com\/de\/?s={search_term_string}"},"query-input":{"@type":"PropertyValueSpecification","valueRequired":true,"valueName":"search_term_string"}}],"inLanguage":"de"},{"@type":"Organization","@id":"https:\/\/floatplus.com\/de\/#organization","name":"Float Plus Bellyboat & Bellyboat Motor","url":"https:\/\/floatplus.com\/de\/","logo":{"@type":"ImageObject","inLanguage":"de","@id":"https:\/\/floatplus.com\/de\/#\/schema\/logo\/image\/","url":"https:\/\/i0.wp.com\/floatplus.com\/wp-content\/uploads\/2021\/01\/logo-floatplus_icon.png?fit=135%2C135&ssl=1","contentUrl":"https:\/\/i0.wp.com\/floatplus.com\/wp-content\/uploads\/2021\/01\/logo-floatplus_icon.png?fit=135%2C135&ssl=1","width":135,"height":135,"caption":"Float Plus Bellyboat & Bellyboat Motor"},"image":{"@id":"https:\/\/floatplus.com\/de\/#\/schema\/logo\/image\/"},"sameAs":["https:\/\/www.facebook.com\/floatpluspro\/","https:\/\/www.instagram.com\/floatplus\/","https:\/\/www.youtube.com\/channel\/UCOawieW3u0T3mWwNTVFOVMQ"]}]}},"_links":{"self":[{"href":"https:\/\/floatplus.com\/de\/wp-json\/wp\/v2\/product\/33307","targetHints":{"allow":["GET"]}}],"collection":[{"href":"https:\/\/floatplus.com\/de\/wp-json\/wp\/v2\/product"}],"about":[{"href":"https:\/\/floatplus.com\/de\/wp-json\/wp\/v2\/types\/product"}],"replies":[{"embeddable":true,"href":"https:\/\/floatplus.com\/de\/wp-json\/wp\/v2\/comments?post=33307"}],"wp:featuredmedia":[{"embeddable":true,"href":"https:\/\/floatplus.com\/de\/wp-json\/wp\/v2\/media\/33218"}],"wp:attachment":[{"href":"https:\/\/floatplus.com\/de\/wp-json\/wp\/v2\/media?parent=33307"}],"wp:term":[{"taxonomy":"product_brand","embeddable":true,"href":"https:\/\/floatplus.com\/de\/wp-json\/wp\/v2\/product_brand?post=33307"},{"taxonomy":"product_cat","embeddable":true,"href":"https:\/\/floatplus.com\/de\/wp-json\/wp\/v2\/product_cat?post=33307"},{"taxonomy":"product_tag","embeddable":true,"href":"https:\/\/floatplus.com\/de\/wp-json\/wp\/v2\/product_tag?post=33307"},{"taxonomy":"giftcard-category","embeddable":true,"href":"https:\/\/floatplus.com\/de\/wp-json\/wp\/v2\/giftcard-category?post=33307"}],"curies":[{"name":"wp","href":"https:\/\/api.w.org\/{rel}","templated":true}]}}