{"id":22171,"date":"2021-11-19T10:27:26","date_gmt":"2021-11-19T10:27:26","guid":{"rendered":"https:\/\/test.floatplus.com\/float-plus-compact-2\/"},"modified":"2021-11-25T22:34:49","modified_gmt":"2021-11-25T22:34:49","slug":"float-plus-compact-2","status":"publish","type":"page","link":"https:\/\/floatplus.com\/fr\/float-plus-compact-2\/","title":{"rendered":"Float Plus Compact 2"},"content":{"rendered":"<section class=\"wpb-content-wrapper\"><p>[vc_row wrap_container=\u00a0\u00bbyes\u00a0\u00bb][vc_column][vc_empty_space height=\u00a0\u00bb2rem\u00a0\u00bb][vc_custom_heading text=\u00a0\u00bbFloat Plus Compact 2&Prime; font_container=\u00a0\u00bbtag:h3|text_align:left\u00a0\u00bb use_theme_fonts=\u00a0\u00bbyes\u00a0\u00bb el_class=\u00a0\u00bbshorter\u00a0\u00bb][vc_empty_space height=\u00a0\u00bb2rem\u00a0\u00bb][vc_column_text]Les syst\u00e8mes Float Plus ont en commun leurs l\u00e9gert\u00e9 et leurs petite taille. le plus grand avantage du syst\u00e8me Compact 2 est le petit coffre o\u00f9 la communication entre la t\u00e9l\u00e9commande et le batterie a lieu. Il s&rsquo;adapte donc facilement sur les Tubes derri\u00e8re les poches.<\/p>\n<p>Le syst\u00e8me se monte tr\u00e8s facilement a la plupart des float tubes existants avec un dessous en PVC utilisant la pi\u00e8ce de montage universelle.[\/vc_column_text][\/vc_column][\/vc_row][vc_row equal_height=\u00a0\u00bbyes\u00a0\u00bb wrap_container=\u00a0\u00bbyes\u00a0\u00bb css=\u00a0\u00bb.vc_custom_1637675386107{padding-top: 2rem !important;}\u00a0\u00bb el_class=\u00a0\u00bbswap-on-mobile\u00a0\u00bb][vc_column width=\u00a0\u00bb1\/2&Prime; css=\u00a0\u00bb.vc_custom_1637675809364{padding-top: 5% !important;padding-right: 5% !important;padding-bottom: 5% !important;padding-left: 5% !important;}\u00a0\u00bb offset=\u00a0\u00bbvc_hidden-sm vc_hidden-xs\u00a0\u00bb][vc_custom_heading text=\u00a0\u00bbLe Compact 2 : Compatibles aux autres batteries.\u00a0\u00bb font_container=\u00a0\u00bbtag:h3|text_align:left\u00a0\u00bb use_theme_fonts=\u00a0\u00bbyes\u00a0\u00bb el_class=\u00a0\u00bbshorter\u00a0\u00bb][vc_empty_space height=\u00a0\u00bb2rem\u00a0\u00bb][vc_column_text]Le syst\u00e8me Compact 2 est compatible avec nos batteries Float Plus et en plus avec tous les types de batteries Pb, Lithium-ion et LiFePo4 avec une tension maximale de 16V<\/p>\n<p>Le Compact 2 vous offre la possibilit\u00e9 de changer le batterie restant sur l\u2019eau dans un instant, vous mettez la connexion d\u2019une batterie sur l\u2019autre sans devoir retourner a terre.[\/vc_column_text][\/vc_column][vc_column width=\u00a0\u00bb1\/2&Prime; offset=\u00a0\u00bbvc_hidden-sm vc_hidden-xs\u00a0\u00bb][vc_single_image image=\u00a0\u00bb22355&Prime; img_size=\u00a0\u00bbfull\u00a0\u00bb alignment=\u00a0\u00bbcenter\u00a0\u00bb style=\u00a0\u00bbvc_box_rounded\u00a0\u00bb][\/vc_column][\/vc_row][vc_row equal_height=\u00a0\u00bbyes\u00a0\u00bb wrap_container=\u00a0\u00bbyes\u00a0\u00bb css=\u00a0\u00bb.vc_custom_1637675386107{padding-top: 2rem !important;}\u00a0\u00bb el_class=\u00a0\u00bbswap-on-mobile\u00a0\u00bb][vc_column width=\u00a0\u00bb1\/2&Prime; css=\u00a0\u00bb.vc_custom_1637675796131{padding-top: 5% !important;padding-right: 5% !important;padding-bottom: 5% !important;padding-left: 5% !important;}\u00a0\u00bb offset=\u00a0\u00bbvc_hidden-lg vc_hidden-md\u00a0\u00bb][vc_single_image image=\u00a0\u00bb22355&Prime; img_size=\u00a0\u00bbfull\u00a0\u00bb alignment=\u00a0\u00bbcenter\u00a0\u00bb style=\u00a0\u00bbvc_box_rounded\u00a0\u00bb][\/vc_column][vc_column width=\u00a0\u00bb1\/2&Prime; offset=\u00a0\u00bbvc_hidden-lg vc_hidden-md\u00a0\u00bb][vc_custom_heading text=\u00a0\u00bbLe Compact 2 : Compatibles aux autres batteries.\u00a0\u00bb font_container=\u00a0\u00bbtag:h3|text_align:left\u00a0\u00bb use_theme_fonts=\u00a0\u00bbyes\u00a0\u00bb el_class=\u00a0\u00bbshorter\u00a0\u00bb][vc_column_text]Le syst\u00e8me Compact 2 est compatible avec nos batteries Float Plus et en plus avec tous les types de batteries Pb, Lithium-ion et LiFePo4 avec une tension maximale de 16V<\/p>\n<p>Le Compact 2 vous offre la possibilit\u00e9 de changer le batterie restant sur l\u2019eau dans un instant, vous mettez la connexion d\u2019une batterie sur l\u2019autre sans devoir retourner a terre.[\/vc_column_text][vc_empty_space height=\u00a0\u00bb2rem\u00a0\u00bb][\/vc_column][\/vc_row][vc_row equal_height=\u00a0\u00bbyes\u00a0\u00bb wrap_container=\u00a0\u00bbyes\u00a0\u00bb css=\u00a0\u00bb.vc_custom_1637675392242{padding-top: 2rem !important;}\u00a0\u00bb][vc_column width=\u00a0\u00bb1\/2&Prime;][vc_single_image image=\u00a0\u00bb22343&Prime; img_size=\u00a0\u00bbfull\u00a0\u00bb alignment=\u00a0\u00bbcenter\u00a0\u00bb style=\u00a0\u00bbvc_box_rounded\u00a0\u00bb][\/vc_column][vc_column width=\u00a0\u00bb1\/2&Prime; css=\u00a0\u00bb.vc_custom_1635608137006{padding-top: 5% !important;padding-right: 5% !important;padding-bottom: 5% !important;padding-left: 5% !important;}\u00a0\u00bb][vc_custom_heading text=\u00a0\u00bbLa t\u00e9l\u00e9commande: fonctions\u00a0\u00bb font_container=\u00a0\u00bbtag:h3|text_align:left\u00a0\u00bb use_theme_fonts=\u00a0\u00bbyes\u00a0\u00bb el_class=\u00a0\u00bbshorter\u00a0\u00bb][vc_empty_space height=\u00a0\u00bb2rem\u00a0\u00bb][vc_column_text]Pour charger la t\u00e9l\u00e9commande avec son \u00e9cran LCD multicolores, \u00e9tanche et indication de batterie il faut utiliser.<\/p>\n<p>L&rsquo;indication de batterie est a la fois pour moteur et pour de la t\u00e9l\u00e9commande. Il est aussi possible de r\u00e9gler l&rsquo;intensit\u00e9 de l&rsquo;\u00e9cran.[\/vc_column_text][\/vc_column][\/vc_row][vc_row equal_height=\u00a0\u00bbyes\u00a0\u00bb wrap_container=\u00a0\u00bbyes\u00a0\u00bb css=\u00a0\u00bb.vc_custom_1637675399999{padding-top: 2rem !important;}\u00a0\u00bb el_class=\u00a0\u00bbswap-on-mobile\u00a0\u00bb][vc_column width=\u00a0\u00bb1\/2&Prime; css=\u00a0\u00bb.vc_custom_1637675871103{padding-top: 5% !important;padding-right: 5% !important;padding-bottom: 5% !important;padding-left: 5% !important;}\u00a0\u00bb offset=\u00a0\u00bbvc_hidden-sm vc_hidden-xs\u00a0\u00bb][vc_custom_heading text=\u00a0\u00bbLe bo\u00eetier moteur indestructible.\u00a0\u00bb font_container=\u00a0\u00bbtag:h3|text_align:left\u00a0\u00bb use_theme_fonts=\u00a0\u00bbyes\u00a0\u00bb el_class=\u00a0\u00bbshorter\u00a0\u00bb][vc_empty_space height=\u00a0\u00bb2rem\u00a0\u00bb][vc_column_text]Le bo\u00eetier moteur de Float Plus a \u00e9t\u00e9 d\u00e9velopp\u00e9 en polycarbonate renforc\u00e9 devfibres de verre. Gr\u00e2ce \u00e0 ces materiaux de haute qualit\u00e9 et construction compacte le syst\u00e8me Compact 2 ne p\u00e8se que 3Kg.<\/p>\n<p>Le bo\u00eftier moteur a \u00e9t\u00e9 d\u00e9velopp\u00e9 avec une protection wheedless int\u00e9gr\u00e9. Il n&rsquo;y a pas d\u2019interstice entre l&rsquo;h\u00e9lice et le bo\u00eetier du moteur cela minimise le probl\u00e8me desvplantes aquatiques bloqu\u00e9es dans l\u2019h\u00e9lice.[\/vc_column_text][vc_empty_space height=\u00a0\u00bb2rem\u00a0\u00bb][\/vc_column][vc_column width=\u00a0\u00bb1\/2&Prime; offset=\u00a0\u00bbvc_hidden-sm vc_hidden-xs\u00a0\u00bb][vc_single_image image=\u00a0\u00bb22349&Prime; img_size=\u00a0\u00bbfull\u00a0\u00bb alignment=\u00a0\u00bbcenter\u00a0\u00bb style=\u00a0\u00bbvc_box_rounded\u00a0\u00bb][\/vc_column][\/vc_row][vc_row equal_height=\u00a0\u00bbyes\u00a0\u00bb wrap_container=\u00a0\u00bbyes\u00a0\u00bb css=\u00a0\u00bb.vc_custom_1637675399999{padding-top: 2rem !important;}\u00a0\u00bb el_class=\u00a0\u00bbswap-on-mobile\u00a0\u00bb][vc_column width=\u00a0\u00bb1\/2&Prime; css=\u00a0\u00bb.vc_custom_1637675856760{padding-top: 5% !important;padding-right: 5% !important;padding-bottom: 5% !important;padding-left: 5% !important;}\u00a0\u00bb offset=\u00a0\u00bbvc_hidden-lg vc_hidden-md\u00a0\u00bb][vc_single_image image=\u00a0\u00bb22349&Prime; img_size=\u00a0\u00bbfull\u00a0\u00bb alignment=\u00a0\u00bbcenter\u00a0\u00bb style=\u00a0\u00bbvc_box_rounded\u00a0\u00bb][\/vc_column][vc_column width=\u00a0\u00bb1\/2&Prime; offset=\u00a0\u00bbvc_hidden-lg vc_hidden-md\u00a0\u00bb][vc_custom_heading text=\u00a0\u00bbLe bo\u00eetier moteur indestructible.\u00a0\u00bb font_container=\u00a0\u00bbtag:h3|text_align:left\u00a0\u00bb use_theme_fonts=\u00a0\u00bbyes\u00a0\u00bb el_class=\u00a0\u00bbshorter\u00a0\u00bb][vc_empty_space height=\u00a0\u00bb2rem\u00a0\u00bb][vc_column_text]Le bo\u00eetier moteur de Float Plus a \u00e9t\u00e9 d\u00e9velopp\u00e9 en polycarbonate renforc\u00e9 devfibres de verre. Gr\u00e2ce \u00e0 ces materiaux de haute qualit\u00e9 et construction compacte le syst\u00e8me Compact 2 ne p\u00e8se que 3Kg.<\/p>\n<p>Le bo\u00eftier moteur a \u00e9t\u00e9 d\u00e9velopp\u00e9 avec une protection wheedless int\u00e9gr\u00e9. Il n&rsquo;y a pas d\u2019interstice entre l&rsquo;h\u00e9lice et le bo\u00eetier du moteur cela minimise le probl\u00e8me desvplantes aquatiques bloqu\u00e9es dans l\u2019h\u00e9lice.[\/vc_column_text][vc_empty_space height=\u00a0\u00bb2rem\u00a0\u00bb][\/vc_column][\/vc_row][vc_row equal_height=\u00a0\u00bbyes\u00a0\u00bb wrap_container=\u00a0\u00bbyes\u00a0\u00bb css=\u00a0\u00bb.vc_custom_1637675405872{padding-top: 2rem !important;}\u00a0\u00bb][vc_column width=\u00a0\u00bb1\/2&Prime;][vc_single_image image=\u00a0\u00bb22360&Prime; img_size=\u00a0\u00bbfull\u00a0\u00bb alignment=\u00a0\u00bbcenter\u00a0\u00bb style=\u00a0\u00bbvc_box_rounded\u00a0\u00bb][\/vc_column][vc_column width=\u00a0\u00bb1\/2&Prime; css=\u00a0\u00bb.vc_custom_1635608137006{padding-top: 5% !important;padding-right: 5% !important;padding-bottom: 5% !important;padding-left: 5% !important;}\u00a0\u00bb][vc_custom_heading text=\u00a0\u00bbFonction de naviguer en avant et en arri\u00e8re\u00a0\u00bb font_container=\u00a0\u00bbtag:h3|text_align:left\u00a0\u00bb use_theme_fonts=\u00a0\u00bbyes\u00a0\u00bb el_class=\u00a0\u00bbshorter\u00a0\u00bb][vc_empty_space height=\u00a0\u00bb2rem\u00a0\u00bb][vc_column_text]Le syst\u00e8me Compact 2 est \u00e9quip\u00e9 d&rsquo;une fonction navigation en avant et en arri\u00e8re et d\u2019une s\u00e9curit\u00e9 anti-blocage d&rsquo;h\u00e9lice La t\u00e9l\u00e9commande est \u00e9quip\u00e9e. Avec d\u2019un r\u00e9glage variable direct \u00e9lectronique AV \/ AR avec m\u00e9moire e la vitesse.<\/p>\n<p>Vous voulez en savoir plus sur le syst\u00e8me Float Plus Compact 2 ? Veuillez alors <a href=\"https:\/\/floatplus.com\/fr\/contact\/\">nous contacter<\/a>. Vous pouvez <a href=\"https:\/\/floatplus.com\/fr\/produit-fr\/float-plus-compact-2-fr\/\">commander ici<\/a>.[\/vc_column_text][\/vc_column][\/vc_row]<\/p>\n<\/section>","protected":false},"excerpt":{"rendered":"<p>[vc_row wrap_container=\u00a0\u00bbyes\u00a0\u00bb][vc_column][vc_empty_space height=\u00a0\u00bb2rem\u00a0\u00bb][vc_custom_heading text=\u00a0\u00bbFloat Plus Compact 2&Prime; font_container=\u00a0\u00bbtag:h3|text_align:left\u00a0\u00bb use_theme_fonts=\u00a0\u00bbyes\u00a0\u00bb el_class=\u00a0\u00bbshorter\u00a0\u00bb][vc_empty_space height=\u00a0\u00bb2rem\u00a0\u00bb][vc_column_text]Les syst\u00e8mes Float Plus ont en commun leurs l\u00e9gert\u00e9 et leurs petite taille. le plus grand avantage du syst\u00e8me Compact 2 est le petit coffre o\u00f9 la communication entre la t\u00e9l\u00e9commande et le batterie a lieu. Il s&rsquo;adapte donc facilement sur les Tubes derri\u00e8re les [&hellip;]<\/p>\n","protected":false},"author":1,"featured_media":0,"parent":0,"menu_order":0,"comment_status":"closed","ping_status":"closed","template":"","meta":{"footnotes":""},"class_list":["post-22171","page","type-page","status-publish","hentry"],"yoast_head":"<!-- This site is optimized with the Yoast SEO Premium plugin v23.1 (Yoast SEO v27.4) - https:\/\/yoast.com\/product\/yoast-seo-premium-wordpress\/ -->\n<title>Float Plus Compact 2 - Worldleader in Bellyboats and Bellyboat Motors<\/title>\n<meta name=\"description\" content=\"Les syst\u00e8mes Float Plus ont en commun leurs l\u00e9gert\u00e9 et leurs petite taille. le plus grand avantage du syst\u00e8me Compact 2 est le petit coffre o\u00f9 la\" \/>\n<meta name=\"robots\" content=\"index, follow, max-snippet:-1, max-image-preview:large, max-video-preview:-1\" \/>\n<link rel=\"canonical\" href=\"https:\/\/floatplus.com\/fr\/float-plus-compact-2\/\" \/>\n<meta property=\"og:locale\" content=\"fr_FR\" \/>\n<meta property=\"og:type\" content=\"article\" \/>\n<meta property=\"og:title\" content=\"Float Plus Compact 2\" \/>\n<meta property=\"og:description\" content=\"Les syst\u00e8mes Float Plus ont en commun leurs l\u00e9gert\u00e9 et leurs petite taille. le plus grand avantage du syst\u00e8me Compact 2 est le petit coffre o\u00f9 la\" \/>\n<meta property=\"og:url\" content=\"https:\/\/floatplus.com\/fr\/float-plus-compact-2\/\" \/>\n<meta property=\"og:site_name\" content=\"Float Plus\" \/>\n<meta property=\"article:publisher\" content=\"https:\/\/www.facebook.com\/floatpluspro\/\" \/>\n<meta property=\"article:modified_time\" content=\"2021-11-25T22:34:49+00:00\" \/>\n<meta property=\"og:image\" content=\"https:\/\/i0.wp.com\/floatplus.com\/wp-content\/uploads\/2023\/06\/floatplus_catfish_.jpg?fit=700%2C570&ssl=1\" \/>\n\t<meta property=\"og:image:width\" content=\"700\" \/>\n\t<meta property=\"og:image:height\" content=\"570\" \/>\n\t<meta property=\"og:image:type\" content=\"image\/jpeg\" \/>\n<meta name=\"twitter:card\" content=\"summary_large_image\" \/>\n<meta name=\"twitter:label1\" content=\"Dur\u00e9e de lecture estim\u00e9e\" \/>\n\t<meta name=\"twitter:data1\" content=\"5 minutes\" \/>\n<script type=\"application\/ld+json\" class=\"yoast-schema-graph\">{\"@context\":\"https:\\\/\\\/schema.org\",\"@graph\":[{\"@type\":\"WebPage\",\"@id\":\"https:\\\/\\\/floatplus.com\\\/fr\\\/float-plus-compact-2\\\/\",\"url\":\"https:\\\/\\\/floatplus.com\\\/fr\\\/float-plus-compact-2\\\/\",\"name\":\"Float Plus Compact 2 - Worldleader in Bellyboats and Bellyboat Motors\",\"isPartOf\":{\"@id\":\"https:\\\/\\\/floatplus.com\\\/fr\\\/#website\"},\"datePublished\":\"2021-11-19T10:27:26+00:00\",\"dateModified\":\"2021-11-25T22:34:49+00:00\",\"description\":\"Les syst\u00e8mes Float Plus ont en commun leurs l\u00e9gert\u00e9 et leurs petite taille. le plus grand avantage du syst\u00e8me Compact 2 est le petit coffre o\u00f9 la\",\"breadcrumb\":{\"@id\":\"https:\\\/\\\/floatplus.com\\\/fr\\\/float-plus-compact-2\\\/#breadcrumb\"},\"inLanguage\":\"fr-FR\",\"potentialAction\":[{\"@type\":\"ReadAction\",\"target\":[\"https:\\\/\\\/floatplus.com\\\/fr\\\/float-plus-compact-2\\\/\"]}]},{\"@type\":\"BreadcrumbList\",\"@id\":\"https:\\\/\\\/floatplus.com\\\/fr\\\/float-plus-compact-2\\\/#breadcrumb\",\"itemListElement\":[{\"@type\":\"ListItem\",\"position\":1,\"name\":\"Home\",\"item\":\"https:\\\/\\\/floatplus.com\\\/fr\\\/\"},{\"@type\":\"ListItem\",\"position\":2,\"name\":\"Float Plus Compact 2\"}]},{\"@type\":\"WebSite\",\"@id\":\"https:\\\/\\\/floatplus.com\\\/fr\\\/#website\",\"url\":\"https:\\\/\\\/floatplus.com\\\/fr\\\/\",\"name\":\"Float Plus\",\"description\":\"Worldleader in Bellyboats and Bellyboat Motors\",\"publisher\":{\"@id\":\"https:\\\/\\\/floatplus.com\\\/fr\\\/#organization\"},\"potentialAction\":[{\"@type\":\"SearchAction\",\"target\":{\"@type\":\"EntryPoint\",\"urlTemplate\":\"https:\\\/\\\/floatplus.com\\\/fr\\\/?s={search_term_string}\"},\"query-input\":{\"@type\":\"PropertyValueSpecification\",\"valueRequired\":true,\"valueName\":\"search_term_string\"}}],\"inLanguage\":\"fr-FR\"},{\"@type\":\"Organization\",\"@id\":\"https:\\\/\\\/floatplus.com\\\/fr\\\/#organization\",\"name\":\"Float Plus Bellyboat & Bellyboat Motor\",\"url\":\"https:\\\/\\\/floatplus.com\\\/fr\\\/\",\"logo\":{\"@type\":\"ImageObject\",\"inLanguage\":\"fr-FR\",\"@id\":\"https:\\\/\\\/floatplus.com\\\/fr\\\/#\\\/schema\\\/logo\\\/image\\\/\",\"url\":\"https:\\\/\\\/i0.wp.com\\\/floatplus.com\\\/wp-content\\\/uploads\\\/2021\\\/01\\\/logo-floatplus_icon.png?fit=135%2C135&ssl=1\",\"contentUrl\":\"https:\\\/\\\/i0.wp.com\\\/floatplus.com\\\/wp-content\\\/uploads\\\/2021\\\/01\\\/logo-floatplus_icon.png?fit=135%2C135&ssl=1\",\"width\":135,\"height\":135,\"caption\":\"Float Plus Bellyboat & Bellyboat Motor\"},\"image\":{\"@id\":\"https:\\\/\\\/floatplus.com\\\/fr\\\/#\\\/schema\\\/logo\\\/image\\\/\"},\"sameAs\":[\"https:\\\/\\\/www.facebook.com\\\/floatpluspro\\\/\",\"https:\\\/\\\/www.instagram.com\\\/floatplus\\\/\",\"https:\\\/\\\/www.youtube.com\\\/channel\\\/UCOawieW3u0T3mWwNTVFOVMQ\"]}]}<\/script>\n<!-- \/ Yoast SEO Premium plugin. -->","yoast_head_json":{"title":"Float Plus Compact 2 - Worldleader in Bellyboats and Bellyboat Motors","description":"Les syst\u00e8mes Float Plus ont en commun leurs l\u00e9gert\u00e9 et leurs petite taille. le plus grand avantage du syst\u00e8me Compact 2 est le petit coffre o\u00f9 la","robots":{"index":"index","follow":"follow","max-snippet":"max-snippet:-1","max-image-preview":"max-image-preview:large","max-video-preview":"max-video-preview:-1"},"canonical":"https:\/\/floatplus.com\/fr\/float-plus-compact-2\/","og_locale":"fr_FR","og_type":"article","og_title":"Float Plus Compact 2","og_description":"Les syst\u00e8mes Float Plus ont en commun leurs l\u00e9gert\u00e9 et leurs petite taille. le plus grand avantage du syst\u00e8me Compact 2 est le petit coffre o\u00f9 la","og_url":"https:\/\/floatplus.com\/fr\/float-plus-compact-2\/","og_site_name":"Float Plus","article_publisher":"https:\/\/www.facebook.com\/floatpluspro\/","article_modified_time":"2021-11-25T22:34:49+00:00","og_image":[{"width":700,"height":570,"url":"https:\/\/i0.wp.com\/floatplus.com\/wp-content\/uploads\/2023\/06\/floatplus_catfish_.jpg?fit=700%2C570&ssl=1","type":"image\/jpeg"}],"twitter_card":"summary_large_image","twitter_misc":{"Dur\u00e9e de lecture estim\u00e9e":"5 minutes"},"schema":{"@context":"https:\/\/schema.org","@graph":[{"@type":"WebPage","@id":"https:\/\/floatplus.com\/fr\/float-plus-compact-2\/","url":"https:\/\/floatplus.com\/fr\/float-plus-compact-2\/","name":"Float Plus Compact 2 - Worldleader in Bellyboats and Bellyboat Motors","isPartOf":{"@id":"https:\/\/floatplus.com\/fr\/#website"},"datePublished":"2021-11-19T10:27:26+00:00","dateModified":"2021-11-25T22:34:49+00:00","description":"Les syst\u00e8mes Float Plus ont en commun leurs l\u00e9gert\u00e9 et leurs petite taille. le plus grand avantage du syst\u00e8me Compact 2 est le petit coffre o\u00f9 la","breadcrumb":{"@id":"https:\/\/floatplus.com\/fr\/float-plus-compact-2\/#breadcrumb"},"inLanguage":"fr-FR","potentialAction":[{"@type":"ReadAction","target":["https:\/\/floatplus.com\/fr\/float-plus-compact-2\/"]}]},{"@type":"BreadcrumbList","@id":"https:\/\/floatplus.com\/fr\/float-plus-compact-2\/#breadcrumb","itemListElement":[{"@type":"ListItem","position":1,"name":"Home","item":"https:\/\/floatplus.com\/fr\/"},{"@type":"ListItem","position":2,"name":"Float Plus Compact 2"}]},{"@type":"WebSite","@id":"https:\/\/floatplus.com\/fr\/#website","url":"https:\/\/floatplus.com\/fr\/","name":"Float Plus","description":"Worldleader in Bellyboats and Bellyboat Motors","publisher":{"@id":"https:\/\/floatplus.com\/fr\/#organization"},"potentialAction":[{"@type":"SearchAction","target":{"@type":"EntryPoint","urlTemplate":"https:\/\/floatplus.com\/fr\/?s={search_term_string}"},"query-input":{"@type":"PropertyValueSpecification","valueRequired":true,"valueName":"search_term_string"}}],"inLanguage":"fr-FR"},{"@type":"Organization","@id":"https:\/\/floatplus.com\/fr\/#organization","name":"Float Plus Bellyboat & Bellyboat Motor","url":"https:\/\/floatplus.com\/fr\/","logo":{"@type":"ImageObject","inLanguage":"fr-FR","@id":"https:\/\/floatplus.com\/fr\/#\/schema\/logo\/image\/","url":"https:\/\/i0.wp.com\/floatplus.com\/wp-content\/uploads\/2021\/01\/logo-floatplus_icon.png?fit=135%2C135&ssl=1","contentUrl":"https:\/\/i0.wp.com\/floatplus.com\/wp-content\/uploads\/2021\/01\/logo-floatplus_icon.png?fit=135%2C135&ssl=1","width":135,"height":135,"caption":"Float Plus Bellyboat & Bellyboat Motor"},"image":{"@id":"https:\/\/floatplus.com\/fr\/#\/schema\/logo\/image\/"},"sameAs":["https:\/\/www.facebook.com\/floatpluspro\/","https:\/\/www.instagram.com\/floatplus\/","https:\/\/www.youtube.com\/channel\/UCOawieW3u0T3mWwNTVFOVMQ"]}]}},"_links":{"self":[{"href":"https:\/\/floatplus.com\/fr\/wp-json\/wp\/v2\/pages\/22171","targetHints":{"allow":["GET"]}}],"collection":[{"href":"https:\/\/floatplus.com\/fr\/wp-json\/wp\/v2\/pages"}],"about":[{"href":"https:\/\/floatplus.com\/fr\/wp-json\/wp\/v2\/types\/page"}],"author":[{"embeddable":true,"href":"https:\/\/floatplus.com\/fr\/wp-json\/wp\/v2\/users\/1"}],"replies":[{"embeddable":true,"href":"https:\/\/floatplus.com\/fr\/wp-json\/wp\/v2\/comments?post=22171"}],"version-history":[{"count":14,"href":"https:\/\/floatplus.com\/fr\/wp-json\/wp\/v2\/pages\/22171\/revisions"}],"predecessor-version":[{"id":23116,"href":"https:\/\/floatplus.com\/fr\/wp-json\/wp\/v2\/pages\/22171\/revisions\/23116"}],"wp:attachment":[{"href":"https:\/\/floatplus.com\/fr\/wp-json\/wp\/v2\/media?parent=22171"}],"curies":[{"name":"wp","href":"https:\/\/api.w.org\/{rel}","templated":true}]}}