{"id":22223,"date":"2021-11-19T14:48:42","date_gmt":"2021-11-19T14:48:42","guid":{"rendered":"https:\/\/test.floatplus.com\/types-de-peche\/float-plus-pelagique\/"},"modified":"2021-11-22T13:40:33","modified_gmt":"2021-11-22T13:40:33","slug":"float-plus-pelagique","status":"publish","type":"page","link":"https:\/\/floatplus.com\/fr\/types-de-peche\/float-plus-pelagique\/","title":{"rendered":"Float Plus P\u00e9lagique"},"content":{"rendered":"<section class=\"wpb-content-wrapper\"><p>[vc_row][vc_column][vc_custom_heading text=\u00a0\u00bbFloat Plus &#038; P\u00e9lagique\u00a0\u00bb use_theme_fonts=\u00a0\u00bbyes\u00a0\u00bb el_class=\u00a0\u00bbshorter\u00a0\u00bb][vc_empty_space height=\u00a0\u00bb2rem\u00a0\u00bb][vc_column_text]Float Plus &#038; P\u00e9lagique<br \/>\nC&rsquo;est l&rsquo;une des meilleures techniques que je connaisse pour attraper de gros poissons, notamment des sandres, sur de grands lacs profonds. Comme la plupart des grands poissons pr\u00e9dateurs chassent au milieu de l&rsquo;eau, c&rsquo;est l&rsquo;endroit id\u00e9al pour les attraper. La p\u00eache p\u00e9lagique est une technique qui nous permet de trouver le poisson solitaire XXL avec notre sondeur et de descendre l&rsquo;app\u00e2t juste au-dessus du poisson. Nous commen\u00e7ons toujours par les trous les plus profonds et, \u00e0 partir de l\u00e0, il est logique de rechercher les bancs moins profonds \u00e0 proximit\u00e9.[\/vc_column_text][\/vc_column][\/vc_row][vc_row text_align=\u00a0\u00bbcenter\u00a0\u00bb][vc_column][vc_raw_html]PGlmcmFtZSB3aWR0aD0iMTEyMCIgaGVpZ2h0PSI1NjAiIHNyYz0iaHR0cHM6Ly93d3cueW91dHViZS5jb20vZW1iZWQvYTl3dTVPLVFobjQiIHRpdGxlPSJZb3VUdWJlIHZpZGVvIHBsYXllciIgZnJhbWVib3JkZXI9IjAiIGFsbG93PSJhY2NlbGVyb21ldGVyOyBhdXRvcGxheTsgY2xpcGJvYXJkLXdyaXRlOyBlbmNyeXB0ZWQtbWVkaWE7IGd5cm9zY29wZTsgcGljdHVyZS1pbi1waWN0dXJlIiBhbGxvd2Z1bGxzY3JlZW4+PC9pZnJhbWU+[\/vc_raw_html][\/vc_column][\/vc_row]<\/p>\n<\/section>","protected":false},"excerpt":{"rendered":"<p>[vc_row][vc_column][vc_custom_heading text=\u00a0\u00bbFloat Plus &#038; P\u00e9lagique\u00a0\u00bb use_theme_fonts=\u00a0\u00bbyes\u00a0\u00bb el_class=\u00a0\u00bbshorter\u00a0\u00bb][vc_empty_space height=\u00a0\u00bb2rem\u00a0\u00bb][vc_column_text]Float Plus &#038; P\u00e9lagique C&rsquo;est l&rsquo;une des meilleures techniques que je connaisse pour attraper de gros poissons, notamment des sandres, sur de grands lacs profonds. Comme la plupart des grands poissons pr\u00e9dateurs chassent au milieu de l&rsquo;eau, c&rsquo;est l&rsquo;endroit id\u00e9al pour les attraper. La p\u00eache p\u00e9lagique est une [&hellip;]<\/p>\n","protected":false},"author":1,"featured_media":0,"parent":22214,"menu_order":0,"comment_status":"closed","ping_status":"closed","template":"","meta":{"footnotes":""},"class_list":["post-22223","page","type-page","status-publish","hentry"],"yoast_head":"<!-- This site is optimized with the Yoast SEO Premium plugin v23.1 (Yoast SEO v27.5) - https:\/\/yoast.com\/product\/yoast-seo-premium-wordpress\/ -->\n<title>Float Plus P\u00e9lagique - Worldleader in Bellyboats and Bellyboat Motors<\/title>\n<meta name=\"description\" content=\"Float Plus &amp; P\u00e9lagique C&#039;est l&#039;une des meilleures techniques que je connaisse pour attraper de gros poissons, notamment des sandres, sur de grands lacs\" \/>\n<meta name=\"robots\" content=\"index, follow, max-snippet:-1, max-image-preview:large, max-video-preview:-1\" \/>\n<link rel=\"canonical\" href=\"https:\/\/floatplus.com\/fr\/types-de-peche\/float-plus-pelagique\/\" \/>\n<meta property=\"og:locale\" content=\"fr_FR\" \/>\n<meta property=\"og:type\" content=\"article\" \/>\n<meta property=\"og:title\" content=\"Float Plus P\u00e9lagique\" \/>\n<meta property=\"og:description\" content=\"Float Plus &amp; P\u00e9lagique C&#039;est l&#039;une des meilleures techniques que je connaisse pour attraper de gros poissons, notamment des sandres, sur de grands lacs\" \/>\n<meta property=\"og:url\" content=\"https:\/\/floatplus.com\/fr\/types-de-peche\/float-plus-pelagique\/\" \/>\n<meta property=\"og:site_name\" content=\"Float Plus\" \/>\n<meta property=\"article:publisher\" content=\"https:\/\/www.facebook.com\/floatpluspro\/\" \/>\n<meta property=\"article:modified_time\" content=\"2021-11-22T13:40:33+00:00\" \/>\n<meta property=\"og:image\" content=\"https:\/\/i0.wp.com\/floatplus.com\/wp-content\/uploads\/2023\/06\/floatplus_catfish_.jpg?fit=700%2C570&ssl=1\" \/>\n\t<meta property=\"og:image:width\" content=\"700\" \/>\n\t<meta property=\"og:image:height\" content=\"570\" \/>\n\t<meta property=\"og:image:type\" content=\"image\/jpeg\" \/>\n<meta name=\"twitter:card\" content=\"summary_large_image\" \/>\n<meta name=\"twitter:label1\" content=\"Dur\u00e9e de lecture estim\u00e9e\" \/>\n\t<meta name=\"twitter:data1\" content=\"1 minute\" \/>\n<script type=\"application\/ld+json\" class=\"yoast-schema-graph\">{\"@context\":\"https:\\\/\\\/schema.org\",\"@graph\":[{\"@type\":\"WebPage\",\"@id\":\"https:\\\/\\\/floatplus.com\\\/fr\\\/types-de-peche\\\/float-plus-pelagique\\\/\",\"url\":\"https:\\\/\\\/floatplus.com\\\/fr\\\/types-de-peche\\\/float-plus-pelagique\\\/\",\"name\":\"Float Plus P\u00e9lagique - Worldleader in Bellyboats and Bellyboat Motors\",\"isPartOf\":{\"@id\":\"https:\\\/\\\/floatplus.com\\\/fr\\\/#website\"},\"datePublished\":\"2021-11-19T14:48:42+00:00\",\"dateModified\":\"2021-11-22T13:40:33+00:00\",\"description\":\"Float Plus & P\u00e9lagique C'est l'une des meilleures techniques que je connaisse pour attraper de gros poissons, notamment des sandres, sur de grands lacs\",\"breadcrumb\":{\"@id\":\"https:\\\/\\\/floatplus.com\\\/fr\\\/types-de-peche\\\/float-plus-pelagique\\\/#breadcrumb\"},\"inLanguage\":\"fr-FR\",\"potentialAction\":[{\"@type\":\"ReadAction\",\"target\":[\"https:\\\/\\\/floatplus.com\\\/fr\\\/types-de-peche\\\/float-plus-pelagique\\\/\"]}]},{\"@type\":\"BreadcrumbList\",\"@id\":\"https:\\\/\\\/floatplus.com\\\/fr\\\/types-de-peche\\\/float-plus-pelagique\\\/#breadcrumb\",\"itemListElement\":[{\"@type\":\"ListItem\",\"position\":1,\"name\":\"Home\",\"item\":\"https:\\\/\\\/floatplus.com\\\/fr\\\/\"},{\"@type\":\"ListItem\",\"position\":2,\"name\":\"Types De P\u00eache\",\"item\":\"https:\\\/\\\/floatplus.com\\\/fr\\\/types-de-peche\\\/\"},{\"@type\":\"ListItem\",\"position\":3,\"name\":\"Float Plus P\u00e9lagique\"}]},{\"@type\":\"WebSite\",\"@id\":\"https:\\\/\\\/floatplus.com\\\/fr\\\/#website\",\"url\":\"https:\\\/\\\/floatplus.com\\\/fr\\\/\",\"name\":\"Float Plus\",\"description\":\"Worldleader in Bellyboats and Bellyboat Motors\",\"publisher\":{\"@id\":\"https:\\\/\\\/floatplus.com\\\/fr\\\/#organization\"},\"potentialAction\":[{\"@type\":\"SearchAction\",\"target\":{\"@type\":\"EntryPoint\",\"urlTemplate\":\"https:\\\/\\\/floatplus.com\\\/fr\\\/?s={search_term_string}\"},\"query-input\":{\"@type\":\"PropertyValueSpecification\",\"valueRequired\":true,\"valueName\":\"search_term_string\"}}],\"inLanguage\":\"fr-FR\"},{\"@type\":\"Organization\",\"@id\":\"https:\\\/\\\/floatplus.com\\\/fr\\\/#organization\",\"name\":\"Float Plus Bellyboat & Bellyboat Motor\",\"url\":\"https:\\\/\\\/floatplus.com\\\/fr\\\/\",\"logo\":{\"@type\":\"ImageObject\",\"inLanguage\":\"fr-FR\",\"@id\":\"https:\\\/\\\/floatplus.com\\\/fr\\\/#\\\/schema\\\/logo\\\/image\\\/\",\"url\":\"https:\\\/\\\/i0.wp.com\\\/floatplus.com\\\/wp-content\\\/uploads\\\/2021\\\/01\\\/logo-floatplus_icon.png?fit=135%2C135&ssl=1\",\"contentUrl\":\"https:\\\/\\\/i0.wp.com\\\/floatplus.com\\\/wp-content\\\/uploads\\\/2021\\\/01\\\/logo-floatplus_icon.png?fit=135%2C135&ssl=1\",\"width\":135,\"height\":135,\"caption\":\"Float Plus Bellyboat & Bellyboat Motor\"},\"image\":{\"@id\":\"https:\\\/\\\/floatplus.com\\\/fr\\\/#\\\/schema\\\/logo\\\/image\\\/\"},\"sameAs\":[\"https:\\\/\\\/www.facebook.com\\\/floatpluspro\\\/\",\"https:\\\/\\\/www.instagram.com\\\/floatplus\\\/\",\"https:\\\/\\\/www.youtube.com\\\/channel\\\/UCOawieW3u0T3mWwNTVFOVMQ\"]}]}<\/script>\n<!-- \/ Yoast SEO Premium plugin. -->","yoast_head_json":{"title":"Float Plus P\u00e9lagique - Worldleader in Bellyboats and Bellyboat Motors","description":"Float Plus & P\u00e9lagique C'est l'une des meilleures techniques que je connaisse pour attraper de gros poissons, notamment des sandres, sur de grands lacs","robots":{"index":"index","follow":"follow","max-snippet":"max-snippet:-1","max-image-preview":"max-image-preview:large","max-video-preview":"max-video-preview:-1"},"canonical":"https:\/\/floatplus.com\/fr\/types-de-peche\/float-plus-pelagique\/","og_locale":"fr_FR","og_type":"article","og_title":"Float Plus P\u00e9lagique","og_description":"Float Plus & P\u00e9lagique C'est l'une des meilleures techniques que je connaisse pour attraper de gros poissons, notamment des sandres, sur de grands lacs","og_url":"https:\/\/floatplus.com\/fr\/types-de-peche\/float-plus-pelagique\/","og_site_name":"Float Plus","article_publisher":"https:\/\/www.facebook.com\/floatpluspro\/","article_modified_time":"2021-11-22T13:40:33+00:00","og_image":[{"width":700,"height":570,"url":"https:\/\/i0.wp.com\/floatplus.com\/wp-content\/uploads\/2023\/06\/floatplus_catfish_.jpg?fit=700%2C570&ssl=1","type":"image\/jpeg"}],"twitter_card":"summary_large_image","twitter_misc":{"Dur\u00e9e de lecture estim\u00e9e":"1 minute"},"schema":{"@context":"https:\/\/schema.org","@graph":[{"@type":"WebPage","@id":"https:\/\/floatplus.com\/fr\/types-de-peche\/float-plus-pelagique\/","url":"https:\/\/floatplus.com\/fr\/types-de-peche\/float-plus-pelagique\/","name":"Float Plus P\u00e9lagique - Worldleader in Bellyboats and Bellyboat Motors","isPartOf":{"@id":"https:\/\/floatplus.com\/fr\/#website"},"datePublished":"2021-11-19T14:48:42+00:00","dateModified":"2021-11-22T13:40:33+00:00","description":"Float Plus & P\u00e9lagique C'est l'une des meilleures techniques que je connaisse pour attraper de gros poissons, notamment des sandres, sur de grands lacs","breadcrumb":{"@id":"https:\/\/floatplus.com\/fr\/types-de-peche\/float-plus-pelagique\/#breadcrumb"},"inLanguage":"fr-FR","potentialAction":[{"@type":"ReadAction","target":["https:\/\/floatplus.com\/fr\/types-de-peche\/float-plus-pelagique\/"]}]},{"@type":"BreadcrumbList","@id":"https:\/\/floatplus.com\/fr\/types-de-peche\/float-plus-pelagique\/#breadcrumb","itemListElement":[{"@type":"ListItem","position":1,"name":"Home","item":"https:\/\/floatplus.com\/fr\/"},{"@type":"ListItem","position":2,"name":"Types De P\u00eache","item":"https:\/\/floatplus.com\/fr\/types-de-peche\/"},{"@type":"ListItem","position":3,"name":"Float Plus P\u00e9lagique"}]},{"@type":"WebSite","@id":"https:\/\/floatplus.com\/fr\/#website","url":"https:\/\/floatplus.com\/fr\/","name":"Float Plus","description":"Worldleader in Bellyboats and Bellyboat Motors","publisher":{"@id":"https:\/\/floatplus.com\/fr\/#organization"},"potentialAction":[{"@type":"SearchAction","target":{"@type":"EntryPoint","urlTemplate":"https:\/\/floatplus.com\/fr\/?s={search_term_string}"},"query-input":{"@type":"PropertyValueSpecification","valueRequired":true,"valueName":"search_term_string"}}],"inLanguage":"fr-FR"},{"@type":"Organization","@id":"https:\/\/floatplus.com\/fr\/#organization","name":"Float Plus Bellyboat & Bellyboat Motor","url":"https:\/\/floatplus.com\/fr\/","logo":{"@type":"ImageObject","inLanguage":"fr-FR","@id":"https:\/\/floatplus.com\/fr\/#\/schema\/logo\/image\/","url":"https:\/\/i0.wp.com\/floatplus.com\/wp-content\/uploads\/2021\/01\/logo-floatplus_icon.png?fit=135%2C135&ssl=1","contentUrl":"https:\/\/i0.wp.com\/floatplus.com\/wp-content\/uploads\/2021\/01\/logo-floatplus_icon.png?fit=135%2C135&ssl=1","width":135,"height":135,"caption":"Float Plus Bellyboat & Bellyboat Motor"},"image":{"@id":"https:\/\/floatplus.com\/fr\/#\/schema\/logo\/image\/"},"sameAs":["https:\/\/www.facebook.com\/floatpluspro\/","https:\/\/www.instagram.com\/floatplus\/","https:\/\/www.youtube.com\/channel\/UCOawieW3u0T3mWwNTVFOVMQ"]}]}},"_links":{"self":[{"href":"https:\/\/floatplus.com\/fr\/wp-json\/wp\/v2\/pages\/22223","targetHints":{"allow":["GET"]}}],"collection":[{"href":"https:\/\/floatplus.com\/fr\/wp-json\/wp\/v2\/pages"}],"about":[{"href":"https:\/\/floatplus.com\/fr\/wp-json\/wp\/v2\/types\/page"}],"author":[{"embeddable":true,"href":"https:\/\/floatplus.com\/fr\/wp-json\/wp\/v2\/users\/1"}],"replies":[{"embeddable":true,"href":"https:\/\/floatplus.com\/fr\/wp-json\/wp\/v2\/comments?post=22223"}],"version-history":[{"count":2,"href":"https:\/\/floatplus.com\/fr\/wp-json\/wp\/v2\/pages\/22223\/revisions"}],"predecessor-version":[{"id":22225,"href":"https:\/\/floatplus.com\/fr\/wp-json\/wp\/v2\/pages\/22223\/revisions\/22225"}],"up":[{"embeddable":true,"href":"https:\/\/floatplus.com\/fr\/wp-json\/wp\/v2\/pages\/22214"}],"wp:attachment":[{"href":"https:\/\/floatplus.com\/fr\/wp-json\/wp\/v2\/media?parent=22223"}],"curies":[{"name":"wp","href":"https:\/\/api.w.org\/{rel}","templated":true}]}}