{"id":33688,"date":"2025-05-15T07:45:42","date_gmt":"2025-05-15T07:45:42","guid":{"rendered":"https:\/\/floatplus.com\/?page_id=33688"},"modified":"2025-05-15T08:30:49","modified_gmt":"2025-05-15T08:30:49","slug":"vous-avez-manque-float-plus-on-tour","status":"publish","type":"page","link":"https:\/\/floatplus.com\/fr\/vous-avez-manque-float-plus-on-tour\/","title":{"rendered":"Vous avez manqu\u00e9 Float Plus On Tour?"},"content":{"rendered":"<section class=\"wpb-content-wrapper\"><p>[vc_row wrap_container=\u00a0\u00bbyes\u00a0\u00bb conditional_render=\u00a0\u00bb%5B%7B%22value_role%22%3A%22administrator%22%7D%5D\u00a0\u00bb][vc_column][vc_empty_space height=\u00a0\u00bb3rem\u00a0\u00bb][vc_custom_heading text=\u00a0\u00bbVous avez manqu\u00e9 le Float Plus On Tour ? Pas de panique \u2013 votre chance arrive !\u00a0\u00bb font_container=\u00a0\u00bbtag:h3|text_align:left|color:%23ffffff\u00a0\u00bb use_theme_fonts=\u00a0\u00bbyes\u00a0\u00bb][vc_empty_space height=\u00a0\u00bb1rem\u00a0\u00bb][vc_column_text]La tourn\u00e9e est termin\u00e9e, mais vous pouvez encore participer. Inscrivez-vous d\u00e8s maintenant et nous vous contacterons.[\/vc_column_text][vc_empty_space height=\u00a0\u00bb1rem\u00a0\u00bb][\/vc_column][\/vc_row][vc_row wrap_container=\u00a0\u00bbyes\u00a0\u00bb el_class=\u00a0\u00bbm-b-xl\u00a0\u00bb css=\u00a0\u00bb.vc_custom_1614291686111{padding-top: 20px !important;}\u00a0\u00bb][vc_column width=\u00a0\u00bb1\/2&Prime;][vc_custom_heading text=\u00a0\u00bbVeuillez saisir vos coordonn\u00e9es ci-dessous :\u00a0\u00bb font_container=\u00a0\u00bbtag:h3|text_align:left|color:%23ffffff\u00a0\u00bb use_theme_fonts=\u00a0\u00bbyes\u00a0\u00bb skin=\u00a0\u00bblight\u00a0\u00bb]\n<div class=\"wpcf7 no-js\" id=\"wpcf7-f33737-o1\" lang=\"nl-NL\" dir=\"ltr\" data-wpcf7-id=\"33737\">\n<div class=\"screen-reader-response\"><p role=\"status\" aria-live=\"polite\" aria-atomic=\"true\"><\/p> <ul><\/ul><\/div>\n<form action=\"\/fr\/wp-json\/wp\/v2\/pages\/33688#wpcf7-f33737-o1\" method=\"post\" class=\"wpcf7-form init\" aria-label=\"Contactformulier\" novalidate=\"novalidate\" data-status=\"init\">\n<fieldset class=\"hidden-fields-container\"><input type=\"hidden\" name=\"_wpcf7\" value=\"33737\" \/><input type=\"hidden\" name=\"_wpcf7_version\" value=\"6.1.5\" \/><input type=\"hidden\" name=\"_wpcf7_locale\" value=\"nl_NL\" \/><input type=\"hidden\" name=\"_wpcf7_unit_tag\" value=\"wpcf7-f33737-o1\" \/><input type=\"hidden\" name=\"_wpcf7_container_post\" value=\"0\" \/><input type=\"hidden\" name=\"_wpcf7_posted_data_hash\" value=\"\" \/><input type=\"hidden\" name=\"_wpcf7_recaptcha_response\" value=\"\" \/>\n<\/fieldset>\n<p><label><span class=\"wpcf7-form-control-wrap\" data-name=\"your-contact\"><input size=\"40\" maxlength=\"400\" class=\"wpcf7-form-control wpcf7-text wpcf7-validates-as-required\" aria-required=\"true\" aria-invalid=\"false\" placeholder=\"Nom...\" value=\"\" type=\"text\" name=\"your-contact\" \/><\/span> <\/label>\n<\/p>\n<p><label> <span class=\"wpcf7-form-control-wrap\" data-name=\"your-email\"><input size=\"40\" maxlength=\"400\" class=\"wpcf7-form-control wpcf7-email wpcf7-validates-as-required wpcf7-text wpcf7-validates-as-email\" aria-required=\"true\" aria-invalid=\"false\" placeholder=\"Email...\" value=\"\" type=\"email\" name=\"your-email\" \/><\/span> <\/label>\n<\/p>\n<p><label> <span class=\"wpcf7-form-control-wrap\" data-name=\"tel-629\"><input size=\"40\" maxlength=\"400\" class=\"wpcf7-form-control wpcf7-tel wpcf7-validates-as-required wpcf7-text wpcf7-validates-as-tel\" aria-required=\"true\" aria-invalid=\"false\" placeholder=\"Num\u00e9ro de t\u00e9l\u00e9phone...\" value=\"\" type=\"tel\" name=\"tel-629\" \/><\/span> <\/label>\n<\/p>\n<p><label><span class=\"wpcf7-form-control-wrap\" data-name=\"your-plaats\"><input size=\"40\" maxlength=\"400\" class=\"wpcf7-form-control wpcf7-text wpcf7-validates-as-required\" aria-required=\"true\" aria-invalid=\"false\" placeholder=\"Lieu de r\u00e9sidence...\" value=\"\" type=\"text\" name=\"your-plaats\" \/><\/span> <\/label>\n<\/p>\n<p><span style=\"color: #ffffff;\">&nbsp;<\/span>\n<\/p>\n<p><span style=\"color: #ffffff;\"><b>Veuillez cocher ce que vous souhaitez tester afin que nous puissions vous aider au mieux :<\/b><\/span><br \/>\n<b>Float tube:<\/b><br \/>\n<span class=\"wpcf7-form-control-wrap\" data-name=\"checkbox-414\"><span class=\"wpcf7-form-control wpcf7-checkbox\"><span class=\"wpcf7-list-item first\"><label><input type=\"checkbox\" name=\"checkbox-414[]\" value=\"Float Plus ARc\" \/><span class=\"wpcf7-list-item-label\">Float Plus ARc<\/span><\/label><\/span><span class=\"wpcf7-list-item\"><label><input type=\"checkbox\" name=\"checkbox-414[]\" value=\"Float Plus 1\" \/><span class=\"wpcf7-list-item-label\">Float Plus 1<\/span><\/label><\/span><span class=\"wpcf7-list-item\"><label><input type=\"checkbox\" name=\"checkbox-414[]\" value=\"Float Plus 2\" \/><span class=\"wpcf7-list-item-label\">Float Plus 2<\/span><\/label><\/span><span class=\"wpcf7-list-item\"><label><input type=\"checkbox\" name=\"checkbox-414[]\" value=\"E-Drifter S\" \/><span class=\"wpcf7-list-item-label\">E-Drifter S<\/span><\/label><\/span><span class=\"wpcf7-list-item last\"><label><input type=\"checkbox\" name=\"checkbox-414[]\" value=\"E-Drifter L\" \/><span class=\"wpcf7-list-item-label\">E-Drifter L<\/span><\/label><\/span><\/span><\/span>\n<\/p>\n<p><span style=\"color: #ffffff;\">&nbsp;<\/span><br \/>\n<b>Syst\u00e8me de moteur:<\/b><br \/>\n<span class=\"wpcf7-form-control-wrap\" data-name=\"checkbox-415\"><span class=\"wpcf7-form-control wpcf7-checkbox\"><span class=\"wpcf7-list-item first\"><label><input type=\"checkbox\" name=\"checkbox-415[]\" value=\"Twin Force\" \/><span class=\"wpcf7-list-item-label\">Twin Force<\/span><\/label><\/span><span class=\"wpcf7-list-item\"><label><input type=\"checkbox\" name=\"checkbox-415[]\" value=\"Syst\u00e8me Pro 2\" \/><span class=\"wpcf7-list-item-label\">Syst\u00e8me Pro 2<\/span><\/label><\/span><span class=\"wpcf7-list-item\"><label><input type=\"checkbox\" name=\"checkbox-415[]\" value=\"Syst\u00e8me Compact 2\" \/><span class=\"wpcf7-list-item-label\">Syst\u00e8me Compact 2<\/span><\/label><\/span><span class=\"wpcf7-list-item\"><label><input type=\"checkbox\" name=\"checkbox-415[]\" value=\"Smart Trolling Controller avec Haswing\" \/><span class=\"wpcf7-list-item-label\">Smart Trolling Controller avec Haswing<\/span><\/label><\/span><span class=\"wpcf7-list-item last\"><label><input type=\"checkbox\" name=\"checkbox-415[]\" value=\"Tout !\" \/><span class=\"wpcf7-list-item-label\">Tout !<\/span><\/label><\/span><\/span><\/span>\n<\/p>\n<p><span style=\"color: #ffffff;\">&nbsp;<\/span>\n<\/p>\n<p><input class=\"wpcf7-form-control wpcf7-submit has-spinner button\" type=\"submit\" value=\"S&#039;inscrire\" \/>\n<\/p><div class=\"wpcf7-response-output\" aria-hidden=\"true\"><\/div>\n<\/form>\n<\/div>\n[\/vc_column][vc_column width=\u00a0\u00bb1\/2&Prime;][vc_column_text]<span style=\"color: #ffffff;\"><br \/>\nLa tourn\u00e9e est termin\u00e9e, mais vous pouvez encore participer. Inscrivez-vous d\u00e8s maintenant et nous vous contacterons.<\/span><br \/>\n<span style=\"color: #ffffff;\"><br \/>\nProfitez de cette opportunit\u00e9 pour essayer tous les float tubes et syst\u00e8mes Float Plus lors d\u2019un rendez-vous \u00e0 un lieu et une date convenus, encadr\u00e9 par des p\u00eacheurs en float tube exp\u00e9riment\u00e9s.<\/span><br \/>\n<span style=\"color: #ffffff;\"><br \/>\nEn plus de nos c\u00e9l\u00e8bres FP1 et FP2, nous pr\u00e9senterons \u00e9galement nos trois nouveaux mod\u00e8les : le Float Plus ARc, l\u2019E-Drifter S et l\u2019E-Drifter L. Nous avons h\u00e2te d\u2019avoir vos retours !<\/span><br \/>\n<span style=\"color: #ffffff;\"><br \/>\nNos ambassadeurs exp\u00e9riment\u00e9s seront l\u00e0 pour vous guider et tout vous expliquer. Inscrivez-vous \u00e0 l\u2019avance pour \u00eatre s\u00fbr de b\u00e9n\u00e9ficier de suffisamment de temps pour tester tous les \u00e9quipements. Cuissardes (pointures 42 \u00e0 47) et palmes disponibles !<\/span>[\/vc_column_text][vc_empty_space height=\u00a0\u00bb3rem\u00a0\u00bb][vc_single_image image=\u00a0\u00bb33053&Prime; img_size=\u00a0\u00bbfull\u00a0\u00bb alignment=\u00a0\u00bbcenter\u00a0\u00bb label=\u00a0\u00bb\u00a0\u00bb][\/vc_column][\/vc_row][vc_row wrap_container=\u00a0\u00bbyes\u00a0\u00bb conditional_render=\u00a0\u00bb%5B%7B%22value_role%22%3A%22administrator%22%7D%5D\u00a0\u00bb][vc_column][vc_empty_space height=\u00a0\u00bb3rem\u00a0\u00bb][\/vc_column][\/vc_row]<\/p>\n<\/section>","protected":false},"excerpt":{"rendered":"<p>[vc_row wrap_container=\u00a0\u00bbyes\u00a0\u00bb conditional_render=\u00a0\u00bb%5B%7B%22value_role%22%3A%22administrator%22%7D%5D\u00a0\u00bb][vc_column][vc_empty_space height=\u00a0\u00bb3rem\u00a0\u00bb][vc_custom_heading text=\u00a0\u00bbVous avez manqu\u00e9 le Float Plus On Tour ? Pas de panique \u2013 votre chance arrive !\u00a0\u00bb font_container=\u00a0\u00bbtag:h3|text_align:left|color:%23ffffff\u00a0\u00bb use_theme_fonts=\u00a0\u00bbyes\u00a0\u00bb][vc_empty_space height=\u00a0\u00bb1rem\u00a0\u00bb][vc_column_text]La tourn\u00e9e est termin\u00e9e, mais vous pouvez encore participer. Inscrivez-vous d\u00e8s maintenant et nous vous contacterons.[\/vc_column_text][vc_empty_space height=\u00a0\u00bb1rem\u00a0\u00bb][\/vc_column][\/vc_row][vc_row wrap_container=\u00a0\u00bbyes\u00a0\u00bb el_class=\u00a0\u00bbm-b-xl\u00a0\u00bb css=\u00a0\u00bb.vc_custom_1614291686111{padding-top: 20px !important;}\u00a0\u00bb][vc_column width=\u00a0\u00bb1\/2&Prime;][vc_custom_heading text=\u00a0\u00bbVeuillez saisir vos coordonn\u00e9es ci-dessous :\u00a0\u00bb font_container=\u00a0\u00bbtag:h3|text_align:left|color:%23ffffff\u00a0\u00bb use_theme_fonts=\u00a0\u00bbyes\u00a0\u00bb skin=\u00a0\u00bblight\u00a0\u00bb][\/vc_column][vc_column [&hellip;]<\/p>\n","protected":false},"author":1,"featured_media":0,"parent":0,"menu_order":0,"comment_status":"closed","ping_status":"closed","template":"","meta":{"footnotes":""},"class_list":["post-33688","page","type-page","status-publish","hentry"],"yoast_head":"<!-- This site is optimized with the Yoast SEO Premium plugin v23.1 (Yoast SEO v27.4) - https:\/\/yoast.com\/product\/yoast-seo-premium-wordpress\/ -->\n<title>Vous avez manqu\u00e9 Float Plus On Tour? - Worldleader in Bellyboats and Bellyboat Motors<\/title>\n<meta name=\"description\" content=\"Nous contacter\" \/>\n<meta name=\"robots\" content=\"index, follow, max-snippet:-1, max-image-preview:large, max-video-preview:-1\" \/>\n<link rel=\"canonical\" href=\"https:\/\/floatplus.com\/fr\/vous-avez-manque-float-plus-on-tour\/\" \/>\n<meta property=\"og:locale\" content=\"fr_FR\" \/>\n<meta property=\"og:type\" content=\"article\" \/>\n<meta property=\"og:title\" content=\"Vous avez manqu\u00e9 Float Plus On Tour?\" \/>\n<meta property=\"og:description\" content=\"Nous contacter\" \/>\n<meta property=\"og:url\" content=\"https:\/\/floatplus.com\/fr\/vous-avez-manque-float-plus-on-tour\/\" \/>\n<meta property=\"og:site_name\" content=\"Float Plus\" \/>\n<meta property=\"article:publisher\" content=\"https:\/\/www.facebook.com\/floatpluspro\/\" \/>\n<meta property=\"article:modified_time\" content=\"2025-05-15T08:30:49+00:00\" \/>\n<meta property=\"og:image\" content=\"https:\/\/i0.wp.com\/floatplus.com\/wp-content\/uploads\/2023\/06\/floatplus_catfish_.jpg?fit=700%2C570&ssl=1\" \/>\n\t<meta property=\"og:image:width\" content=\"700\" \/>\n\t<meta property=\"og:image:height\" content=\"570\" \/>\n\t<meta property=\"og:image:type\" content=\"image\/jpeg\" \/>\n<meta name=\"twitter:card\" content=\"summary_large_image\" \/>\n<meta name=\"twitter:label1\" content=\"Dur\u00e9e de lecture estim\u00e9e\" \/>\n\t<meta name=\"twitter:data1\" content=\"1 minute\" \/>\n<script type=\"application\/ld+json\" class=\"yoast-schema-graph\">{\"@context\":\"https:\\\/\\\/schema.org\",\"@graph\":[{\"@type\":\"WebPage\",\"@id\":\"https:\\\/\\\/floatplus.com\\\/fr\\\/vous-avez-manque-float-plus-on-tour\\\/\",\"url\":\"https:\\\/\\\/floatplus.com\\\/fr\\\/vous-avez-manque-float-plus-on-tour\\\/\",\"name\":\"Vous avez manqu\u00e9 Float Plus On Tour? - Worldleader in Bellyboats and Bellyboat Motors\",\"isPartOf\":{\"@id\":\"https:\\\/\\\/floatplus.com\\\/fr\\\/#website\"},\"datePublished\":\"2025-05-15T07:45:42+00:00\",\"dateModified\":\"2025-05-15T08:30:49+00:00\",\"description\":\"Nous contacter\",\"breadcrumb\":{\"@id\":\"https:\\\/\\\/floatplus.com\\\/fr\\\/vous-avez-manque-float-plus-on-tour\\\/#breadcrumb\"},\"inLanguage\":\"fr-FR\",\"potentialAction\":[{\"@type\":\"ReadAction\",\"target\":[\"https:\\\/\\\/floatplus.com\\\/fr\\\/vous-avez-manque-float-plus-on-tour\\\/\"]}]},{\"@type\":\"BreadcrumbList\",\"@id\":\"https:\\\/\\\/floatplus.com\\\/fr\\\/vous-avez-manque-float-plus-on-tour\\\/#breadcrumb\",\"itemListElement\":[{\"@type\":\"ListItem\",\"position\":1,\"name\":\"Home\",\"item\":\"https:\\\/\\\/floatplus.com\\\/fr\\\/\"},{\"@type\":\"ListItem\",\"position\":2,\"name\":\"Vous avez manqu\u00e9 Float Plus On Tour?\"}]},{\"@type\":\"WebSite\",\"@id\":\"https:\\\/\\\/floatplus.com\\\/fr\\\/#website\",\"url\":\"https:\\\/\\\/floatplus.com\\\/fr\\\/\",\"name\":\"Float Plus\",\"description\":\"Worldleader in Bellyboats and Bellyboat Motors\",\"publisher\":{\"@id\":\"https:\\\/\\\/floatplus.com\\\/fr\\\/#organization\"},\"potentialAction\":[{\"@type\":\"SearchAction\",\"target\":{\"@type\":\"EntryPoint\",\"urlTemplate\":\"https:\\\/\\\/floatplus.com\\\/fr\\\/?s={search_term_string}\"},\"query-input\":{\"@type\":\"PropertyValueSpecification\",\"valueRequired\":true,\"valueName\":\"search_term_string\"}}],\"inLanguage\":\"fr-FR\"},{\"@type\":\"Organization\",\"@id\":\"https:\\\/\\\/floatplus.com\\\/fr\\\/#organization\",\"name\":\"Float Plus Bellyboat & Bellyboat Motor\",\"url\":\"https:\\\/\\\/floatplus.com\\\/fr\\\/\",\"logo\":{\"@type\":\"ImageObject\",\"inLanguage\":\"fr-FR\",\"@id\":\"https:\\\/\\\/floatplus.com\\\/fr\\\/#\\\/schema\\\/logo\\\/image\\\/\",\"url\":\"https:\\\/\\\/i0.wp.com\\\/floatplus.com\\\/wp-content\\\/uploads\\\/2021\\\/01\\\/logo-floatplus_icon.png?fit=135%2C135&ssl=1\",\"contentUrl\":\"https:\\\/\\\/i0.wp.com\\\/floatplus.com\\\/wp-content\\\/uploads\\\/2021\\\/01\\\/logo-floatplus_icon.png?fit=135%2C135&ssl=1\",\"width\":135,\"height\":135,\"caption\":\"Float Plus Bellyboat & Bellyboat Motor\"},\"image\":{\"@id\":\"https:\\\/\\\/floatplus.com\\\/fr\\\/#\\\/schema\\\/logo\\\/image\\\/\"},\"sameAs\":[\"https:\\\/\\\/www.facebook.com\\\/floatpluspro\\\/\",\"https:\\\/\\\/www.instagram.com\\\/floatplus\\\/\",\"https:\\\/\\\/www.youtube.com\\\/channel\\\/UCOawieW3u0T3mWwNTVFOVMQ\"]}]}<\/script>\n<!-- \/ Yoast SEO Premium plugin. -->","yoast_head_json":{"title":"Vous avez manqu\u00e9 Float Plus On Tour? - Worldleader in Bellyboats and Bellyboat Motors","description":"Nous contacter","robots":{"index":"index","follow":"follow","max-snippet":"max-snippet:-1","max-image-preview":"max-image-preview:large","max-video-preview":"max-video-preview:-1"},"canonical":"https:\/\/floatplus.com\/fr\/vous-avez-manque-float-plus-on-tour\/","og_locale":"fr_FR","og_type":"article","og_title":"Vous avez manqu\u00e9 Float Plus On Tour?","og_description":"Nous contacter","og_url":"https:\/\/floatplus.com\/fr\/vous-avez-manque-float-plus-on-tour\/","og_site_name":"Float Plus","article_publisher":"https:\/\/www.facebook.com\/floatpluspro\/","article_modified_time":"2025-05-15T08:30:49+00:00","og_image":[{"width":700,"height":570,"url":"https:\/\/i0.wp.com\/floatplus.com\/wp-content\/uploads\/2023\/06\/floatplus_catfish_.jpg?fit=700%2C570&ssl=1","type":"image\/jpeg"}],"twitter_card":"summary_large_image","twitter_misc":{"Dur\u00e9e de lecture estim\u00e9e":"1 minute"},"schema":{"@context":"https:\/\/schema.org","@graph":[{"@type":"WebPage","@id":"https:\/\/floatplus.com\/fr\/vous-avez-manque-float-plus-on-tour\/","url":"https:\/\/floatplus.com\/fr\/vous-avez-manque-float-plus-on-tour\/","name":"Vous avez manqu\u00e9 Float Plus On Tour? - Worldleader in Bellyboats and Bellyboat Motors","isPartOf":{"@id":"https:\/\/floatplus.com\/fr\/#website"},"datePublished":"2025-05-15T07:45:42+00:00","dateModified":"2025-05-15T08:30:49+00:00","description":"Nous contacter","breadcrumb":{"@id":"https:\/\/floatplus.com\/fr\/vous-avez-manque-float-plus-on-tour\/#breadcrumb"},"inLanguage":"fr-FR","potentialAction":[{"@type":"ReadAction","target":["https:\/\/floatplus.com\/fr\/vous-avez-manque-float-plus-on-tour\/"]}]},{"@type":"BreadcrumbList","@id":"https:\/\/floatplus.com\/fr\/vous-avez-manque-float-plus-on-tour\/#breadcrumb","itemListElement":[{"@type":"ListItem","position":1,"name":"Home","item":"https:\/\/floatplus.com\/fr\/"},{"@type":"ListItem","position":2,"name":"Vous avez manqu\u00e9 Float Plus On Tour?"}]},{"@type":"WebSite","@id":"https:\/\/floatplus.com\/fr\/#website","url":"https:\/\/floatplus.com\/fr\/","name":"Float Plus","description":"Worldleader in Bellyboats and Bellyboat Motors","publisher":{"@id":"https:\/\/floatplus.com\/fr\/#organization"},"potentialAction":[{"@type":"SearchAction","target":{"@type":"EntryPoint","urlTemplate":"https:\/\/floatplus.com\/fr\/?s={search_term_string}"},"query-input":{"@type":"PropertyValueSpecification","valueRequired":true,"valueName":"search_term_string"}}],"inLanguage":"fr-FR"},{"@type":"Organization","@id":"https:\/\/floatplus.com\/fr\/#organization","name":"Float Plus Bellyboat & Bellyboat Motor","url":"https:\/\/floatplus.com\/fr\/","logo":{"@type":"ImageObject","inLanguage":"fr-FR","@id":"https:\/\/floatplus.com\/fr\/#\/schema\/logo\/image\/","url":"https:\/\/i0.wp.com\/floatplus.com\/wp-content\/uploads\/2021\/01\/logo-floatplus_icon.png?fit=135%2C135&ssl=1","contentUrl":"https:\/\/i0.wp.com\/floatplus.com\/wp-content\/uploads\/2021\/01\/logo-floatplus_icon.png?fit=135%2C135&ssl=1","width":135,"height":135,"caption":"Float Plus Bellyboat & Bellyboat Motor"},"image":{"@id":"https:\/\/floatplus.com\/fr\/#\/schema\/logo\/image\/"},"sameAs":["https:\/\/www.facebook.com\/floatpluspro\/","https:\/\/www.instagram.com\/floatplus\/","https:\/\/www.youtube.com\/channel\/UCOawieW3u0T3mWwNTVFOVMQ"]}]}},"_links":{"self":[{"href":"https:\/\/floatplus.com\/fr\/wp-json\/wp\/v2\/pages\/33688","targetHints":{"allow":["GET"]}}],"collection":[{"href":"https:\/\/floatplus.com\/fr\/wp-json\/wp\/v2\/pages"}],"about":[{"href":"https:\/\/floatplus.com\/fr\/wp-json\/wp\/v2\/types\/page"}],"author":[{"embeddable":true,"href":"https:\/\/floatplus.com\/fr\/wp-json\/wp\/v2\/users\/1"}],"replies":[{"embeddable":true,"href":"https:\/\/floatplus.com\/fr\/wp-json\/wp\/v2\/comments?post=33688"}],"version-history":[{"count":6,"href":"https:\/\/floatplus.com\/fr\/wp-json\/wp\/v2\/pages\/33688\/revisions"}],"predecessor-version":[{"id":33738,"href":"https:\/\/floatplus.com\/fr\/wp-json\/wp\/v2\/pages\/33688\/revisions\/33738"}],"wp:attachment":[{"href":"https:\/\/floatplus.com\/fr\/wp-json\/wp\/v2\/media?parent=33688"}],"curies":[{"name":"wp","href":"https:\/\/api.w.org\/{rel}","templated":true}]}}