{"id":36804,"date":"2026-04-16T11:17:49","date_gmt":"2026-04-16T11:17:49","guid":{"rendered":"https:\/\/floatplus.com\/offre-combinee-temporaire\/"},"modified":"2026-04-16T12:06:28","modified_gmt":"2026-04-16T12:06:28","slug":"offre-combinee-temporaire","status":"publish","type":"page","link":"https:\/\/floatplus.com\/fr\/offre-combinee-temporaire\/","title":{"rendered":"Offre Combin\u00e9e Temporaire"},"content":{"rendered":"<section class=\"wpb-content-wrapper\"><p>[vc_row wrap_container=\u00a0\u00bbyes\u00a0\u00bb conditional_render=\u00a0\u00bb%5B%7B%22value_role%22%3A%22administrator%22%7D%5D\u00a0\u00bb][vc_column][vc_custom_heading text=\u00a0\u00bbOffres Combin\u00e9es \u00e0 Dur\u00e9e Limit\u00e9e : offre valable jusqu&rsquo;au 1er mai 2026 et dans la limite des stocks disponibles\u00a0\u00bb use_theme_fonts=\u00a0\u00bbyes\u00a0\u00bb][\/vc_column][\/vc_row][vc_row rtl_reverse=\u00a0\u00bbyes\u00a0\u00bb content_placement=\u00a0\u00bbmiddle\u00a0\u00bb wrap_container=\u00a0\u00bbyes\u00a0\u00bb no_padding=\u00a0\u00bbyes\u00a0\u00bb remove_margin_top=\u00a0\u00bbyes\u00a0\u00bb remove_padding_top=\u00a0\u00bbyes\u00a0\u00bb conditional_render=\u00a0\u00bb%5B%7B%22value_role%22%3A%22administrator%22%7D%5D\u00a0\u00bb el_class=\u00a0\u00bbswap-on-mobile\u00a0\u00bb][vc_column width=\u00a0\u00bb1\/2&Prime; animation_delay=\u00a0\u00bb400&Prime; css=\u00a0\u00bb.vc_custom_1776333913431{background-position: center !important;background-repeat: no-repeat !important;background-size: cover !important;}\u00a0\u00bb animation_type=\u00a0\u00bbfadeInLeft\u00a0\u00bb conditional_render=\u00a0\u00bb%5B%7B%22value_role%22%3A%22administrator%22%7D%5D\u00a0\u00bb offset=\u00a0\u00bbvc_hidden-md vc_hidden-sm vc_hidden-xs\u00a0\u00bb][vc_single_image image=\u00a0\u00bb33580&Prime; img_size=\u00a0\u00bbfull\u00a0\u00bb style=\u00a0\u00bbvc_box_rounded\u00a0\u00bb el_class=\u00a0\u00bbmb-0&Prime;][\/vc_column][vc_column width=\u00a0\u00bb1\/2&Prime; animation_delay=\u00a0\u00bb400&Prime; css=\u00a0\u00bb.vc_custom_1776333849398{padding-top: 140px !important;padding-bottom: 110px !important;}\u00a0\u00bb animation_type=\u00a0\u00bbfadeInRight\u00a0\u00bb conditional_render=\u00a0\u00bb%5B%7B%22value_role%22%3A%22administrator%22%7D%5D\u00a0\u00bb offset=\u00a0\u00bbvc_hidden-md vc_hidden-sm vc_hidden-xs\u00a0\u00bb][vc_row_inner][vc_column_inner offset=\u00a0\u00bbvc_col-md-offset-2 vc_col-md-8&Prime;]<div class=\"porto-u-heading  wpb_custom_95aa9a11c17ad45cfabaf210d84ee7cc porto-u-ad87e2eaf3f9c495180fe0156ddf3eb0 \"><div class=\"porto-u-main-heading\"><h3   style=\"color:#ffffff;margin-bottom: 16px;font-size:32px;line-height:39px;\">Float Plus 2 C avec ensemble de sacs Premium<\/h3><\/div><div class=\"porto-u-sub-heading\" style=\"font-weight:300;color: #e6e6e6;font-size:21px;line-height:26px;\">\n<p data-path-to-node=\"17\">Le Float Plus 2 C, un float tube l\u00e9ger avec un design innovant et des caract\u00e9ristiques de navigation impressionnantes. Con\u00e7u pour une r\u00e9sistance \u00e0 l&rsquo;eau minimale et une maniabilit\u00e9 exceptionnelle, il tourne sans effort sur son axe.<\/p>\n<p data-path-to-node=\"18\"><\/div><style>.porto-u-ad87e2eaf3f9c495180fe0156ddf3eb0.porto-u-heading{text-align:left}<\/style><\/div>[vc_btn title=\u00a0\u00bbCommandez ici de <s>809,95 \u20ac<\/s> MAINTENANT pour 719,90 \u20ac\u00a0\u00bb style=\u00a0\u00bbmodern\u00a0\u00bb shape=\u00a0\u00bbround\u00a0\u00bb skin=\u00a0\u00bbprimary\u00a0\u00bb btn_fs=\u00a0\u00bb1rem\u00a0\u00bb btn_fw=\u00a0\u00bb700&Prime; animation_delay=\u00a0\u00bb600&Prime; css=\u00a0\u00bb.vc_custom_1776337010332{margin-bottom: 5px !important;}\u00a0\u00bb link=\u00a0\u00bburl:https%3A%2F%2Ffloatplus.com%2Ffr%2Fproduit-fr%2Favec-premium-sacs-de-float-tube%2F|title:About%20Us|\u00a0\u00bb btn_px=\u00a0\u00bb1rem\u00a0\u00bb btn_py=\u00a0\u00bb0.8rem\u00a0\u00bb css_params=\u00a0\u00bb\u00a0\u00bb animation_type=\u00a0\u00bbfadeInUp\u00a0\u00bb][\/vc_column_inner][\/vc_row_inner][\/vc_column][\/vc_row][vc_row rtl_reverse=\u00a0\u00bbyes\u00a0\u00bb content_placement=\u00a0\u00bbmiddle\u00a0\u00bb wrap_container=\u00a0\u00bbyes\u00a0\u00bb no_padding=\u00a0\u00bbyes\u00a0\u00bb remove_margin_top=\u00a0\u00bbyes\u00a0\u00bb remove_padding_top=\u00a0\u00bbyes\u00a0\u00bb conditional_render=\u00a0\u00bb%5B%7B%22value_role%22%3A%22administrator%22%7D%5D\u00a0\u00bb el_class=\u00a0\u00bbswap-on-mobile\u00a0\u00bb][vc_column width=\u00a0\u00bb1\/2&Prime; animation_delay=\u00a0\u00bb400&Prime; css=\u00a0\u00bb.vc_custom_1776333978866{background-position: center !important;background-repeat: no-repeat !important;background-size: cover !important;}\u00a0\u00bb animation_type=\u00a0\u00bbfadeInLeft\u00a0\u00bb conditional_render=\u00a0\u00bb%5B%7B%22value_role%22%3A%22administrator%22%7D%5D\u00a0\u00bb offset=\u00a0\u00bbvc_hidden-xl vc_hidden-lg\u00a0\u00bb][vc_row_inner][vc_column_inner offset=\u00a0\u00bbvc_col-md-offset-2 vc_col-md-8&Prime;]<div class=\"porto-u-heading  wpb_custom_95aa9a11c17ad45cfabaf210d84ee7cc porto-u-ad87e2eaf3f9c495180fe0156ddf3eb0 \"><div class=\"porto-u-main-heading\"><h3   style=\"color:#ffffff;margin-bottom: 16px;font-size:32px;line-height:39px;\">Float Plus 2 C avec ensemble de sacs Premium<\/h3><\/div><div class=\"porto-u-sub-heading\" style=\"font-weight:300;color: #e6e6e6;font-size:21px;line-height:26px;\">\n<p data-path-to-node=\"17\">Le Float Plus 2 C, un float tube l\u00e9ger avec un design innovant et des caract\u00e9ristiques de navigation impressionnantes. Con\u00e7u pour une r\u00e9sistance \u00e0 l&rsquo;eau minimale et une maniabilit\u00e9 exceptionnelle, il tourne sans effort sur son axe.<\/p>\n<p data-path-to-node=\"18\"><\/div><style>.porto-u-ad87e2eaf3f9c495180fe0156ddf3eb0.porto-u-heading{text-align:left}<\/style><\/div>[vc_btn title=\u00a0\u00bbCommandez ici de <s>809,95 \u20ac<\/s> MAINTENANT pour 719,90 \u20ac\u00a0\u00bb style=\u00a0\u00bbmodern\u00a0\u00bb shape=\u00a0\u00bbround\u00a0\u00bb skin=\u00a0\u00bbprimary\u00a0\u00bb btn_fs=\u00a0\u00bb1rem\u00a0\u00bb btn_fw=\u00a0\u00bb700&Prime; animation_delay=\u00a0\u00bb600&Prime; css=\u00a0\u00bb.vc_custom_1776337010332{margin-bottom: 5px !important;}\u00a0\u00bb link=\u00a0\u00bburl:https%3A%2F%2Ffloatplus.com%2Ffr%2Fproduit-fr%2Favec-premium-sacs-de-float-tube%2F|title:About%20Us|\u00a0\u00bb btn_px=\u00a0\u00bb1rem\u00a0\u00bb btn_py=\u00a0\u00bb0.8rem\u00a0\u00bb css_params=\u00a0\u00bb\u00a0\u00bb animation_type=\u00a0\u00bbfadeInUp\u00a0\u00bb][\/vc_column_inner][\/vc_row_inner][\/vc_column][vc_column width=\u00a0\u00bb1\/2&Prime; animation_delay=\u00a0\u00bb400&Prime; css=\u00a0\u00bb.vc_custom_1776333842647{padding-top: 140px !important;padding-bottom: 110px !important;}\u00a0\u00bb animation_type=\u00a0\u00bbfadeInRight\u00a0\u00bb conditional_render=\u00a0\u00bb%5B%7B%22value_role%22%3A%22administrator%22%7D%5D\u00a0\u00bb offset=\u00a0\u00bbvc_hidden-xl vc_hidden-lg\u00a0\u00bb][vc_single_image image=\u00a0\u00bb33580&Prime; img_size=\u00a0\u00bbfull\u00a0\u00bb style=\u00a0\u00bbvc_box_rounded\u00a0\u00bb el_class=\u00a0\u00bbmb-0&Prime;][\/vc_column][\/vc_row][vc_row rtl_reverse=\u00a0\u00bbyes\u00a0\u00bb content_placement=\u00a0\u00bbmiddle\u00a0\u00bb wrap_container=\u00a0\u00bbyes\u00a0\u00bb no_padding=\u00a0\u00bbyes\u00a0\u00bb conditional_render=\u00a0\u00bb%5B%7B%22value_role%22%3A%22administrator%22%7D%5D\u00a0\u00bb][vc_column width=\u00a0\u00bb1\/2&Prime; animation_delay=\u00a0\u00bb400&Prime; css=\u00a0\u00bb.vc_custom_1776330465902{background-position: center !important;background-repeat: no-repeat !important;background-size: cover !important;}\u00a0\u00bb animation_type=\u00a0\u00bbfadeInLeft\u00a0\u00bb conditional_render=\u00a0\u00bb%5B%7B%22value_role%22%3A%22administrator%22%7D%5D\u00a0\u00bb][vc_row_inner][vc_column_inner offset=\u00a0\u00bbvc_col-md-offset-2 vc_col-md-8&Prime;]<div class=\"porto-u-heading  wpb_custom_95aa9a11c17ad45cfabaf210d84ee7cc porto-u-ad87e2eaf3f9c495180fe0156ddf3eb0 \"><div class=\"porto-u-main-heading\"><h3   style=\"color:#ffffff;margin-bottom: 16px;font-size:32px;line-height:39px;\">Batterie Lithium-ion Float Plus 100Ah 16,8V en stormcase<\/h3><\/div><div class=\"porto-u-sub-heading\" style=\"font-weight:300;color: #e6e6e6;font-size:21px;line-height:26px;\">\n<p data-path-to-node=\"19\">Cette batterie Float Plus super puissante est la solution pour les longues journ\u00e9es de p\u00eache et\/ou pour la p\u00eache p\u00e9lagique active. Vous pouvez connecter simultan\u00e9ment votre syst\u00e8me Float Plus et votre Fishfinder \u00e0 cette batterie.<\/p>\n<p data-path-to-node=\"20\"><\/div><style>.porto-u-ad87e2eaf3f9c495180fe0156ddf3eb0.porto-u-heading{text-align:left}<\/style><\/div>[vc_btn title=\u00a0\u00bbCommandez ici de <s>1699,00 \u20ac<\/s> MAINTENANT pour 1499,00 \u20ac\u00a0\u00bb style=\u00a0\u00bbmodern\u00a0\u00bb shape=\u00a0\u00bbround\u00a0\u00bb skin=\u00a0\u00bbprimary\u00a0\u00bb btn_fs=\u00a0\u00bb1rem\u00a0\u00bb btn_fw=\u00a0\u00bb700&Prime; el_cls=\u00a0\u00bbtext-capitalize w-btn\u00a0\u00bb animation_delay=\u00a0\u00bb600&Prime; css=\u00a0\u00bb.vc_custom_1776337107741{margin-bottom: 5px !important;}\u00a0\u00bb link=\u00a0\u00bburl:https%3A%2F%2Ffloatplus.com%2Ffr%2Fproduit-fr%2Ffloat-plus-100ah-168v-batterie-lithium-ion-dans-stormcase%2F|title:About%20Us|\u00a0\u00bb btn_px=\u00a0\u00bb1rem\u00a0\u00bb btn_py=\u00a0\u00bb0.8rem\u00a0\u00bb css_params=\u00a0\u00bb\u00a0\u00bb animation_type=\u00a0\u00bbfadeInUp\u00a0\u00bb][\/vc_column_inner][\/vc_row_inner][\/vc_column][vc_column width=\u00a0\u00bb1\/2&Prime; animation_delay=\u00a0\u00bb400&Prime; css=\u00a0\u00bb.vc_custom_1776330416771{padding-top: 140px !important;padding-bottom: 110px !important;}\u00a0\u00bb animation_type=\u00a0\u00bbfadeInRight\u00a0\u00bb conditional_render=\u00a0\u00bb%5B%7B%22value_role%22%3A%22administrator%22%7D%5D\u00a0\u00bb][vc_single_image image=\u00a0\u00bb35100&Prime; img_size=\u00a0\u00bbfull\u00a0\u00bb style=\u00a0\u00bbvc_box_rounded\u00a0\u00bb el_class=\u00a0\u00bbmb-0&Prime;][\/vc_column][\/vc_row][vc_row content_placement=\u00a0\u00bbmiddle\u00a0\u00bb wrap_container=\u00a0\u00bbyes\u00a0\u00bb no_padding=\u00a0\u00bbyes\u00a0\u00bb remove_margin_top=\u00a0\u00bbyes\u00a0\u00bb remove_padding_top=\u00a0\u00bbyes\u00a0\u00bb conditional_render=\u00a0\u00bb%5B%7B%22value_role%22%3A%22administrator%22%7D%5D\u00a0\u00bb][vc_column width=\u00a0\u00bb1\/2&Prime; animation_delay=\u00a0\u00bb400&Prime; css=\u00a0\u00bb.vc_custom_1776334068321{background-position: center !important;background-repeat: no-repeat !important;background-size: cover !important;}\u00a0\u00bb animation_type=\u00a0\u00bbfadeInLeft\u00a0\u00bb conditional_render=\u00a0\u00bb%5B%7B%22value_role%22%3A%22administrator%22%7D%5D\u00a0\u00bb offset=\u00a0\u00bbvc_hidden-md vc_hidden-sm vc_hidden-xs\u00a0\u00bb][vc_single_image image=\u00a0\u00bb31629&Prime; img_size=\u00a0\u00bbfull\u00a0\u00bb style=\u00a0\u00bbvc_box_rounded\u00a0\u00bb el_class=\u00a0\u00bbmb-0&Prime;][\/vc_column][vc_column width=\u00a0\u00bb1\/2&Prime; animation_delay=\u00a0\u00bb400&Prime; css=\u00a0\u00bb.vc_custom_1776334076165{padding-top: 140px !important;padding-bottom: 110px !important;}\u00a0\u00bb animation_type=\u00a0\u00bbfadeInRight\u00a0\u00bb conditional_render=\u00a0\u00bb%5B%7B%22value_role%22%3A%22administrator%22%7D%5D\u00a0\u00bb offset=\u00a0\u00bbvc_hidden-md vc_hidden-xs\u00a0\u00bb][vc_row_inner][vc_column_inner offset=\u00a0\u00bbvc_col-md-offset-2 vc_col-md-8&Prime;]<div class=\"porto-u-heading  wpb_custom_95aa9a11c17ad45cfabaf210d84ee7cc porto-u-ad87e2eaf3f9c495180fe0156ddf3eb0 \"><div class=\"porto-u-main-heading\"><h3   style=\"color:#ffffff;margin-bottom: 16px;font-size:32px;line-height:39px;\">Float Plus 2 avec ensemble de sacs Premium<\/h3><\/div><div class=\"porto-u-sub-heading\" style=\"font-weight:300;color: #e6e6e6;font-size:21px;line-height:26px;\">\n<p data-path-to-node=\"21\">Le Float Plus 2, un float tube l\u00e9ger avec un design innovant et des caract\u00e9ristiques de navigation impressionnantes. Con\u00e7u pour une r\u00e9sistance \u00e0 l&rsquo;eau minimale et une maniabilit\u00e9 exceptionnelle, il tourne sans effort sur son axe.<\/p>\n<p data-path-to-node=\"22\"><\/div><style>.porto-u-ad87e2eaf3f9c495180fe0156ddf3eb0.porto-u-heading{text-align:left}<\/style><\/div>[vc_btn title=\u00a0\u00bbCommandez ici de <s>789,95 \u20ac<\/s> MAINTENANT pour 699,90 \u20ac\u00a0\u00bb style=\u00a0\u00bbmodern\u00a0\u00bb shape=\u00a0\u00bbround\u00a0\u00bb skin=\u00a0\u00bbprimary\u00a0\u00bb btn_fs=\u00a0\u00bb1rem\u00a0\u00bb btn_fw=\u00a0\u00bb700&Prime; el_cls=\u00a0\u00bbtext-capitalize w-btn\u00a0\u00bb animation_delay=\u00a0\u00bb600&Prime; css=\u00a0\u00bb.vc_custom_1776337157180{margin-bottom: 5px !important;}\u00a0\u00bb link=\u00a0\u00bburl:https%3A%2F%2Ffloatplus.com%2Ffr%2Fproduit-fr%2Ffloat-plus-2-float-tube-avec-premium-sacs-de-float-tube%2F|title:About%20Us|\u00a0\u00bb btn_px=\u00a0\u00bb1rem\u00a0\u00bb btn_py=\u00a0\u00bb0.8rem\u00a0\u00bb css_params=\u00a0\u00bb\u00a0\u00bb animation_type=\u00a0\u00bbfadeInUp\u00a0\u00bb][\/vc_column_inner][\/vc_row_inner][\/vc_column][\/vc_row][vc_row content_placement=\u00a0\u00bbmiddle\u00a0\u00bb wrap_container=\u00a0\u00bbyes\u00a0\u00bb no_padding=\u00a0\u00bbyes\u00a0\u00bb remove_margin_top=\u00a0\u00bbyes\u00a0\u00bb remove_padding_top=\u00a0\u00bbyes\u00a0\u00bb conditional_render=\u00a0\u00bb%5B%7B%22value_role%22%3A%22administrator%22%7D%5D\u00a0\u00bb][vc_column width=\u00a0\u00bb1\/2&Prime; animation_delay=\u00a0\u00bb400&Prime; css=\u00a0\u00bb.vc_custom_1776334054838{background-position: center !important;background-repeat: no-repeat !important;background-size: cover !important;}\u00a0\u00bb animation_type=\u00a0\u00bbfadeInLeft\u00a0\u00bb conditional_render=\u00a0\u00bb%5B%7B%22value_role%22%3A%22administrator%22%7D%5D\u00a0\u00bb offset=\u00a0\u00bbvc_hidden-xl vc_hidden-lg\u00a0\u00bb][vc_row_inner][vc_column_inner offset=\u00a0\u00bbvc_col-md-offset-2 vc_col-md-8&Prime;]<div class=\"porto-u-heading  wpb_custom_95aa9a11c17ad45cfabaf210d84ee7cc porto-u-ad87e2eaf3f9c495180fe0156ddf3eb0 \"><div class=\"porto-u-main-heading\"><h3   style=\"color:#ffffff;margin-bottom: 16px;font-size:32px;line-height:39px;\">Float Plus 2 avec ensemble de sacs Premium<\/h3><\/div><div class=\"porto-u-sub-heading\" style=\"font-weight:300;color: #e6e6e6;font-size:21px;line-height:26px;\">\n<p data-path-to-node=\"21\">Le Float Plus 2, un float tube l\u00e9ger avec un design innovant et des caract\u00e9ristiques de navigation impressionnantes. Con\u00e7u pour une r\u00e9sistance \u00e0 l&rsquo;eau minimale et une maniabilit\u00e9 exceptionnelle, il tourne sans effort sur son axe.<\/p>\n<p data-path-to-node=\"22\"><\/div><style>.porto-u-ad87e2eaf3f9c495180fe0156ddf3eb0.porto-u-heading{text-align:left}<\/style><\/div>[vc_btn title=\u00a0\u00bbCommandez ici de <s>789,95 \u20ac<\/s> MAINTENANT pour 699,90 \u20ac\u00a0\u00bb style=\u00a0\u00bbmodern\u00a0\u00bb shape=\u00a0\u00bbround\u00a0\u00bb skin=\u00a0\u00bbprimary\u00a0\u00bb btn_fs=\u00a0\u00bb1rem\u00a0\u00bb btn_fw=\u00a0\u00bb700&Prime; el_cls=\u00a0\u00bbtext-capitalize w-btn\u00a0\u00bb animation_delay=\u00a0\u00bb600&Prime; css=\u00a0\u00bb.vc_custom_1776337157180{margin-bottom: 5px !important;}\u00a0\u00bb link=\u00a0\u00bburl:https%3A%2F%2Ffloatplus.com%2Ffr%2Fproduit-fr%2Ffloat-plus-2-float-tube-avec-premium-sacs-de-float-tube%2F|title:About%20Us|\u00a0\u00bb btn_px=\u00a0\u00bb1rem\u00a0\u00bb btn_py=\u00a0\u00bb0.8rem\u00a0\u00bb css_params=\u00a0\u00bb\u00a0\u00bb animation_type=\u00a0\u00bbfadeInUp\u00a0\u00bb][\/vc_column_inner][\/vc_row_inner][\/vc_column][vc_column width=\u00a0\u00bb1\/2&Prime; animation_delay=\u00a0\u00bb400&Prime; css=\u00a0\u00bb.vc_custom_1776334061588{padding-top: 140px !important;padding-bottom: 110px !important;}\u00a0\u00bb animation_type=\u00a0\u00bbfadeInRight\u00a0\u00bb conditional_render=\u00a0\u00bb%5B%7B%22value_role%22%3A%22administrator%22%7D%5D\u00a0\u00bb offset=\u00a0\u00bbvc_hidden-xl vc_hidden-lg\u00a0\u00bb][vc_single_image image=\u00a0\u00bb31629&Prime; img_size=\u00a0\u00bbfull\u00a0\u00bb style=\u00a0\u00bbvc_box_rounded\u00a0\u00bb el_class=\u00a0\u00bbmb-0&Prime;][\/vc_column][\/vc_row]<\/p>\n<\/section>","protected":false},"excerpt":{"rendered":"<p>[vc_row wrap_container=\u00a0\u00bbyes\u00a0\u00bb conditional_render=\u00a0\u00bb%5B%7B%22value_role%22%3A%22administrator%22%7D%5D\u00a0\u00bb][vc_column][vc_custom_heading text=\u00a0\u00bbOffres Combin\u00e9es \u00e0 Dur\u00e9e Limit\u00e9e : offre valable jusqu&rsquo;au 1er mai 2026 et dans la limite des stocks disponibles\u00a0\u00bb use_theme_fonts=\u00a0\u00bbyes\u00a0\u00bb][\/vc_column][\/vc_row][vc_row rtl_reverse=\u00a0\u00bbyes\u00a0\u00bb content_placement=\u00a0\u00bbmiddle\u00a0\u00bb wrap_container=\u00a0\u00bbyes\u00a0\u00bb no_padding=\u00a0\u00bbyes\u00a0\u00bb remove_margin_top=\u00a0\u00bbyes\u00a0\u00bb remove_padding_top=\u00a0\u00bbyes\u00a0\u00bb conditional_render=\u00a0\u00bb%5B%7B%22value_role%22%3A%22administrator%22%7D%5D\u00a0\u00bb el_class=\u00a0\u00bbswap-on-mobile\u00a0\u00bb][vc_column width=\u00a0\u00bb1\/2&Prime; animation_delay=\u00a0\u00bb400&Prime; css=\u00a0\u00bb.vc_custom_1776333913431{background-position: center !important;background-repeat: no-repeat !important;background-size: cover !important;}\u00a0\u00bb animation_type=\u00a0\u00bbfadeInLeft\u00a0\u00bb conditional_render=\u00a0\u00bb%5B%7B%22value_role%22%3A%22administrator%22%7D%5D\u00a0\u00bb offset=\u00a0\u00bbvc_hidden-md vc_hidden-sm vc_hidden-xs\u00a0\u00bb][vc_single_image image=\u00a0\u00bb33580&Prime; img_size=\u00a0\u00bbfull\u00a0\u00bb style=\u00a0\u00bbvc_box_rounded\u00a0\u00bb el_class=\u00a0\u00bbmb-0&Prime;][\/vc_column][vc_column width=\u00a0\u00bb1\/2&Prime; animation_delay=\u00a0\u00bb400&Prime; css=\u00a0\u00bb.vc_custom_1776333849398{padding-top: 140px !important;padding-bottom: 110px [&hellip;]<\/p>\n","protected":false},"author":1,"featured_media":0,"parent":0,"menu_order":0,"comment_status":"closed","ping_status":"closed","template":"","meta":{"footnotes":""},"class_list":["post-36804","page","type-page","status-publish","hentry"],"yoast_head":"<!-- This site is optimized with the Yoast SEO Premium plugin v23.1 (Yoast SEO v27.5) - https:\/\/yoast.com\/product\/yoast-seo-premium-wordpress\/ -->\n<title>Offre Combin\u00e9e Temporaire - Worldleader in Bellyboats and Bellyboat Motors<\/title>\n<meta name=\"description\" content=\"Offre Combin\u00e9e Temporaire\" \/>\n<meta name=\"robots\" content=\"index, follow, max-snippet:-1, max-image-preview:large, max-video-preview:-1\" \/>\n<link rel=\"canonical\" href=\"https:\/\/floatplus.com\/fr\/offre-combinee-temporaire\/\" \/>\n<meta property=\"og:locale\" content=\"fr_FR\" \/>\n<meta property=\"og:type\" content=\"article\" \/>\n<meta property=\"og:title\" content=\"Offre Combin\u00e9e Temporaire\" \/>\n<meta property=\"og:description\" content=\"Offre Combin\u00e9e Temporaire\" \/>\n<meta property=\"og:url\" content=\"https:\/\/floatplus.com\/fr\/offre-combinee-temporaire\/\" \/>\n<meta property=\"og:site_name\" content=\"Float Plus\" \/>\n<meta property=\"article:publisher\" content=\"https:\/\/www.facebook.com\/floatpluspro\/\" \/>\n<meta property=\"article:modified_time\" content=\"2026-04-16T12:06:28+00:00\" \/>\n<meta property=\"og:image\" content=\"https:\/\/i0.wp.com\/floatplus.com\/wp-content\/uploads\/2023\/06\/floatplus_catfish_.jpg?fit=700%2C570&ssl=1\" \/>\n\t<meta property=\"og:image:width\" content=\"700\" \/>\n\t<meta property=\"og:image:height\" content=\"570\" \/>\n\t<meta property=\"og:image:type\" content=\"image\/jpeg\" \/>\n<meta name=\"twitter:card\" content=\"summary_large_image\" \/>\n<meta name=\"twitter:label1\" content=\"Dur\u00e9e de lecture estim\u00e9e\" \/>\n\t<meta name=\"twitter:data1\" content=\"3 minutes\" \/>\n<script type=\"application\/ld+json\" class=\"yoast-schema-graph\">{\"@context\":\"https:\\\/\\\/schema.org\",\"@graph\":[{\"@type\":\"WebPage\",\"@id\":\"https:\\\/\\\/floatplus.com\\\/fr\\\/offre-combinee-temporaire\\\/\",\"url\":\"https:\\\/\\\/floatplus.com\\\/fr\\\/offre-combinee-temporaire\\\/\",\"name\":\"Offre Combin\u00e9e Temporaire - Worldleader in Bellyboats and Bellyboat Motors\",\"isPartOf\":{\"@id\":\"https:\\\/\\\/floatplus.com\\\/fr\\\/#website\"},\"datePublished\":\"2026-04-16T11:17:49+00:00\",\"dateModified\":\"2026-04-16T12:06:28+00:00\",\"description\":\"Offre Combin\u00e9e Temporaire\",\"breadcrumb\":{\"@id\":\"https:\\\/\\\/floatplus.com\\\/fr\\\/offre-combinee-temporaire\\\/#breadcrumb\"},\"inLanguage\":\"fr-FR\",\"potentialAction\":[{\"@type\":\"ReadAction\",\"target\":[\"https:\\\/\\\/floatplus.com\\\/fr\\\/offre-combinee-temporaire\\\/\"]}]},{\"@type\":\"BreadcrumbList\",\"@id\":\"https:\\\/\\\/floatplus.com\\\/fr\\\/offre-combinee-temporaire\\\/#breadcrumb\",\"itemListElement\":[{\"@type\":\"ListItem\",\"position\":1,\"name\":\"Home\",\"item\":\"https:\\\/\\\/floatplus.com\\\/fr\\\/\"},{\"@type\":\"ListItem\",\"position\":2,\"name\":\"Offre Combin\u00e9e Temporaire\"}]},{\"@type\":\"WebSite\",\"@id\":\"https:\\\/\\\/floatplus.com\\\/fr\\\/#website\",\"url\":\"https:\\\/\\\/floatplus.com\\\/fr\\\/\",\"name\":\"Float Plus\",\"description\":\"Worldleader in Bellyboats and Bellyboat Motors\",\"publisher\":{\"@id\":\"https:\\\/\\\/floatplus.com\\\/fr\\\/#organization\"},\"potentialAction\":[{\"@type\":\"SearchAction\",\"target\":{\"@type\":\"EntryPoint\",\"urlTemplate\":\"https:\\\/\\\/floatplus.com\\\/fr\\\/?s={search_term_string}\"},\"query-input\":{\"@type\":\"PropertyValueSpecification\",\"valueRequired\":true,\"valueName\":\"search_term_string\"}}],\"inLanguage\":\"fr-FR\"},{\"@type\":\"Organization\",\"@id\":\"https:\\\/\\\/floatplus.com\\\/fr\\\/#organization\",\"name\":\"Float Plus Bellyboat & Bellyboat Motor\",\"url\":\"https:\\\/\\\/floatplus.com\\\/fr\\\/\",\"logo\":{\"@type\":\"ImageObject\",\"inLanguage\":\"fr-FR\",\"@id\":\"https:\\\/\\\/floatplus.com\\\/fr\\\/#\\\/schema\\\/logo\\\/image\\\/\",\"url\":\"https:\\\/\\\/i0.wp.com\\\/floatplus.com\\\/wp-content\\\/uploads\\\/2021\\\/01\\\/logo-floatplus_icon.png?fit=135%2C135&ssl=1\",\"contentUrl\":\"https:\\\/\\\/i0.wp.com\\\/floatplus.com\\\/wp-content\\\/uploads\\\/2021\\\/01\\\/logo-floatplus_icon.png?fit=135%2C135&ssl=1\",\"width\":135,\"height\":135,\"caption\":\"Float Plus Bellyboat & Bellyboat Motor\"},\"image\":{\"@id\":\"https:\\\/\\\/floatplus.com\\\/fr\\\/#\\\/schema\\\/logo\\\/image\\\/\"},\"sameAs\":[\"https:\\\/\\\/www.facebook.com\\\/floatpluspro\\\/\",\"https:\\\/\\\/www.instagram.com\\\/floatplus\\\/\",\"https:\\\/\\\/www.youtube.com\\\/channel\\\/UCOawieW3u0T3mWwNTVFOVMQ\"]}]}<\/script>\n<!-- \/ Yoast SEO Premium plugin. -->","yoast_head_json":{"title":"Offre Combin\u00e9e Temporaire - Worldleader in Bellyboats and Bellyboat Motors","description":"Offre Combin\u00e9e Temporaire","robots":{"index":"index","follow":"follow","max-snippet":"max-snippet:-1","max-image-preview":"max-image-preview:large","max-video-preview":"max-video-preview:-1"},"canonical":"https:\/\/floatplus.com\/fr\/offre-combinee-temporaire\/","og_locale":"fr_FR","og_type":"article","og_title":"Offre Combin\u00e9e Temporaire","og_description":"Offre Combin\u00e9e Temporaire","og_url":"https:\/\/floatplus.com\/fr\/offre-combinee-temporaire\/","og_site_name":"Float Plus","article_publisher":"https:\/\/www.facebook.com\/floatpluspro\/","article_modified_time":"2026-04-16T12:06:28+00:00","og_image":[{"width":700,"height":570,"url":"https:\/\/i0.wp.com\/floatplus.com\/wp-content\/uploads\/2023\/06\/floatplus_catfish_.jpg?fit=700%2C570&ssl=1","type":"image\/jpeg"}],"twitter_card":"summary_large_image","twitter_misc":{"Dur\u00e9e de lecture estim\u00e9e":"3 minutes"},"schema":{"@context":"https:\/\/schema.org","@graph":[{"@type":"WebPage","@id":"https:\/\/floatplus.com\/fr\/offre-combinee-temporaire\/","url":"https:\/\/floatplus.com\/fr\/offre-combinee-temporaire\/","name":"Offre Combin\u00e9e Temporaire - Worldleader in Bellyboats and Bellyboat Motors","isPartOf":{"@id":"https:\/\/floatplus.com\/fr\/#website"},"datePublished":"2026-04-16T11:17:49+00:00","dateModified":"2026-04-16T12:06:28+00:00","description":"Offre Combin\u00e9e Temporaire","breadcrumb":{"@id":"https:\/\/floatplus.com\/fr\/offre-combinee-temporaire\/#breadcrumb"},"inLanguage":"fr-FR","potentialAction":[{"@type":"ReadAction","target":["https:\/\/floatplus.com\/fr\/offre-combinee-temporaire\/"]}]},{"@type":"BreadcrumbList","@id":"https:\/\/floatplus.com\/fr\/offre-combinee-temporaire\/#breadcrumb","itemListElement":[{"@type":"ListItem","position":1,"name":"Home","item":"https:\/\/floatplus.com\/fr\/"},{"@type":"ListItem","position":2,"name":"Offre Combin\u00e9e Temporaire"}]},{"@type":"WebSite","@id":"https:\/\/floatplus.com\/fr\/#website","url":"https:\/\/floatplus.com\/fr\/","name":"Float Plus","description":"Worldleader in Bellyboats and Bellyboat Motors","publisher":{"@id":"https:\/\/floatplus.com\/fr\/#organization"},"potentialAction":[{"@type":"SearchAction","target":{"@type":"EntryPoint","urlTemplate":"https:\/\/floatplus.com\/fr\/?s={search_term_string}"},"query-input":{"@type":"PropertyValueSpecification","valueRequired":true,"valueName":"search_term_string"}}],"inLanguage":"fr-FR"},{"@type":"Organization","@id":"https:\/\/floatplus.com\/fr\/#organization","name":"Float Plus Bellyboat & Bellyboat Motor","url":"https:\/\/floatplus.com\/fr\/","logo":{"@type":"ImageObject","inLanguage":"fr-FR","@id":"https:\/\/floatplus.com\/fr\/#\/schema\/logo\/image\/","url":"https:\/\/i0.wp.com\/floatplus.com\/wp-content\/uploads\/2021\/01\/logo-floatplus_icon.png?fit=135%2C135&ssl=1","contentUrl":"https:\/\/i0.wp.com\/floatplus.com\/wp-content\/uploads\/2021\/01\/logo-floatplus_icon.png?fit=135%2C135&ssl=1","width":135,"height":135,"caption":"Float Plus Bellyboat & Bellyboat Motor"},"image":{"@id":"https:\/\/floatplus.com\/fr\/#\/schema\/logo\/image\/"},"sameAs":["https:\/\/www.facebook.com\/floatpluspro\/","https:\/\/www.instagram.com\/floatplus\/","https:\/\/www.youtube.com\/channel\/UCOawieW3u0T3mWwNTVFOVMQ"]}]}},"_links":{"self":[{"href":"https:\/\/floatplus.com\/fr\/wp-json\/wp\/v2\/pages\/36804","targetHints":{"allow":["GET"]}}],"collection":[{"href":"https:\/\/floatplus.com\/fr\/wp-json\/wp\/v2\/pages"}],"about":[{"href":"https:\/\/floatplus.com\/fr\/wp-json\/wp\/v2\/types\/page"}],"author":[{"embeddable":true,"href":"https:\/\/floatplus.com\/fr\/wp-json\/wp\/v2\/users\/1"}],"replies":[{"embeddable":true,"href":"https:\/\/floatplus.com\/fr\/wp-json\/wp\/v2\/comments?post=36804"}],"version-history":[{"count":6,"href":"https:\/\/floatplus.com\/fr\/wp-json\/wp\/v2\/pages\/36804\/revisions"}],"predecessor-version":[{"id":36820,"href":"https:\/\/floatplus.com\/fr\/wp-json\/wp\/v2\/pages\/36804\/revisions\/36820"}],"wp:attachment":[{"href":"https:\/\/floatplus.com\/fr\/wp-json\/wp\/v2\/media?parent=36804"}],"curies":[{"name":"wp","href":"https:\/\/api.w.org\/{rel}","templated":true}]}}