{"id":22147,"date":"2021-01-22T12:34:51","date_gmt":"2021-01-22T12:34:51","guid":{"rendered":"https:\/\/test.floatplus.com\/product\/kit-de-montage-float-plus\/"},"modified":"2025-11-14T09:04:30","modified_gmt":"2025-11-14T09:04:30","slug":"kit-de-montage-float-plus","status":"publish","type":"product","link":"https:\/\/floatplus.com\/fr\/produit-fr\/kit-de-montage-float-plus\/","title":{"rendered":"Kit de montage Float Plus"},"content":{"rendered":"","protected":false},"excerpt":{"rendered":"<p><span style=\"color: #ffffff;\">Ce support super l\u00e9ger est n\u00e9cessaire pour la fixation du moteur sous votre bellyboat. Le support est fix\u00e9 sur la partie inf\u00e9rieure du bateau, pr\u00e8s du si\u00e8ge, de sorte que le point de rotation se trouve directement sous vous. R\u00e9sultat : une maniabilit\u00e9 maximale!<\/span><\/p>\n<p><iframe width=\"560\" height=\"315\" src=\"https:\/\/www.youtube.com\/embed\/AwuyIYC2850?si=PL4S_HhQh_RZarCr\" title=\"YouTube video player\" frameborder=\"0\" allow=\"accelerometer; autoplay; clipboard-write; encrypted-media; gyroscope; picture-in-picture; web-share\" referrerpolicy=\"strict-origin-when-cross-origin\" allowfullscreen><\/iframe><\/p>\n","protected":false},"featured_media":27458,"comment_status":"open","ping_status":"closed","template":"","meta":[],"product_brand":[],"product_cat":[300,193],"product_tag":[],"giftcard-category":[],"class_list":{"0":"post-22147","1":"product","2":"type-product","3":"status-publish","4":"has-post-thumbnail","6":"product_cat-kit-de-montage","7":"product_cat-accessoires-fr","9":"first","10":"instock","11":"featured","12":"taxable","13":"shipping-taxable","14":"purchasable","15":"product-type-simple"},"yoast_head":"<!-- This site is optimized with the Yoast SEO Premium plugin v23.1 (Yoast SEO v27.4) - https:\/\/yoast.com\/product\/yoast-seo-premium-wordpress\/ -->\n<title>Kit de montage Float Plus - Float Plus<\/title>\n<meta name=\"description\" content=\"Ce support super l\u00e9ger est n\u00e9cessaire pour la fixation du moteur sous votre bellyboat. Le support est fix\u00e9 sur la partie inf\u00e9rieure du bateau, pr\u00e8s du si\u00e8ge, de sorte que le point de rotation se trouve directement sous vous. R\u00e9sultat : une maniabilit\u00e9 maximale!\" \/>\n<meta name=\"robots\" content=\"index, follow, max-snippet:-1, max-image-preview:large, max-video-preview:-1\" \/>\n<link rel=\"canonical\" href=\"https:\/\/floatplus.com\/fr\/produit-fr\/kit-de-montage-float-plus\/\" \/>\n<meta property=\"og:locale\" content=\"fr_FR\" \/>\n<meta property=\"og:type\" content=\"article\" \/>\n<meta property=\"og:title\" content=\"Kit de montage Float Plus - Float Plus\" \/>\n<meta property=\"og:description\" content=\"Ce support super l\u00e9ger est n\u00e9cessaire pour la fixation du moteur sous votre bellyboat. Le support est fix\u00e9 sur la partie inf\u00e9rieure du bateau, pr\u00e8s du si\u00e8ge, de sorte que le point de rotation se trouve directement sous vous. R\u00e9sultat : une maniabilit\u00e9 maximale!\" \/>\n<meta property=\"og:url\" content=\"https:\/\/floatplus.com\/fr\/produit-fr\/kit-de-montage-float-plus\/\" \/>\n<meta property=\"og:site_name\" content=\"Float Plus\" \/>\n<meta property=\"article:publisher\" content=\"https:\/\/www.facebook.com\/floatpluspro\/\" \/>\n<meta property=\"article:modified_time\" content=\"2025-11-14T09:04:30+00:00\" \/>\n<meta property=\"og:image\" content=\"https:\/\/floatplus.com\/wp-content\/uploads\/2021\/01\/1600_mount-set-enkel.jpg\" \/>\n\t<meta property=\"og:image:width\" content=\"1600\" \/>\n\t<meta property=\"og:image:height\" content=\"1200\" \/>\n\t<meta property=\"og:image:type\" content=\"image\/jpeg\" \/>\n<meta name=\"twitter:card\" content=\"summary_large_image\" \/>\n<meta name=\"twitter:label1\" content=\"Dur\u00e9e de lecture estim\u00e9e\" \/>\n\t<meta name=\"twitter:data1\" content=\"1 minute\" \/>\n<script type=\"application\/ld+json\" class=\"yoast-schema-graph\">{\"@context\":\"https:\\\/\\\/schema.org\",\"@graph\":[{\"@type\":\"WebPage\",\"@id\":\"https:\\\/\\\/floatplus.com\\\/fr\\\/produit-fr\\\/kit-de-montage-float-plus\\\/\",\"url\":\"https:\\\/\\\/floatplus.com\\\/fr\\\/produit-fr\\\/kit-de-montage-float-plus\\\/\",\"name\":\"Kit de montage Float Plus - Float Plus\",\"isPartOf\":{\"@id\":\"https:\\\/\\\/floatplus.com\\\/fr\\\/#website\"},\"primaryImageOfPage\":{\"@id\":\"https:\\\/\\\/floatplus.com\\\/fr\\\/produit-fr\\\/kit-de-montage-float-plus\\\/#primaryimage\"},\"image\":{\"@id\":\"https:\\\/\\\/floatplus.com\\\/fr\\\/produit-fr\\\/kit-de-montage-float-plus\\\/#primaryimage\"},\"thumbnailUrl\":\"https:\\\/\\\/i0.wp.com\\\/floatplus.com\\\/wp-content\\\/uploads\\\/2021\\\/01\\\/1600_mount-set-enkel.jpg?fit=1600%2C1200&ssl=1\",\"datePublished\":\"2021-01-22T12:34:51+00:00\",\"dateModified\":\"2025-11-14T09:04:30+00:00\",\"description\":\"Ce support super l\u00e9ger est n\u00e9cessaire pour la fixation du moteur sous votre bellyboat. Le support est fix\u00e9 sur la partie inf\u00e9rieure du bateau, pr\u00e8s du si\u00e8ge, de sorte que le point de rotation se trouve directement sous vous. R\u00e9sultat : une maniabilit\u00e9 maximale!\",\"breadcrumb\":{\"@id\":\"https:\\\/\\\/floatplus.com\\\/fr\\\/produit-fr\\\/kit-de-montage-float-plus\\\/#breadcrumb\"},\"inLanguage\":\"fr-FR\",\"potentialAction\":[{\"@type\":\"ReadAction\",\"target\":[\"https:\\\/\\\/floatplus.com\\\/fr\\\/produit-fr\\\/kit-de-montage-float-plus\\\/\"]}]},{\"@type\":\"ImageObject\",\"inLanguage\":\"fr-FR\",\"@id\":\"https:\\\/\\\/floatplus.com\\\/fr\\\/produit-fr\\\/kit-de-montage-float-plus\\\/#primaryimage\",\"url\":\"https:\\\/\\\/i0.wp.com\\\/floatplus.com\\\/wp-content\\\/uploads\\\/2021\\\/01\\\/1600_mount-set-enkel.jpg?fit=1600%2C1200&ssl=1\",\"contentUrl\":\"https:\\\/\\\/i0.wp.com\\\/floatplus.com\\\/wp-content\\\/uploads\\\/2021\\\/01\\\/1600_mount-set-enkel.jpg?fit=1600%2C1200&ssl=1\",\"width\":1600,\"height\":1200},{\"@type\":\"BreadcrumbList\",\"@id\":\"https:\\\/\\\/floatplus.com\\\/fr\\\/produit-fr\\\/kit-de-montage-float-plus\\\/#breadcrumb\",\"itemListElement\":[{\"@type\":\"ListItem\",\"position\":1,\"name\":\"Home\",\"item\":\"https:\\\/\\\/floatplus.com\\\/fr\\\/\"},{\"@type\":\"ListItem\",\"position\":2,\"name\":\"Boutique\",\"item\":\"https:\\\/\\\/floatplus.com\\\/fr\\\/boutique-fr\\\/\"},{\"@type\":\"ListItem\",\"position\":3,\"name\":\"Kit de montage Float Plus\"}]},{\"@type\":\"WebSite\",\"@id\":\"https:\\\/\\\/floatplus.com\\\/fr\\\/#website\",\"url\":\"https:\\\/\\\/floatplus.com\\\/fr\\\/\",\"name\":\"Float Plus\",\"description\":\"Worldleader in Bellyboats and Bellyboat Motors\",\"publisher\":{\"@id\":\"https:\\\/\\\/floatplus.com\\\/fr\\\/#organization\"},\"potentialAction\":[{\"@type\":\"SearchAction\",\"target\":{\"@type\":\"EntryPoint\",\"urlTemplate\":\"https:\\\/\\\/floatplus.com\\\/fr\\\/?s={search_term_string}\"},\"query-input\":{\"@type\":\"PropertyValueSpecification\",\"valueRequired\":true,\"valueName\":\"search_term_string\"}}],\"inLanguage\":\"fr-FR\"},{\"@type\":\"Organization\",\"@id\":\"https:\\\/\\\/floatplus.com\\\/fr\\\/#organization\",\"name\":\"Float Plus Bellyboat & Bellyboat Motor\",\"url\":\"https:\\\/\\\/floatplus.com\\\/fr\\\/\",\"logo\":{\"@type\":\"ImageObject\",\"inLanguage\":\"fr-FR\",\"@id\":\"https:\\\/\\\/floatplus.com\\\/fr\\\/#\\\/schema\\\/logo\\\/image\\\/\",\"url\":\"https:\\\/\\\/i0.wp.com\\\/floatplus.com\\\/wp-content\\\/uploads\\\/2021\\\/01\\\/logo-floatplus_icon.png?fit=135%2C135&ssl=1\",\"contentUrl\":\"https:\\\/\\\/i0.wp.com\\\/floatplus.com\\\/wp-content\\\/uploads\\\/2021\\\/01\\\/logo-floatplus_icon.png?fit=135%2C135&ssl=1\",\"width\":135,\"height\":135,\"caption\":\"Float Plus Bellyboat & Bellyboat Motor\"},\"image\":{\"@id\":\"https:\\\/\\\/floatplus.com\\\/fr\\\/#\\\/schema\\\/logo\\\/image\\\/\"},\"sameAs\":[\"https:\\\/\\\/www.facebook.com\\\/floatpluspro\\\/\",\"https:\\\/\\\/www.instagram.com\\\/floatplus\\\/\",\"https:\\\/\\\/www.youtube.com\\\/channel\\\/UCOawieW3u0T3mWwNTVFOVMQ\"]}]}<\/script>\n<!-- \/ Yoast SEO Premium plugin. -->","yoast_head_json":{"title":"Kit de montage Float Plus - Float Plus","description":"Ce support super l\u00e9ger est n\u00e9cessaire pour la fixation du moteur sous votre bellyboat. Le support est fix\u00e9 sur la partie inf\u00e9rieure du bateau, pr\u00e8s du si\u00e8ge, de sorte que le point de rotation se trouve directement sous vous. R\u00e9sultat : une maniabilit\u00e9 maximale!","robots":{"index":"index","follow":"follow","max-snippet":"max-snippet:-1","max-image-preview":"max-image-preview:large","max-video-preview":"max-video-preview:-1"},"canonical":"https:\/\/floatplus.com\/fr\/produit-fr\/kit-de-montage-float-plus\/","og_locale":"fr_FR","og_type":"article","og_title":"Kit de montage Float Plus - Float Plus","og_description":"Ce support super l\u00e9ger est n\u00e9cessaire pour la fixation du moteur sous votre bellyboat. Le support est fix\u00e9 sur la partie inf\u00e9rieure du bateau, pr\u00e8s du si\u00e8ge, de sorte que le point de rotation se trouve directement sous vous. R\u00e9sultat : une maniabilit\u00e9 maximale!","og_url":"https:\/\/floatplus.com\/fr\/produit-fr\/kit-de-montage-float-plus\/","og_site_name":"Float Plus","article_publisher":"https:\/\/www.facebook.com\/floatpluspro\/","article_modified_time":"2025-11-14T09:04:30+00:00","og_image":[{"width":1600,"height":1200,"url":"https:\/\/floatplus.com\/wp-content\/uploads\/2021\/01\/1600_mount-set-enkel.jpg","type":"image\/jpeg"}],"twitter_card":"summary_large_image","twitter_misc":{"Dur\u00e9e de lecture estim\u00e9e":"1 minute"},"schema":{"@context":"https:\/\/schema.org","@graph":[{"@type":"WebPage","@id":"https:\/\/floatplus.com\/fr\/produit-fr\/kit-de-montage-float-plus\/","url":"https:\/\/floatplus.com\/fr\/produit-fr\/kit-de-montage-float-plus\/","name":"Kit de montage Float Plus - Float Plus","isPartOf":{"@id":"https:\/\/floatplus.com\/fr\/#website"},"primaryImageOfPage":{"@id":"https:\/\/floatplus.com\/fr\/produit-fr\/kit-de-montage-float-plus\/#primaryimage"},"image":{"@id":"https:\/\/floatplus.com\/fr\/produit-fr\/kit-de-montage-float-plus\/#primaryimage"},"thumbnailUrl":"https:\/\/i0.wp.com\/floatplus.com\/wp-content\/uploads\/2021\/01\/1600_mount-set-enkel.jpg?fit=1600%2C1200&ssl=1","datePublished":"2021-01-22T12:34:51+00:00","dateModified":"2025-11-14T09:04:30+00:00","description":"Ce support super l\u00e9ger est n\u00e9cessaire pour la fixation du moteur sous votre bellyboat. Le support est fix\u00e9 sur la partie inf\u00e9rieure du bateau, pr\u00e8s du si\u00e8ge, de sorte que le point de rotation se trouve directement sous vous. R\u00e9sultat : une maniabilit\u00e9 maximale!","breadcrumb":{"@id":"https:\/\/floatplus.com\/fr\/produit-fr\/kit-de-montage-float-plus\/#breadcrumb"},"inLanguage":"fr-FR","potentialAction":[{"@type":"ReadAction","target":["https:\/\/floatplus.com\/fr\/produit-fr\/kit-de-montage-float-plus\/"]}]},{"@type":"ImageObject","inLanguage":"fr-FR","@id":"https:\/\/floatplus.com\/fr\/produit-fr\/kit-de-montage-float-plus\/#primaryimage","url":"https:\/\/i0.wp.com\/floatplus.com\/wp-content\/uploads\/2021\/01\/1600_mount-set-enkel.jpg?fit=1600%2C1200&ssl=1","contentUrl":"https:\/\/i0.wp.com\/floatplus.com\/wp-content\/uploads\/2021\/01\/1600_mount-set-enkel.jpg?fit=1600%2C1200&ssl=1","width":1600,"height":1200},{"@type":"BreadcrumbList","@id":"https:\/\/floatplus.com\/fr\/produit-fr\/kit-de-montage-float-plus\/#breadcrumb","itemListElement":[{"@type":"ListItem","position":1,"name":"Home","item":"https:\/\/floatplus.com\/fr\/"},{"@type":"ListItem","position":2,"name":"Boutique","item":"https:\/\/floatplus.com\/fr\/boutique-fr\/"},{"@type":"ListItem","position":3,"name":"Kit de montage Float Plus"}]},{"@type":"WebSite","@id":"https:\/\/floatplus.com\/fr\/#website","url":"https:\/\/floatplus.com\/fr\/","name":"Float Plus","description":"Worldleader in Bellyboats and Bellyboat Motors","publisher":{"@id":"https:\/\/floatplus.com\/fr\/#organization"},"potentialAction":[{"@type":"SearchAction","target":{"@type":"EntryPoint","urlTemplate":"https:\/\/floatplus.com\/fr\/?s={search_term_string}"},"query-input":{"@type":"PropertyValueSpecification","valueRequired":true,"valueName":"search_term_string"}}],"inLanguage":"fr-FR"},{"@type":"Organization","@id":"https:\/\/floatplus.com\/fr\/#organization","name":"Float Plus Bellyboat & Bellyboat Motor","url":"https:\/\/floatplus.com\/fr\/","logo":{"@type":"ImageObject","inLanguage":"fr-FR","@id":"https:\/\/floatplus.com\/fr\/#\/schema\/logo\/image\/","url":"https:\/\/i0.wp.com\/floatplus.com\/wp-content\/uploads\/2021\/01\/logo-floatplus_icon.png?fit=135%2C135&ssl=1","contentUrl":"https:\/\/i0.wp.com\/floatplus.com\/wp-content\/uploads\/2021\/01\/logo-floatplus_icon.png?fit=135%2C135&ssl=1","width":135,"height":135,"caption":"Float Plus Bellyboat & Bellyboat Motor"},"image":{"@id":"https:\/\/floatplus.com\/fr\/#\/schema\/logo\/image\/"},"sameAs":["https:\/\/www.facebook.com\/floatpluspro\/","https:\/\/www.instagram.com\/floatplus\/","https:\/\/www.youtube.com\/channel\/UCOawieW3u0T3mWwNTVFOVMQ"]}]}},"_links":{"self":[{"href":"https:\/\/floatplus.com\/fr\/wp-json\/wp\/v2\/product\/22147","targetHints":{"allow":["GET"]}}],"collection":[{"href":"https:\/\/floatplus.com\/fr\/wp-json\/wp\/v2\/product"}],"about":[{"href":"https:\/\/floatplus.com\/fr\/wp-json\/wp\/v2\/types\/product"}],"replies":[{"embeddable":true,"href":"https:\/\/floatplus.com\/fr\/wp-json\/wp\/v2\/comments?post=22147"}],"wp:featuredmedia":[{"embeddable":true,"href":"https:\/\/floatplus.com\/fr\/wp-json\/wp\/v2\/media\/27458"}],"wp:attachment":[{"href":"https:\/\/floatplus.com\/fr\/wp-json\/wp\/v2\/media?parent=22147"}],"wp:term":[{"taxonomy":"product_brand","embeddable":true,"href":"https:\/\/floatplus.com\/fr\/wp-json\/wp\/v2\/product_brand?post=22147"},{"taxonomy":"product_cat","embeddable":true,"href":"https:\/\/floatplus.com\/fr\/wp-json\/wp\/v2\/product_cat?post=22147"},{"taxonomy":"product_tag","embeddable":true,"href":"https:\/\/floatplus.com\/fr\/wp-json\/wp\/v2\/product_tag?post=22147"},{"taxonomy":"giftcard-category","embeddable":true,"href":"https:\/\/floatplus.com\/fr\/wp-json\/wp\/v2\/giftcard-category?post=22147"}],"curies":[{"name":"wp","href":"https:\/\/api.w.org\/{rel}","templated":true}]}}