{"id":29165,"date":"2023-11-28T14:45:11","date_gmt":"2023-11-28T14:45:11","guid":{"rendered":"https:\/\/floatplus.com\/product\/float-plus-compact-2\/"},"modified":"2026-01-29T16:03:58","modified_gmt":"2026-01-29T16:03:58","slug":"float-plus-compact-2","status":"publish","type":"product","link":"https:\/\/floatplus.com\/fr\/produit-fr\/float-plus-compact-2\/","title":{"rendered":"Float Plus Compact 2"},"content":{"rendered":"<section class=\"wpb-content-wrapper\"><h2><span style=\"font-size: 18px;\">Diff\u00e9rences entre les moteur float tube syst\u00e8mes de Float Plus:<\/span><\/h2>\n<p>L&rsquo;avantage du Float Plus Compact 2 moteur float tube par rapport au mod\u00e8le <a href=\"https:\/\/floatplus.com\/fr\/product-en\/float-plus-pro-2-float-tube-systeme\/\">Pro 2<\/a> &amp; <a href=\"https:\/\/floatplus.com\/product-en\/float-plus-twin-force-en\/\">Twin Force<\/a> est que le Compact est log\u00e9 dans un petit bo\u00eetier compact, extr\u00eamement l\u00e9ger et peut \u00eatre facilement plac\u00e9 derri\u00e8re le sac. Le syst\u00e8me vient avec un moteur et une t\u00e9l\u00e9commande. Ce mod\u00e8le pratique laisse l&rsquo;espace derri\u00e8re le si\u00e8ge libre pour d&rsquo;autres n\u00e9cessit\u00e9s. Vous pouvez comparer tous nos syst\u00e8mes de bateaux ventraux \u00e9lectriques <a href=\"https:\/\/floatplus.com\/fr\/systemes-differents\/\">ici<\/a>.<\/p>\n<h2><span style=\"font-size: 18px;\">Quel Float Tube choisir avec notre moteur float tube syst\u00e8mes?<\/span><\/h2>\n<p>Vous voulez tirer le meilleur parti du moteur float tube syst\u00e8me Float Plus Compact 2 ? D\u00e9couvrez les <a href=\"https:\/\/floatplus.com\/fr\/product-en\/float-plus-1-bellyboat-fr\/\">Float Plus 1<\/a> et <a href=\"https:\/\/floatplus.com\/fr\/product-en\/float-plus-2-bellyboat-fr\/\">Float Plus 2<\/a> float tubes innovants. Ces mod\u00e8les ont \u00e9t\u00e9 con\u00e7us avec soin pour \u00eatre en harmonie avec les syst\u00e8mes de moteurs Float Plus. Ca offrant une vitesse et une efficacit\u00e9 accrues sur l&rsquo;eau ! Vous pouvez comparer les diff\u00e9rences entre les float tubes <a href=\"https:\/\/floatplus.com\/fr\/differences-bellyboat\/\">ici<\/a>.<\/p>\n<h2><span style=\"font-size: 18px;\">Garantie Float Plus Compact 2 moteur float tube:\u00a0<\/span><\/h2>\n<p>Chez Float Plus, nous croyons fermement en la qualit\u00e9 et les performances de nos produits, afin que vous puissiez commencer vos aventures en float tube en toute tranquillit\u00e9 d&rsquo;esprit. Float Plus offre une garantie de 2 ans sur ses produits (\u00e0 l&rsquo;exception de la batterie), garantissant qu&rsquo;ils sont exempts de d\u00e9fauts de mat\u00e9riaux et de fabrication lorsqu&rsquo;ils sont install\u00e9s et utilis\u00e9s correctement. La garantie sur la batterie est d&rsquo;un an. Cette couverture commence \u00e0 partir de la date du premier achat.<\/p>\n<h2><span style=\"font-size: 18px;\">Ce que disent nos clients?<\/span><\/h2>\n<p>Ne prenez pas simplement notre parole. \u00c9coutez ce que nos clients satisfaits ont \u00e0 dire sur leur exp\u00e9rience avec les produits \/ float tubes \/ moteur float tube de Float Plus. D\u00e9couvrez de premi\u00e8re main comment le Float Plus Twin Force et nos float tubes ont transform\u00e9 leur aventure de p\u00eache sur <a href=\"https:\/\/www.google.com\/maps\/place\/Float+Plus+B.V.+Bellyboat+elektro+motor\/@51.7093446,5.6715718,17z\/data=!4m8!3m7!1s0x47c6e53fbbc401a9:0xa16461cfb91c1240!8m2!3d51.7093446!4d5.6741467!9m1!1b1!16s%2Fg%2F11ffl_0wxr?entry=ttu\">Google<\/a>, <a href=\"https:\/\/www.trustpilot.com\/review\/floatplus.com\">Trustpilot<\/a> ou ci-dessous.<\/p>\n<p><img data-recalc-dims=\"1\" decoding=\"async\" class=\" wp-image-28146 aligncenter\" src=\"https:\/\/i0.wp.com\/floatplus.com\/wp-content\/uploads\/2023\/06\/rating-white.png?resize=288%2C46&#038;ssl=1\" alt=\"\" width=\"288\" height=\"46\" \/> [vc_row wrap_container=\u00a0\u00bbyes\u00a0\u00bb][vc_column css=\u00a0\u00bb.vc_custom_1612965709829{padding-top: 20px !important;}\u00a0\u00bb]<\/p>\n<p>&nbsp;<\/p>\n<\/section>","protected":false},"excerpt":{"rendered":"<p><span style=\"color: #ffffff;\">Le Float Plus Compact 2 est un must pour chaque p\u00eacheur en float tube passionn\u00e9 !<\/span><\/p>\n<p><span style=\"color: #ffffff;\">Exp\u00e9rimentez l&rsquo;avantage de ce bo\u00eetier compact et l\u00e9ger comme une plume, facile \u00e0 placer derri\u00e8re le sac sur le bellyboat. Le syst\u00e8me est livr\u00e9 avec un moteur et une t\u00e9l\u00e9commande.<\/span><\/p>\n<p><span style=\"color: #ffffff;\">Ce mod\u00e8le pratique laisse l&rsquo;espace derri\u00e8re le si\u00e8ge libre pour d&rsquo;autres n\u00e9cessit\u00e9s. La fonction de navigation avant et arri\u00e8re rend le syst\u00e8me adapt\u00e9 \u00e0 tous les types de p\u00eache; le moteur est \u00e9quip\u00e9 d&rsquo;un anneau anti-herbe int\u00e9gr\u00e9.<\/span><\/p>\n<p><strong><span style=\"font-size: 18px; color: #ffffff;\">Choisissez la bonne batterie :<\/span><\/strong><\/p>\n<ul>\n<li><span style=\"color: #ffffff;\"><a style=\"color: #ffffff;\" href=\"https:\/\/floatplus.com\/product-en\/stormcase-lithium-ion-battery-416ah-126v\/\"><span style=\"color: #70bd00;\">Stormcase 41.6AH 12.6V :<\/span><\/a> Convient pour des sorties courtes \u00e0 des journ\u00e9es de p\u00eache longues dans les bassins fluviaux. Moins adapt\u00e9 pour les forts courants et les grands plans d&rsquo;eau.<\/span><\/li>\n<li><span style=\"color: #ffffff;\"><span style=\"color: #70bd00;\"><a style=\"color: #70bd00;\" href=\"https:\/\/floatplus.com\/product-en\/stormcase-lithium-ion-accu-31200-mah-168v\/\">Stormcase 31.2AH 16.8V :<\/a> <\/span>Plus de puissance (41 lbs), mais une dur\u00e9e de vie plus courte. Convient pour de longues distances sur de grands lacs et des rivi\u00e8res \u00e0 courant rapide.<\/span><\/li>\n<\/ul>\n","protected":false},"featured_media":22310,"comment_status":"open","ping_status":"closed","template":"","meta":[],"product_brand":[],"product_cat":[426,199],"product_tag":[439],"giftcard-category":[],"class_list":{"0":"post-29165","1":"product","2":"type-product","3":"status-publish","4":"has-post-thumbnail","6":"product_cat-systemes-de-moteur","7":"product_cat-float-plus-compact-2-fr","8":"product_tag-productfeed","10":"first","11":"instock","12":"featured","13":"taxable","14":"shipping-taxable","15":"purchasable","16":"product-type-simple"},"yoast_head":"<!-- This site is optimized with the Yoast SEO Premium plugin v23.1 (Yoast SEO v27.4) - https:\/\/yoast.com\/product\/yoast-seo-premium-wordpress\/ -->\n<title>Float Plus Compact 2 - Float Plus<\/title>\n<meta name=\"description\" content=\"Float Plus Compact 2 : moteur float tube compact et polyvalent. Compatible avec les batteries Float Plus et d&#039;autres marques.\" \/>\n<meta name=\"robots\" content=\"index, follow, max-snippet:-1, max-image-preview:large, max-video-preview:-1\" \/>\n<link rel=\"canonical\" href=\"https:\/\/floatplus.com\/fr\/produit-fr\/float-plus-compact-2\/\" \/>\n<meta property=\"og:locale\" content=\"fr_FR\" \/>\n<meta property=\"og:type\" content=\"article\" \/>\n<meta property=\"og:title\" content=\"Float Plus Compact 2 - Float Plus\" \/>\n<meta property=\"og:description\" content=\"Float Plus Compact 2 : moteur float tube compact et polyvalent. Compatible avec les batteries Float Plus et d&#039;autres marques.\" \/>\n<meta property=\"og:url\" content=\"https:\/\/floatplus.com\/fr\/produit-fr\/float-plus-compact-2\/\" \/>\n<meta property=\"og:site_name\" content=\"Float Plus\" \/>\n<meta property=\"article:publisher\" content=\"https:\/\/www.facebook.com\/floatpluspro\/\" \/>\n<meta property=\"article:modified_time\" content=\"2026-01-29T16:03:58+00:00\" \/>\n<meta property=\"og:image\" content=\"https:\/\/floatplus.com\/wp-content\/uploads\/2021\/01\/24-Compact-2-zwarte-motor-zonder-accu.jpg\" \/>\n\t<meta property=\"og:image:width\" content=\"800\" \/>\n\t<meta property=\"og:image:height\" content=\"533\" \/>\n\t<meta property=\"og:image:type\" content=\"image\/jpeg\" \/>\n<meta name=\"twitter:card\" content=\"summary_large_image\" \/>\n<meta name=\"twitter:label1\" content=\"Dur\u00e9e de lecture estim\u00e9e\" \/>\n\t<meta name=\"twitter:data1\" content=\"2 minutes\" \/>\n<script type=\"application\/ld+json\" class=\"yoast-schema-graph\">{\"@context\":\"https:\\\/\\\/schema.org\",\"@graph\":[{\"@type\":\"WebPage\",\"@id\":\"https:\\\/\\\/floatplus.com\\\/fr\\\/produit-fr\\\/float-plus-compact-2\\\/\",\"url\":\"https:\\\/\\\/floatplus.com\\\/fr\\\/produit-fr\\\/float-plus-compact-2\\\/\",\"name\":\"Float Plus Compact 2 - Float Plus\",\"isPartOf\":{\"@id\":\"https:\\\/\\\/floatplus.com\\\/fr\\\/#website\"},\"primaryImageOfPage\":{\"@id\":\"https:\\\/\\\/floatplus.com\\\/fr\\\/produit-fr\\\/float-plus-compact-2\\\/#primaryimage\"},\"image\":{\"@id\":\"https:\\\/\\\/floatplus.com\\\/fr\\\/produit-fr\\\/float-plus-compact-2\\\/#primaryimage\"},\"thumbnailUrl\":\"https:\\\/\\\/i0.wp.com\\\/floatplus.com\\\/wp-content\\\/uploads\\\/2021\\\/01\\\/24-Compact-2-zwarte-motor-zonder-accu.jpg?fit=800%2C533&ssl=1\",\"datePublished\":\"2023-11-28T14:45:11+00:00\",\"dateModified\":\"2026-01-29T16:03:58+00:00\",\"description\":\"Float Plus Compact 2 : moteur float tube compact et polyvalent. Compatible avec les batteries Float Plus et d'autres marques.\",\"breadcrumb\":{\"@id\":\"https:\\\/\\\/floatplus.com\\\/fr\\\/produit-fr\\\/float-plus-compact-2\\\/#breadcrumb\"},\"inLanguage\":\"fr-FR\",\"potentialAction\":[{\"@type\":\"ReadAction\",\"target\":[\"https:\\\/\\\/floatplus.com\\\/fr\\\/produit-fr\\\/float-plus-compact-2\\\/\"]}]},{\"@type\":\"ImageObject\",\"inLanguage\":\"fr-FR\",\"@id\":\"https:\\\/\\\/floatplus.com\\\/fr\\\/produit-fr\\\/float-plus-compact-2\\\/#primaryimage\",\"url\":\"https:\\\/\\\/i0.wp.com\\\/floatplus.com\\\/wp-content\\\/uploads\\\/2021\\\/01\\\/24-Compact-2-zwarte-motor-zonder-accu.jpg?fit=800%2C533&ssl=1\",\"contentUrl\":\"https:\\\/\\\/i0.wp.com\\\/floatplus.com\\\/wp-content\\\/uploads\\\/2021\\\/01\\\/24-Compact-2-zwarte-motor-zonder-accu.jpg?fit=800%2C533&ssl=1\",\"width\":800,\"height\":533,\"caption\":\"Syst\u00e8me de moteur pour Float Tube: Float Plus Compact 2 : Compact et polyvalent. Convient pour les batteries Float Plus et d'autres marques. D\u00e9couvrez la mallette pratique maintenant !\"},{\"@type\":\"BreadcrumbList\",\"@id\":\"https:\\\/\\\/floatplus.com\\\/fr\\\/produit-fr\\\/float-plus-compact-2\\\/#breadcrumb\",\"itemListElement\":[{\"@type\":\"ListItem\",\"position\":1,\"name\":\"Home\",\"item\":\"https:\\\/\\\/floatplus.com\\\/fr\\\/\"},{\"@type\":\"ListItem\",\"position\":2,\"name\":\"Boutique\",\"item\":\"https:\\\/\\\/floatplus.com\\\/fr\\\/boutique-fr\\\/\"},{\"@type\":\"ListItem\",\"position\":3,\"name\":\"Float Plus Compact 2\"}]},{\"@type\":\"WebSite\",\"@id\":\"https:\\\/\\\/floatplus.com\\\/fr\\\/#website\",\"url\":\"https:\\\/\\\/floatplus.com\\\/fr\\\/\",\"name\":\"Float Plus\",\"description\":\"Worldleader in Bellyboats and Bellyboat Motors\",\"publisher\":{\"@id\":\"https:\\\/\\\/floatplus.com\\\/fr\\\/#organization\"},\"potentialAction\":[{\"@type\":\"SearchAction\",\"target\":{\"@type\":\"EntryPoint\",\"urlTemplate\":\"https:\\\/\\\/floatplus.com\\\/fr\\\/?s={search_term_string}\"},\"query-input\":{\"@type\":\"PropertyValueSpecification\",\"valueRequired\":true,\"valueName\":\"search_term_string\"}}],\"inLanguage\":\"fr-FR\"},{\"@type\":\"Organization\",\"@id\":\"https:\\\/\\\/floatplus.com\\\/fr\\\/#organization\",\"name\":\"Float Plus Bellyboat & Bellyboat Motor\",\"url\":\"https:\\\/\\\/floatplus.com\\\/fr\\\/\",\"logo\":{\"@type\":\"ImageObject\",\"inLanguage\":\"fr-FR\",\"@id\":\"https:\\\/\\\/floatplus.com\\\/fr\\\/#\\\/schema\\\/logo\\\/image\\\/\",\"url\":\"https:\\\/\\\/i0.wp.com\\\/floatplus.com\\\/wp-content\\\/uploads\\\/2021\\\/01\\\/logo-floatplus_icon.png?fit=135%2C135&ssl=1\",\"contentUrl\":\"https:\\\/\\\/i0.wp.com\\\/floatplus.com\\\/wp-content\\\/uploads\\\/2021\\\/01\\\/logo-floatplus_icon.png?fit=135%2C135&ssl=1\",\"width\":135,\"height\":135,\"caption\":\"Float Plus Bellyboat & Bellyboat Motor\"},\"image\":{\"@id\":\"https:\\\/\\\/floatplus.com\\\/fr\\\/#\\\/schema\\\/logo\\\/image\\\/\"},\"sameAs\":[\"https:\\\/\\\/www.facebook.com\\\/floatpluspro\\\/\",\"https:\\\/\\\/www.instagram.com\\\/floatplus\\\/\",\"https:\\\/\\\/www.youtube.com\\\/channel\\\/UCOawieW3u0T3mWwNTVFOVMQ\"]}]}<\/script>\n<!-- \/ Yoast SEO Premium plugin. -->","yoast_head_json":{"title":"Float Plus Compact 2 - Float Plus","description":"Float Plus Compact 2 : moteur float tube compact et polyvalent. Compatible avec les batteries Float Plus et d'autres marques.","robots":{"index":"index","follow":"follow","max-snippet":"max-snippet:-1","max-image-preview":"max-image-preview:large","max-video-preview":"max-video-preview:-1"},"canonical":"https:\/\/floatplus.com\/fr\/produit-fr\/float-plus-compact-2\/","og_locale":"fr_FR","og_type":"article","og_title":"Float Plus Compact 2 - Float Plus","og_description":"Float Plus Compact 2 : moteur float tube compact et polyvalent. Compatible avec les batteries Float Plus et d'autres marques.","og_url":"https:\/\/floatplus.com\/fr\/produit-fr\/float-plus-compact-2\/","og_site_name":"Float Plus","article_publisher":"https:\/\/www.facebook.com\/floatpluspro\/","article_modified_time":"2026-01-29T16:03:58+00:00","og_image":[{"width":800,"height":533,"url":"https:\/\/floatplus.com\/wp-content\/uploads\/2021\/01\/24-Compact-2-zwarte-motor-zonder-accu.jpg","type":"image\/jpeg"}],"twitter_card":"summary_large_image","twitter_misc":{"Dur\u00e9e de lecture estim\u00e9e":"2 minutes"},"schema":{"@context":"https:\/\/schema.org","@graph":[{"@type":"WebPage","@id":"https:\/\/floatplus.com\/fr\/produit-fr\/float-plus-compact-2\/","url":"https:\/\/floatplus.com\/fr\/produit-fr\/float-plus-compact-2\/","name":"Float Plus Compact 2 - Float Plus","isPartOf":{"@id":"https:\/\/floatplus.com\/fr\/#website"},"primaryImageOfPage":{"@id":"https:\/\/floatplus.com\/fr\/produit-fr\/float-plus-compact-2\/#primaryimage"},"image":{"@id":"https:\/\/floatplus.com\/fr\/produit-fr\/float-plus-compact-2\/#primaryimage"},"thumbnailUrl":"https:\/\/i0.wp.com\/floatplus.com\/wp-content\/uploads\/2021\/01\/24-Compact-2-zwarte-motor-zonder-accu.jpg?fit=800%2C533&ssl=1","datePublished":"2023-11-28T14:45:11+00:00","dateModified":"2026-01-29T16:03:58+00:00","description":"Float Plus Compact 2 : moteur float tube compact et polyvalent. Compatible avec les batteries Float Plus et d'autres marques.","breadcrumb":{"@id":"https:\/\/floatplus.com\/fr\/produit-fr\/float-plus-compact-2\/#breadcrumb"},"inLanguage":"fr-FR","potentialAction":[{"@type":"ReadAction","target":["https:\/\/floatplus.com\/fr\/produit-fr\/float-plus-compact-2\/"]}]},{"@type":"ImageObject","inLanguage":"fr-FR","@id":"https:\/\/floatplus.com\/fr\/produit-fr\/float-plus-compact-2\/#primaryimage","url":"https:\/\/i0.wp.com\/floatplus.com\/wp-content\/uploads\/2021\/01\/24-Compact-2-zwarte-motor-zonder-accu.jpg?fit=800%2C533&ssl=1","contentUrl":"https:\/\/i0.wp.com\/floatplus.com\/wp-content\/uploads\/2021\/01\/24-Compact-2-zwarte-motor-zonder-accu.jpg?fit=800%2C533&ssl=1","width":800,"height":533,"caption":"Syst\u00e8me de moteur pour Float Tube: Float Plus Compact 2 : Compact et polyvalent. Convient pour les batteries Float Plus et d'autres marques. D\u00e9couvrez la mallette pratique maintenant !"},{"@type":"BreadcrumbList","@id":"https:\/\/floatplus.com\/fr\/produit-fr\/float-plus-compact-2\/#breadcrumb","itemListElement":[{"@type":"ListItem","position":1,"name":"Home","item":"https:\/\/floatplus.com\/fr\/"},{"@type":"ListItem","position":2,"name":"Boutique","item":"https:\/\/floatplus.com\/fr\/boutique-fr\/"},{"@type":"ListItem","position":3,"name":"Float Plus Compact 2"}]},{"@type":"WebSite","@id":"https:\/\/floatplus.com\/fr\/#website","url":"https:\/\/floatplus.com\/fr\/","name":"Float Plus","description":"Worldleader in Bellyboats and Bellyboat Motors","publisher":{"@id":"https:\/\/floatplus.com\/fr\/#organization"},"potentialAction":[{"@type":"SearchAction","target":{"@type":"EntryPoint","urlTemplate":"https:\/\/floatplus.com\/fr\/?s={search_term_string}"},"query-input":{"@type":"PropertyValueSpecification","valueRequired":true,"valueName":"search_term_string"}}],"inLanguage":"fr-FR"},{"@type":"Organization","@id":"https:\/\/floatplus.com\/fr\/#organization","name":"Float Plus Bellyboat & Bellyboat Motor","url":"https:\/\/floatplus.com\/fr\/","logo":{"@type":"ImageObject","inLanguage":"fr-FR","@id":"https:\/\/floatplus.com\/fr\/#\/schema\/logo\/image\/","url":"https:\/\/i0.wp.com\/floatplus.com\/wp-content\/uploads\/2021\/01\/logo-floatplus_icon.png?fit=135%2C135&ssl=1","contentUrl":"https:\/\/i0.wp.com\/floatplus.com\/wp-content\/uploads\/2021\/01\/logo-floatplus_icon.png?fit=135%2C135&ssl=1","width":135,"height":135,"caption":"Float Plus Bellyboat & Bellyboat Motor"},"image":{"@id":"https:\/\/floatplus.com\/fr\/#\/schema\/logo\/image\/"},"sameAs":["https:\/\/www.facebook.com\/floatpluspro\/","https:\/\/www.instagram.com\/floatplus\/","https:\/\/www.youtube.com\/channel\/UCOawieW3u0T3mWwNTVFOVMQ"]}]}},"_links":{"self":[{"href":"https:\/\/floatplus.com\/fr\/wp-json\/wp\/v2\/product\/29165","targetHints":{"allow":["GET"]}}],"collection":[{"href":"https:\/\/floatplus.com\/fr\/wp-json\/wp\/v2\/product"}],"about":[{"href":"https:\/\/floatplus.com\/fr\/wp-json\/wp\/v2\/types\/product"}],"replies":[{"embeddable":true,"href":"https:\/\/floatplus.com\/fr\/wp-json\/wp\/v2\/comments?post=29165"}],"wp:featuredmedia":[{"embeddable":true,"href":"https:\/\/floatplus.com\/fr\/wp-json\/wp\/v2\/media\/22310"}],"wp:attachment":[{"href":"https:\/\/floatplus.com\/fr\/wp-json\/wp\/v2\/media?parent=29165"}],"wp:term":[{"taxonomy":"product_brand","embeddable":true,"href":"https:\/\/floatplus.com\/fr\/wp-json\/wp\/v2\/product_brand?post=29165"},{"taxonomy":"product_cat","embeddable":true,"href":"https:\/\/floatplus.com\/fr\/wp-json\/wp\/v2\/product_cat?post=29165"},{"taxonomy":"product_tag","embeddable":true,"href":"https:\/\/floatplus.com\/fr\/wp-json\/wp\/v2\/product_tag?post=29165"},{"taxonomy":"giftcard-category","embeddable":true,"href":"https:\/\/floatplus.com\/fr\/wp-json\/wp\/v2\/giftcard-category?post=29165"}],"curies":[{"name":"wp","href":"https:\/\/api.w.org\/{rel}","templated":true}]}}