{"id":29800,"date":"2023-12-27T15:40:11","date_gmt":"2023-12-27T15:40:11","guid":{"rendered":"https:\/\/floatplus.com\/product\/pack-polelight-navisafe\/"},"modified":"2023-12-27T15:40:11","modified_gmt":"2023-12-27T15:40:11","slug":"pack-polelight-navisafe","status":"publish","type":"product","link":"https:\/\/floatplus.com\/fr\/produit-fr\/pack-polelight-navisafe\/","title":{"rendered":"Pack Polelight Navisafe"},"content":{"rendered":"<h2><span style=\"font-size: 18px;\">Float Plus Float Tube<\/span><\/h2>\n<p>Avec le Float Plus float tube, vous ramenez chez vous le float tube le plus innovant du moment. D\u00e9couvrez les <a href=\"https:\/\/floatplus.com\/nl\/product\/float-plus-bellyboat-belly-boat-1\/\">Float Plus 1<\/a> et <a href=\"https:\/\/floatplus.com\/product-en\/float-plus-2-bellyboat\/\">Float Plus 2<\/a> float tubes ici. Ces mod\u00e8les sont m\u00e9ticuleusement con\u00e7us pour \u00eatre en harmonie avec les syst\u00e8mes moteurs Float Plus, offrant une vitesse et une efficacit\u00e9 am\u00e9lior\u00e9es sur l&rsquo;eau ! Comparez les diff\u00e9rences entre les float tubes <a href=\"https:\/\/floatplus.com\/nl\/verschillen-bellyboat-kopen\/\">ici<\/a>.<\/p>\n<h1><span style=\"font-size: 18px;\">Syst\u00e8mes Moteurs Float Plus<\/span><\/h1>\n<p>Float Plus propose trois syst\u00e8mes diff\u00e9rents : le <a href=\"https:\/\/floatplus.com\/nl\/product\/compact-2-bellyboat-motor-2\/\">Pro 2<\/a>, le <a href=\"https:\/\/floatplus.com\/nl\/product\/compact-2-bellyboat-motor-2\/\">Compact 2<\/a>, et le <a href=\"https:\/\/floatplus.com\/product-en\/float-plus-twin-force-electric-bellyboat-motor-system-en\/\">Twin Force<\/a>. Chaque syst\u00e8me comprend une unit\u00e9 de contr\u00f4le, une t\u00e9l\u00e9commande et un ou deux moteurs, mais ils diff\u00e8rent par les options de batterie. Cliquez <a href=\"https:\/\/floatplus.com\/nl\/bellyboat-motor-verschillen-systemen\/\">ici<\/a> pour obtenir une vue d&rsquo;ensemble des syst\u00e8mes moteurs pour float tube et leurs caract\u00e9ristiques, vous permettant de choisir le syst\u00e8me qui convient le mieux \u00e0 votre Float Plus float tube.<\/p>\n<h2><span style=\"font-size: 18px;\">Garantie Float Plus Float Tube<\/span><\/h2>\n<p>Chez Float Plus, nous comprenons l&rsquo;importance d&rsquo;un float tube fiable pour nos clients. C&rsquo;est pourquoi nous offrons avec fiert\u00e9 une garantie compl\u00e8te de 2 ans pour le float tube Float Plus. La satisfaction du client est notre priorit\u00e9, et votre confiance en notre marque et nos produits est ce qui nous anime. Avec cette garantie solide, nous visons \u00e0 vous offrir une tranquillit\u00e9 d&rsquo;esprit absolue et une assurance dans votre achat d&rsquo;un float tube Float Plus.<\/p>\n<h2><span style=\"font-size: 18px;\">Ce Que Disent Nos Clients<\/span><\/h2>\n<p>Chez Float Plus, nous accordons une grande valeur aux retours de nos clients. Ce n&rsquo;est pas seulement ce que nous pr\u00e9tendons \u00e0 propos de nos produits float tube, mais ce que nos clients partagent sur leurs exp\u00e9riences r\u00e9elles qui fait la diff\u00e9rence. Ne vous contentez pas de prendre notre parole pour argent comptant ; \u00e9coutez les avis enthousiastes de nos clients satisfaits sur leurs exp\u00e9riences avec les float tubes et autres produits Float Plus. Lisez les avis sur la mani\u00e8re dont nos float tubes et syst\u00e8mes moteurs ont transform\u00e9 leurs aventures de p\u00eache sur <a href=\"https:\/\/www.google.com\/maps\/place\/Float+Plus+B.V.+Bellyboat+elektro+motor\/@51.7093446,5.6715718,17z\/data=!4m8!3m7!1s0x47c6e53fbbc401a9:0xa16461cfb91c1240!8m2!3d51.7093446!4d5.6741467!9m1!1b1!16s%2Fg%2F11ffl_0wxr?entry=ttu\">Google<\/a>, <a href=\"https:\/\/www.trustpilot.com\/review\/floatplus.com\">Trustpilot<\/a>, ou ci-dessous.<br \/>\n<img data-recalc-dims=\"1\" decoding=\"async\" class=\"wp-image-28146 aligncenter\" src=\"https:\/\/i0.wp.com\/floatplus.com\/wp-content\/uploads\/2023\/06\/rating-white.png?resize=288%2C46&#038;ssl=1\" alt=\"\" width=\"288\" height=\"46\"\/><\/p>\n","protected":false},"excerpt":{"rendered":"<p><span style=\"color: #ffffff;\">Cet ensemble d&rsquo;\u00e9clairage sup\u00e9rieur portable de Navisafe est id\u00e9al pour une utilisation depuis le ventre et pour tous ceux qui souhaitent \u00eatre clairement vus lorsqu&rsquo;ils sont sur l&rsquo;eau. L&rsquo;ensemble d&rsquo;\u00e9clairage sup\u00e9rieur Navisafe se compose d&rsquo;un \u00e9clairage sup\u00e9rieur polyvalent, d&rsquo;une rallonge en 3 parties, d&rsquo;un adaptateur Navimount et d&rsquo;un support vertical Navimount. Le Top Light mesure, tout comme les rallonges, 250 mm de long. Vous pouvez donc \u00e9tendre la longueur de la lampe sup\u00e9rieure jusqu&rsquo;\u00e0 une longueur maximale de 1 m\u00e8tre. Il fournit une lumi\u00e8re blanche \u00e0 360\u00ba jusqu&rsquo;\u00e0 2Nm.<\/span><\/p>\n<p><span style=\"color: #ffffff;\">La lampe sup\u00e9rieure est portable et fonctionne avec 4 piles AA. Id\u00e9al lorsque vous n&rsquo;avez pas de courant sur le bateau. Sa dur\u00e9e de combustion est d&rsquo;environ 48 \u00e0 56 heures. Les piles ne sont pas incluses.<\/span><\/p>\n<p><span style=\"color: #ffffff;\">Cet ensemble d&rsquo;\u00e9clairage sup\u00e9rieur portable Navisafe est livr\u00e9 avec un sac de rangement pratique en n\u00e9opr\u00e8ne.<\/span><\/p>\n","protected":false},"featured_media":29473,"comment_status":"open","ping_status":"closed","template":"","meta":[],"product_brand":[],"product_cat":[279],"product_tag":[],"giftcard-category":[],"class_list":{"0":"post-29800","1":"product","2":"type-product","3":"status-publish","4":"has-post-thumbnail","6":"product_cat-railblaza-fr","8":"first","9":"instock","10":"taxable","11":"shipping-taxable","12":"purchasable","13":"product-type-simple"},"yoast_head":"<!-- This site is optimized with the Yoast SEO Premium plugin v23.1 (Yoast SEO v27.4) - https:\/\/yoast.com\/product\/yoast-seo-premium-wordpress\/ -->\n<title>Pack Polelight Navisafe - Float Plus<\/title>\n<meta name=\"description\" content=\"Cet ensemble d&#039;\u00e9clairage sup\u00e9rieur portable de Navisafe est id\u00e9al pour une utilisation depuis le ventre et pour tous ceux qui souhaitent \u00eatre clairement vus lorsqu&#039;ils sont sur l&#039;eau. L&#039;ensemble d&#039;\u00e9clairage sup\u00e9rieur Navisafe se compose d&#039;un \u00e9clairage sup\u00e9rieur polyvalent, d&#039;une rallonge en 3 parties, d&#039;un adaptateur Navimount et d&#039;un support vertical Navimount. Le Top Light mesure, tout comme les rallonges, 250 mm de long. Vous pouvez donc \u00e9tendre la longueur de la lampe sup\u00e9rieure jusqu&#039;\u00e0 une longueur maximale de 1 m\u00e8tre. Il fournit une lumi\u00e8re blanche \u00e0 360\u00ba jusqu&#039;\u00e0 2Nm.  La lampe sup\u00e9rieure est portable et fonctionne avec 4 piles AA. Id\u00e9al lorsque vous n&#039;avez pas de courant sur le bateau. Sa dur\u00e9e de combustion est d&#039;environ 48 \u00e0 56 heures. Les piles ne sont pas incluses.  Cet ensemble d&#039;\u00e9clairage sup\u00e9rieur portable Navisafe est livr\u00e9 avec un sac de rangement pratique en n\u00e9opr\u00e8ne.\" \/>\n<meta name=\"robots\" content=\"index, follow, max-snippet:-1, max-image-preview:large, max-video-preview:-1\" \/>\n<link rel=\"canonical\" href=\"https:\/\/floatplus.com\/fr\/produit-fr\/pack-polelight-navisafe\/\" \/>\n<meta property=\"og:locale\" content=\"fr_FR\" \/>\n<meta property=\"og:type\" content=\"article\" \/>\n<meta property=\"og:title\" content=\"Pack Polelight Navisafe - Float Plus\" \/>\n<meta property=\"og:description\" content=\"Cet ensemble d&#039;\u00e9clairage sup\u00e9rieur portable de Navisafe est id\u00e9al pour une utilisation depuis le ventre et pour tous ceux qui souhaitent \u00eatre clairement vus lorsqu&#039;ils sont sur l&#039;eau. L&#039;ensemble d&#039;\u00e9clairage sup\u00e9rieur Navisafe se compose d&#039;un \u00e9clairage sup\u00e9rieur polyvalent, d&#039;une rallonge en 3 parties, d&#039;un adaptateur Navimount et d&#039;un support vertical Navimount. Le Top Light mesure, tout comme les rallonges, 250 mm de long. Vous pouvez donc \u00e9tendre la longueur de la lampe sup\u00e9rieure jusqu&#039;\u00e0 une longueur maximale de 1 m\u00e8tre. Il fournit une lumi\u00e8re blanche \u00e0 360\u00ba jusqu&#039;\u00e0 2Nm.  La lampe sup\u00e9rieure est portable et fonctionne avec 4 piles AA. Id\u00e9al lorsque vous n&#039;avez pas de courant sur le bateau. Sa dur\u00e9e de combustion est d&#039;environ 48 \u00e0 56 heures. Les piles ne sont pas incluses.  Cet ensemble d&#039;\u00e9clairage sup\u00e9rieur portable Navisafe est livr\u00e9 avec un sac de rangement pratique en n\u00e9opr\u00e8ne.\" \/>\n<meta property=\"og:url\" content=\"https:\/\/floatplus.com\/fr\/produit-fr\/pack-polelight-navisafe\/\" \/>\n<meta property=\"og:site_name\" content=\"Float Plus\" \/>\n<meta property=\"article:publisher\" content=\"https:\/\/www.facebook.com\/floatpluspro\/\" \/>\n<meta property=\"og:image\" content=\"https:\/\/floatplus.com\/wp-content\/uploads\/2023\/12\/63.png\" \/>\n\t<meta property=\"og:image:width\" content=\"900\" \/>\n\t<meta property=\"og:image:height\" content=\"600\" \/>\n\t<meta property=\"og:image:type\" content=\"image\/png\" \/>\n<meta name=\"twitter:card\" content=\"summary_large_image\" \/>\n<meta name=\"twitter:label1\" content=\"Dur\u00e9e de lecture estim\u00e9e\" \/>\n\t<meta name=\"twitter:data1\" content=\"2 minutes\" \/>\n<script type=\"application\/ld+json\" class=\"yoast-schema-graph\">{\"@context\":\"https:\\\/\\\/schema.org\",\"@graph\":[{\"@type\":\"WebPage\",\"@id\":\"https:\\\/\\\/floatplus.com\\\/fr\\\/produit-fr\\\/pack-polelight-navisafe\\\/\",\"url\":\"https:\\\/\\\/floatplus.com\\\/fr\\\/produit-fr\\\/pack-polelight-navisafe\\\/\",\"name\":\"Pack Polelight Navisafe - Float Plus\",\"isPartOf\":{\"@id\":\"https:\\\/\\\/floatplus.com\\\/fr\\\/#website\"},\"primaryImageOfPage\":{\"@id\":\"https:\\\/\\\/floatplus.com\\\/fr\\\/produit-fr\\\/pack-polelight-navisafe\\\/#primaryimage\"},\"image\":{\"@id\":\"https:\\\/\\\/floatplus.com\\\/fr\\\/produit-fr\\\/pack-polelight-navisafe\\\/#primaryimage\"},\"thumbnailUrl\":\"https:\\\/\\\/i0.wp.com\\\/floatplus.com\\\/wp-content\\\/uploads\\\/2023\\\/12\\\/63.png?fit=900%2C600&ssl=1\",\"datePublished\":\"2023-12-27T15:40:11+00:00\",\"description\":\"Cet ensemble d'\u00e9clairage sup\u00e9rieur portable de Navisafe est id\u00e9al pour une utilisation depuis le ventre et pour tous ceux qui souhaitent \u00eatre clairement vus lorsqu'ils sont sur l'eau. L'ensemble d'\u00e9clairage sup\u00e9rieur Navisafe se compose d'un \u00e9clairage sup\u00e9rieur polyvalent, d'une rallonge en 3 parties, d'un adaptateur Navimount et d'un support vertical Navimount. Le Top Light mesure, tout comme les rallonges, 250 mm de long. Vous pouvez donc \u00e9tendre la longueur de la lampe sup\u00e9rieure jusqu'\u00e0 une longueur maximale de 1 m\u00e8tre. Il fournit une lumi\u00e8re blanche \u00e0 360\u00ba jusqu'\u00e0 2Nm. La lampe sup\u00e9rieure est portable et fonctionne avec 4 piles AA. Id\u00e9al lorsque vous n'avez pas de courant sur le bateau. Sa dur\u00e9e de combustion est d'environ 48 \u00e0 56 heures. Les piles ne sont pas incluses. Cet ensemble d'\u00e9clairage sup\u00e9rieur portable Navisafe est livr\u00e9 avec un sac de rangement pratique en n\u00e9opr\u00e8ne.\",\"breadcrumb\":{\"@id\":\"https:\\\/\\\/floatplus.com\\\/fr\\\/produit-fr\\\/pack-polelight-navisafe\\\/#breadcrumb\"},\"inLanguage\":\"fr-FR\",\"potentialAction\":[{\"@type\":\"ReadAction\",\"target\":[\"https:\\\/\\\/floatplus.com\\\/fr\\\/produit-fr\\\/pack-polelight-navisafe\\\/\"]}]},{\"@type\":\"ImageObject\",\"inLanguage\":\"fr-FR\",\"@id\":\"https:\\\/\\\/floatplus.com\\\/fr\\\/produit-fr\\\/pack-polelight-navisafe\\\/#primaryimage\",\"url\":\"https:\\\/\\\/i0.wp.com\\\/floatplus.com\\\/wp-content\\\/uploads\\\/2023\\\/12\\\/63.png?fit=900%2C600&ssl=1\",\"contentUrl\":\"https:\\\/\\\/i0.wp.com\\\/floatplus.com\\\/wp-content\\\/uploads\\\/2023\\\/12\\\/63.png?fit=900%2C600&ssl=1\",\"width\":900,\"height\":600},{\"@type\":\"BreadcrumbList\",\"@id\":\"https:\\\/\\\/floatplus.com\\\/fr\\\/produit-fr\\\/pack-polelight-navisafe\\\/#breadcrumb\",\"itemListElement\":[{\"@type\":\"ListItem\",\"position\":1,\"name\":\"Home\",\"item\":\"https:\\\/\\\/floatplus.com\\\/fr\\\/\"},{\"@type\":\"ListItem\",\"position\":2,\"name\":\"Boutique\",\"item\":\"https:\\\/\\\/floatplus.com\\\/fr\\\/boutique-fr\\\/\"},{\"@type\":\"ListItem\",\"position\":3,\"name\":\"Pack Polelight Navisafe\"}]},{\"@type\":\"WebSite\",\"@id\":\"https:\\\/\\\/floatplus.com\\\/fr\\\/#website\",\"url\":\"https:\\\/\\\/floatplus.com\\\/fr\\\/\",\"name\":\"Float Plus\",\"description\":\"Worldleader in Bellyboats and Bellyboat Motors\",\"publisher\":{\"@id\":\"https:\\\/\\\/floatplus.com\\\/fr\\\/#organization\"},\"potentialAction\":[{\"@type\":\"SearchAction\",\"target\":{\"@type\":\"EntryPoint\",\"urlTemplate\":\"https:\\\/\\\/floatplus.com\\\/fr\\\/?s={search_term_string}\"},\"query-input\":{\"@type\":\"PropertyValueSpecification\",\"valueRequired\":true,\"valueName\":\"search_term_string\"}}],\"inLanguage\":\"fr-FR\"},{\"@type\":\"Organization\",\"@id\":\"https:\\\/\\\/floatplus.com\\\/fr\\\/#organization\",\"name\":\"Float Plus Bellyboat & Bellyboat Motor\",\"url\":\"https:\\\/\\\/floatplus.com\\\/fr\\\/\",\"logo\":{\"@type\":\"ImageObject\",\"inLanguage\":\"fr-FR\",\"@id\":\"https:\\\/\\\/floatplus.com\\\/fr\\\/#\\\/schema\\\/logo\\\/image\\\/\",\"url\":\"https:\\\/\\\/i0.wp.com\\\/floatplus.com\\\/wp-content\\\/uploads\\\/2021\\\/01\\\/logo-floatplus_icon.png?fit=135%2C135&ssl=1\",\"contentUrl\":\"https:\\\/\\\/i0.wp.com\\\/floatplus.com\\\/wp-content\\\/uploads\\\/2021\\\/01\\\/logo-floatplus_icon.png?fit=135%2C135&ssl=1\",\"width\":135,\"height\":135,\"caption\":\"Float Plus Bellyboat & Bellyboat Motor\"},\"image\":{\"@id\":\"https:\\\/\\\/floatplus.com\\\/fr\\\/#\\\/schema\\\/logo\\\/image\\\/\"},\"sameAs\":[\"https:\\\/\\\/www.facebook.com\\\/floatpluspro\\\/\",\"https:\\\/\\\/www.instagram.com\\\/floatplus\\\/\",\"https:\\\/\\\/www.youtube.com\\\/channel\\\/UCOawieW3u0T3mWwNTVFOVMQ\"]}]}<\/script>\n<!-- \/ Yoast SEO Premium plugin. -->","yoast_head_json":{"title":"Pack Polelight Navisafe - Float Plus","description":"Cet ensemble d'\u00e9clairage sup\u00e9rieur portable de Navisafe est id\u00e9al pour une utilisation depuis le ventre et pour tous ceux qui souhaitent \u00eatre clairement vus lorsqu'ils sont sur l'eau. L'ensemble d'\u00e9clairage sup\u00e9rieur Navisafe se compose d'un \u00e9clairage sup\u00e9rieur polyvalent, d'une rallonge en 3 parties, d'un adaptateur Navimount et d'un support vertical Navimount. Le Top Light mesure, tout comme les rallonges, 250 mm de long. Vous pouvez donc \u00e9tendre la longueur de la lampe sup\u00e9rieure jusqu'\u00e0 une longueur maximale de 1 m\u00e8tre. Il fournit une lumi\u00e8re blanche \u00e0 360\u00ba jusqu'\u00e0 2Nm.  La lampe sup\u00e9rieure est portable et fonctionne avec 4 piles AA. Id\u00e9al lorsque vous n'avez pas de courant sur le bateau. Sa dur\u00e9e de combustion est d'environ 48 \u00e0 56 heures. Les piles ne sont pas incluses.  Cet ensemble d'\u00e9clairage sup\u00e9rieur portable Navisafe est livr\u00e9 avec un sac de rangement pratique en n\u00e9opr\u00e8ne.","robots":{"index":"index","follow":"follow","max-snippet":"max-snippet:-1","max-image-preview":"max-image-preview:large","max-video-preview":"max-video-preview:-1"},"canonical":"https:\/\/floatplus.com\/fr\/produit-fr\/pack-polelight-navisafe\/","og_locale":"fr_FR","og_type":"article","og_title":"Pack Polelight Navisafe - Float Plus","og_description":"Cet ensemble d'\u00e9clairage sup\u00e9rieur portable de Navisafe est id\u00e9al pour une utilisation depuis le ventre et pour tous ceux qui souhaitent \u00eatre clairement vus lorsqu'ils sont sur l'eau. L'ensemble d'\u00e9clairage sup\u00e9rieur Navisafe se compose d'un \u00e9clairage sup\u00e9rieur polyvalent, d'une rallonge en 3 parties, d'un adaptateur Navimount et d'un support vertical Navimount. Le Top Light mesure, tout comme les rallonges, 250 mm de long. Vous pouvez donc \u00e9tendre la longueur de la lampe sup\u00e9rieure jusqu'\u00e0 une longueur maximale de 1 m\u00e8tre. Il fournit une lumi\u00e8re blanche \u00e0 360\u00ba jusqu'\u00e0 2Nm.  La lampe sup\u00e9rieure est portable et fonctionne avec 4 piles AA. Id\u00e9al lorsque vous n'avez pas de courant sur le bateau. Sa dur\u00e9e de combustion est d'environ 48 \u00e0 56 heures. Les piles ne sont pas incluses.  Cet ensemble d'\u00e9clairage sup\u00e9rieur portable Navisafe est livr\u00e9 avec un sac de rangement pratique en n\u00e9opr\u00e8ne.","og_url":"https:\/\/floatplus.com\/fr\/produit-fr\/pack-polelight-navisafe\/","og_site_name":"Float Plus","article_publisher":"https:\/\/www.facebook.com\/floatpluspro\/","og_image":[{"width":900,"height":600,"url":"https:\/\/floatplus.com\/wp-content\/uploads\/2023\/12\/63.png","type":"image\/png"}],"twitter_card":"summary_large_image","twitter_misc":{"Dur\u00e9e de lecture estim\u00e9e":"2 minutes"},"schema":{"@context":"https:\/\/schema.org","@graph":[{"@type":"WebPage","@id":"https:\/\/floatplus.com\/fr\/produit-fr\/pack-polelight-navisafe\/","url":"https:\/\/floatplus.com\/fr\/produit-fr\/pack-polelight-navisafe\/","name":"Pack Polelight Navisafe - Float Plus","isPartOf":{"@id":"https:\/\/floatplus.com\/fr\/#website"},"primaryImageOfPage":{"@id":"https:\/\/floatplus.com\/fr\/produit-fr\/pack-polelight-navisafe\/#primaryimage"},"image":{"@id":"https:\/\/floatplus.com\/fr\/produit-fr\/pack-polelight-navisafe\/#primaryimage"},"thumbnailUrl":"https:\/\/i0.wp.com\/floatplus.com\/wp-content\/uploads\/2023\/12\/63.png?fit=900%2C600&ssl=1","datePublished":"2023-12-27T15:40:11+00:00","description":"Cet ensemble d'\u00e9clairage sup\u00e9rieur portable de Navisafe est id\u00e9al pour une utilisation depuis le ventre et pour tous ceux qui souhaitent \u00eatre clairement vus lorsqu'ils sont sur l'eau. L'ensemble d'\u00e9clairage sup\u00e9rieur Navisafe se compose d'un \u00e9clairage sup\u00e9rieur polyvalent, d'une rallonge en 3 parties, d'un adaptateur Navimount et d'un support vertical Navimount. Le Top Light mesure, tout comme les rallonges, 250 mm de long. Vous pouvez donc \u00e9tendre la longueur de la lampe sup\u00e9rieure jusqu'\u00e0 une longueur maximale de 1 m\u00e8tre. Il fournit une lumi\u00e8re blanche \u00e0 360\u00ba jusqu'\u00e0 2Nm. La lampe sup\u00e9rieure est portable et fonctionne avec 4 piles AA. Id\u00e9al lorsque vous n'avez pas de courant sur le bateau. Sa dur\u00e9e de combustion est d'environ 48 \u00e0 56 heures. Les piles ne sont pas incluses. Cet ensemble d'\u00e9clairage sup\u00e9rieur portable Navisafe est livr\u00e9 avec un sac de rangement pratique en n\u00e9opr\u00e8ne.","breadcrumb":{"@id":"https:\/\/floatplus.com\/fr\/produit-fr\/pack-polelight-navisafe\/#breadcrumb"},"inLanguage":"fr-FR","potentialAction":[{"@type":"ReadAction","target":["https:\/\/floatplus.com\/fr\/produit-fr\/pack-polelight-navisafe\/"]}]},{"@type":"ImageObject","inLanguage":"fr-FR","@id":"https:\/\/floatplus.com\/fr\/produit-fr\/pack-polelight-navisafe\/#primaryimage","url":"https:\/\/i0.wp.com\/floatplus.com\/wp-content\/uploads\/2023\/12\/63.png?fit=900%2C600&ssl=1","contentUrl":"https:\/\/i0.wp.com\/floatplus.com\/wp-content\/uploads\/2023\/12\/63.png?fit=900%2C600&ssl=1","width":900,"height":600},{"@type":"BreadcrumbList","@id":"https:\/\/floatplus.com\/fr\/produit-fr\/pack-polelight-navisafe\/#breadcrumb","itemListElement":[{"@type":"ListItem","position":1,"name":"Home","item":"https:\/\/floatplus.com\/fr\/"},{"@type":"ListItem","position":2,"name":"Boutique","item":"https:\/\/floatplus.com\/fr\/boutique-fr\/"},{"@type":"ListItem","position":3,"name":"Pack Polelight Navisafe"}]},{"@type":"WebSite","@id":"https:\/\/floatplus.com\/fr\/#website","url":"https:\/\/floatplus.com\/fr\/","name":"Float Plus","description":"Worldleader in Bellyboats and Bellyboat Motors","publisher":{"@id":"https:\/\/floatplus.com\/fr\/#organization"},"potentialAction":[{"@type":"SearchAction","target":{"@type":"EntryPoint","urlTemplate":"https:\/\/floatplus.com\/fr\/?s={search_term_string}"},"query-input":{"@type":"PropertyValueSpecification","valueRequired":true,"valueName":"search_term_string"}}],"inLanguage":"fr-FR"},{"@type":"Organization","@id":"https:\/\/floatplus.com\/fr\/#organization","name":"Float Plus Bellyboat & Bellyboat Motor","url":"https:\/\/floatplus.com\/fr\/","logo":{"@type":"ImageObject","inLanguage":"fr-FR","@id":"https:\/\/floatplus.com\/fr\/#\/schema\/logo\/image\/","url":"https:\/\/i0.wp.com\/floatplus.com\/wp-content\/uploads\/2021\/01\/logo-floatplus_icon.png?fit=135%2C135&ssl=1","contentUrl":"https:\/\/i0.wp.com\/floatplus.com\/wp-content\/uploads\/2021\/01\/logo-floatplus_icon.png?fit=135%2C135&ssl=1","width":135,"height":135,"caption":"Float Plus Bellyboat & Bellyboat Motor"},"image":{"@id":"https:\/\/floatplus.com\/fr\/#\/schema\/logo\/image\/"},"sameAs":["https:\/\/www.facebook.com\/floatpluspro\/","https:\/\/www.instagram.com\/floatplus\/","https:\/\/www.youtube.com\/channel\/UCOawieW3u0T3mWwNTVFOVMQ"]}]}},"_links":{"self":[{"href":"https:\/\/floatplus.com\/fr\/wp-json\/wp\/v2\/product\/29800","targetHints":{"allow":["GET"]}}],"collection":[{"href":"https:\/\/floatplus.com\/fr\/wp-json\/wp\/v2\/product"}],"about":[{"href":"https:\/\/floatplus.com\/fr\/wp-json\/wp\/v2\/types\/product"}],"replies":[{"embeddable":true,"href":"https:\/\/floatplus.com\/fr\/wp-json\/wp\/v2\/comments?post=29800"}],"wp:featuredmedia":[{"embeddable":true,"href":"https:\/\/floatplus.com\/fr\/wp-json\/wp\/v2\/media\/29473"}],"wp:attachment":[{"href":"https:\/\/floatplus.com\/fr\/wp-json\/wp\/v2\/media?parent=29800"}],"wp:term":[{"taxonomy":"product_brand","embeddable":true,"href":"https:\/\/floatplus.com\/fr\/wp-json\/wp\/v2\/product_brand?post=29800"},{"taxonomy":"product_cat","embeddable":true,"href":"https:\/\/floatplus.com\/fr\/wp-json\/wp\/v2\/product_cat?post=29800"},{"taxonomy":"product_tag","embeddable":true,"href":"https:\/\/floatplus.com\/fr\/wp-json\/wp\/v2\/product_tag?post=29800"},{"taxonomy":"giftcard-category","embeddable":true,"href":"https:\/\/floatplus.com\/fr\/wp-json\/wp\/v2\/giftcard-category?post=29800"}],"curies":[{"name":"wp","href":"https:\/\/api.w.org\/{rel}","templated":true}]}}