{"id":31015,"date":"2024-05-17T11:41:08","date_gmt":"2024-05-17T11:41:08","guid":{"rendered":"https:\/\/floatplus.com\/product\/select-extreme-summer-wader\/"},"modified":"2025-05-13T08:31:39","modified_gmt":"2025-05-13T08:31:39","slug":"select-extreme-summer-wader","status":"publish","type":"product","link":"https:\/\/floatplus.com\/fr\/produit-fr\/select-extreme-summer-wader\/","title":{"rendered":"Select Extreme Waders d&rsquo;\u00e9t\u00e9 Float Tube"},"content":{"rendered":"<h2>Float Plus Float Tubes<\/h2>\n<p>Le Float Plus float tube est \u00e9quip\u00e9 de tubes coniques qui minimisent la r\u00e9sistance \u00e0 l&rsquo;eau. Cela a non seulement un impact positif sur la dur\u00e9e de vie de la batterie, mais aussi sur l&rsquo;acc\u00e9l\u00e9ration et la vitesse maximale ! Les tubes sont totalement exempts de renflements, vous permettant de fixer les accessoires souhait\u00e9s n&rsquo;importe o\u00f9.<br \/>\nAvec une flottabilit\u00e9 de plus de 220 kg et six chambres \u00e0 air avec des valves centr\u00e9es, o\u00f9 la pression correcte pour le gonflage est indiqu\u00e9e, ce bateau offre un niveau de s\u00e9curit\u00e9 exceptionnellement \u00e9lev\u00e9. Le si\u00e8ge et le dossier de la chaise ont chacun des chambres \u00e0 air s\u00e9par\u00e9es, vous permettant d&rsquo;ajuster votre position assise \u00e0 votre guise.<\/p>\n<p>De plus, le fond inclin\u00e9 contribue \u00e0 une stabilit\u00e9 et une posture assise optimales. Gr\u00e2ce \u00e0 ces caract\u00e9ristiques, votre dos est minimis\u00e9 m\u00eame apr\u00e8s une longue journ\u00e9e de p\u00eache. Outre son excellent design et ses caract\u00e9ristiques de s\u00e9curit\u00e9 de pointe, ce Float Plus float tube est \u00e9galement un r\u00e9gal pour les yeux !<\/p>\n<p>Explorez les float tubes innovants <a href=\"https:\/\/floatplus.com\/nl\/product\/float-plus-bellyboat-belly-boat-1\/\">Float Plus 1<\/a> et <a href=\"https:\/\/floatplus.com\/product-en\/float-plus-2-bellyboat\/\">Float Plus 2<\/a>. Ces mod\u00e8les sont m\u00e9ticuleusement con\u00e7us pour \u00eatre en harmonie avec les syst\u00e8mes de moteurs Float Plus, offrant plus de vitesse et d&rsquo;efficacit\u00e9 sur l&rsquo;eau ! Vous pouvez comparer les diff\u00e9rences entre les float tubes <a href=\"https:\/\/floatplus.com\/nl\/verschillen-bellyboat-kopen\/\">ici<\/a>.<\/p>\n<h2>Syst\u00e8mes de Moteur pour le Float Tube<\/h2>\n<p>Float Plus propose trois syst\u00e8mes diff\u00e9rents : le <a href=\"https:\/\/floatplus.com\/nl\/product\/pro-2-bellyboat-motor\/\">Pro 2<\/a>, le <a href=\"https:\/\/floatplus.com\/nl\/product\/compact-2-bellyboat-motor-2\/\">Compact 2<\/a> et le <a href=\"https:\/\/floatplus.com\/nl\/product\/float-plus-twin-force-elektromotor\/\">Twin Force<\/a>. Chaque syst\u00e8me se compose d&rsquo;un contr\u00f4leur, d&rsquo;une t\u00e9l\u00e9commande et d&rsquo;un ou deux moteurs, mais ils diff\u00e8rent dans les options de batterie. Cliquez <a href=\"https:\/\/floatplus.com\/nl\/bellyboat-motor-verschillen-systemen\/\">ici<\/a> pour un aper\u00e7u des syst\u00e8mes de moteur pour float tube et de leurs caract\u00e9ristiques, ce qui vous aidera \u00e0 choisir le syst\u00e8me qui convient le mieux \u00e0 votre float tube.<\/p>\n<h2>Ce que nos clients disent<\/h2>\n<p>Chez Float Plus, nous valorisons hautement les retours de nos clients. Ce ne sont pas seulement nos affirmations sur nos produits float tube, mais ce que nos clients partagent sur leurs v\u00e9ritables exp\u00e9riences pendant la p\u00eache en float tube qui fait la diff\u00e9rence. Ne prenez pas seulement notre parole, mais \u00e9coutez les avis enthousiastes de nos p\u00eacheurs satisfaits sur leurs exp\u00e9riences avec les float tubes Float Plus et autres produits. Lisez les avis sur la fa\u00e7on dont nos syst\u00e8mes de float tube et de moteurs ont transform\u00e9 leurs aventures de p\u00eache sur <a href=\"https:\/\/www.google.com\/maps\/place\/Float+Plus+B.V.+Bellyboat+elektro+motor\/@51.7093446,5.6715718,17z\/data=!4m8!3m7!1s0x47c6e53fbbc401a9:0xa16461cfb91c1240!8m2!3d51.7093446!4d5.6741467!9m1!1b1!16s%2Fg%2F11ffl_0wxr?entry=ttu\">Google<\/a>, <a href=\"https:\/\/www.trustpilot.com\/review\/floatplus.com\">Trustpilot<\/a> ou ci-dessous.<\/p>\n","protected":false},"excerpt":{"rendered":"<p class=\"p1\">Le wader d&rsquo;\u00e9t\u00e9 Select Extreme est un wader innovant con\u00e7u pour une utilisation optimale en float tube. Ces waders sont fabriqu\u00e9s \u00e0 partir d&rsquo;un mat\u00e9riau respirant \u00e0 quatre couches et sont \u00e9quip\u00e9s de bottes en polyur\u00e9thane r\u00e9sistantes et souples.<br \/>\nLes bottes sont dot\u00e9es d&rsquo;un embout de s\u00e9curit\u00e9 qui emp\u00eache les orteils d&rsquo;\u00eatre comprim\u00e9s par la forme conique de la plupart des palmes de float tube. De plus, les waders sont con\u00e7us de mani\u00e8re extra longue et confortable afin de minimiser la tension sur les genoux et les coutures.<br \/>\nUne fermeture \u00e9clair robuste et \u00e9tanche facilite l&rsquo;enfilage du wader et est \u00e9galement pratique pour les visites rapides aux toilettes. La ceinture \u00e9lastique et r\u00e9glable se tend automatiquement d\u00e8s que la fermeture \u00e9clair du wader est ferm\u00e9e. Ce wader efficace, durable, confortable et facile \u00e0 utiliser garantit des ann\u00e9es joyeuses de p\u00eache!<\/p>\n<p>Pour plus d&rsquo;informations, regardez cette vid\u00e9o :<\/p>\n<p><iframe src=\"https:\/\/www.youtube.com\/embed\/4sdnjr0SIc8\" width=\"560\" height=\"315\" frameborder=\"0\" allowfullscreen=\"allowfullscreen\"><\/iframe><\/p>\n","protected":false},"featured_media":31010,"comment_status":"open","ping_status":"closed","template":"","meta":[],"product_brand":[],"product_cat":[304],"product_tag":[],"giftcard-category":[],"class_list":{"0":"post-31015","1":"product","2":"type-product","3":"status-publish","4":"has-post-thumbnail","6":"product_cat-echassiers","8":"first","9":"instock","10":"taxable","11":"shipping-taxable","12":"purchasable","13":"product-type-variable"},"yoast_head":"<!-- This site is optimized with the Yoast SEO Premium plugin v23.1 (Yoast SEO v27.4) - https:\/\/yoast.com\/product\/yoast-seo-premium-wordpress\/ -->\n<title>Select Extreme Waders d&#039;\u00e9t\u00e9 Float Tube - Float Plus<\/title>\n<meta name=\"description\" content=\"Le wader d&#039;\u00e9t\u00e9 Select Extreme est un wader innovant con\u00e7u pour une utilisation optimale en float tube. Ces waders sont fabriqu\u00e9s \u00e0 partir d&#039;un mat\u00e9riau respirant \u00e0 quatre couches et sont \u00e9quip\u00e9s de bottes en polyur\u00e9thane r\u00e9sistantes et souples. Les bottes sont dot\u00e9es d&#039;un embout de s\u00e9curit\u00e9 qui emp\u00eache les orteils d&#039;\u00eatre comprim\u00e9s par la forme conique de la plupart des palmes de float tube. De plus, les waders sont con\u00e7us de mani\u00e8re extra longue et confortable afin de minimiser la tension sur les genoux et les coutures. Une fermeture \u00e9clair robuste et \u00e9tanche facilite l&#039;enfilage du wader et est \u00e9galement pratique pour les visites rapides aux toilettes. La ceinture \u00e9lastique et r\u00e9glable se tend automatiquement d\u00e8s que la fermeture \u00e9clair du wader est ferm\u00e9e. Ce wader efficace, durable, confortable et facile \u00e0 utiliser garantit des ann\u00e9es joyeuses de p\u00eache! Pour plus d&#039;informations, regardez cette vid\u00e9o :\" \/>\n<meta name=\"robots\" content=\"index, follow, max-snippet:-1, max-image-preview:large, max-video-preview:-1\" \/>\n<link rel=\"canonical\" href=\"https:\/\/floatplus.com\/fr\/produit-fr\/select-extreme-summer-wader\/\" \/>\n<meta property=\"og:locale\" content=\"fr_FR\" \/>\n<meta property=\"og:type\" content=\"article\" \/>\n<meta property=\"og:title\" content=\"Select Extreme Waders d&#039;\u00e9t\u00e9 Float Tube - Float Plus\" \/>\n<meta property=\"og:description\" content=\"Le wader d&#039;\u00e9t\u00e9 Select Extreme est un wader innovant con\u00e7u pour une utilisation optimale en float tube. Ces waders sont fabriqu\u00e9s \u00e0 partir d&#039;un mat\u00e9riau respirant \u00e0 quatre couches et sont \u00e9quip\u00e9s de bottes en polyur\u00e9thane r\u00e9sistantes et souples. Les bottes sont dot\u00e9es d&#039;un embout de s\u00e9curit\u00e9 qui emp\u00eache les orteils d&#039;\u00eatre comprim\u00e9s par la forme conique de la plupart des palmes de float tube. De plus, les waders sont con\u00e7us de mani\u00e8re extra longue et confortable afin de minimiser la tension sur les genoux et les coutures. Une fermeture \u00e9clair robuste et \u00e9tanche facilite l&#039;enfilage du wader et est \u00e9galement pratique pour les visites rapides aux toilettes. La ceinture \u00e9lastique et r\u00e9glable se tend automatiquement d\u00e8s que la fermeture \u00e9clair du wader est ferm\u00e9e. Ce wader efficace, durable, confortable et facile \u00e0 utiliser garantit des ann\u00e9es joyeuses de p\u00eache! Pour plus d&#039;informations, regardez cette vid\u00e9o :\" \/>\n<meta property=\"og:url\" content=\"https:\/\/floatplus.com\/fr\/produit-fr\/select-extreme-summer-wader\/\" \/>\n<meta property=\"og:site_name\" content=\"Float Plus\" \/>\n<meta property=\"article:publisher\" content=\"https:\/\/www.facebook.com\/floatpluspro\/\" \/>\n<meta property=\"article:modified_time\" content=\"2025-05-13T08:31:39+00:00\" \/>\n<meta property=\"og:image\" content=\"https:\/\/floatplus.com\/wp-content\/uploads\/2024\/05\/Untitled-design-87.png\" \/>\n\t<meta property=\"og:image:width\" content=\"1500\" \/>\n\t<meta property=\"og:image:height\" content=\"999\" \/>\n\t<meta property=\"og:image:type\" content=\"image\/png\" \/>\n<meta name=\"twitter:card\" content=\"summary_large_image\" \/>\n<meta name=\"twitter:label1\" content=\"Dur\u00e9e de lecture estim\u00e9e\" \/>\n\t<meta name=\"twitter:data1\" content=\"2 minutes\" \/>\n<script type=\"application\/ld+json\" class=\"yoast-schema-graph\">{\"@context\":\"https:\\\/\\\/schema.org\",\"@graph\":[{\"@type\":\"WebPage\",\"@id\":\"https:\\\/\\\/floatplus.com\\\/fr\\\/produit-fr\\\/select-extreme-summer-wader\\\/\",\"url\":\"https:\\\/\\\/floatplus.com\\\/fr\\\/produit-fr\\\/select-extreme-summer-wader\\\/\",\"name\":\"Select Extreme Waders d'\u00e9t\u00e9 Float Tube - Float Plus\",\"isPartOf\":{\"@id\":\"https:\\\/\\\/floatplus.com\\\/fr\\\/#website\"},\"primaryImageOfPage\":{\"@id\":\"https:\\\/\\\/floatplus.com\\\/fr\\\/produit-fr\\\/select-extreme-summer-wader\\\/#primaryimage\"},\"image\":{\"@id\":\"https:\\\/\\\/floatplus.com\\\/fr\\\/produit-fr\\\/select-extreme-summer-wader\\\/#primaryimage\"},\"thumbnailUrl\":\"https:\\\/\\\/i0.wp.com\\\/floatplus.com\\\/wp-content\\\/uploads\\\/2024\\\/05\\\/Untitled-design-87.png?fit=1500%2C999&ssl=1\",\"datePublished\":\"2024-05-17T11:41:08+00:00\",\"dateModified\":\"2025-05-13T08:31:39+00:00\",\"description\":\"Le wader d'\u00e9t\u00e9 Select Extreme est un wader innovant con\u00e7u pour une utilisation optimale en float tube. Ces waders sont fabriqu\u00e9s \u00e0 partir d'un mat\u00e9riau respirant \u00e0 quatre couches et sont \u00e9quip\u00e9s de bottes en polyur\u00e9thane r\u00e9sistantes et souples. Les bottes sont dot\u00e9es d'un embout de s\u00e9curit\u00e9 qui emp\u00eache les orteils d'\u00eatre comprim\u00e9s par la forme conique de la plupart des palmes de float tube. De plus, les waders sont con\u00e7us de mani\u00e8re extra longue et confortable afin de minimiser la tension sur les genoux et les coutures. Une fermeture \u00e9clair robuste et \u00e9tanche facilite l'enfilage du wader et est \u00e9galement pratique pour les visites rapides aux toilettes. La ceinture \u00e9lastique et r\u00e9glable se tend automatiquement d\u00e8s que la fermeture \u00e9clair du wader est ferm\u00e9e. Ce wader efficace, durable, confortable et facile \u00e0 utiliser garantit des ann\u00e9es joyeuses de p\u00eache! Pour plus d'informations, regardez cette vid\u00e9o :\",\"breadcrumb\":{\"@id\":\"https:\\\/\\\/floatplus.com\\\/fr\\\/produit-fr\\\/select-extreme-summer-wader\\\/#breadcrumb\"},\"inLanguage\":\"fr-FR\",\"potentialAction\":[{\"@type\":\"ReadAction\",\"target\":[\"https:\\\/\\\/floatplus.com\\\/fr\\\/produit-fr\\\/select-extreme-summer-wader\\\/\"]}]},{\"@type\":\"ImageObject\",\"inLanguage\":\"fr-FR\",\"@id\":\"https:\\\/\\\/floatplus.com\\\/fr\\\/produit-fr\\\/select-extreme-summer-wader\\\/#primaryimage\",\"url\":\"https:\\\/\\\/i0.wp.com\\\/floatplus.com\\\/wp-content\\\/uploads\\\/2024\\\/05\\\/Untitled-design-87.png?fit=1500%2C999&ssl=1\",\"contentUrl\":\"https:\\\/\\\/i0.wp.com\\\/floatplus.com\\\/wp-content\\\/uploads\\\/2024\\\/05\\\/Untitled-design-87.png?fit=1500%2C999&ssl=1\",\"width\":1500,\"height\":999,\"caption\":\"float tube wader\"},{\"@type\":\"BreadcrumbList\",\"@id\":\"https:\\\/\\\/floatplus.com\\\/fr\\\/produit-fr\\\/select-extreme-summer-wader\\\/#breadcrumb\",\"itemListElement\":[{\"@type\":\"ListItem\",\"position\":1,\"name\":\"Home\",\"item\":\"https:\\\/\\\/floatplus.com\\\/fr\\\/\"},{\"@type\":\"ListItem\",\"position\":2,\"name\":\"Boutique\",\"item\":\"https:\\\/\\\/floatplus.com\\\/fr\\\/boutique-fr\\\/\"},{\"@type\":\"ListItem\",\"position\":3,\"name\":\"Select Extreme Waders d&rsquo;\u00e9t\u00e9 Float Tube\"}]},{\"@type\":\"WebSite\",\"@id\":\"https:\\\/\\\/floatplus.com\\\/fr\\\/#website\",\"url\":\"https:\\\/\\\/floatplus.com\\\/fr\\\/\",\"name\":\"Float Plus\",\"description\":\"Worldleader in Bellyboats and Bellyboat Motors\",\"publisher\":{\"@id\":\"https:\\\/\\\/floatplus.com\\\/fr\\\/#organization\"},\"potentialAction\":[{\"@type\":\"SearchAction\",\"target\":{\"@type\":\"EntryPoint\",\"urlTemplate\":\"https:\\\/\\\/floatplus.com\\\/fr\\\/?s={search_term_string}\"},\"query-input\":{\"@type\":\"PropertyValueSpecification\",\"valueRequired\":true,\"valueName\":\"search_term_string\"}}],\"inLanguage\":\"fr-FR\"},{\"@type\":\"Organization\",\"@id\":\"https:\\\/\\\/floatplus.com\\\/fr\\\/#organization\",\"name\":\"Float Plus Bellyboat & Bellyboat Motor\",\"url\":\"https:\\\/\\\/floatplus.com\\\/fr\\\/\",\"logo\":{\"@type\":\"ImageObject\",\"inLanguage\":\"fr-FR\",\"@id\":\"https:\\\/\\\/floatplus.com\\\/fr\\\/#\\\/schema\\\/logo\\\/image\\\/\",\"url\":\"https:\\\/\\\/i0.wp.com\\\/floatplus.com\\\/wp-content\\\/uploads\\\/2021\\\/01\\\/logo-floatplus_icon.png?fit=135%2C135&ssl=1\",\"contentUrl\":\"https:\\\/\\\/i0.wp.com\\\/floatplus.com\\\/wp-content\\\/uploads\\\/2021\\\/01\\\/logo-floatplus_icon.png?fit=135%2C135&ssl=1\",\"width\":135,\"height\":135,\"caption\":\"Float Plus Bellyboat & Bellyboat Motor\"},\"image\":{\"@id\":\"https:\\\/\\\/floatplus.com\\\/fr\\\/#\\\/schema\\\/logo\\\/image\\\/\"},\"sameAs\":[\"https:\\\/\\\/www.facebook.com\\\/floatpluspro\\\/\",\"https:\\\/\\\/www.instagram.com\\\/floatplus\\\/\",\"https:\\\/\\\/www.youtube.com\\\/channel\\\/UCOawieW3u0T3mWwNTVFOVMQ\"]}]}<\/script>\n<!-- \/ Yoast SEO Premium plugin. -->","yoast_head_json":{"title":"Select Extreme Waders d'\u00e9t\u00e9 Float Tube - Float Plus","description":"Le wader d'\u00e9t\u00e9 Select Extreme est un wader innovant con\u00e7u pour une utilisation optimale en float tube. Ces waders sont fabriqu\u00e9s \u00e0 partir d'un mat\u00e9riau respirant \u00e0 quatre couches et sont \u00e9quip\u00e9s de bottes en polyur\u00e9thane r\u00e9sistantes et souples. Les bottes sont dot\u00e9es d'un embout de s\u00e9curit\u00e9 qui emp\u00eache les orteils d'\u00eatre comprim\u00e9s par la forme conique de la plupart des palmes de float tube. De plus, les waders sont con\u00e7us de mani\u00e8re extra longue et confortable afin de minimiser la tension sur les genoux et les coutures. Une fermeture \u00e9clair robuste et \u00e9tanche facilite l'enfilage du wader et est \u00e9galement pratique pour les visites rapides aux toilettes. La ceinture \u00e9lastique et r\u00e9glable se tend automatiquement d\u00e8s que la fermeture \u00e9clair du wader est ferm\u00e9e. Ce wader efficace, durable, confortable et facile \u00e0 utiliser garantit des ann\u00e9es joyeuses de p\u00eache! Pour plus d'informations, regardez cette vid\u00e9o :","robots":{"index":"index","follow":"follow","max-snippet":"max-snippet:-1","max-image-preview":"max-image-preview:large","max-video-preview":"max-video-preview:-1"},"canonical":"https:\/\/floatplus.com\/fr\/produit-fr\/select-extreme-summer-wader\/","og_locale":"fr_FR","og_type":"article","og_title":"Select Extreme Waders d'\u00e9t\u00e9 Float Tube - Float Plus","og_description":"Le wader d'\u00e9t\u00e9 Select Extreme est un wader innovant con\u00e7u pour une utilisation optimale en float tube. Ces waders sont fabriqu\u00e9s \u00e0 partir d'un mat\u00e9riau respirant \u00e0 quatre couches et sont \u00e9quip\u00e9s de bottes en polyur\u00e9thane r\u00e9sistantes et souples. Les bottes sont dot\u00e9es d'un embout de s\u00e9curit\u00e9 qui emp\u00eache les orteils d'\u00eatre comprim\u00e9s par la forme conique de la plupart des palmes de float tube. De plus, les waders sont con\u00e7us de mani\u00e8re extra longue et confortable afin de minimiser la tension sur les genoux et les coutures. Une fermeture \u00e9clair robuste et \u00e9tanche facilite l'enfilage du wader et est \u00e9galement pratique pour les visites rapides aux toilettes. La ceinture \u00e9lastique et r\u00e9glable se tend automatiquement d\u00e8s que la fermeture \u00e9clair du wader est ferm\u00e9e. Ce wader efficace, durable, confortable et facile \u00e0 utiliser garantit des ann\u00e9es joyeuses de p\u00eache! Pour plus d'informations, regardez cette vid\u00e9o :","og_url":"https:\/\/floatplus.com\/fr\/produit-fr\/select-extreme-summer-wader\/","og_site_name":"Float Plus","article_publisher":"https:\/\/www.facebook.com\/floatpluspro\/","article_modified_time":"2025-05-13T08:31:39+00:00","og_image":[{"width":1500,"height":999,"url":"https:\/\/floatplus.com\/wp-content\/uploads\/2024\/05\/Untitled-design-87.png","type":"image\/png"}],"twitter_card":"summary_large_image","twitter_misc":{"Dur\u00e9e de lecture estim\u00e9e":"2 minutes"},"schema":{"@context":"https:\/\/schema.org","@graph":[{"@type":"WebPage","@id":"https:\/\/floatplus.com\/fr\/produit-fr\/select-extreme-summer-wader\/","url":"https:\/\/floatplus.com\/fr\/produit-fr\/select-extreme-summer-wader\/","name":"Select Extreme Waders d'\u00e9t\u00e9 Float Tube - Float Plus","isPartOf":{"@id":"https:\/\/floatplus.com\/fr\/#website"},"primaryImageOfPage":{"@id":"https:\/\/floatplus.com\/fr\/produit-fr\/select-extreme-summer-wader\/#primaryimage"},"image":{"@id":"https:\/\/floatplus.com\/fr\/produit-fr\/select-extreme-summer-wader\/#primaryimage"},"thumbnailUrl":"https:\/\/i0.wp.com\/floatplus.com\/wp-content\/uploads\/2024\/05\/Untitled-design-87.png?fit=1500%2C999&ssl=1","datePublished":"2024-05-17T11:41:08+00:00","dateModified":"2025-05-13T08:31:39+00:00","description":"Le wader d'\u00e9t\u00e9 Select Extreme est un wader innovant con\u00e7u pour une utilisation optimale en float tube. Ces waders sont fabriqu\u00e9s \u00e0 partir d'un mat\u00e9riau respirant \u00e0 quatre couches et sont \u00e9quip\u00e9s de bottes en polyur\u00e9thane r\u00e9sistantes et souples. Les bottes sont dot\u00e9es d'un embout de s\u00e9curit\u00e9 qui emp\u00eache les orteils d'\u00eatre comprim\u00e9s par la forme conique de la plupart des palmes de float tube. De plus, les waders sont con\u00e7us de mani\u00e8re extra longue et confortable afin de minimiser la tension sur les genoux et les coutures. Une fermeture \u00e9clair robuste et \u00e9tanche facilite l'enfilage du wader et est \u00e9galement pratique pour les visites rapides aux toilettes. La ceinture \u00e9lastique et r\u00e9glable se tend automatiquement d\u00e8s que la fermeture \u00e9clair du wader est ferm\u00e9e. Ce wader efficace, durable, confortable et facile \u00e0 utiliser garantit des ann\u00e9es joyeuses de p\u00eache! Pour plus d'informations, regardez cette vid\u00e9o :","breadcrumb":{"@id":"https:\/\/floatplus.com\/fr\/produit-fr\/select-extreme-summer-wader\/#breadcrumb"},"inLanguage":"fr-FR","potentialAction":[{"@type":"ReadAction","target":["https:\/\/floatplus.com\/fr\/produit-fr\/select-extreme-summer-wader\/"]}]},{"@type":"ImageObject","inLanguage":"fr-FR","@id":"https:\/\/floatplus.com\/fr\/produit-fr\/select-extreme-summer-wader\/#primaryimage","url":"https:\/\/i0.wp.com\/floatplus.com\/wp-content\/uploads\/2024\/05\/Untitled-design-87.png?fit=1500%2C999&ssl=1","contentUrl":"https:\/\/i0.wp.com\/floatplus.com\/wp-content\/uploads\/2024\/05\/Untitled-design-87.png?fit=1500%2C999&ssl=1","width":1500,"height":999,"caption":"float tube wader"},{"@type":"BreadcrumbList","@id":"https:\/\/floatplus.com\/fr\/produit-fr\/select-extreme-summer-wader\/#breadcrumb","itemListElement":[{"@type":"ListItem","position":1,"name":"Home","item":"https:\/\/floatplus.com\/fr\/"},{"@type":"ListItem","position":2,"name":"Boutique","item":"https:\/\/floatplus.com\/fr\/boutique-fr\/"},{"@type":"ListItem","position":3,"name":"Select Extreme Waders d&rsquo;\u00e9t\u00e9 Float Tube"}]},{"@type":"WebSite","@id":"https:\/\/floatplus.com\/fr\/#website","url":"https:\/\/floatplus.com\/fr\/","name":"Float Plus","description":"Worldleader in Bellyboats and Bellyboat Motors","publisher":{"@id":"https:\/\/floatplus.com\/fr\/#organization"},"potentialAction":[{"@type":"SearchAction","target":{"@type":"EntryPoint","urlTemplate":"https:\/\/floatplus.com\/fr\/?s={search_term_string}"},"query-input":{"@type":"PropertyValueSpecification","valueRequired":true,"valueName":"search_term_string"}}],"inLanguage":"fr-FR"},{"@type":"Organization","@id":"https:\/\/floatplus.com\/fr\/#organization","name":"Float Plus Bellyboat & Bellyboat Motor","url":"https:\/\/floatplus.com\/fr\/","logo":{"@type":"ImageObject","inLanguage":"fr-FR","@id":"https:\/\/floatplus.com\/fr\/#\/schema\/logo\/image\/","url":"https:\/\/i0.wp.com\/floatplus.com\/wp-content\/uploads\/2021\/01\/logo-floatplus_icon.png?fit=135%2C135&ssl=1","contentUrl":"https:\/\/i0.wp.com\/floatplus.com\/wp-content\/uploads\/2021\/01\/logo-floatplus_icon.png?fit=135%2C135&ssl=1","width":135,"height":135,"caption":"Float Plus Bellyboat & Bellyboat Motor"},"image":{"@id":"https:\/\/floatplus.com\/fr\/#\/schema\/logo\/image\/"},"sameAs":["https:\/\/www.facebook.com\/floatpluspro\/","https:\/\/www.instagram.com\/floatplus\/","https:\/\/www.youtube.com\/channel\/UCOawieW3u0T3mWwNTVFOVMQ"]}]}},"_links":{"self":[{"href":"https:\/\/floatplus.com\/fr\/wp-json\/wp\/v2\/product\/31015","targetHints":{"allow":["GET"]}}],"collection":[{"href":"https:\/\/floatplus.com\/fr\/wp-json\/wp\/v2\/product"}],"about":[{"href":"https:\/\/floatplus.com\/fr\/wp-json\/wp\/v2\/types\/product"}],"replies":[{"embeddable":true,"href":"https:\/\/floatplus.com\/fr\/wp-json\/wp\/v2\/comments?post=31015"}],"wp:featuredmedia":[{"embeddable":true,"href":"https:\/\/floatplus.com\/fr\/wp-json\/wp\/v2\/media\/31010"}],"wp:attachment":[{"href":"https:\/\/floatplus.com\/fr\/wp-json\/wp\/v2\/media?parent=31015"}],"wp:term":[{"taxonomy":"product_brand","embeddable":true,"href":"https:\/\/floatplus.com\/fr\/wp-json\/wp\/v2\/product_brand?post=31015"},{"taxonomy":"product_cat","embeddable":true,"href":"https:\/\/floatplus.com\/fr\/wp-json\/wp\/v2\/product_cat?post=31015"},{"taxonomy":"product_tag","embeddable":true,"href":"https:\/\/floatplus.com\/fr\/wp-json\/wp\/v2\/product_tag?post=31015"},{"taxonomy":"giftcard-category","embeddable":true,"href":"https:\/\/floatplus.com\/fr\/wp-json\/wp\/v2\/giftcard-category?post=31015"}],"curies":[{"name":"wp","href":"https:\/\/api.w.org\/{rel}","templated":true}]}}