{"id":32653,"date":"2024-08-27T07:33:34","date_gmt":"2024-08-27T07:33:34","guid":{"rendered":"https:\/\/floatplus.com\/product\/float-plus-1-float-tube-edition-limitee\/"},"modified":"2025-05-13T06:04:28","modified_gmt":"2025-05-13T06:04:28","slug":"float-plus-1-float-tube-edition-limitee","status":"publish","type":"product","link":"https:\/\/floatplus.com\/fr\/produit-fr\/float-plus-1-float-tube-edition-limitee\/","title":{"rendered":"Float Plus 1 Float Tube \u00c9dition limit\u00e9e"},"content":{"rendered":"<section class=\"wpb-content-wrapper\"><h2>Float Plus 1 float tube<\/h2>\n<p>Le Float Plus 1 float tube est \u00e9quip\u00e9e de tubes coniques qui minimisent la r\u00e9sistance \u00e0 l&rsquo;eau. Cela affecte positivement la dur\u00e9e de vie de la batterie, ainsi que l&rsquo;acc\u00e9l\u00e9ration et la vitesse maximale ! Les tubes sont compl\u00e8tement d\u00e9pourvus de renflements, vous permettant de fixer les coussinets d&rsquo;accessoires souhait\u00e9s n&rsquo;importe o\u00f9.<\/p>\n<p>Avec une flottabilit\u00e9 de plus de 220 kg et six chambres \u00e0 air avec des valves centrales, indiquant la pression d&rsquo;inflation correcte, ce bateau offre un niveau de s\u00e9curit\u00e9 exceptionnellement \u00e9lev\u00e9. Tant le si\u00e8ge que le dossier du si\u00e8ge ont des chambres \u00e0 air s\u00e9par\u00e9es pour une exp\u00e9rience d&rsquo;assise r\u00e9glable.<\/p>\n<p>De plus, le fond inclin\u00e9 contribue \u00e0 une stabilit\u00e9 optimale et \u00e0 une posture d&rsquo;assise parfaite. Gr\u00e2ce \u00e0 ces caract\u00e9ristiques, votre dos est minimement sollicit\u00e9 m\u00eame apr\u00e8s une journ\u00e9e compl\u00e8te de p\u00eache. Outre son excellent design et ses principales caract\u00e9ristiques de s\u00e9curit\u00e9, ce float tube est \u00e9galement un r\u00e9gal pour les yeux!<\/p>\n<h2 style=\"font-size: 18px;\">Syst\u00e8mes moteurs<\/h2>\n<p>Float Plus propose trois syst\u00e8mes diff\u00e9rents : le <a href=\"https:\/\/floatplus.com\/fr\/produit-fr\/moteur-float-tube-float-plus-pro-2\/\">Pro 2,<\/a> le <a href=\"https:\/\/floatplus.com\/fr\/produit-fr\/float-plus-compact-2\/\">Compact 2<\/a> et le<a href=\"https:\/\/floatplus.com\/fr\/produit-fr\/float-plus-twin-force-float-tube-moteur\/\"> Twin Force<\/a>. Chaque syst\u00e8me se compose d&rsquo;une unit\u00e9 de commande, d&rsquo;une t\u00e9l\u00e9commande et d&rsquo;un ou deux moteurs, diff\u00e9rant par les options de batterie. <a href=\"https:\/\/floatplus.com\/fr\/systemes-differents\/\">Cliquez ici pour un aper\u00e7u des syst\u00e8mes et de leurs caract\u00e9rist<\/a><a href=\"https:\/\/floatplus.com\/fr\/systemes-differents\/\">iques<\/a>, afin que vous puissiez choisir le syst\u00e8me qui convient le mieux \u00e0 votre Float Plus 1 Float Tube.<\/p>\n<h2 style=\"font-size: 18px;\">Garantie<\/h2>\n<p>Float Plus garantit la fiabilit\u00e9 du Float Plus 1 float tube pour une p\u00e9riode compl\u00e8te de 2 ans. Votre satisfaction et votre confiance sont notre priorit\u00e9. Avec notre solide garantie, nous vous offrons la tranquillit\u00e9 d&rsquo;esprit et la confiance dans votre achat.<\/p>\n<h2><span style=\"font-size: 18px;\">Ce que disent nos clients<\/span><\/h2>\n<p>Ne prenez pas simplement notre mot pour acquis\u2014\u00e9coutez ce que nos clients satisfaits ont \u00e0 dire sur leurs exp\u00e9riences avec les produits Float Plus. Lisez les t\u00e9moignages directs de la mani\u00e8re dont nos float tubes et syst\u00e8mes de moteur ont transform\u00e9 leur aventure nautique sur <a href=\"https:\/\/www.google.com\/maps\/place\/Float+Plus+B.V.+Bellyboat+elektro+motor\/@51.7093446,5.6715718,17z\/data=!4m8!3m7!1s0x47c6e53fbbc401a9:0xa16461cfb91c1240!8m2!3d51.7093446!4d5.6741467!9m1!1b1!16s%2Fg%2F11ffl_0wxr?entry=ttu\">Google<\/a>, <a href=\"https:\/\/www.trustpilot.com\/review\/floatplus.com\">Trustpilot<\/a> ou ci-dessous.<\/p>\n<p><img data-recalc-dims=\"1\" decoding=\"async\" class=\" wp-image-28146 aligncenter\" src=\"https:\/\/i0.wp.com\/floatplus.com\/wp-content\/uploads\/2023\/06\/rating-white.png?resize=288%2C46&#038;ssl=1\" alt=\"\" width=\"288\" height=\"46\" \/>[vc_row wrap_container=\u00a0\u00bbyes\u00a0\u00bb][vc_column css=\u00a0\u00bb.vc_custom_1612965709829{padding-top: 5px !important;}\u00a0\u00bb]<\/p>\n<h2><span style=\"font-size: 18px;\">Sp\u00e9cifications Float Plus 1 Float Tube<\/span><\/h2>\n<style>.porto-info-listeab0963d344c1362ccca459650c3467e i { color: #ffffff;font-size: 20px; }<\/style><ul class=\"porto-info-list  porto-info-listeab0963d344c1362ccca459650c3467e wpb_custom_eadeacc378cef61235846b9a1c07512b\"><li class=\"porto-info-list-item tabel_lichtgrijs wpb_custom_eade0171093a7591372ccf9372738e3d\"><i class=\"porto-info-icon fas fa-grip-lines\"><\/i><div class=\"porto-info-list-item-desc\">Bande d&rsquo;usure en bas &amp; \u00e0 l&rsquo;avant du si\u00e8ge<\/div><\/li><li class=\"porto-info-list-item tabel_donkergrijs wpb_custom_eade0171093a7591372ccf9372738e3d\"><i class=\"porto-info-icon fas fa-water\"><\/i><div class=\"porto-info-list-item-desc\">Tirant d&rsquo;eau, flottabilit\u00e9, man\u0153uvrabilit\u00e9<\/div><\/li><li class=\"porto-info-list-item tabel_lichtgrijs wpb_custom_eade0171093a7591372ccf9372738e3d\"><i class=\"porto-info-icon fas fa-shapes\"><\/i><div class=\"porto-info-list-item-desc\">Tubes coniques<\/div><\/li><li class=\"porto-info-list-item tabel_donkergrijs wpb_custom_eade0171093a7591372ccf9372738e3d\"><i class=\"porto-info-icon far fa-hand-rock\"><\/i><div class=\"porto-info-list-item-desc\">Poign\u00e9es sur les extr\u00e9mit\u00e9s des tubes<\/div><\/li><li class=\"porto-info-list-item tabel_lichtgrijs wpb_custom_eade0171093a7591372ccf9372738e3d\"><i class=\"porto-info-icon fas fa-chair\"><\/i><div class=\"porto-info-list-item-desc\">Fond inclin\u00e9 pour une assise droite<\/div><\/li><li class=\"porto-info-list-item tabel_donkergrijs wpb_custom_eade0171093a7591372ccf9372738e3d\"><i class=\"porto-info-icon fas fa-wind\"><\/i><div class=\"porto-info-list-item-desc\">Valves centrales &amp; indication de la pression requise aux valves<\/div><\/li><li class=\"porto-info-list-item tabel_lichtgrijs wpb_custom_eade0171093a7591372ccf9372738e3d\"><i class=\"porto-info-icon fas fa-life-ring\"><\/i><div class=\"porto-info-list-item-desc\">Fond gonflable fixe<\/div><\/li><li class=\"porto-info-list-item tabel_donkergrijs wpb_custom_eade0171093a7591372ccf9372738e3d\"><i class=\"porto-info-icon fas fa-car-battery\"><\/i><div class=\"porto-info-list-item-desc\">Trou dans le fond gonflable pour le passage du c\u00e2ble du moteur<\/div><\/li><li class=\"porto-info-list-item tabel_lichtgrijs wpb_custom_eade0171093a7591372ccf9372738e3d\"><i class=\"porto-info-icon fas fa-feather-alt\"><\/i><div class=\"porto-info-list-item-desc\">Seulement 12 kg<\/div><\/li><li class=\"porto-info-list-item tabel_donkergrijs wpb_custom_eade0171093a7591372ccf9372738e3d\"><i class=\"porto-info-icon fas fa-ruler-combined\"><\/i><div class=\"porto-info-list-item-desc\">Longueur 185 cm, largeur 122 cm<\/div><\/li><li class=\"porto-info-list-item tabel_lichtgrijs wpb_custom_eade0171093a7591372ccf9372738e3d\"><i class=\"porto-info-icon fas fa-arrows-alt\"><\/i><div class=\"porto-info-list-item-desc\">\u00c9paisseur du PVC 0,9 mm<\/div><\/li><\/ul>[\/vc_column][\/vc_row]<\/p>\n<\/section>","protected":false},"excerpt":{"rendered":"<p><span style=\"color: #ffffff;\"><strong>Float Plus 1 avec caract\u00e8re &#8211; 50% de r\u00e9duction<\/strong><\/span><\/p>\n<p>Parfois, la perfection n&rsquo;est pas n\u00e9cessaire pour \u00eatre performant.<br \/>\nCe lot de Float Plus 1 a un petit d\u00e9faut de beaut\u00e9 : de l\u00e9g\u00e8res taches sur le PVC, comme si de l&rsquo;eau avait s\u00e9ch\u00e9 dessus. Ce n&rsquo;est pas polissable, mais 100% fonctionnel.<\/p>\n<p>&#8211; m\u00eame qualit\u00e9 sup\u00e9rieure<br \/>\n&#8211; m\u00eame man\u0153uvrabilit\u00e9 et stabilit\u00e9<br \/>\n&#8211; m\u00eames caract\u00e9ristiques de navigation uniques<\/p>\n<p>Mais \u00e0 la moiti\u00e9 du prix.<\/p>\n<p>Pour les p\u00eacheurs qui pr\u00e9f\u00e8rent la performance \u00e0 un ext\u00e9rieur impeccable.<br \/>\n\u26a0\ufe0f Stock limit\u00e9 &#8211; parti = parti<br \/>\n\ud83d\udc49 Consultez l&rsquo;offre et profitez-en.<\/p>\n<p><iframe src=\"https:\/\/www.youtube.com\/embed\/K3L-bE9tCQ0?si=m_dmwUgQaDR0QBZG\" width=\"560\" height=\"315\" frameborder=\"0\" allowfullscreen=\"allowfullscreen\" data-mce-fragment=\"1\"><br \/>\n<\/iframe><\/p>\n","protected":false},"featured_media":31624,"comment_status":"open","ping_status":"closed","template":"","meta":[],"product_brand":[],"product_cat":[422],"product_tag":[],"giftcard-category":[],"class_list":{"0":"post-32653","1":"product","2":"type-product","3":"status-publish","4":"has-post-thumbnail","6":"product_cat-bonnes-affaires","8":"first","9":"outofstock","10":"sale","11":"taxable","12":"shipping-taxable","13":"purchasable","14":"product-type-simple"},"yoast_head":"<!-- This site is optimized with the Yoast SEO Premium plugin v23.1 (Yoast SEO v27.4) - https:\/\/yoast.com\/product\/yoast-seo-premium-wordpress\/ -->\n<title>Float Plus 1 Float Tube \u00c9dition limit\u00e9e - Float Plus<\/title>\n<meta name=\"description\" content=\"Float Plus 1 avec caract\u00e8re - 50% de r\u00e9duction  Parfois, la perfection n&#039;est pas n\u00e9cessaire pour \u00eatre performant. Ce lot de Float Plus 1 a un petit d\u00e9faut de beaut\u00e9 : de l\u00e9g\u00e8res taches sur le PVC, comme si de l&#039;eau avait s\u00e9ch\u00e9 dessus. Ce n&#039;est pas polissable, mais 100% fonctionnel.  - m\u00eame qualit\u00e9 sup\u00e9rieure - m\u00eame man\u0153uvrabilit\u00e9 et stabilit\u00e9 - m\u00eames caract\u00e9ristiques de navigation uniques  Mais \u00e0 la moiti\u00e9 du prix.  Pour les p\u00eacheurs qui pr\u00e9f\u00e8rent la performance \u00e0 un ext\u00e9rieur impeccable. \u26a0\ufe0f Stock limit\u00e9 - parti = parti \ud83d\udc49 Consultez l&#039;offre et profitez-en.\" \/>\n<meta name=\"robots\" content=\"index, follow, max-snippet:-1, max-image-preview:large, max-video-preview:-1\" \/>\n<link rel=\"canonical\" href=\"https:\/\/floatplus.com\/fr\/produit-fr\/float-plus-1-float-tube-edition-limitee\/\" \/>\n<meta property=\"og:locale\" content=\"fr_FR\" \/>\n<meta property=\"og:type\" content=\"article\" \/>\n<meta property=\"og:title\" content=\"Float Plus 1 Float Tube \u00c9dition limit\u00e9e - Float Plus\" \/>\n<meta property=\"og:description\" content=\"Float Plus 1 avec caract\u00e8re - 50% de r\u00e9duction  Parfois, la perfection n&#039;est pas n\u00e9cessaire pour \u00eatre performant. Ce lot de Float Plus 1 a un petit d\u00e9faut de beaut\u00e9 : de l\u00e9g\u00e8res taches sur le PVC, comme si de l&#039;eau avait s\u00e9ch\u00e9 dessus. Ce n&#039;est pas polissable, mais 100% fonctionnel.  - m\u00eame qualit\u00e9 sup\u00e9rieure - m\u00eame man\u0153uvrabilit\u00e9 et stabilit\u00e9 - m\u00eames caract\u00e9ristiques de navigation uniques  Mais \u00e0 la moiti\u00e9 du prix.  Pour les p\u00eacheurs qui pr\u00e9f\u00e8rent la performance \u00e0 un ext\u00e9rieur impeccable. \u26a0\ufe0f Stock limit\u00e9 - parti = parti \ud83d\udc49 Consultez l&#039;offre et profitez-en.\" \/>\n<meta property=\"og:url\" content=\"https:\/\/floatplus.com\/fr\/produit-fr\/float-plus-1-float-tube-edition-limitee\/\" \/>\n<meta property=\"og:site_name\" content=\"Float Plus\" \/>\n<meta property=\"article:publisher\" content=\"https:\/\/www.facebook.com\/floatpluspro\/\" \/>\n<meta property=\"article:modified_time\" content=\"2025-05-13T06:04:28+00:00\" \/>\n<meta property=\"og:image\" content=\"https:\/\/floatplus.com\/wp-content\/uploads\/2021\/11\/FP1-bellyboot1.jpg\" \/>\n\t<meta property=\"og:image:width\" content=\"1600\" \/>\n\t<meta property=\"og:image:height\" content=\"1066\" \/>\n\t<meta property=\"og:image:type\" content=\"image\/jpeg\" \/>\n<meta name=\"twitter:card\" content=\"summary_large_image\" \/>\n<meta name=\"twitter:label1\" content=\"Dur\u00e9e de lecture estim\u00e9e\" \/>\n\t<meta name=\"twitter:data1\" content=\"3 minutes\" \/>\n<script type=\"application\/ld+json\" class=\"yoast-schema-graph\">{\"@context\":\"https:\\\/\\\/schema.org\",\"@graph\":[{\"@type\":\"WebPage\",\"@id\":\"https:\\\/\\\/floatplus.com\\\/fr\\\/produit-fr\\\/float-plus-1-float-tube-edition-limitee\\\/\",\"url\":\"https:\\\/\\\/floatplus.com\\\/fr\\\/produit-fr\\\/float-plus-1-float-tube-edition-limitee\\\/\",\"name\":\"Float Plus 1 Float Tube \u00c9dition limit\u00e9e - Float Plus\",\"isPartOf\":{\"@id\":\"https:\\\/\\\/floatplus.com\\\/fr\\\/#website\"},\"primaryImageOfPage\":{\"@id\":\"https:\\\/\\\/floatplus.com\\\/fr\\\/produit-fr\\\/float-plus-1-float-tube-edition-limitee\\\/#primaryimage\"},\"image\":{\"@id\":\"https:\\\/\\\/floatplus.com\\\/fr\\\/produit-fr\\\/float-plus-1-float-tube-edition-limitee\\\/#primaryimage\"},\"thumbnailUrl\":\"https:\\\/\\\/i0.wp.com\\\/floatplus.com\\\/wp-content\\\/uploads\\\/2021\\\/11\\\/FP1-bellyboot1.jpg?fit=1600%2C1066&ssl=1\",\"datePublished\":\"2024-08-27T07:33:34+00:00\",\"dateModified\":\"2025-05-13T06:04:28+00:00\",\"description\":\"Float Plus 1 avec caract\u00e8re - 50% de r\u00e9duction Parfois, la perfection n'est pas n\u00e9cessaire pour \u00eatre performant. Ce lot de Float Plus 1 a un petit d\u00e9faut de beaut\u00e9 : de l\u00e9g\u00e8res taches sur le PVC, comme si de l'eau avait s\u00e9ch\u00e9 dessus. Ce n'est pas polissable, mais 100% fonctionnel. - m\u00eame qualit\u00e9 sup\u00e9rieure - m\u00eame man\u0153uvrabilit\u00e9 et stabilit\u00e9 - m\u00eames caract\u00e9ristiques de navigation uniques Mais \u00e0 la moiti\u00e9 du prix. Pour les p\u00eacheurs qui pr\u00e9f\u00e8rent la performance \u00e0 un ext\u00e9rieur impeccable. \u26a0\ufe0f Stock limit\u00e9 - parti = parti \ud83d\udc49 Consultez l'offre et profitez-en.\",\"breadcrumb\":{\"@id\":\"https:\\\/\\\/floatplus.com\\\/fr\\\/produit-fr\\\/float-plus-1-float-tube-edition-limitee\\\/#breadcrumb\"},\"inLanguage\":\"fr-FR\",\"potentialAction\":[{\"@type\":\"ReadAction\",\"target\":[\"https:\\\/\\\/floatplus.com\\\/fr\\\/produit-fr\\\/float-plus-1-float-tube-edition-limitee\\\/\"]}]},{\"@type\":\"ImageObject\",\"inLanguage\":\"fr-FR\",\"@id\":\"https:\\\/\\\/floatplus.com\\\/fr\\\/produit-fr\\\/float-plus-1-float-tube-edition-limitee\\\/#primaryimage\",\"url\":\"https:\\\/\\\/i0.wp.com\\\/floatplus.com\\\/wp-content\\\/uploads\\\/2021\\\/11\\\/FP1-bellyboot1.jpg?fit=1600%2C1066&ssl=1\",\"contentUrl\":\"https:\\\/\\\/i0.wp.com\\\/floatplus.com\\\/wp-content\\\/uploads\\\/2021\\\/11\\\/FP1-bellyboot1.jpg?fit=1600%2C1066&ssl=1\",\"width\":1600,\"height\":1066},{\"@type\":\"BreadcrumbList\",\"@id\":\"https:\\\/\\\/floatplus.com\\\/fr\\\/produit-fr\\\/float-plus-1-float-tube-edition-limitee\\\/#breadcrumb\",\"itemListElement\":[{\"@type\":\"ListItem\",\"position\":1,\"name\":\"Home\",\"item\":\"https:\\\/\\\/floatplus.com\\\/fr\\\/\"},{\"@type\":\"ListItem\",\"position\":2,\"name\":\"Boutique\",\"item\":\"https:\\\/\\\/floatplus.com\\\/fr\\\/boutique-fr\\\/\"},{\"@type\":\"ListItem\",\"position\":3,\"name\":\"Float Plus 1 Float Tube \u00c9dition limit\u00e9e\"}]},{\"@type\":\"WebSite\",\"@id\":\"https:\\\/\\\/floatplus.com\\\/fr\\\/#website\",\"url\":\"https:\\\/\\\/floatplus.com\\\/fr\\\/\",\"name\":\"Float Plus\",\"description\":\"Worldleader in Bellyboats and Bellyboat Motors\",\"publisher\":{\"@id\":\"https:\\\/\\\/floatplus.com\\\/fr\\\/#organization\"},\"potentialAction\":[{\"@type\":\"SearchAction\",\"target\":{\"@type\":\"EntryPoint\",\"urlTemplate\":\"https:\\\/\\\/floatplus.com\\\/fr\\\/?s={search_term_string}\"},\"query-input\":{\"@type\":\"PropertyValueSpecification\",\"valueRequired\":true,\"valueName\":\"search_term_string\"}}],\"inLanguage\":\"fr-FR\"},{\"@type\":\"Organization\",\"@id\":\"https:\\\/\\\/floatplus.com\\\/fr\\\/#organization\",\"name\":\"Float Plus Bellyboat & Bellyboat Motor\",\"url\":\"https:\\\/\\\/floatplus.com\\\/fr\\\/\",\"logo\":{\"@type\":\"ImageObject\",\"inLanguage\":\"fr-FR\",\"@id\":\"https:\\\/\\\/floatplus.com\\\/fr\\\/#\\\/schema\\\/logo\\\/image\\\/\",\"url\":\"https:\\\/\\\/i0.wp.com\\\/floatplus.com\\\/wp-content\\\/uploads\\\/2021\\\/01\\\/logo-floatplus_icon.png?fit=135%2C135&ssl=1\",\"contentUrl\":\"https:\\\/\\\/i0.wp.com\\\/floatplus.com\\\/wp-content\\\/uploads\\\/2021\\\/01\\\/logo-floatplus_icon.png?fit=135%2C135&ssl=1\",\"width\":135,\"height\":135,\"caption\":\"Float Plus Bellyboat & Bellyboat Motor\"},\"image\":{\"@id\":\"https:\\\/\\\/floatplus.com\\\/fr\\\/#\\\/schema\\\/logo\\\/image\\\/\"},\"sameAs\":[\"https:\\\/\\\/www.facebook.com\\\/floatpluspro\\\/\",\"https:\\\/\\\/www.instagram.com\\\/floatplus\\\/\",\"https:\\\/\\\/www.youtube.com\\\/channel\\\/UCOawieW3u0T3mWwNTVFOVMQ\"]}]}<\/script>\n<!-- \/ Yoast SEO Premium plugin. -->","yoast_head_json":{"title":"Float Plus 1 Float Tube \u00c9dition limit\u00e9e - Float Plus","description":"Float Plus 1 avec caract\u00e8re - 50% de r\u00e9duction  Parfois, la perfection n'est pas n\u00e9cessaire pour \u00eatre performant. Ce lot de Float Plus 1 a un petit d\u00e9faut de beaut\u00e9 : de l\u00e9g\u00e8res taches sur le PVC, comme si de l'eau avait s\u00e9ch\u00e9 dessus. Ce n'est pas polissable, mais 100% fonctionnel.  - m\u00eame qualit\u00e9 sup\u00e9rieure - m\u00eame man\u0153uvrabilit\u00e9 et stabilit\u00e9 - m\u00eames caract\u00e9ristiques de navigation uniques  Mais \u00e0 la moiti\u00e9 du prix.  Pour les p\u00eacheurs qui pr\u00e9f\u00e8rent la performance \u00e0 un ext\u00e9rieur impeccable. \u26a0\ufe0f Stock limit\u00e9 - parti = parti \ud83d\udc49 Consultez l'offre et profitez-en.","robots":{"index":"index","follow":"follow","max-snippet":"max-snippet:-1","max-image-preview":"max-image-preview:large","max-video-preview":"max-video-preview:-1"},"canonical":"https:\/\/floatplus.com\/fr\/produit-fr\/float-plus-1-float-tube-edition-limitee\/","og_locale":"fr_FR","og_type":"article","og_title":"Float Plus 1 Float Tube \u00c9dition limit\u00e9e - Float Plus","og_description":"Float Plus 1 avec caract\u00e8re - 50% de r\u00e9duction  Parfois, la perfection n'est pas n\u00e9cessaire pour \u00eatre performant. Ce lot de Float Plus 1 a un petit d\u00e9faut de beaut\u00e9 : de l\u00e9g\u00e8res taches sur le PVC, comme si de l'eau avait s\u00e9ch\u00e9 dessus. Ce n'est pas polissable, mais 100% fonctionnel.  - m\u00eame qualit\u00e9 sup\u00e9rieure - m\u00eame man\u0153uvrabilit\u00e9 et stabilit\u00e9 - m\u00eames caract\u00e9ristiques de navigation uniques  Mais \u00e0 la moiti\u00e9 du prix.  Pour les p\u00eacheurs qui pr\u00e9f\u00e8rent la performance \u00e0 un ext\u00e9rieur impeccable. \u26a0\ufe0f Stock limit\u00e9 - parti = parti \ud83d\udc49 Consultez l'offre et profitez-en.","og_url":"https:\/\/floatplus.com\/fr\/produit-fr\/float-plus-1-float-tube-edition-limitee\/","og_site_name":"Float Plus","article_publisher":"https:\/\/www.facebook.com\/floatpluspro\/","article_modified_time":"2025-05-13T06:04:28+00:00","og_image":[{"width":1600,"height":1066,"url":"https:\/\/floatplus.com\/wp-content\/uploads\/2021\/11\/FP1-bellyboot1.jpg","type":"image\/jpeg"}],"twitter_card":"summary_large_image","twitter_misc":{"Dur\u00e9e de lecture estim\u00e9e":"3 minutes"},"schema":{"@context":"https:\/\/schema.org","@graph":[{"@type":"WebPage","@id":"https:\/\/floatplus.com\/fr\/produit-fr\/float-plus-1-float-tube-edition-limitee\/","url":"https:\/\/floatplus.com\/fr\/produit-fr\/float-plus-1-float-tube-edition-limitee\/","name":"Float Plus 1 Float Tube \u00c9dition limit\u00e9e - Float Plus","isPartOf":{"@id":"https:\/\/floatplus.com\/fr\/#website"},"primaryImageOfPage":{"@id":"https:\/\/floatplus.com\/fr\/produit-fr\/float-plus-1-float-tube-edition-limitee\/#primaryimage"},"image":{"@id":"https:\/\/floatplus.com\/fr\/produit-fr\/float-plus-1-float-tube-edition-limitee\/#primaryimage"},"thumbnailUrl":"https:\/\/i0.wp.com\/floatplus.com\/wp-content\/uploads\/2021\/11\/FP1-bellyboot1.jpg?fit=1600%2C1066&ssl=1","datePublished":"2024-08-27T07:33:34+00:00","dateModified":"2025-05-13T06:04:28+00:00","description":"Float Plus 1 avec caract\u00e8re - 50% de r\u00e9duction Parfois, la perfection n'est pas n\u00e9cessaire pour \u00eatre performant. Ce lot de Float Plus 1 a un petit d\u00e9faut de beaut\u00e9 : de l\u00e9g\u00e8res taches sur le PVC, comme si de l'eau avait s\u00e9ch\u00e9 dessus. Ce n'est pas polissable, mais 100% fonctionnel. - m\u00eame qualit\u00e9 sup\u00e9rieure - m\u00eame man\u0153uvrabilit\u00e9 et stabilit\u00e9 - m\u00eames caract\u00e9ristiques de navigation uniques Mais \u00e0 la moiti\u00e9 du prix. Pour les p\u00eacheurs qui pr\u00e9f\u00e8rent la performance \u00e0 un ext\u00e9rieur impeccable. \u26a0\ufe0f Stock limit\u00e9 - parti = parti \ud83d\udc49 Consultez l'offre et profitez-en.","breadcrumb":{"@id":"https:\/\/floatplus.com\/fr\/produit-fr\/float-plus-1-float-tube-edition-limitee\/#breadcrumb"},"inLanguage":"fr-FR","potentialAction":[{"@type":"ReadAction","target":["https:\/\/floatplus.com\/fr\/produit-fr\/float-plus-1-float-tube-edition-limitee\/"]}]},{"@type":"ImageObject","inLanguage":"fr-FR","@id":"https:\/\/floatplus.com\/fr\/produit-fr\/float-plus-1-float-tube-edition-limitee\/#primaryimage","url":"https:\/\/i0.wp.com\/floatplus.com\/wp-content\/uploads\/2021\/11\/FP1-bellyboot1.jpg?fit=1600%2C1066&ssl=1","contentUrl":"https:\/\/i0.wp.com\/floatplus.com\/wp-content\/uploads\/2021\/11\/FP1-bellyboot1.jpg?fit=1600%2C1066&ssl=1","width":1600,"height":1066},{"@type":"BreadcrumbList","@id":"https:\/\/floatplus.com\/fr\/produit-fr\/float-plus-1-float-tube-edition-limitee\/#breadcrumb","itemListElement":[{"@type":"ListItem","position":1,"name":"Home","item":"https:\/\/floatplus.com\/fr\/"},{"@type":"ListItem","position":2,"name":"Boutique","item":"https:\/\/floatplus.com\/fr\/boutique-fr\/"},{"@type":"ListItem","position":3,"name":"Float Plus 1 Float Tube \u00c9dition limit\u00e9e"}]},{"@type":"WebSite","@id":"https:\/\/floatplus.com\/fr\/#website","url":"https:\/\/floatplus.com\/fr\/","name":"Float Plus","description":"Worldleader in Bellyboats and Bellyboat Motors","publisher":{"@id":"https:\/\/floatplus.com\/fr\/#organization"},"potentialAction":[{"@type":"SearchAction","target":{"@type":"EntryPoint","urlTemplate":"https:\/\/floatplus.com\/fr\/?s={search_term_string}"},"query-input":{"@type":"PropertyValueSpecification","valueRequired":true,"valueName":"search_term_string"}}],"inLanguage":"fr-FR"},{"@type":"Organization","@id":"https:\/\/floatplus.com\/fr\/#organization","name":"Float Plus Bellyboat & Bellyboat Motor","url":"https:\/\/floatplus.com\/fr\/","logo":{"@type":"ImageObject","inLanguage":"fr-FR","@id":"https:\/\/floatplus.com\/fr\/#\/schema\/logo\/image\/","url":"https:\/\/i0.wp.com\/floatplus.com\/wp-content\/uploads\/2021\/01\/logo-floatplus_icon.png?fit=135%2C135&ssl=1","contentUrl":"https:\/\/i0.wp.com\/floatplus.com\/wp-content\/uploads\/2021\/01\/logo-floatplus_icon.png?fit=135%2C135&ssl=1","width":135,"height":135,"caption":"Float Plus Bellyboat & Bellyboat Motor"},"image":{"@id":"https:\/\/floatplus.com\/fr\/#\/schema\/logo\/image\/"},"sameAs":["https:\/\/www.facebook.com\/floatpluspro\/","https:\/\/www.instagram.com\/floatplus\/","https:\/\/www.youtube.com\/channel\/UCOawieW3u0T3mWwNTVFOVMQ"]}]}},"_links":{"self":[{"href":"https:\/\/floatplus.com\/fr\/wp-json\/wp\/v2\/product\/32653","targetHints":{"allow":["GET"]}}],"collection":[{"href":"https:\/\/floatplus.com\/fr\/wp-json\/wp\/v2\/product"}],"about":[{"href":"https:\/\/floatplus.com\/fr\/wp-json\/wp\/v2\/types\/product"}],"replies":[{"embeddable":true,"href":"https:\/\/floatplus.com\/fr\/wp-json\/wp\/v2\/comments?post=32653"}],"wp:featuredmedia":[{"embeddable":true,"href":"https:\/\/floatplus.com\/fr\/wp-json\/wp\/v2\/media\/31624"}],"wp:attachment":[{"href":"https:\/\/floatplus.com\/fr\/wp-json\/wp\/v2\/media?parent=32653"}],"wp:term":[{"taxonomy":"product_brand","embeddable":true,"href":"https:\/\/floatplus.com\/fr\/wp-json\/wp\/v2\/product_brand?post=32653"},{"taxonomy":"product_cat","embeddable":true,"href":"https:\/\/floatplus.com\/fr\/wp-json\/wp\/v2\/product_cat?post=32653"},{"taxonomy":"product_tag","embeddable":true,"href":"https:\/\/floatplus.com\/fr\/wp-json\/wp\/v2\/product_tag?post=32653"},{"taxonomy":"giftcard-category","embeddable":true,"href":"https:\/\/floatplus.com\/fr\/wp-json\/wp\/v2\/giftcard-category?post=32653"}],"curies":[{"name":"wp","href":"https:\/\/api.w.org\/{rel}","templated":true}]}}