{"id":33306,"date":"2025-04-04T13:34:43","date_gmt":"2025-04-04T13:34:43","guid":{"rendered":"https:\/\/floatplus.com\/product\/support-moteur-l-pour-moteur-electrique\/"},"modified":"2025-04-09T08:50:07","modified_gmt":"2025-04-09T08:50:07","slug":"support-moteur-l-pour-moteur-electrique","status":"publish","type":"product","link":"https:\/\/floatplus.com\/fr\/produit-fr\/support-moteur-l-pour-moteur-electrique\/","title":{"rendered":"Support moteur L pour moteur \u00e9lectrique"},"content":{"rendered":"","protected":false},"excerpt":{"rendered":"<p><span style=\"color: #ffffff;\">Avec ce support moteur en acier rev\u00eatu, vous pouvez facilement fixer votre moteur \u00e9lectrique \u00e0 votre float tube.<br \/>\nLa taille L est con\u00e7ue pour le E-Drifter L et les bellyboats ayant un diam\u00e8tre de boudin de 35 \u00e0 40 cm.<br \/>\n<span style=\"color: #ffffff;\">Ce support peut \u00eatre mont\u00e9 \u00e0 l\u2019avant, que la proue soit plate ou en V.<\/p>\n<p><span style=\"color: #ffffff;\">Les pads de collage sont inclus avec le support.<br \/>\n<span style=\"color: #ffffff;\"><a href=\"https:\/\/floatplus.com\/fr\/produit-fr\/colle-pvc-bengar\/\">Un pot de colle Bengar<\/a> suffit pour les fixer solidement.<br \/>\n<span style=\"color: #ffffff;\">La colle n\u2019est pas incluse dans le prix, mais peut \u00eatre facilement ajout\u00e9e \u00e0 votre commande.<\/p>\n","protected":false},"featured_media":33217,"comment_status":"open","ping_status":"closed","template":"","meta":[],"product_brand":[],"product_cat":[193],"product_tag":[439],"giftcard-category":[],"class_list":{"0":"post-33306","1":"product","2":"type-product","3":"status-publish","4":"has-post-thumbnail","6":"product_cat-accessoires-fr","7":"product_tag-productfeed","9":"first","10":"instock","11":"taxable","12":"shipping-taxable","13":"purchasable","14":"product-type-simple"},"yoast_head":"<!-- This site is optimized with the Yoast SEO Premium plugin v23.1 (Yoast SEO v27.4) - https:\/\/yoast.com\/product\/yoast-seo-premium-wordpress\/ -->\n<title>Support moteur L pour moteur \u00e9lectrique - Float Plus<\/title>\n<meta name=\"description\" content=\"Avec ce support moteur en acier rev\u00eatu, vous pouvez facilement fixer votre moteur \u00e9lectrique \u00e0 votre float tube.\" \/>\n<meta name=\"robots\" content=\"index, follow, max-snippet:-1, max-image-preview:large, max-video-preview:-1\" \/>\n<link rel=\"canonical\" href=\"https:\/\/floatplus.com\/fr\/produit-fr\/support-moteur-l-pour-moteur-electrique\/\" \/>\n<meta property=\"og:locale\" content=\"fr_FR\" \/>\n<meta property=\"og:type\" content=\"article\" \/>\n<meta property=\"og:title\" content=\"Support moteur L pour moteur \u00e9lectrique - Float Plus\" \/>\n<meta property=\"og:description\" content=\"Avec ce support moteur en acier rev\u00eatu, vous pouvez facilement fixer votre moteur \u00e9lectrique \u00e0 votre float tube.\" \/>\n<meta property=\"og:url\" content=\"https:\/\/floatplus.com\/fr\/produit-fr\/support-moteur-l-pour-moteur-electrique\/\" \/>\n<meta property=\"og:site_name\" content=\"Float Plus\" \/>\n<meta property=\"article:publisher\" content=\"https:\/\/www.facebook.com\/floatpluspro\/\" \/>\n<meta property=\"article:modified_time\" content=\"2025-04-09T08:50:07+00:00\" \/>\n<meta property=\"og:image\" content=\"https:\/\/floatplus.com\/wp-content\/uploads\/2025\/04\/motorsteun-L.jpg\" \/>\n\t<meta property=\"og:image:width\" content=\"2000\" \/>\n\t<meta property=\"og:image:height\" content=\"1500\" \/>\n\t<meta property=\"og:image:type\" content=\"image\/jpeg\" \/>\n<meta name=\"twitter:card\" content=\"summary_large_image\" \/>\n<meta name=\"twitter:label1\" content=\"Dur\u00e9e de lecture estim\u00e9e\" \/>\n\t<meta name=\"twitter:data1\" content=\"1 minute\" \/>\n<script type=\"application\/ld+json\" class=\"yoast-schema-graph\">{\"@context\":\"https:\\\/\\\/schema.org\",\"@graph\":[{\"@type\":\"WebPage\",\"@id\":\"https:\\\/\\\/floatplus.com\\\/fr\\\/produit-fr\\\/support-moteur-l-pour-moteur-electrique\\\/\",\"url\":\"https:\\\/\\\/floatplus.com\\\/fr\\\/produit-fr\\\/support-moteur-l-pour-moteur-electrique\\\/\",\"name\":\"Support moteur L pour moteur \u00e9lectrique - Float Plus\",\"isPartOf\":{\"@id\":\"https:\\\/\\\/floatplus.com\\\/fr\\\/#website\"},\"primaryImageOfPage\":{\"@id\":\"https:\\\/\\\/floatplus.com\\\/fr\\\/produit-fr\\\/support-moteur-l-pour-moteur-electrique\\\/#primaryimage\"},\"image\":{\"@id\":\"https:\\\/\\\/floatplus.com\\\/fr\\\/produit-fr\\\/support-moteur-l-pour-moteur-electrique\\\/#primaryimage\"},\"thumbnailUrl\":\"https:\\\/\\\/i0.wp.com\\\/floatplus.com\\\/wp-content\\\/uploads\\\/2025\\\/04\\\/motorsteun-L.jpg?fit=2000%2C1500&ssl=1\",\"datePublished\":\"2025-04-04T13:34:43+00:00\",\"dateModified\":\"2025-04-09T08:50:07+00:00\",\"description\":\"Avec ce support moteur en acier rev\u00eatu, vous pouvez facilement fixer votre moteur \u00e9lectrique \u00e0 votre float tube.\",\"breadcrumb\":{\"@id\":\"https:\\\/\\\/floatplus.com\\\/fr\\\/produit-fr\\\/support-moteur-l-pour-moteur-electrique\\\/#breadcrumb\"},\"inLanguage\":\"fr-FR\",\"potentialAction\":[{\"@type\":\"ReadAction\",\"target\":[\"https:\\\/\\\/floatplus.com\\\/fr\\\/produit-fr\\\/support-moteur-l-pour-moteur-electrique\\\/\"]}]},{\"@type\":\"ImageObject\",\"inLanguage\":\"fr-FR\",\"@id\":\"https:\\\/\\\/floatplus.com\\\/fr\\\/produit-fr\\\/support-moteur-l-pour-moteur-electrique\\\/#primaryimage\",\"url\":\"https:\\\/\\\/i0.wp.com\\\/floatplus.com\\\/wp-content\\\/uploads\\\/2025\\\/04\\\/motorsteun-L.jpg?fit=2000%2C1500&ssl=1\",\"contentUrl\":\"https:\\\/\\\/i0.wp.com\\\/floatplus.com\\\/wp-content\\\/uploads\\\/2025\\\/04\\\/motorsteun-L.jpg?fit=2000%2C1500&ssl=1\",\"width\":2000,\"height\":1500},{\"@type\":\"BreadcrumbList\",\"@id\":\"https:\\\/\\\/floatplus.com\\\/fr\\\/produit-fr\\\/support-moteur-l-pour-moteur-electrique\\\/#breadcrumb\",\"itemListElement\":[{\"@type\":\"ListItem\",\"position\":1,\"name\":\"Home\",\"item\":\"https:\\\/\\\/floatplus.com\\\/fr\\\/\"},{\"@type\":\"ListItem\",\"position\":2,\"name\":\"Boutique\",\"item\":\"https:\\\/\\\/floatplus.com\\\/fr\\\/boutique-fr\\\/\"},{\"@type\":\"ListItem\",\"position\":3,\"name\":\"Support moteur L pour moteur \u00e9lectrique\"}]},{\"@type\":\"WebSite\",\"@id\":\"https:\\\/\\\/floatplus.com\\\/fr\\\/#website\",\"url\":\"https:\\\/\\\/floatplus.com\\\/fr\\\/\",\"name\":\"Float Plus\",\"description\":\"Worldleader in Bellyboats and Bellyboat Motors\",\"publisher\":{\"@id\":\"https:\\\/\\\/floatplus.com\\\/fr\\\/#organization\"},\"potentialAction\":[{\"@type\":\"SearchAction\",\"target\":{\"@type\":\"EntryPoint\",\"urlTemplate\":\"https:\\\/\\\/floatplus.com\\\/fr\\\/?s={search_term_string}\"},\"query-input\":{\"@type\":\"PropertyValueSpecification\",\"valueRequired\":true,\"valueName\":\"search_term_string\"}}],\"inLanguage\":\"fr-FR\"},{\"@type\":\"Organization\",\"@id\":\"https:\\\/\\\/floatplus.com\\\/fr\\\/#organization\",\"name\":\"Float Plus Bellyboat & Bellyboat Motor\",\"url\":\"https:\\\/\\\/floatplus.com\\\/fr\\\/\",\"logo\":{\"@type\":\"ImageObject\",\"inLanguage\":\"fr-FR\",\"@id\":\"https:\\\/\\\/floatplus.com\\\/fr\\\/#\\\/schema\\\/logo\\\/image\\\/\",\"url\":\"https:\\\/\\\/i0.wp.com\\\/floatplus.com\\\/wp-content\\\/uploads\\\/2021\\\/01\\\/logo-floatplus_icon.png?fit=135%2C135&ssl=1\",\"contentUrl\":\"https:\\\/\\\/i0.wp.com\\\/floatplus.com\\\/wp-content\\\/uploads\\\/2021\\\/01\\\/logo-floatplus_icon.png?fit=135%2C135&ssl=1\",\"width\":135,\"height\":135,\"caption\":\"Float Plus Bellyboat & Bellyboat Motor\"},\"image\":{\"@id\":\"https:\\\/\\\/floatplus.com\\\/fr\\\/#\\\/schema\\\/logo\\\/image\\\/\"},\"sameAs\":[\"https:\\\/\\\/www.facebook.com\\\/floatpluspro\\\/\",\"https:\\\/\\\/www.instagram.com\\\/floatplus\\\/\",\"https:\\\/\\\/www.youtube.com\\\/channel\\\/UCOawieW3u0T3mWwNTVFOVMQ\"]}]}<\/script>\n<!-- \/ Yoast SEO Premium plugin. -->","yoast_head_json":{"title":"Support moteur L pour moteur \u00e9lectrique - Float Plus","description":"Avec ce support moteur en acier rev\u00eatu, vous pouvez facilement fixer votre moteur \u00e9lectrique \u00e0 votre float tube.","robots":{"index":"index","follow":"follow","max-snippet":"max-snippet:-1","max-image-preview":"max-image-preview:large","max-video-preview":"max-video-preview:-1"},"canonical":"https:\/\/floatplus.com\/fr\/produit-fr\/support-moteur-l-pour-moteur-electrique\/","og_locale":"fr_FR","og_type":"article","og_title":"Support moteur L pour moteur \u00e9lectrique - Float Plus","og_description":"Avec ce support moteur en acier rev\u00eatu, vous pouvez facilement fixer votre moteur \u00e9lectrique \u00e0 votre float tube.","og_url":"https:\/\/floatplus.com\/fr\/produit-fr\/support-moteur-l-pour-moteur-electrique\/","og_site_name":"Float Plus","article_publisher":"https:\/\/www.facebook.com\/floatpluspro\/","article_modified_time":"2025-04-09T08:50:07+00:00","og_image":[{"width":2000,"height":1500,"url":"https:\/\/floatplus.com\/wp-content\/uploads\/2025\/04\/motorsteun-L.jpg","type":"image\/jpeg"}],"twitter_card":"summary_large_image","twitter_misc":{"Dur\u00e9e de lecture estim\u00e9e":"1 minute"},"schema":{"@context":"https:\/\/schema.org","@graph":[{"@type":"WebPage","@id":"https:\/\/floatplus.com\/fr\/produit-fr\/support-moteur-l-pour-moteur-electrique\/","url":"https:\/\/floatplus.com\/fr\/produit-fr\/support-moteur-l-pour-moteur-electrique\/","name":"Support moteur L pour moteur \u00e9lectrique - Float Plus","isPartOf":{"@id":"https:\/\/floatplus.com\/fr\/#website"},"primaryImageOfPage":{"@id":"https:\/\/floatplus.com\/fr\/produit-fr\/support-moteur-l-pour-moteur-electrique\/#primaryimage"},"image":{"@id":"https:\/\/floatplus.com\/fr\/produit-fr\/support-moteur-l-pour-moteur-electrique\/#primaryimage"},"thumbnailUrl":"https:\/\/i0.wp.com\/floatplus.com\/wp-content\/uploads\/2025\/04\/motorsteun-L.jpg?fit=2000%2C1500&ssl=1","datePublished":"2025-04-04T13:34:43+00:00","dateModified":"2025-04-09T08:50:07+00:00","description":"Avec ce support moteur en acier rev\u00eatu, vous pouvez facilement fixer votre moteur \u00e9lectrique \u00e0 votre float tube.","breadcrumb":{"@id":"https:\/\/floatplus.com\/fr\/produit-fr\/support-moteur-l-pour-moteur-electrique\/#breadcrumb"},"inLanguage":"fr-FR","potentialAction":[{"@type":"ReadAction","target":["https:\/\/floatplus.com\/fr\/produit-fr\/support-moteur-l-pour-moteur-electrique\/"]}]},{"@type":"ImageObject","inLanguage":"fr-FR","@id":"https:\/\/floatplus.com\/fr\/produit-fr\/support-moteur-l-pour-moteur-electrique\/#primaryimage","url":"https:\/\/i0.wp.com\/floatplus.com\/wp-content\/uploads\/2025\/04\/motorsteun-L.jpg?fit=2000%2C1500&ssl=1","contentUrl":"https:\/\/i0.wp.com\/floatplus.com\/wp-content\/uploads\/2025\/04\/motorsteun-L.jpg?fit=2000%2C1500&ssl=1","width":2000,"height":1500},{"@type":"BreadcrumbList","@id":"https:\/\/floatplus.com\/fr\/produit-fr\/support-moteur-l-pour-moteur-electrique\/#breadcrumb","itemListElement":[{"@type":"ListItem","position":1,"name":"Home","item":"https:\/\/floatplus.com\/fr\/"},{"@type":"ListItem","position":2,"name":"Boutique","item":"https:\/\/floatplus.com\/fr\/boutique-fr\/"},{"@type":"ListItem","position":3,"name":"Support moteur L pour moteur \u00e9lectrique"}]},{"@type":"WebSite","@id":"https:\/\/floatplus.com\/fr\/#website","url":"https:\/\/floatplus.com\/fr\/","name":"Float Plus","description":"Worldleader in Bellyboats and Bellyboat Motors","publisher":{"@id":"https:\/\/floatplus.com\/fr\/#organization"},"potentialAction":[{"@type":"SearchAction","target":{"@type":"EntryPoint","urlTemplate":"https:\/\/floatplus.com\/fr\/?s={search_term_string}"},"query-input":{"@type":"PropertyValueSpecification","valueRequired":true,"valueName":"search_term_string"}}],"inLanguage":"fr-FR"},{"@type":"Organization","@id":"https:\/\/floatplus.com\/fr\/#organization","name":"Float Plus Bellyboat & Bellyboat Motor","url":"https:\/\/floatplus.com\/fr\/","logo":{"@type":"ImageObject","inLanguage":"fr-FR","@id":"https:\/\/floatplus.com\/fr\/#\/schema\/logo\/image\/","url":"https:\/\/i0.wp.com\/floatplus.com\/wp-content\/uploads\/2021\/01\/logo-floatplus_icon.png?fit=135%2C135&ssl=1","contentUrl":"https:\/\/i0.wp.com\/floatplus.com\/wp-content\/uploads\/2021\/01\/logo-floatplus_icon.png?fit=135%2C135&ssl=1","width":135,"height":135,"caption":"Float Plus Bellyboat & Bellyboat Motor"},"image":{"@id":"https:\/\/floatplus.com\/fr\/#\/schema\/logo\/image\/"},"sameAs":["https:\/\/www.facebook.com\/floatpluspro\/","https:\/\/www.instagram.com\/floatplus\/","https:\/\/www.youtube.com\/channel\/UCOawieW3u0T3mWwNTVFOVMQ"]}]}},"_links":{"self":[{"href":"https:\/\/floatplus.com\/fr\/wp-json\/wp\/v2\/product\/33306","targetHints":{"allow":["GET"]}}],"collection":[{"href":"https:\/\/floatplus.com\/fr\/wp-json\/wp\/v2\/product"}],"about":[{"href":"https:\/\/floatplus.com\/fr\/wp-json\/wp\/v2\/types\/product"}],"replies":[{"embeddable":true,"href":"https:\/\/floatplus.com\/fr\/wp-json\/wp\/v2\/comments?post=33306"}],"wp:featuredmedia":[{"embeddable":true,"href":"https:\/\/floatplus.com\/fr\/wp-json\/wp\/v2\/media\/33217"}],"wp:attachment":[{"href":"https:\/\/floatplus.com\/fr\/wp-json\/wp\/v2\/media?parent=33306"}],"wp:term":[{"taxonomy":"product_brand","embeddable":true,"href":"https:\/\/floatplus.com\/fr\/wp-json\/wp\/v2\/product_brand?post=33306"},{"taxonomy":"product_cat","embeddable":true,"href":"https:\/\/floatplus.com\/fr\/wp-json\/wp\/v2\/product_cat?post=33306"},{"taxonomy":"product_tag","embeddable":true,"href":"https:\/\/floatplus.com\/fr\/wp-json\/wp\/v2\/product_tag?post=33306"},{"taxonomy":"giftcard-category","embeddable":true,"href":"https:\/\/floatplus.com\/fr\/wp-json\/wp\/v2\/giftcard-category?post=33306"}],"curies":[{"name":"wp","href":"https:\/\/api.w.org\/{rel}","templated":true}]}}