{"id":33954,"date":"2025-05-26T08:26:35","date_gmt":"2025-05-26T08:26:35","guid":{"rendered":"https:\/\/floatplus.com\/product\/float-plus-carbon-rod-avec-scotty-pads\/"},"modified":"2025-06-09T19:33:01","modified_gmt":"2025-06-09T19:33:01","slug":"float-plus-carbon-rod-avec-scotty-pads","status":"publish","type":"product","link":"https:\/\/floatplus.com\/fr\/produit-fr\/float-plus-carbon-rod-avec-scotty-pads\/","title":{"rendered":"Float Plus Carbon Rod avec Scotty pads"},"content":{"rendered":"<section class=\"wpb-content-wrapper\"><p>[vc_row][vc_column css=\u00a0\u00bb.vc_custom_1749497113828{padding-top: 3rem !important;}\u00a0\u00bb conditional_render=\u00a0\u00bb%5B%7B%22value_role%22%3A%22administrator%22%7D%5D\u00a0\u00bb][vc_video link=\u00a0\u00bbhttps:\/\/www.youtube.com\/shorts\/eDiySb7YRww\u00a0\u00bb el_aspect=\u00a0\u00bb34&Prime;][\/vc_column][\/vc_row]<\/p>\n<\/section>","protected":false},"excerpt":{"rendered":"<p>Float Plus Custom Carbon Rod pour votre montage de bateau ventral<\/p>\n<p>En tant que p\u00eacheur en bateau ventral, vous savez \u00e0 quel point il est important d&rsquo;avoir une installation fonctionnelle et bien ajust\u00e9e.<br \/>\nC&rsquo;est pourquoi nous avons d\u00e9velopp\u00e9 une canne en carbone sur mesure, adapt\u00e9e \u00e0 votre bateau.<\/p>\n<p>Le fonctionnement est simple :<br \/>\nDonnez-nous la longueur maximale en millim\u00e8tres, mesur\u00e9e de l&rsquo;ext\u00e9rieur d&rsquo;un plot de montage \u00e0 l&rsquo;ext\u00e9rieur de l&rsquo;autre plot de montage.<br \/>\nNous d\u00e9couperons alors avec pr\u00e9cision la tige de carbone et la collerons professionnellement pour en faire un assemblage pr\u00eat \u00e0 l&#8217;emploi.<\/p>\n<p>Tout ce que vous avez \u00e0 faire est de le coller sur votre bateau ventral &#8211; pas de sciage, pas de tracas.<br \/>\nC&rsquo;est ainsi que nous vous permettons de personnaliser le bateau de vos r\u00eaves jusque dans les moindres d\u00e9tails !<\/p>\n","protected":false},"featured_media":33921,"comment_status":"open","ping_status":"closed","template":"","meta":[],"product_brand":[],"product_cat":[193],"product_tag":[439],"giftcard-category":[],"class_list":{"0":"post-33954","1":"product","2":"type-product","3":"status-publish","4":"has-post-thumbnail","6":"product_cat-accessoires-fr","7":"product_tag-productfeed","9":"first","10":"instock","11":"taxable","12":"shipping-taxable","13":"purchasable","14":"product-type-simple"},"yoast_head":"<!-- This site is optimized with the Yoast SEO Premium plugin v23.1 (Yoast SEO v27.6) - https:\/\/yoast.com\/product\/yoast-seo-premium-wordpress\/ -->\n<title>Float Plus Carbon Rod avec Scotty pads - Float Plus<\/title>\n<meta name=\"description\" content=\"Float Plus Custom Carbon Rod pour votre montage de bateau ventral  En tant que p\u00eacheur en bateau ventral, vous savez \u00e0 quel point il est important d&#039;avoir une installation fonctionnelle et bien ajust\u00e9e. C&#039;est pourquoi nous avons d\u00e9velopp\u00e9 une canne en carbone sur mesure, adapt\u00e9e \u00e0 votre bateau.  Le fonctionnement est simple : Donnez-nous la longueur maximale en millim\u00e8tres, mesur\u00e9e de l&#039;ext\u00e9rieur d&#039;un plot de montage \u00e0 l&#039;ext\u00e9rieur de l&#039;autre plot de montage. Nous d\u00e9couperons alors avec pr\u00e9cision la tige de carbone et la collerons professionnellement pour en faire un assemblage pr\u00eat \u00e0 l&#039;emploi.  Tout ce que vous avez \u00e0 faire est de le coller sur votre bateau ventral - pas de sciage, pas de tracas. C&#039;est ainsi que nous vous permettons de personnaliser le bateau de vos r\u00eaves jusque dans les moindres d\u00e9tails !\" \/>\n<meta name=\"robots\" content=\"index, follow, max-snippet:-1, max-image-preview:large, max-video-preview:-1\" \/>\n<link rel=\"canonical\" href=\"https:\/\/floatplus.com\/fr\/produit-fr\/float-plus-carbon-rod-avec-scotty-pads\/\" \/>\n<meta property=\"og:locale\" content=\"fr_FR\" \/>\n<meta property=\"og:type\" content=\"article\" \/>\n<meta property=\"og:title\" content=\"Float Plus Carbon Rod avec Scotty pads - Float Plus\" \/>\n<meta property=\"og:description\" content=\"Float Plus Custom Carbon Rod pour votre montage de bateau ventral  En tant que p\u00eacheur en bateau ventral, vous savez \u00e0 quel point il est important d&#039;avoir une installation fonctionnelle et bien ajust\u00e9e. C&#039;est pourquoi nous avons d\u00e9velopp\u00e9 une canne en carbone sur mesure, adapt\u00e9e \u00e0 votre bateau.  Le fonctionnement est simple : Donnez-nous la longueur maximale en millim\u00e8tres, mesur\u00e9e de l&#039;ext\u00e9rieur d&#039;un plot de montage \u00e0 l&#039;ext\u00e9rieur de l&#039;autre plot de montage. Nous d\u00e9couperons alors avec pr\u00e9cision la tige de carbone et la collerons professionnellement pour en faire un assemblage pr\u00eat \u00e0 l&#039;emploi.  Tout ce que vous avez \u00e0 faire est de le coller sur votre bateau ventral - pas de sciage, pas de tracas. C&#039;est ainsi que nous vous permettons de personnaliser le bateau de vos r\u00eaves jusque dans les moindres d\u00e9tails !\" \/>\n<meta property=\"og:url\" content=\"https:\/\/floatplus.com\/fr\/produit-fr\/float-plus-carbon-rod-avec-scotty-pads\/\" \/>\n<meta property=\"og:site_name\" content=\"Float Plus\" \/>\n<meta property=\"article:publisher\" content=\"https:\/\/www.facebook.com\/floatpluspro\/\" \/>\n<meta property=\"article:modified_time\" content=\"2025-06-09T19:33:01+00:00\" \/>\n<meta property=\"og:image\" content=\"https:\/\/floatplus.com\/wp-content\/uploads\/2025\/05\/10708-close-up-FP-carbonstang-met-scotty.jpg\" \/>\n\t<meta property=\"og:image:width\" content=\"2500\" \/>\n\t<meta property=\"og:image:height\" content=\"1668\" \/>\n\t<meta property=\"og:image:type\" content=\"image\/jpeg\" \/>\n<meta name=\"twitter:card\" content=\"summary_large_image\" \/>\n<meta name=\"twitter:label1\" content=\"Dur\u00e9e de lecture estim\u00e9e\" \/>\n\t<meta name=\"twitter:data1\" content=\"1 minute\" \/>\n<script type=\"application\/ld+json\" class=\"yoast-schema-graph\">{\"@context\":\"https:\\\/\\\/schema.org\",\"@graph\":[{\"@type\":\"WebPage\",\"@id\":\"https:\\\/\\\/floatplus.com\\\/fr\\\/produit-fr\\\/float-plus-carbon-rod-avec-scotty-pads\\\/\",\"url\":\"https:\\\/\\\/floatplus.com\\\/fr\\\/produit-fr\\\/float-plus-carbon-rod-avec-scotty-pads\\\/\",\"name\":\"Float Plus Carbon Rod avec Scotty pads - Float Plus\",\"isPartOf\":{\"@id\":\"https:\\\/\\\/floatplus.com\\\/fr\\\/#website\"},\"primaryImageOfPage\":{\"@id\":\"https:\\\/\\\/floatplus.com\\\/fr\\\/produit-fr\\\/float-plus-carbon-rod-avec-scotty-pads\\\/#primaryimage\"},\"image\":{\"@id\":\"https:\\\/\\\/floatplus.com\\\/fr\\\/produit-fr\\\/float-plus-carbon-rod-avec-scotty-pads\\\/#primaryimage\"},\"thumbnailUrl\":\"https:\\\/\\\/i0.wp.com\\\/floatplus.com\\\/wp-content\\\/uploads\\\/2025\\\/05\\\/10708-close-up-FP-carbonstang-met-scotty.jpg?fit=2500%2C1668&ssl=1\",\"datePublished\":\"2025-05-26T08:26:35+00:00\",\"dateModified\":\"2025-06-09T19:33:01+00:00\",\"description\":\"Float Plus Custom Carbon Rod pour votre montage de bateau ventral En tant que p\u00eacheur en bateau ventral, vous savez \u00e0 quel point il est important d'avoir une installation fonctionnelle et bien ajust\u00e9e. C'est pourquoi nous avons d\u00e9velopp\u00e9 une canne en carbone sur mesure, adapt\u00e9e \u00e0 votre bateau. Le fonctionnement est simple : Donnez-nous la longueur maximale en millim\u00e8tres, mesur\u00e9e de l'ext\u00e9rieur d'un plot de montage \u00e0 l'ext\u00e9rieur de l'autre plot de montage. Nous d\u00e9couperons alors avec pr\u00e9cision la tige de carbone et la collerons professionnellement pour en faire un assemblage pr\u00eat \u00e0 l'emploi. Tout ce que vous avez \u00e0 faire est de le coller sur votre bateau ventral - pas de sciage, pas de tracas. C'est ainsi que nous vous permettons de personnaliser le bateau de vos r\u00eaves jusque dans les moindres d\u00e9tails !\",\"breadcrumb\":{\"@id\":\"https:\\\/\\\/floatplus.com\\\/fr\\\/produit-fr\\\/float-plus-carbon-rod-avec-scotty-pads\\\/#breadcrumb\"},\"inLanguage\":\"fr-FR\",\"potentialAction\":[{\"@type\":\"ReadAction\",\"target\":[\"https:\\\/\\\/floatplus.com\\\/fr\\\/produit-fr\\\/float-plus-carbon-rod-avec-scotty-pads\\\/\"]}]},{\"@type\":\"ImageObject\",\"inLanguage\":\"fr-FR\",\"@id\":\"https:\\\/\\\/floatplus.com\\\/fr\\\/produit-fr\\\/float-plus-carbon-rod-avec-scotty-pads\\\/#primaryimage\",\"url\":\"https:\\\/\\\/i0.wp.com\\\/floatplus.com\\\/wp-content\\\/uploads\\\/2025\\\/05\\\/10708-close-up-FP-carbonstang-met-scotty.jpg?fit=2500%2C1668&ssl=1\",\"contentUrl\":\"https:\\\/\\\/i0.wp.com\\\/floatplus.com\\\/wp-content\\\/uploads\\\/2025\\\/05\\\/10708-close-up-FP-carbonstang-met-scotty.jpg?fit=2500%2C1668&ssl=1\",\"width\":2500,\"height\":1668},{\"@type\":\"BreadcrumbList\",\"@id\":\"https:\\\/\\\/floatplus.com\\\/fr\\\/produit-fr\\\/float-plus-carbon-rod-avec-scotty-pads\\\/#breadcrumb\",\"itemListElement\":[{\"@type\":\"ListItem\",\"position\":1,\"name\":\"Home\",\"item\":\"https:\\\/\\\/floatplus.com\\\/fr\\\/\"},{\"@type\":\"ListItem\",\"position\":2,\"name\":\"Boutique\",\"item\":\"https:\\\/\\\/floatplus.com\\\/fr\\\/boutique-fr\\\/\"},{\"@type\":\"ListItem\",\"position\":3,\"name\":\"Float Plus Carbon Rod avec Scotty pads\"}]},{\"@type\":\"WebSite\",\"@id\":\"https:\\\/\\\/floatplus.com\\\/fr\\\/#website\",\"url\":\"https:\\\/\\\/floatplus.com\\\/fr\\\/\",\"name\":\"Float Plus\",\"description\":\"Worldleader in Bellyboats and Bellyboat Motors\",\"publisher\":{\"@id\":\"https:\\\/\\\/floatplus.com\\\/fr\\\/#organization\"},\"potentialAction\":[{\"@type\":\"SearchAction\",\"target\":{\"@type\":\"EntryPoint\",\"urlTemplate\":\"https:\\\/\\\/floatplus.com\\\/fr\\\/?s={search_term_string}\"},\"query-input\":{\"@type\":\"PropertyValueSpecification\",\"valueRequired\":true,\"valueName\":\"search_term_string\"}}],\"inLanguage\":\"fr-FR\"},{\"@type\":\"Organization\",\"@id\":\"https:\\\/\\\/floatplus.com\\\/fr\\\/#organization\",\"name\":\"Float Plus Bellyboat & Bellyboat Motor\",\"url\":\"https:\\\/\\\/floatplus.com\\\/fr\\\/\",\"logo\":{\"@type\":\"ImageObject\",\"inLanguage\":\"fr-FR\",\"@id\":\"https:\\\/\\\/floatplus.com\\\/fr\\\/#\\\/schema\\\/logo\\\/image\\\/\",\"url\":\"https:\\\/\\\/i0.wp.com\\\/floatplus.com\\\/wp-content\\\/uploads\\\/2021\\\/01\\\/logo-floatplus_icon.png?fit=135%2C135&ssl=1\",\"contentUrl\":\"https:\\\/\\\/i0.wp.com\\\/floatplus.com\\\/wp-content\\\/uploads\\\/2021\\\/01\\\/logo-floatplus_icon.png?fit=135%2C135&ssl=1\",\"width\":135,\"height\":135,\"caption\":\"Float Plus Bellyboat & Bellyboat Motor\"},\"image\":{\"@id\":\"https:\\\/\\\/floatplus.com\\\/fr\\\/#\\\/schema\\\/logo\\\/image\\\/\"},\"sameAs\":[\"https:\\\/\\\/www.facebook.com\\\/floatpluspro\\\/\",\"https:\\\/\\\/www.instagram.com\\\/floatplus\\\/\",\"https:\\\/\\\/www.youtube.com\\\/channel\\\/UCOawieW3u0T3mWwNTVFOVMQ\"]}]}<\/script>\n<!-- \/ Yoast SEO Premium plugin. -->","yoast_head_json":{"title":"Float Plus Carbon Rod avec Scotty pads - Float Plus","description":"Float Plus Custom Carbon Rod pour votre montage de bateau ventral  En tant que p\u00eacheur en bateau ventral, vous savez \u00e0 quel point il est important d'avoir une installation fonctionnelle et bien ajust\u00e9e. C'est pourquoi nous avons d\u00e9velopp\u00e9 une canne en carbone sur mesure, adapt\u00e9e \u00e0 votre bateau.  Le fonctionnement est simple : Donnez-nous la longueur maximale en millim\u00e8tres, mesur\u00e9e de l'ext\u00e9rieur d'un plot de montage \u00e0 l'ext\u00e9rieur de l'autre plot de montage. Nous d\u00e9couperons alors avec pr\u00e9cision la tige de carbone et la collerons professionnellement pour en faire un assemblage pr\u00eat \u00e0 l'emploi.  Tout ce que vous avez \u00e0 faire est de le coller sur votre bateau ventral - pas de sciage, pas de tracas. C'est ainsi que nous vous permettons de personnaliser le bateau de vos r\u00eaves jusque dans les moindres d\u00e9tails !","robots":{"index":"index","follow":"follow","max-snippet":"max-snippet:-1","max-image-preview":"max-image-preview:large","max-video-preview":"max-video-preview:-1"},"canonical":"https:\/\/floatplus.com\/fr\/produit-fr\/float-plus-carbon-rod-avec-scotty-pads\/","og_locale":"fr_FR","og_type":"article","og_title":"Float Plus Carbon Rod avec Scotty pads - Float Plus","og_description":"Float Plus Custom Carbon Rod pour votre montage de bateau ventral  En tant que p\u00eacheur en bateau ventral, vous savez \u00e0 quel point il est important d'avoir une installation fonctionnelle et bien ajust\u00e9e. C'est pourquoi nous avons d\u00e9velopp\u00e9 une canne en carbone sur mesure, adapt\u00e9e \u00e0 votre bateau.  Le fonctionnement est simple : Donnez-nous la longueur maximale en millim\u00e8tres, mesur\u00e9e de l'ext\u00e9rieur d'un plot de montage \u00e0 l'ext\u00e9rieur de l'autre plot de montage. Nous d\u00e9couperons alors avec pr\u00e9cision la tige de carbone et la collerons professionnellement pour en faire un assemblage pr\u00eat \u00e0 l'emploi.  Tout ce que vous avez \u00e0 faire est de le coller sur votre bateau ventral - pas de sciage, pas de tracas. C'est ainsi que nous vous permettons de personnaliser le bateau de vos r\u00eaves jusque dans les moindres d\u00e9tails !","og_url":"https:\/\/floatplus.com\/fr\/produit-fr\/float-plus-carbon-rod-avec-scotty-pads\/","og_site_name":"Float Plus","article_publisher":"https:\/\/www.facebook.com\/floatpluspro\/","article_modified_time":"2025-06-09T19:33:01+00:00","og_image":[{"width":2500,"height":1668,"url":"https:\/\/floatplus.com\/wp-content\/uploads\/2025\/05\/10708-close-up-FP-carbonstang-met-scotty.jpg","type":"image\/jpeg"}],"twitter_card":"summary_large_image","twitter_misc":{"Dur\u00e9e de lecture estim\u00e9e":"1 minute"},"schema":{"@context":"https:\/\/schema.org","@graph":[{"@type":"WebPage","@id":"https:\/\/floatplus.com\/fr\/produit-fr\/float-plus-carbon-rod-avec-scotty-pads\/","url":"https:\/\/floatplus.com\/fr\/produit-fr\/float-plus-carbon-rod-avec-scotty-pads\/","name":"Float Plus Carbon Rod avec Scotty pads - Float Plus","isPartOf":{"@id":"https:\/\/floatplus.com\/fr\/#website"},"primaryImageOfPage":{"@id":"https:\/\/floatplus.com\/fr\/produit-fr\/float-plus-carbon-rod-avec-scotty-pads\/#primaryimage"},"image":{"@id":"https:\/\/floatplus.com\/fr\/produit-fr\/float-plus-carbon-rod-avec-scotty-pads\/#primaryimage"},"thumbnailUrl":"https:\/\/i0.wp.com\/floatplus.com\/wp-content\/uploads\/2025\/05\/10708-close-up-FP-carbonstang-met-scotty.jpg?fit=2500%2C1668&ssl=1","datePublished":"2025-05-26T08:26:35+00:00","dateModified":"2025-06-09T19:33:01+00:00","description":"Float Plus Custom Carbon Rod pour votre montage de bateau ventral En tant que p\u00eacheur en bateau ventral, vous savez \u00e0 quel point il est important d'avoir une installation fonctionnelle et bien ajust\u00e9e. C'est pourquoi nous avons d\u00e9velopp\u00e9 une canne en carbone sur mesure, adapt\u00e9e \u00e0 votre bateau. Le fonctionnement est simple : Donnez-nous la longueur maximale en millim\u00e8tres, mesur\u00e9e de l'ext\u00e9rieur d'un plot de montage \u00e0 l'ext\u00e9rieur de l'autre plot de montage. Nous d\u00e9couperons alors avec pr\u00e9cision la tige de carbone et la collerons professionnellement pour en faire un assemblage pr\u00eat \u00e0 l'emploi. Tout ce que vous avez \u00e0 faire est de le coller sur votre bateau ventral - pas de sciage, pas de tracas. C'est ainsi que nous vous permettons de personnaliser le bateau de vos r\u00eaves jusque dans les moindres d\u00e9tails !","breadcrumb":{"@id":"https:\/\/floatplus.com\/fr\/produit-fr\/float-plus-carbon-rod-avec-scotty-pads\/#breadcrumb"},"inLanguage":"fr-FR","potentialAction":[{"@type":"ReadAction","target":["https:\/\/floatplus.com\/fr\/produit-fr\/float-plus-carbon-rod-avec-scotty-pads\/"]}]},{"@type":"ImageObject","inLanguage":"fr-FR","@id":"https:\/\/floatplus.com\/fr\/produit-fr\/float-plus-carbon-rod-avec-scotty-pads\/#primaryimage","url":"https:\/\/i0.wp.com\/floatplus.com\/wp-content\/uploads\/2025\/05\/10708-close-up-FP-carbonstang-met-scotty.jpg?fit=2500%2C1668&ssl=1","contentUrl":"https:\/\/i0.wp.com\/floatplus.com\/wp-content\/uploads\/2025\/05\/10708-close-up-FP-carbonstang-met-scotty.jpg?fit=2500%2C1668&ssl=1","width":2500,"height":1668},{"@type":"BreadcrumbList","@id":"https:\/\/floatplus.com\/fr\/produit-fr\/float-plus-carbon-rod-avec-scotty-pads\/#breadcrumb","itemListElement":[{"@type":"ListItem","position":1,"name":"Home","item":"https:\/\/floatplus.com\/fr\/"},{"@type":"ListItem","position":2,"name":"Boutique","item":"https:\/\/floatplus.com\/fr\/boutique-fr\/"},{"@type":"ListItem","position":3,"name":"Float Plus Carbon Rod avec Scotty pads"}]},{"@type":"WebSite","@id":"https:\/\/floatplus.com\/fr\/#website","url":"https:\/\/floatplus.com\/fr\/","name":"Float Plus","description":"Worldleader in Bellyboats and Bellyboat Motors","publisher":{"@id":"https:\/\/floatplus.com\/fr\/#organization"},"potentialAction":[{"@type":"SearchAction","target":{"@type":"EntryPoint","urlTemplate":"https:\/\/floatplus.com\/fr\/?s={search_term_string}"},"query-input":{"@type":"PropertyValueSpecification","valueRequired":true,"valueName":"search_term_string"}}],"inLanguage":"fr-FR"},{"@type":"Organization","@id":"https:\/\/floatplus.com\/fr\/#organization","name":"Float Plus Bellyboat & Bellyboat Motor","url":"https:\/\/floatplus.com\/fr\/","logo":{"@type":"ImageObject","inLanguage":"fr-FR","@id":"https:\/\/floatplus.com\/fr\/#\/schema\/logo\/image\/","url":"https:\/\/i0.wp.com\/floatplus.com\/wp-content\/uploads\/2021\/01\/logo-floatplus_icon.png?fit=135%2C135&ssl=1","contentUrl":"https:\/\/i0.wp.com\/floatplus.com\/wp-content\/uploads\/2021\/01\/logo-floatplus_icon.png?fit=135%2C135&ssl=1","width":135,"height":135,"caption":"Float Plus Bellyboat & Bellyboat Motor"},"image":{"@id":"https:\/\/floatplus.com\/fr\/#\/schema\/logo\/image\/"},"sameAs":["https:\/\/www.facebook.com\/floatpluspro\/","https:\/\/www.instagram.com\/floatplus\/","https:\/\/www.youtube.com\/channel\/UCOawieW3u0T3mWwNTVFOVMQ"]}]}},"_links":{"self":[{"href":"https:\/\/floatplus.com\/fr\/wp-json\/wp\/v2\/product\/33954","targetHints":{"allow":["GET"]}}],"collection":[{"href":"https:\/\/floatplus.com\/fr\/wp-json\/wp\/v2\/product"}],"about":[{"href":"https:\/\/floatplus.com\/fr\/wp-json\/wp\/v2\/types\/product"}],"replies":[{"embeddable":true,"href":"https:\/\/floatplus.com\/fr\/wp-json\/wp\/v2\/comments?post=33954"}],"wp:featuredmedia":[{"embeddable":true,"href":"https:\/\/floatplus.com\/fr\/wp-json\/wp\/v2\/media\/33921"}],"wp:attachment":[{"href":"https:\/\/floatplus.com\/fr\/wp-json\/wp\/v2\/media?parent=33954"}],"wp:term":[{"taxonomy":"product_brand","embeddable":true,"href":"https:\/\/floatplus.com\/fr\/wp-json\/wp\/v2\/product_brand?post=33954"},{"taxonomy":"product_cat","embeddable":true,"href":"https:\/\/floatplus.com\/fr\/wp-json\/wp\/v2\/product_cat?post=33954"},{"taxonomy":"product_tag","embeddable":true,"href":"https:\/\/floatplus.com\/fr\/wp-json\/wp\/v2\/product_tag?post=33954"},{"taxonomy":"giftcard-category","embeddable":true,"href":"https:\/\/floatplus.com\/fr\/wp-json\/wp\/v2\/giftcard-category?post=33954"}],"curies":[{"name":"wp","href":"https:\/\/api.w.org\/{rel}","templated":true}]}}