{"id":36681,"date":"2026-04-10T07:47:45","date_gmt":"2026-04-10T07:47:45","guid":{"rendered":"https:\/\/floatplus.com\/product\/sjippie-float-tube-nettoyant-1-litre\/"},"modified":"2026-04-10T09:13:01","modified_gmt":"2026-04-10T09:13:01","slug":"sjippie-float-tube-nettoyant-1-litre","status":"publish","type":"product","link":"https:\/\/floatplus.com\/fr\/produit-fr\/sjippie-float-tube-nettoyant-1-litre\/","title":{"rendered":"Sjippie Float tube Nettoyant \u2013 1 Litre"},"content":{"rendered":"","protected":false},"excerpt":{"rendered":"<p><strong>Nettoyant puissant pour float tubes, bateaux en PVC et en hypalon<\/strong><\/p>\n<p>Vous souhaitez nettoyer efficacement votre float tube ? Le Nettoyant Bateau Pneumatique Sjippie est sp\u00e9cialement con\u00e7u pour les surfaces en PVC et en hypalon.<\/p>\n<p><strong>Id\u00e9al pour :<\/strong><\/p>\n<ul>\n<li>Nettoyer votre float tube apr\u00e8s une session de p\u00eache<\/li>\n<li>Nettoyer un bateau pneumatique apr\u00e8s la boue ou des d\u00e9p\u00f4ts<\/li>\n<li>\u00c9liminer les salissures de la ligne de flottaison<\/li>\n<\/ul>\n<p><strong>Avantages<\/strong><\/p>\n<p><i class=\"fas fa-check\" style=\"color: white;\"><\/i> Syst\u00e8me simple spray &amp; wipe<\/p>\n<p><i class=\"fas fa-check\" style=\"color: white;\"><\/i> Sans danger pour le PVC et l\u2019hypalon<\/p>\n<p><i class=\"fas fa-check\" style=\"color: white;\"><\/i> \u00c9limine les salissures tenaces sans endommager<\/p>\n<p>Apr\u00e8s utilisation, votre bateau retrouve un aspect propre, frais et une couleur intense.<\/p>\n<p><strong>Mode d\u2019emploi :<\/strong><\/p>\n<p>Pulv\u00e9riser sur une surface mouill\u00e9e, laisser agir bri\u00e8vement et frotter avec le Scrubby. Rincer \u00e0 l\u2019eau \u2013 s\u00e9chage non n\u00e9cessaire.<\/p>\n<p><strong>Stockage :<\/strong> Conserver \u00e0 l\u2019abri du gel. Conservation illimit\u00e9e. Tenir hors de port\u00e9e des enfants.<\/p>\n","protected":false},"featured_media":36645,"comment_status":"open","ping_status":"closed","template":"","meta":[],"product_brand":[],"product_cat":[443],"product_tag":[],"giftcard-category":[],"class_list":{"0":"post-36681","1":"product","2":"type-product","3":"status-publish","4":"has-post-thumbnail","6":"product_cat-sjippie","8":"first","9":"instock","10":"taxable","11":"shipping-taxable","12":"purchasable","13":"product-type-simple"},"yoast_head":"<!-- This site is optimized with the Yoast SEO Premium plugin v23.1 (Yoast SEO v27.4) - https:\/\/yoast.com\/product\/yoast-seo-premium-wordpress\/ -->\n<title>Sjippie Float tube Nettoyant \u2013 1 Litre - Float Plus<\/title>\n<meta name=\"description\" content=\"Nettoyant puissant pour float tubes, bateaux en PVC et en hypalon  Vous souhaitez nettoyer efficacement votre float tube ? Le Nettoyant Bateau Pneumatique Sjippie est sp\u00e9cialement con\u00e7u pour les surfaces en PVC et en hypalon.  Id\u00e9al pour :   Nettoyer votre float tube apr\u00e8s une session de p\u00eache  Nettoyer un bateau pneumatique apr\u00e8s la boue ou des d\u00e9p\u00f4ts  \u00c9liminer les salissures de la ligne de flottaison  Avantages   Syst\u00e8me simple spray &amp; wipe   Sans danger pour le PVC et l\u2019hypalon   \u00c9limine les salissures tenaces sans endommager  Apr\u00e8s utilisation, votre bateau retrouve un aspect propre, frais et une couleur intense.  Mode d\u2019emploi :  Pulv\u00e9riser sur une surface mouill\u00e9e, laisser agir bri\u00e8vement et frotter avec le Scrubby. Rincer \u00e0 l\u2019eau \u2013 s\u00e9chage non n\u00e9cessaire.  Stockage : Conserver \u00e0 l\u2019abri du gel. Conservation illimit\u00e9e. Tenir hors de port\u00e9e des enfants.\" \/>\n<meta name=\"robots\" content=\"index, follow, max-snippet:-1, max-image-preview:large, max-video-preview:-1\" \/>\n<link rel=\"canonical\" href=\"https:\/\/floatplus.com\/fr\/produit-fr\/sjippie-float-tube-nettoyant-1-litre\/\" \/>\n<meta property=\"og:locale\" content=\"fr_FR\" \/>\n<meta property=\"og:type\" content=\"article\" \/>\n<meta property=\"og:title\" content=\"Sjippie Float tube Nettoyant \u2013 1 Litre - Float Plus\" \/>\n<meta property=\"og:description\" content=\"Nettoyant puissant pour float tubes, bateaux en PVC et en hypalon  Vous souhaitez nettoyer efficacement votre float tube ? Le Nettoyant Bateau Pneumatique Sjippie est sp\u00e9cialement con\u00e7u pour les surfaces en PVC et en hypalon.  Id\u00e9al pour :   Nettoyer votre float tube apr\u00e8s une session de p\u00eache  Nettoyer un bateau pneumatique apr\u00e8s la boue ou des d\u00e9p\u00f4ts  \u00c9liminer les salissures de la ligne de flottaison  Avantages   Syst\u00e8me simple spray &amp; wipe   Sans danger pour le PVC et l\u2019hypalon   \u00c9limine les salissures tenaces sans endommager  Apr\u00e8s utilisation, votre bateau retrouve un aspect propre, frais et une couleur intense.  Mode d\u2019emploi :  Pulv\u00e9riser sur une surface mouill\u00e9e, laisser agir bri\u00e8vement et frotter avec le Scrubby. Rincer \u00e0 l\u2019eau \u2013 s\u00e9chage non n\u00e9cessaire.  Stockage : Conserver \u00e0 l\u2019abri du gel. Conservation illimit\u00e9e. Tenir hors de port\u00e9e des enfants.\" \/>\n<meta property=\"og:url\" content=\"https:\/\/floatplus.com\/fr\/produit-fr\/sjippie-float-tube-nettoyant-1-litre\/\" \/>\n<meta property=\"og:site_name\" content=\"Float Plus\" \/>\n<meta property=\"article:publisher\" content=\"https:\/\/www.facebook.com\/floatpluspro\/\" \/>\n<meta property=\"article:modified_time\" content=\"2026-04-10T09:13:01+00:00\" \/>\n<meta property=\"og:image\" content=\"https:\/\/floatplus.com\/wp-content\/uploads\/2026\/04\/Bellyboat-reiniger-spray-1-ltr.jpg\" \/>\n\t<meta property=\"og:image:width\" content=\"2000\" \/>\n\t<meta property=\"og:image:height\" content=\"1500\" \/>\n\t<meta property=\"og:image:type\" content=\"image\/jpeg\" \/>\n<meta name=\"twitter:card\" content=\"summary_large_image\" \/>\n<meta name=\"twitter:label1\" content=\"Dur\u00e9e de lecture estim\u00e9e\" \/>\n\t<meta name=\"twitter:data1\" content=\"1 minute\" \/>\n<script type=\"application\/ld+json\" class=\"yoast-schema-graph\">{\"@context\":\"https:\\\/\\\/schema.org\",\"@graph\":[{\"@type\":\"WebPage\",\"@id\":\"https:\\\/\\\/floatplus.com\\\/fr\\\/produit-fr\\\/sjippie-float-tube-nettoyant-1-litre\\\/\",\"url\":\"https:\\\/\\\/floatplus.com\\\/fr\\\/produit-fr\\\/sjippie-float-tube-nettoyant-1-litre\\\/\",\"name\":\"Sjippie Float tube Nettoyant \u2013 1 Litre - Float Plus\",\"isPartOf\":{\"@id\":\"https:\\\/\\\/floatplus.com\\\/fr\\\/#website\"},\"primaryImageOfPage\":{\"@id\":\"https:\\\/\\\/floatplus.com\\\/fr\\\/produit-fr\\\/sjippie-float-tube-nettoyant-1-litre\\\/#primaryimage\"},\"image\":{\"@id\":\"https:\\\/\\\/floatplus.com\\\/fr\\\/produit-fr\\\/sjippie-float-tube-nettoyant-1-litre\\\/#primaryimage\"},\"thumbnailUrl\":\"https:\\\/\\\/i0.wp.com\\\/floatplus.com\\\/wp-content\\\/uploads\\\/2026\\\/04\\\/Bellyboat-reiniger-spray-1-ltr.jpg?fit=2000%2C1500&ssl=1\",\"datePublished\":\"2026-04-10T07:47:45+00:00\",\"dateModified\":\"2026-04-10T09:13:01+00:00\",\"description\":\"Nettoyant puissant pour float tubes, bateaux en PVC et en hypalon Vous souhaitez nettoyer efficacement votre float tube ? Le Nettoyant Bateau Pneumatique Sjippie est sp\u00e9cialement con\u00e7u pour les surfaces en PVC et en hypalon. Id\u00e9al pour : Nettoyer votre float tube apr\u00e8s une session de p\u00eache Nettoyer un bateau pneumatique apr\u00e8s la boue ou des d\u00e9p\u00f4ts \u00c9liminer les salissures de la ligne de flottaison Avantages Syst\u00e8me simple spray &amp; wipe Sans danger pour le PVC et l\u2019hypalon \u00c9limine les salissures tenaces sans endommager Apr\u00e8s utilisation, votre bateau retrouve un aspect propre, frais et une couleur intense. Mode d\u2019emploi : Pulv\u00e9riser sur une surface mouill\u00e9e, laisser agir bri\u00e8vement et frotter avec le Scrubby. Rincer \u00e0 l\u2019eau \u2013 s\u00e9chage non n\u00e9cessaire. Stockage : Conserver \u00e0 l\u2019abri du gel. Conservation illimit\u00e9e. Tenir hors de port\u00e9e des enfants.\",\"breadcrumb\":{\"@id\":\"https:\\\/\\\/floatplus.com\\\/fr\\\/produit-fr\\\/sjippie-float-tube-nettoyant-1-litre\\\/#breadcrumb\"},\"inLanguage\":\"fr-FR\",\"potentialAction\":[{\"@type\":\"ReadAction\",\"target\":[\"https:\\\/\\\/floatplus.com\\\/fr\\\/produit-fr\\\/sjippie-float-tube-nettoyant-1-litre\\\/\"]}]},{\"@type\":\"ImageObject\",\"inLanguage\":\"fr-FR\",\"@id\":\"https:\\\/\\\/floatplus.com\\\/fr\\\/produit-fr\\\/sjippie-float-tube-nettoyant-1-litre\\\/#primaryimage\",\"url\":\"https:\\\/\\\/i0.wp.com\\\/floatplus.com\\\/wp-content\\\/uploads\\\/2026\\\/04\\\/Bellyboat-reiniger-spray-1-ltr.jpg?fit=2000%2C1500&ssl=1\",\"contentUrl\":\"https:\\\/\\\/i0.wp.com\\\/floatplus.com\\\/wp-content\\\/uploads\\\/2026\\\/04\\\/Bellyboat-reiniger-spray-1-ltr.jpg?fit=2000%2C1500&ssl=1\",\"width\":2000,\"height\":1500},{\"@type\":\"BreadcrumbList\",\"@id\":\"https:\\\/\\\/floatplus.com\\\/fr\\\/produit-fr\\\/sjippie-float-tube-nettoyant-1-litre\\\/#breadcrumb\",\"itemListElement\":[{\"@type\":\"ListItem\",\"position\":1,\"name\":\"Home\",\"item\":\"https:\\\/\\\/floatplus.com\\\/fr\\\/\"},{\"@type\":\"ListItem\",\"position\":2,\"name\":\"Boutique\",\"item\":\"https:\\\/\\\/floatplus.com\\\/fr\\\/boutique-fr\\\/\"},{\"@type\":\"ListItem\",\"position\":3,\"name\":\"Sjippie Float tube Nettoyant \u2013 1 Litre\"}]},{\"@type\":\"WebSite\",\"@id\":\"https:\\\/\\\/floatplus.com\\\/fr\\\/#website\",\"url\":\"https:\\\/\\\/floatplus.com\\\/fr\\\/\",\"name\":\"Float Plus\",\"description\":\"Worldleader in Bellyboats and Bellyboat Motors\",\"publisher\":{\"@id\":\"https:\\\/\\\/floatplus.com\\\/fr\\\/#organization\"},\"potentialAction\":[{\"@type\":\"SearchAction\",\"target\":{\"@type\":\"EntryPoint\",\"urlTemplate\":\"https:\\\/\\\/floatplus.com\\\/fr\\\/?s={search_term_string}\"},\"query-input\":{\"@type\":\"PropertyValueSpecification\",\"valueRequired\":true,\"valueName\":\"search_term_string\"}}],\"inLanguage\":\"fr-FR\"},{\"@type\":\"Organization\",\"@id\":\"https:\\\/\\\/floatplus.com\\\/fr\\\/#organization\",\"name\":\"Float Plus Bellyboat & Bellyboat Motor\",\"url\":\"https:\\\/\\\/floatplus.com\\\/fr\\\/\",\"logo\":{\"@type\":\"ImageObject\",\"inLanguage\":\"fr-FR\",\"@id\":\"https:\\\/\\\/floatplus.com\\\/fr\\\/#\\\/schema\\\/logo\\\/image\\\/\",\"url\":\"https:\\\/\\\/i0.wp.com\\\/floatplus.com\\\/wp-content\\\/uploads\\\/2021\\\/01\\\/logo-floatplus_icon.png?fit=135%2C135&ssl=1\",\"contentUrl\":\"https:\\\/\\\/i0.wp.com\\\/floatplus.com\\\/wp-content\\\/uploads\\\/2021\\\/01\\\/logo-floatplus_icon.png?fit=135%2C135&ssl=1\",\"width\":135,\"height\":135,\"caption\":\"Float Plus Bellyboat & Bellyboat Motor\"},\"image\":{\"@id\":\"https:\\\/\\\/floatplus.com\\\/fr\\\/#\\\/schema\\\/logo\\\/image\\\/\"},\"sameAs\":[\"https:\\\/\\\/www.facebook.com\\\/floatpluspro\\\/\",\"https:\\\/\\\/www.instagram.com\\\/floatplus\\\/\",\"https:\\\/\\\/www.youtube.com\\\/channel\\\/UCOawieW3u0T3mWwNTVFOVMQ\"]}]}<\/script>\n<!-- \/ Yoast SEO Premium plugin. -->","yoast_head_json":{"title":"Sjippie Float tube Nettoyant \u2013 1 Litre - Float Plus","description":"Nettoyant puissant pour float tubes, bateaux en PVC et en hypalon  Vous souhaitez nettoyer efficacement votre float tube ? Le Nettoyant Bateau Pneumatique Sjippie est sp\u00e9cialement con\u00e7u pour les surfaces en PVC et en hypalon.  Id\u00e9al pour :   Nettoyer votre float tube apr\u00e8s une session de p\u00eache  Nettoyer un bateau pneumatique apr\u00e8s la boue ou des d\u00e9p\u00f4ts  \u00c9liminer les salissures de la ligne de flottaison  Avantages   Syst\u00e8me simple spray &amp; wipe   Sans danger pour le PVC et l\u2019hypalon   \u00c9limine les salissures tenaces sans endommager  Apr\u00e8s utilisation, votre bateau retrouve un aspect propre, frais et une couleur intense.  Mode d\u2019emploi :  Pulv\u00e9riser sur une surface mouill\u00e9e, laisser agir bri\u00e8vement et frotter avec le Scrubby. Rincer \u00e0 l\u2019eau \u2013 s\u00e9chage non n\u00e9cessaire.  Stockage : Conserver \u00e0 l\u2019abri du gel. Conservation illimit\u00e9e. Tenir hors de port\u00e9e des enfants.","robots":{"index":"index","follow":"follow","max-snippet":"max-snippet:-1","max-image-preview":"max-image-preview:large","max-video-preview":"max-video-preview:-1"},"canonical":"https:\/\/floatplus.com\/fr\/produit-fr\/sjippie-float-tube-nettoyant-1-litre\/","og_locale":"fr_FR","og_type":"article","og_title":"Sjippie Float tube Nettoyant \u2013 1 Litre - Float Plus","og_description":"Nettoyant puissant pour float tubes, bateaux en PVC et en hypalon  Vous souhaitez nettoyer efficacement votre float tube ? Le Nettoyant Bateau Pneumatique Sjippie est sp\u00e9cialement con\u00e7u pour les surfaces en PVC et en hypalon.  Id\u00e9al pour :   Nettoyer votre float tube apr\u00e8s une session de p\u00eache  Nettoyer un bateau pneumatique apr\u00e8s la boue ou des d\u00e9p\u00f4ts  \u00c9liminer les salissures de la ligne de flottaison  Avantages   Syst\u00e8me simple spray &amp; wipe   Sans danger pour le PVC et l\u2019hypalon   \u00c9limine les salissures tenaces sans endommager  Apr\u00e8s utilisation, votre bateau retrouve un aspect propre, frais et une couleur intense.  Mode d\u2019emploi :  Pulv\u00e9riser sur une surface mouill\u00e9e, laisser agir bri\u00e8vement et frotter avec le Scrubby. Rincer \u00e0 l\u2019eau \u2013 s\u00e9chage non n\u00e9cessaire.  Stockage : Conserver \u00e0 l\u2019abri du gel. Conservation illimit\u00e9e. Tenir hors de port\u00e9e des enfants.","og_url":"https:\/\/floatplus.com\/fr\/produit-fr\/sjippie-float-tube-nettoyant-1-litre\/","og_site_name":"Float Plus","article_publisher":"https:\/\/www.facebook.com\/floatpluspro\/","article_modified_time":"2026-04-10T09:13:01+00:00","og_image":[{"width":2000,"height":1500,"url":"https:\/\/floatplus.com\/wp-content\/uploads\/2026\/04\/Bellyboat-reiniger-spray-1-ltr.jpg","type":"image\/jpeg"}],"twitter_card":"summary_large_image","twitter_misc":{"Dur\u00e9e de lecture estim\u00e9e":"1 minute"},"schema":{"@context":"https:\/\/schema.org","@graph":[{"@type":"WebPage","@id":"https:\/\/floatplus.com\/fr\/produit-fr\/sjippie-float-tube-nettoyant-1-litre\/","url":"https:\/\/floatplus.com\/fr\/produit-fr\/sjippie-float-tube-nettoyant-1-litre\/","name":"Sjippie Float tube Nettoyant \u2013 1 Litre - Float Plus","isPartOf":{"@id":"https:\/\/floatplus.com\/fr\/#website"},"primaryImageOfPage":{"@id":"https:\/\/floatplus.com\/fr\/produit-fr\/sjippie-float-tube-nettoyant-1-litre\/#primaryimage"},"image":{"@id":"https:\/\/floatplus.com\/fr\/produit-fr\/sjippie-float-tube-nettoyant-1-litre\/#primaryimage"},"thumbnailUrl":"https:\/\/i0.wp.com\/floatplus.com\/wp-content\/uploads\/2026\/04\/Bellyboat-reiniger-spray-1-ltr.jpg?fit=2000%2C1500&ssl=1","datePublished":"2026-04-10T07:47:45+00:00","dateModified":"2026-04-10T09:13:01+00:00","description":"Nettoyant puissant pour float tubes, bateaux en PVC et en hypalon Vous souhaitez nettoyer efficacement votre float tube ? Le Nettoyant Bateau Pneumatique Sjippie est sp\u00e9cialement con\u00e7u pour les surfaces en PVC et en hypalon. Id\u00e9al pour : Nettoyer votre float tube apr\u00e8s une session de p\u00eache Nettoyer un bateau pneumatique apr\u00e8s la boue ou des d\u00e9p\u00f4ts \u00c9liminer les salissures de la ligne de flottaison Avantages Syst\u00e8me simple spray &amp; wipe Sans danger pour le PVC et l\u2019hypalon \u00c9limine les salissures tenaces sans endommager Apr\u00e8s utilisation, votre bateau retrouve un aspect propre, frais et une couleur intense. Mode d\u2019emploi : Pulv\u00e9riser sur une surface mouill\u00e9e, laisser agir bri\u00e8vement et frotter avec le Scrubby. Rincer \u00e0 l\u2019eau \u2013 s\u00e9chage non n\u00e9cessaire. Stockage : Conserver \u00e0 l\u2019abri du gel. Conservation illimit\u00e9e. Tenir hors de port\u00e9e des enfants.","breadcrumb":{"@id":"https:\/\/floatplus.com\/fr\/produit-fr\/sjippie-float-tube-nettoyant-1-litre\/#breadcrumb"},"inLanguage":"fr-FR","potentialAction":[{"@type":"ReadAction","target":["https:\/\/floatplus.com\/fr\/produit-fr\/sjippie-float-tube-nettoyant-1-litre\/"]}]},{"@type":"ImageObject","inLanguage":"fr-FR","@id":"https:\/\/floatplus.com\/fr\/produit-fr\/sjippie-float-tube-nettoyant-1-litre\/#primaryimage","url":"https:\/\/i0.wp.com\/floatplus.com\/wp-content\/uploads\/2026\/04\/Bellyboat-reiniger-spray-1-ltr.jpg?fit=2000%2C1500&ssl=1","contentUrl":"https:\/\/i0.wp.com\/floatplus.com\/wp-content\/uploads\/2026\/04\/Bellyboat-reiniger-spray-1-ltr.jpg?fit=2000%2C1500&ssl=1","width":2000,"height":1500},{"@type":"BreadcrumbList","@id":"https:\/\/floatplus.com\/fr\/produit-fr\/sjippie-float-tube-nettoyant-1-litre\/#breadcrumb","itemListElement":[{"@type":"ListItem","position":1,"name":"Home","item":"https:\/\/floatplus.com\/fr\/"},{"@type":"ListItem","position":2,"name":"Boutique","item":"https:\/\/floatplus.com\/fr\/boutique-fr\/"},{"@type":"ListItem","position":3,"name":"Sjippie Float tube Nettoyant \u2013 1 Litre"}]},{"@type":"WebSite","@id":"https:\/\/floatplus.com\/fr\/#website","url":"https:\/\/floatplus.com\/fr\/","name":"Float Plus","description":"Worldleader in Bellyboats and Bellyboat Motors","publisher":{"@id":"https:\/\/floatplus.com\/fr\/#organization"},"potentialAction":[{"@type":"SearchAction","target":{"@type":"EntryPoint","urlTemplate":"https:\/\/floatplus.com\/fr\/?s={search_term_string}"},"query-input":{"@type":"PropertyValueSpecification","valueRequired":true,"valueName":"search_term_string"}}],"inLanguage":"fr-FR"},{"@type":"Organization","@id":"https:\/\/floatplus.com\/fr\/#organization","name":"Float Plus Bellyboat & Bellyboat Motor","url":"https:\/\/floatplus.com\/fr\/","logo":{"@type":"ImageObject","inLanguage":"fr-FR","@id":"https:\/\/floatplus.com\/fr\/#\/schema\/logo\/image\/","url":"https:\/\/i0.wp.com\/floatplus.com\/wp-content\/uploads\/2021\/01\/logo-floatplus_icon.png?fit=135%2C135&ssl=1","contentUrl":"https:\/\/i0.wp.com\/floatplus.com\/wp-content\/uploads\/2021\/01\/logo-floatplus_icon.png?fit=135%2C135&ssl=1","width":135,"height":135,"caption":"Float Plus Bellyboat & Bellyboat Motor"},"image":{"@id":"https:\/\/floatplus.com\/fr\/#\/schema\/logo\/image\/"},"sameAs":["https:\/\/www.facebook.com\/floatpluspro\/","https:\/\/www.instagram.com\/floatplus\/","https:\/\/www.youtube.com\/channel\/UCOawieW3u0T3mWwNTVFOVMQ"]}]}},"_links":{"self":[{"href":"https:\/\/floatplus.com\/fr\/wp-json\/wp\/v2\/product\/36681","targetHints":{"allow":["GET"]}}],"collection":[{"href":"https:\/\/floatplus.com\/fr\/wp-json\/wp\/v2\/product"}],"about":[{"href":"https:\/\/floatplus.com\/fr\/wp-json\/wp\/v2\/types\/product"}],"replies":[{"embeddable":true,"href":"https:\/\/floatplus.com\/fr\/wp-json\/wp\/v2\/comments?post=36681"}],"wp:featuredmedia":[{"embeddable":true,"href":"https:\/\/floatplus.com\/fr\/wp-json\/wp\/v2\/media\/36645"}],"wp:attachment":[{"href":"https:\/\/floatplus.com\/fr\/wp-json\/wp\/v2\/media?parent=36681"}],"wp:term":[{"taxonomy":"product_brand","embeddable":true,"href":"https:\/\/floatplus.com\/fr\/wp-json\/wp\/v2\/product_brand?post=36681"},{"taxonomy":"product_cat","embeddable":true,"href":"https:\/\/floatplus.com\/fr\/wp-json\/wp\/v2\/product_cat?post=36681"},{"taxonomy":"product_tag","embeddable":true,"href":"https:\/\/floatplus.com\/fr\/wp-json\/wp\/v2\/product_tag?post=36681"},{"taxonomy":"giftcard-category","embeddable":true,"href":"https:\/\/floatplus.com\/fr\/wp-json\/wp\/v2\/giftcard-category?post=36681"}],"curies":[{"name":"wp","href":"https:\/\/api.w.org\/{rel}","templated":true}]}}